{"id":3336,"date":"2024-10-11T01:00:10","date_gmt":"2024-10-10T23:00:10","guid":{"rendered":"https:\/\/pressurezone.shop\/?post_type=product&#038;p=3336"},"modified":"2024-11-15T21:42:39","modified_gmt":"2024-11-15T20:42:39","slug":"strawberry-og-shatter","status":"publish","type":"product","link":"https:\/\/pressurezone.shop\/de\/product\/strawberry-og-shatter\/","title":{"rendered":"Strawberry OG Shatter"},"content":{"rendered":"<h3><strong>Kaufen Strawberry OG Shatter Online\u00a0<\/strong><\/h3>\n<p>Entdecken Sie den <strong>Strawberry OG Shatter<\/strong>Ein hochwertiges Cannabiskonzentrat, das die S\u00fc\u00dfe von Erdbeeren mit der Kraft legend\u00e4rer Sorten verbindet. <strong>Bruce Banner #3<\/strong> und <strong>SFV OG<\/strong>. Dieser Indica-dominierte Shatter (85% Indica \/ 15% Sativa) bietet ein einzigartiges Erlebnis, perfekt f\u00fcr alle, die intensive Entspannung und Wohlbefinden suchen.<\/p>\n<hr \/>\n<h3><strong>Warum Strawberry OG Shatter w\u00e4hlen?<\/strong><\/h3>\n<p>Die <strong>Strawberry OG Shatter<\/strong> wurde entwickelt, um eine perfekte Kombination aus s\u00fc\u00dfen Aromen und entspannender Wirkung zu bieten. Hier ist, was ihn au\u00dfergew\u00f6hnlich macht :<\/p>\n<ul>\n<li><strong>Ausgeglichene Effekte<\/strong> : Ein sanfter Anstieg von Euphorie, gefolgt von einer tiefen k\u00f6rperlichen Entspannung.<\/li>\n<li><strong>Therapeutische Linderung<\/strong> : Perfekt zur Linderung von Schlaflosigkeit und chronischen Schmerzen.<\/li>\n<li><strong>Premium-Konzentrat<\/strong> : Hergestellt aus renommierten Sorten f\u00fcr unvergleichliche Kraft und Geschmack<a href=\"https:\/\/fuelpackz.com\/\" target=\"_blank\" rel=\"noopener\">.<\/a><\/li>\n<\/ul>\n<hr \/>\n<h3><strong>Therapeutische Wirkungen und Nutzen<\/strong><\/h3>\n<p>Die <strong>Strawberry OG Shatter<\/strong> bietet Effekte, die sowohl auf den Geist als auch auf den K\u00f6rper abzielen:<\/p>\n<ul>\n<li><strong>Hauptwirkungen<\/strong> :\n<ul>\n<li>Leichte Euphorie und Entspannung.<\/li>\n<li>Angenehmes Kribbeln hinter den Augen und im Kopf.<\/li>\n<li>Gef\u00fchl von Ruhe und Gelassenheit.<\/li>\n<\/ul>\n<\/li>\n<li><strong>Kann Linderung verschaffen<\/strong> :\n<ul>\n<li>Schlaflosigkeit und Schlafst\u00f6rungen.<\/li>\n<li>Migr\u00e4ne und Kopfschmerzen.<\/li>\n<li>Muskelspasmen und chronische Angstzust\u00e4nde.<\/li>\n<\/ul>\n<\/li>\n<\/ul>\n<hr \/>\n<h3><strong>Geschmack und Aroma von Strawberry OG Shatter<\/strong><\/h3>\n<p>Eine einzigartige Sinneserfahrung, die Sanftheit und Intensit\u00e4t miteinander verbindet :<\/p>\n<ul>\n<li><strong>Geschm\u00e4cker<\/strong> : Erdbeere, Erdig, Kush.<\/li>\n<li><strong>Aromen<\/strong> : Fruchtig, s\u00fc\u00df, w\u00fcrzig.<\/li>\n<\/ul>\n<p>Jede Inhalation ist eine Explosion von s\u00fc\u00dfen Aromen, die dich in eine Welt der absoluten Entspannung entf\u00fchrt.<\/p>\n<hr \/>\n<h3><strong>Was ist Shatter?<\/strong><\/h3>\n<p>Die <strong>Shatter<\/strong> ist ein reines Cannabiskonzentrat, das f\u00fcr sein durchscheinendes Aussehen und seine hohe Potenz ber\u00fchmt ist.<\/p>\n<ul>\n<li><strong>Merkmale<\/strong> :\n<ul>\n<li>Spr\u00f6de, kristalline Textur.<\/li>\n<li>Hohe THC-Konzentration f\u00fcr starke Effekte.<\/li>\n<li>Einfach mit verschiedenen Konsumger\u00e4ten zu verwenden.<\/li>\n<\/ul>\n<\/li>\n<\/ul>\n<hr \/>\n<h3><strong>Wie konsumiert man Strawberry OG Shatter?<\/strong><\/h3>\n<p>Genie\u00dfen Sie Ihren <strong>Strawberry OG Shatter<\/strong> dank dieser einfachen Methoden :<\/p>\n<ol>\n<li><strong>Dabbing<\/strong> : F\u00fcr ein schnelles und intensives Erlebnis<\/li>\n<li><strong>Verdampfen<\/strong> : Bewahrt die Terpene f\u00fcr einen optimalen Geschmack.<\/li>\n<li><strong>Mischen<\/strong> : F\u00fcgen Sie es Ihren Joints oder Blunts hinzu, um die Intensit\u00e4t zu erh\u00f6hen.<\/li>\n<\/ol>\n<hr \/>\n<h3><strong>Warum im Pressure Zone Shop bestellen?<\/strong><\/h3>\n<p>Bei <a href=\"https:\/\/pressurezone.shop\/de\/\" target=\"_new\" rel=\"noopener\">Pressure Zone Shop<\/a>Wir garantieren Ihnen :<\/p>\n<ul>\n<li><strong>H\u00f6chste Qualit\u00e4t<\/strong> : Unsere Produkte werden auf ihre Reinheit und Kraft getestet.<\/li>\n<li><strong>Schnelle und diskrete Lieferung<\/strong> : Empfangen Sie Ihre Bestellungen vertraulich.<\/li>\n<li><strong>Kundenzufriedenheit<\/strong> : Unser Team widmet sich der Aufgabe, Ihnen die bestm\u00f6gliche Erfahrung zu bieten.<\/li>\n<\/ul>\n<hr \/>\n<h3><strong>Jetzt bestellen Strawberry OG Shatter<\/strong><\/h3>\n<p>Lassen Sie sich die Gelegenheit nicht entgehen, ein au\u00dfergew\u00f6hnliches Cannabiskonzentrat zu entdecken. Bestellen Sie Ihr <strong>Strawberry OG Shatter<\/strong> ab heute auf <a href=\"https:\/\/pressurezone.shop\/de\/\" target=\"_new\" rel=\"noopener\">Pressure Zone Shop<\/a> und tauchen Sie ein in ein ultimatives Entspannungserlebnis.<\/p>","protected":false},"excerpt":{"rendered":"<p>Achetez Strawberry OG Shatter en Ligne\u00a0 D\u00e9couvrez le Strawberry OG Shatter, un concentr\u00e9 de cannabis de qualit\u00e9 sup\u00e9rieure qui associe la douceur des fraises \u00e0 la puissance des vari\u00e9t\u00e9s l\u00e9gendaires Bruce Banner #3 et SFV OG. Ce shatter \u00e0 dominance indica (85% Indica \/ 15% Sativa) offre une exp\u00e9rience unique, parfaite pour les amateurs de [&hellip;]<\/p>","protected":false},"featured_media":3417,"comment_status":"closed","ping_status":"closed","template":"","meta":{"_uag_custom_page_level_css":"","site-sidebar-layout":"default","site-content-layout":"","ast-site-content-layout":"default","site-content-style":"default","site-sidebar-style":"default","ast-global-header-display":"","ast-banner-title-visibility":"","ast-main-header-display":"","ast-hfb-above-header-display":"","ast-hfb-below-header-display":"","ast-hfb-mobile-header-display":"","site-post-title":"","ast-breadcrumbs-content":"","ast-featured-img":"","footer-sml-layout":"","theme-transparent-header-meta":"default","adv-header-id-meta":"","stick-header-meta":"","header-above-stick-meta":"","header-main-stick-meta":"","header-below-stick-meta":"","astra-migrate-meta-layouts":"set","ast-page-background-enabled":"default","ast-page-background-meta":{"desktop":{"background-color":"","background-image":"","background-repeat":"repeat","background-position":"center center","background-size":"auto","background-attachment":"scroll","background-type":"","background-media":"","overlay-type":"","overlay-color":"","overlay-opacity":"","overlay-gradient":""},"tablet":{"background-color":"","background-image":"","background-repeat":"repeat","background-position":"center center","background-size":"auto","background-attachment":"scroll","background-type":"","background-media":"","overlay-type":"","overlay-color":"","overlay-opacity":"","overlay-gradient":""},"mobile":{"background-color":"","background-image":"","background-repeat":"repeat","background-position":"center center","background-size":"auto","background-attachment":"scroll","background-type":"","background-media":"","overlay-type":"","overlay-color":"","overlay-opacity":"","overlay-gradient":""}},"ast-content-background-meta":{"desktop":{"background-color":"var(--ast-global-color-5)","background-image":"","background-repeat":"repeat","background-position":"center center","background-size":"auto","background-attachment":"scroll","background-type":"","background-media":"","overlay-type":"","overlay-color":"","overlay-opacity":"","overlay-gradient":""},"tablet":{"background-color":"var(--ast-global-color-5)","background-image":"","background-repeat":"repeat","background-position":"center center","background-size":"auto","background-attachment":"scroll","background-type":"","background-media":"","overlay-type":"","overlay-color":"","overlay-opacity":"","overlay-gradient":""},"mobile":{"background-color":"var(--ast-global-color-5)","background-image":"","background-repeat":"repeat","background-position":"center center","background-size":"auto","background-attachment":"scroll","background-type":"","background-media":"","overlay-type":"","overlay-color":"","overlay-opacity":"","overlay-gradient":""}}},"product_brand":[],"product_cat":[334,436],"product_tag":[449],"class_list":{"0":"post-3336","1":"product","2":"type-product","3":"status-publish","4":"has-post-thumbnail","6":"product_cat-concentres-de-marijuana","7":"product_cat-achetez-du-shatter-dab-wax","8":"product_tag-buy-strawberry-og-shatter-europe","9":"desktop-align-left","10":"tablet-align-left","11":"mobile-align-left","13":"first","14":"instock","15":"shipping-taxable","16":"purchasable","17":"product-type-variable"},"uagb_featured_image_src":{"full":["https:\/\/pressurezone.shop\/wp-content\/uploads\/2024\/10\/Buy-Strawberry-OG-Shatter.jpg",1000,1000,false],"thumbnail":["https:\/\/pressurezone.shop\/wp-content\/uploads\/2024\/10\/Buy-Strawberry-OG-Shatter-150x150.jpg",150,150,true],"medium":["https:\/\/pressurezone.shop\/wp-content\/uploads\/2024\/10\/Buy-Strawberry-OG-Shatter-300x300.jpg",300,300,true],"medium_large":["https:\/\/pressurezone.shop\/wp-content\/uploads\/2024\/10\/Buy-Strawberry-OG-Shatter-768x768.jpg",768,768,true],"large":["https:\/\/pressurezone.shop\/wp-content\/uploads\/2024\/10\/Buy-Strawberry-OG-Shatter.jpg",1000,1000,false],"1536x1536":["https:\/\/pressurezone.shop\/wp-content\/uploads\/2024\/10\/Buy-Strawberry-OG-Shatter.jpg",1000,1000,false],"2048x2048":["https:\/\/pressurezone.shop\/wp-content\/uploads\/2024\/10\/Buy-Strawberry-OG-Shatter.jpg",1000,1000,false],"trp-custom-language-flag":["https:\/\/pressurezone.shop\/wp-content\/uploads\/2024\/10\/Buy-Strawberry-OG-Shatter-12x12.jpg",12,12,true],"woocommerce_thumbnail":["https:\/\/pressurezone.shop\/wp-content\/uploads\/2024\/10\/Buy-Strawberry-OG-Shatter-300x300.jpg",300,300,true],"woocommerce_single":["https:\/\/pressurezone.shop\/wp-content\/uploads\/2024\/10\/Buy-Strawberry-OG-Shatter-600x600.jpg",600,600,true],"woocommerce_gallery_thumbnail":["https:\/\/pressurezone.shop\/wp-content\/uploads\/2024\/10\/Buy-Strawberry-OG-Shatter-100x100.jpg",100,100,true]},"uagb_author_info":{"display_name":"pressurezone.shop","author_link":"https:\/\/pressurezone.shop\/de\/author\/"},"uagb_comment_info":0,"uagb_excerpt":"Achetez Strawberry OG Shatter en Ligne\u00a0 D\u00e9couvrez le Strawberry OG Shatter, un concentr\u00e9 de cannabis de qualit\u00e9 sup\u00e9rieure qui associe la douceur des fraises \u00e0 la puissance des vari\u00e9t\u00e9s l\u00e9gendaires Bruce Banner #3 et SFV OG. Ce shatter \u00e0 dominance indica (85% Indica \/ 15% Sativa) offre une exp\u00e9rience unique, parfaite pour les amateurs de&hellip;","_links":{"self":[{"href":"https:\/\/pressurezone.shop\/de\/wp-json\/wp\/v2\/product\/3336"}],"collection":[{"href":"https:\/\/pressurezone.shop\/de\/wp-json\/wp\/v2\/product"}],"about":[{"href":"https:\/\/pressurezone.shop\/de\/wp-json\/wp\/v2\/types\/product"}],"replies":[{"embeddable":true,"href":"https:\/\/pressurezone.shop\/de\/wp-json\/wp\/v2\/comments?post=3336"}],"version-history":[{"count":3,"href":"https:\/\/pressurezone.shop\/de\/wp-json\/wp\/v2\/product\/3336\/revisions"}],"predecessor-version":[{"id":4465,"href":"https:\/\/pressurezone.shop\/de\/wp-json\/wp\/v2\/product\/3336\/revisions\/4465"}],"wp:featuredmedia":[{"embeddable":true,"href":"https:\/\/pressurezone.shop\/de\/wp-json\/wp\/v2\/media\/3417"}],"wp:attachment":[{"href":"https:\/\/pressurezone.shop\/de\/wp-json\/wp\/v2\/media?parent=3336"}],"wp:term":[{"taxonomy":"product_brand","embeddable":true,"href":"https:\/\/pressurezone.shop\/de\/wp-json\/wp\/v2\/product_brand?post=3336"},{"taxonomy":"product_cat","embeddable":true,"href":"https:\/\/pressurezone.shop\/de\/wp-json\/wp\/v2\/product_cat?post=3336"},{"taxonomy":"product_tag","embeddable":true,"href":"https:\/\/pressurezone.shop\/de\/wp-json\/wp\/v2\/product_tag?post=3336"}],"curies":[{"name":"wp","href":"https:\/\/api.w.org\/{rel}","templated":true}]}}