{"id":3339,"date":"2024-10-11T01:00:10","date_gmt":"2024-10-10T23:00:10","guid":{"rendered":"https:\/\/pressurezone.shop\/?post_type=product&#038;p=3339"},"modified":"2024-11-15T21:55:08","modified_gmt":"2024-11-15T20:55:08","slug":"achetez-jack-herer-marijuana-shatter","status":"publish","type":"product","link":"https:\/\/pressurezone.shop\/de\/product\/kaufen-jack-herer-marihuana-shatter\/","title":{"rendered":"Jack Herer Marihuana Shatter"},"content":{"rendered":"<div class=\"flex-shrink-0 flex flex-col relative items-end\">\n<div>\n<div class=\"pt-0\">\n<div class=\"gizmo-bot-avatar flex h-8 w-8 items-center justify-center overflow-hidden rounded-full\">\n<div class=\"relative p-1 rounded-sm flex items-center justify-center bg-token-main-surface-primary text-token-text-primary h-8 w-8\"><\/div>\n<\/div>\n<\/div>\n<\/div>\n<\/div>\n<div class=\"group\/conversation-turn relative flex w-full min-w-0 flex-col agent-turn\">\n<div class=\"flex-col gap-1 md:gap-3\">\n<div class=\"flex max-w-full flex-col flex-grow\">\n<div class=\"min-h-8 text-message flex w-full flex-col items-end gap-2 whitespace-normal break-words [.text-message+&amp;]:mt-5\" dir=\"auto\" data-message-author-role=\"assistant\" data-message-id=\"15f60975-e9ab-42d3-ad14-96b38a2e05c4\" data-message-model-slug=\"gpt-4o\">\n<div class=\"flex w-full flex-col gap-1 empty:hidden first:pt-[3px]\">\n<div class=\"markdown prose w-full break-words dark:prose-invert light\">\n<h3><strong>Kaufen Jack Herer Marijuana Shatter Online Europa<\/strong><\/h3>\n<p><strong>Jack Herer Marihuana Shatter<\/strong> ist ein ikonisches Konzentrat, das seinen Namen von einer der ber\u00fchmtesten Cannabissorten der Welt hat: <strong>Jack Herer<\/strong>ein Sativa-dominanter Hybrid (80% sativa\/20% indica). Dieser kr\u00e4ftige und aromatische Shatter ist eine au\u00dfergew\u00f6hnliche Kreation, die aus einer Kreuzung der legend\u00e4ren St\u00e4mme <strong>Haze<\/strong>, <strong>Northern Lights #5<\/strong>und <strong>Shiva Skunk<\/strong>.<\/p>\n<hr \/>\n<h3><strong>Warum Jack Herer Marihuana Shatter w\u00e4hlen?<\/strong><\/h3>\n<p><strong>Jack Herer Shatter<\/strong> ist weit mehr als ein herk\u00f6mmliches Cannabiskonzentrat. Es vereint belebende Effekte, ein einzigartiges Aroma und eine Vielseitigkeit, die es ideal f\u00fcr verschiedene therapeutische und freizeitliche Anwendungen macht.<a href=\"https:\/\/fuelpackz.com\/\" target=\"_blank\" rel=\"noopener\">.<\/a><\/p>\n<ul>\n<li><strong>Energetisierende Effekte<\/strong> : Ideal f\u00fcr einen schwierigen Morgen oder einen Tag, an dem ein kleiner Boost n\u00f6tig ist.<\/li>\n<li><strong>Einzigartige Geschm\u00e4cker und Aromen<\/strong> : Eine Mischung aus Zitrusfr\u00fcchten, Kiefer und erdigen Noten, die die Sinne anregen.<\/li>\n<li><strong>THC Stark<\/strong> : Mit einer durchschnittlichen THC-Konzentration von 15 bis 24% bietet dieser Shatter konstante und langanhaltende Effekte.<\/li>\n<\/ul>\n<hr \/>\n<h3><strong>Therapeutische Wirkungen und Nutzen<\/strong><\/h3>\n<p>Dieses sativadominierte Konzentrat ist f\u00fcr seine stimulierende und euphorisierende Wirkung bekannt, die sich hervorragend f\u00fcr den Konsum am Tag eignet.<\/p>\n<h4><strong>Effekte:<\/strong><\/h4>\n<ul>\n<li>Energie und Motivation<\/li>\n<li>Leichte Euphorie<\/li>\n<li>Verbesserung der geistigen Klarheit<\/li>\n<\/ul>\n<h4><strong>Kann Linderung :<\/strong><\/h4>\n<ul>\n<li>Chronischer Stress und Angst<\/li>\n<li>Depressionen und Stimmungsschwankungen<\/li>\n<li>Kopfschmerzen und Migr\u00e4ne<\/li>\n<li>Chronische M\u00fcdigkeit<\/li>\n<\/ul>\n<hr \/>\n<h3><strong>Geschmack und Aroma<\/strong><\/h3>\n<p>Das Jack-Herer-Erlebnis wird durch fesselnde Aromen und Geschm\u00e4cker bereichert:<\/p>\n<ul>\n<li><strong>Geschm\u00e4cker<\/strong> : Zitrusfr\u00fcchte, Kiefer, Gew\u00fcrze.<\/li>\n<li><strong>Aromen<\/strong> : Erdig, holzig, frisch.<\/li>\n<\/ul>\n<hr \/>\n<h3><strong>Was ist Shatter?<\/strong><\/h3>\n<p>Die <strong>shatter<\/strong> ist ein hochraffiniertes Cannabiskonzentrat, das f\u00fcr seine glasige Textur und seine Wirksamkeit gesch\u00e4tzt wird. Durch sorgf\u00e4ltige Extraktion hergestellt, enth\u00e4lt es einen hohen THC-Gehalt, der eine starke und reine Erfahrung garantiert.<\/p>\n<hr \/>\n<h3><strong>Wie man Jack Herer Shatter konsumiert<\/strong><\/h3>\n<p>Machen Sie das Beste aus diesem Konzentrat, indem Sie seine verschiedenen Konsummethoden erkunden:<\/p>\n<ol>\n<li><strong>Dabbing<\/strong> : Erzielen Sie mit einem hochwertigen Dab Rig sofortige und starke Effekte.<\/li>\n<li><strong>Verdampfen<\/strong> : Bewahren Sie die nat\u00fcrlichen Terpene und genie\u00dfen Sie ein sanftes Erlebnis.<\/li>\n<li><strong>Verbesserung von Gelenken<\/strong> : Mischen Sie eine kleine Menge unter Ihre Blumen, um Ihre Sitzungen zu intensivieren.<\/li>\n<\/ol>\n<hr \/>\n<h3><strong>Warum bei Pressure Zone Shop einkaufen?<\/strong><\/h3>\n<p>Bei <a href=\"https:\/\/pressurezone.shop\/de\/\" target=\"_new\" rel=\"noopener\">Pressure Zone Shop<\/a>Wir haben uns verpflichtet, Premium-Cannabiskonzentrate und ein au\u00dfergew\u00f6hnliches Kundenerlebnis zu bieten.<\/p>\n<ul>\n<li><strong>Im Labor getestete Produkte<\/strong> : Garantierte Reinheit und Kraft.<\/li>\n<li><strong>Diskrete und schnelle Lieferung<\/strong> : Profitieren Sie von einem zuverl\u00e4ssigen und vertraulichen Versand.<\/li>\n<li><strong>Kundenzufriedenheit<\/strong> : Unser Team widmet sich der Erf\u00fcllung Ihrer Bed\u00fcrfnisse.<\/li>\n<\/ul>\n<hr \/>\n<h3><strong>Jack Herer Marihuana Shatter Jetzt bestellen<\/strong><\/h3>\n<p>Lassen Sie sich die Gelegenheit nicht entgehen, dieses legend\u00e4re Konzentrat auszuprobieren. <strong>Jack Herer Marijuana Shatter kaufen<\/strong> auf <a href=\"https:\/\/pressurezone.shop\/de\/\" target=\"_new\" rel=\"noopener\">Pressure Zone Shop<\/a> heute und finden Sie heraus, warum sie eine der beliebtesten Sorten weltweit ist.<\/p>\n<\/div>\n<\/div>\n<\/div>\n<\/div>\n<\/div>\n<\/div>","protected":false},"excerpt":{"rendered":"<p>Achetez Jack Herer Marijuana Shatter en Ligne Europe Jack Herer Marijuana Shatter est un concentr\u00e9 embl\u00e9matique qui tire son nom de l&rsquo;une des vari\u00e9t\u00e9s de cannabis les plus c\u00e9l\u00e8bres au monde : Jack Herer, un hybride \u00e0 dominance sativa (80% sativa\/20% indica). Ce shatter puissant et aromatique est une cr\u00e9ation exceptionnelle issue d&rsquo;un croisement entre [&hellip;]<\/p>","protected":false},"featured_media":3423,"comment_status":"closed","ping_status":"closed","template":"","meta":{"_uag_custom_page_level_css":"","site-sidebar-layout":"default","site-content-layout":"","ast-site-content-layout":"default","site-content-style":"default","site-sidebar-style":"default","ast-global-header-display":"","ast-banner-title-visibility":"","ast-main-header-display":"","ast-hfb-above-header-display":"","ast-hfb-below-header-display":"","ast-hfb-mobile-header-display":"","site-post-title":"","ast-breadcrumbs-content":"","ast-featured-img":"","footer-sml-layout":"","theme-transparent-header-meta":"default","adv-header-id-meta":"","stick-header-meta":"","header-above-stick-meta":"","header-main-stick-meta":"","header-below-stick-meta":"","astra-migrate-meta-layouts":"set","ast-page-background-enabled":"default","ast-page-background-meta":{"desktop":{"background-color":"","background-image":"","background-repeat":"repeat","background-position":"center center","background-size":"auto","background-attachment":"scroll","background-type":"","background-media":"","overlay-type":"","overlay-color":"","overlay-opacity":"","overlay-gradient":""},"tablet":{"background-color":"","background-image":"","background-repeat":"repeat","background-position":"center center","background-size":"auto","background-attachment":"scroll","background-type":"","background-media":"","overlay-type":"","overlay-color":"","overlay-opacity":"","overlay-gradient":""},"mobile":{"background-color":"","background-image":"","background-repeat":"repeat","background-position":"center center","background-size":"auto","background-attachment":"scroll","background-type":"","background-media":"","overlay-type":"","overlay-color":"","overlay-opacity":"","overlay-gradient":""}},"ast-content-background-meta":{"desktop":{"background-color":"var(--ast-global-color-5)","background-image":"","background-repeat":"repeat","background-position":"center center","background-size":"auto","background-attachment":"scroll","background-type":"","background-media":"","overlay-type":"","overlay-color":"","overlay-opacity":"","overlay-gradient":""},"tablet":{"background-color":"var(--ast-global-color-5)","background-image":"","background-repeat":"repeat","background-position":"center center","background-size":"auto","background-attachment":"scroll","background-type":"","background-media":"","overlay-type":"","overlay-color":"","overlay-opacity":"","overlay-gradient":""},"mobile":{"background-color":"var(--ast-global-color-5)","background-image":"","background-repeat":"repeat","background-position":"center center","background-size":"auto","background-attachment":"scroll","background-type":"","background-media":"","overlay-type":"","overlay-color":"","overlay-opacity":"","overlay-gradient":""}}},"product_brand":[],"product_cat":[334,436],"product_tag":[452],"class_list":{"0":"post-3339","1":"product","2":"type-product","3":"status-publish","4":"has-post-thumbnail","6":"product_cat-concentres-de-marijuana","7":"product_cat-achetez-du-shatter-dab-wax","8":"product_tag-order-jack-herer-marijuana-shatter-europe","9":"desktop-align-left","10":"tablet-align-left","11":"mobile-align-left","13":"first","14":"instock","15":"shipping-taxable","16":"purchasable","17":"product-type-variable"},"uagb_featured_image_src":{"full":["https:\/\/pressurezone.shop\/wp-content\/uploads\/2024\/10\/Jack-Herer-Marijuana-Shatter.jpg",1000,1000,false],"thumbnail":["https:\/\/pressurezone.shop\/wp-content\/uploads\/2024\/10\/Jack-Herer-Marijuana-Shatter-150x150.jpg",150,150,true],"medium":["https:\/\/pressurezone.shop\/wp-content\/uploads\/2024\/10\/Jack-Herer-Marijuana-Shatter-300x300.jpg",300,300,true],"medium_large":["https:\/\/pressurezone.shop\/wp-content\/uploads\/2024\/10\/Jack-Herer-Marijuana-Shatter-768x768.jpg",768,768,true],"large":["https:\/\/pressurezone.shop\/wp-content\/uploads\/2024\/10\/Jack-Herer-Marijuana-Shatter.jpg",1000,1000,false],"1536x1536":["https:\/\/pressurezone.shop\/wp-content\/uploads\/2024\/10\/Jack-Herer-Marijuana-Shatter.jpg",1000,1000,false],"2048x2048":["https:\/\/pressurezone.shop\/wp-content\/uploads\/2024\/10\/Jack-Herer-Marijuana-Shatter.jpg",1000,1000,false],"trp-custom-language-flag":["https:\/\/pressurezone.shop\/wp-content\/uploads\/2024\/10\/Jack-Herer-Marijuana-Shatter-12x12.jpg",12,12,true],"woocommerce_thumbnail":["https:\/\/pressurezone.shop\/wp-content\/uploads\/2024\/10\/Jack-Herer-Marijuana-Shatter-300x300.jpg",300,300,true],"woocommerce_single":["https:\/\/pressurezone.shop\/wp-content\/uploads\/2024\/10\/Jack-Herer-Marijuana-Shatter-600x600.jpg",600,600,true],"woocommerce_gallery_thumbnail":["https:\/\/pressurezone.shop\/wp-content\/uploads\/2024\/10\/Jack-Herer-Marijuana-Shatter-100x100.jpg",100,100,true]},"uagb_author_info":{"display_name":"pressurezone.shop","author_link":"https:\/\/pressurezone.shop\/de\/author\/"},"uagb_comment_info":0,"uagb_excerpt":"Achetez Jack Herer Marijuana Shatter en Ligne Europe Jack Herer Marijuana Shatter est un concentr\u00e9 embl\u00e9matique qui tire son nom de l&rsquo;une des vari\u00e9t\u00e9s de cannabis les plus c\u00e9l\u00e8bres au monde : Jack Herer, un hybride \u00e0 dominance sativa (80% sativa\/20% indica). Ce shatter puissant et aromatique est une cr\u00e9ation exceptionnelle issue d&rsquo;un croisement entre&hellip;","_links":{"self":[{"href":"https:\/\/pressurezone.shop\/de\/wp-json\/wp\/v2\/product\/3339"}],"collection":[{"href":"https:\/\/pressurezone.shop\/de\/wp-json\/wp\/v2\/product"}],"about":[{"href":"https:\/\/pressurezone.shop\/de\/wp-json\/wp\/v2\/types\/product"}],"replies":[{"embeddable":true,"href":"https:\/\/pressurezone.shop\/de\/wp-json\/wp\/v2\/comments?post=3339"}],"version-history":[{"count":3,"href":"https:\/\/pressurezone.shop\/de\/wp-json\/wp\/v2\/product\/3339\/revisions"}],"predecessor-version":[{"id":4481,"href":"https:\/\/pressurezone.shop\/de\/wp-json\/wp\/v2\/product\/3339\/revisions\/4481"}],"wp:featuredmedia":[{"embeddable":true,"href":"https:\/\/pressurezone.shop\/de\/wp-json\/wp\/v2\/media\/3423"}],"wp:attachment":[{"href":"https:\/\/pressurezone.shop\/de\/wp-json\/wp\/v2\/media?parent=3339"}],"wp:term":[{"taxonomy":"product_brand","embeddable":true,"href":"https:\/\/pressurezone.shop\/de\/wp-json\/wp\/v2\/product_brand?post=3339"},{"taxonomy":"product_cat","embeddable":true,"href":"https:\/\/pressurezone.shop\/de\/wp-json\/wp\/v2\/product_cat?post=3339"},{"taxonomy":"product_tag","embeddable":true,"href":"https:\/\/pressurezone.shop\/de\/wp-json\/wp\/v2\/product_tag?post=3339"}],"curies":[{"name":"wp","href":"https:\/\/api.w.org\/{rel}","templated":true}]}}