{"id":3348,"date":"2024-10-11T01:00:37","date_gmt":"2024-10-10T23:00:37","guid":{"rendered":"https:\/\/pressurezone.shop\/?post_type=product&#038;p=3348"},"modified":"2024-11-15T21:48:37","modified_gmt":"2024-11-15T20:48:37","slug":"ice-cream-cake-shatter","status":"publish","type":"product","link":"https:\/\/pressurezone.shop\/de\/product\/ice-cream-cake-shatter\/","title":{"rendered":"Ice Cream Cake Shatter"},"content":{"rendered":"<div class=\"flex-shrink-0 flex flex-col relative items-end\">\n<div>\n<div class=\"pt-0\">\n<div class=\"gizmo-bot-avatar flex h-8 w-8 items-center justify-center overflow-hidden rounded-full\">\n<div class=\"relative p-1 rounded-sm flex items-center justify-center bg-token-main-surface-primary text-token-text-primary h-8 w-8\"><\/div>\n<\/div>\n<\/div>\n<\/div>\n<\/div>\n<div class=\"group\/conversation-turn relative flex w-full min-w-0 flex-col agent-turn\">\n<div class=\"flex-col gap-1 md:gap-3\">\n<div class=\"flex max-w-full flex-col flex-grow\">\n<div class=\"min-h-8 text-message flex w-full flex-col items-end gap-2 whitespace-normal break-words [.text-message+&amp;]:mt-5\" dir=\"auto\" data-message-author-role=\"assistant\" data-message-id=\"555d4dce-16dc-41ba-836d-b52ab0c5d2ac\" data-message-model-slug=\"gpt-4o\">\n<div class=\"flex w-full flex-col gap-1 empty:hidden first:pt-[3px]\">\n<div class=\"markdown prose w-full break-words dark:prose-invert light\">\n<h3><strong>Kaufen Sie Ice Cream Cake Shatter Online<\/strong><\/h3>\n<p>Entdecken Sie den samtigen Reichtum von <strong>Ice Cream Cake Shatter<\/strong>Ein seltenes Indica-dominiertes Konzentrat (75% Indica \/ 25% Sativa). Aus den ber\u00fchmten St\u00e4mmen <strong>Gelato 33<\/strong> und <strong>Wedding Cake<\/strong>Dieses Premium-Cannabiskonzentrat bietet eine unvergleichliche Erfahrung f\u00fcr Cannabisliebhaber und Neulinge.<\/p>\n<hr \/>\n<h3><strong>Warum Ice Cream Cake Shatter w\u00e4hlen?<\/strong><\/h3>\n<p><strong>Ice Cream Cake Shatter<\/strong> zeichnet sich durch seinen au\u00dfergew\u00f6hnlichen Geschmack, seine starke Wirkung und seine therapeutischen Vorteile aus.<\/p>\n<ul>\n<li><strong>Geschmacksprofil K\u00f6stlich<\/strong> : Ein cremiger, k\u00e4siger Geschmack mit s\u00fc\u00dfen und nussigen Nuancen, die im Mund anhalten.<\/li>\n<li><strong>Aroma<\/strong> : Ein subtiler Hauch von Sch\u00e4rfe gepaart mit cremiger S\u00fc\u00dfe, wenn er verbrannt wird.<\/li>\n<li><strong>Kr\u00e4ftiger THC-Gehalt<\/strong> : Mit einer THC-Konzentration von 20-25% bietet dieser Shatter einen konstanten und starken Effekt.<a href=\"https:\/\/fuelpackz.com\/\" target=\"_blank\" rel=\"noopener\">.<\/a><\/li>\n<\/ul>\n<hr \/>\n<h3><strong>Therapeutische Wirkungen und Nutzen<\/strong><\/h3>\n<p>Dieses Hybridkonzentrat mit Indica-Dominanz bietet eine zutiefst entspannende Erfahrung, die mit geistiger Klarheit verbunden ist :<\/p>\n<ul>\n<li><strong>Effekte<\/strong> :\n<ul>\n<li>Beruhigende Entspannung f\u00fcr K\u00f6rper und Geist.<\/li>\n<li>Sanfte Euphorie zur Verbesserung der Stimmung.<\/li>\n<li>Schlaff\u00f6rdernde Ruhe, ideal f\u00fcr den n\u00e4chtlichen Gebrauch.<\/li>\n<\/ul>\n<\/li>\n<li><strong>Kann Linderung verschaffen<\/strong> :\n<ul>\n<li>Depressionen und Stimmungsschwankungen.<\/li>\n<li>Chronische Schmerzen und Muskelverspannungen.<\/li>\n<li>Schlaflosigkeit und Unruhe.<\/li>\n<li>\u00dcbelkeit oder Appetitlosigkeit.<\/li>\n<\/ul>\n<\/li>\n<\/ul>\n<hr \/>\n<h3><strong>Geschmack und Aroma<\/strong><\/h3>\n<p><strong>Ice Cream Cake Shatter<\/strong> ist ebenso angenehm zu schmecken wie zu riechen :<\/p>\n<ul>\n<li><strong>Geschm\u00e4cker<\/strong> : Cremiger K\u00e4se, s\u00fc\u00dfe Haseln\u00fcsse, erdige Subtilit\u00e4t.<\/li>\n<li><strong>Aromen<\/strong> Cremige S\u00fc\u00dfe mit einer leichten Sch\u00e4rfe.<\/li>\n<\/ul>\n<hr \/>\n<h3><strong>Was ist Shatter?<\/strong><\/h3>\n<p>Shatter ist ein hochwertiges Cannabiskonzentrat, das f\u00fcr sein glas\u00e4hnliches, durchscheinendes Aussehen und seine starke Wirkung bekannt ist.<\/p>\n<ul>\n<li><strong>Merkmale Schl\u00fcssel<\/strong> :\n<ul>\n<li>Hoher THC-Gehalt f\u00fcr starke Ergebnisse.<\/li>\n<li>Milder und reiner Geschmack dank sorgf\u00e4ltiger Extraktionsmethoden.<\/li>\n<li>Vielseitig einsetzbar zum Vaporisieren, Dabbing oder um deine Joints zu verst\u00e4rken.<\/li>\n<\/ul>\n<\/li>\n<\/ul>\n<hr \/>\n<h3><strong>Wie man Ice Cream Cake Shatter verwendet<\/strong><\/h3>\n<p>Maximieren Sie Ihre Erfahrung mit diesen Konsummethoden :<\/p>\n<ol>\n<li><strong>Dabbing<\/strong> : Eine schnelle und effektive Methode, um von intensiven Effekten zu profitieren.<\/li>\n<li><strong>Vapotage<\/strong> : Bewahren Sie die reichen Aromen der Terpene mit einem hochwertigen Vaporizer.<\/li>\n<li><strong>Verst\u00e4rken Sie Ihre Gelenke<\/strong> : F\u00fcge eine Prise zu deinen Lieblingsblumen hinzu, um einen zus\u00e4tzlichen Effekt zu erzielen.<\/li>\n<\/ol>\n<hr \/>\n<h3><strong>Warum bei Pressure Zone Shop einkaufen?<\/strong><\/h3>\n<p><a href=\"https:\/\/pressurezone.shop\/de\/\" target=\"_new\" rel=\"noopener\">Pressure Zone Shop<\/a> ist Ihr vertrauensw\u00fcrdiges Ziel f\u00fcr erstklassige Cannabiskonzentrate :<\/p>\n<ul>\n<li><strong>Premium-Qualit\u00e4t<\/strong> : Alle Produkte werden im Labor getestet, um ihre Reinheit und Kraft zu gew\u00e4hrleisten.<\/li>\n<li><strong>Schnelle und diskrete Lieferung<\/strong> : Garantie f\u00fcr Vertraulichkeit und P\u00fcnktlichkeit<\/li>\n<li><strong>Kundenzufriedenheit<\/strong> : Unser engagiertes Team sorgt f\u00fcr ein reibungsloses Einkaufserlebnis.<\/li>\n<\/ul>\n<hr \/>\n<h3><strong>Bestellen Sie Ice Cream Cake Shatter Heute Online<\/strong><\/h3>\n<p>Verpassen Sie nicht die nachsichtige Erfahrung von <strong>Ice Cream Cake Shatter<\/strong>. Geben Sie Ihre Bestellung jetzt auf <a href=\"https:\/\/pressurezone.shop\/de\/\" target=\"_new\" rel=\"noopener\">Pressure Zone Shop<\/a> und steigern Sie Ihre Cannabis-Erfahrung mit diesem au\u00dfergew\u00f6hnlichen Konzentrat.<\/p>\n<\/div>\n<\/div>\n<\/div>\n<\/div>\n<\/div>\n<\/div>","protected":false},"excerpt":{"rendered":"<p>Achetez Ice Cream Cake Shatter en Ligne D\u00e9couvrez la richesse velout\u00e9e de Ice Cream Cake Shatter, un concentr\u00e9 rare \u00e0 dominance indica (75% Indica \/ 25% Sativa). Issu des c\u00e9l\u00e8bres souches Gelato 33 et Wedding Cake, ce concentr\u00e9 de cannabis haut de gamme offre une exp\u00e9rience in\u00e9gal\u00e9e pour les amateurs de cannabis et les novices. [&hellip;]<\/p>","protected":false},"featured_media":3425,"comment_status":"closed","ping_status":"closed","template":"","meta":{"_uag_custom_page_level_css":"","site-sidebar-layout":"default","site-content-layout":"","ast-site-content-layout":"default","site-content-style":"default","site-sidebar-style":"default","ast-global-header-display":"","ast-banner-title-visibility":"","ast-main-header-display":"","ast-hfb-above-header-display":"","ast-hfb-below-header-display":"","ast-hfb-mobile-header-display":"","site-post-title":"","ast-breadcrumbs-content":"","ast-featured-img":"","footer-sml-layout":"","theme-transparent-header-meta":"default","adv-header-id-meta":"","stick-header-meta":"","header-above-stick-meta":"","header-main-stick-meta":"","header-below-stick-meta":"","astra-migrate-meta-layouts":"set","ast-page-background-enabled":"default","ast-page-background-meta":{"desktop":{"background-color":"","background-image":"","background-repeat":"repeat","background-position":"center center","background-size":"auto","background-attachment":"scroll","background-type":"","background-media":"","overlay-type":"","overlay-color":"","overlay-opacity":"","overlay-gradient":""},"tablet":{"background-color":"","background-image":"","background-repeat":"repeat","background-position":"center center","background-size":"auto","background-attachment":"scroll","background-type":"","background-media":"","overlay-type":"","overlay-color":"","overlay-opacity":"","overlay-gradient":""},"mobile":{"background-color":"","background-image":"","background-repeat":"repeat","background-position":"center center","background-size":"auto","background-attachment":"scroll","background-type":"","background-media":"","overlay-type":"","overlay-color":"","overlay-opacity":"","overlay-gradient":""}},"ast-content-background-meta":{"desktop":{"background-color":"var(--ast-global-color-5)","background-image":"","background-repeat":"repeat","background-position":"center center","background-size":"auto","background-attachment":"scroll","background-type":"","background-media":"","overlay-type":"","overlay-color":"","overlay-opacity":"","overlay-gradient":""},"tablet":{"background-color":"var(--ast-global-color-5)","background-image":"","background-repeat":"repeat","background-position":"center center","background-size":"auto","background-attachment":"scroll","background-type":"","background-media":"","overlay-type":"","overlay-color":"","overlay-opacity":"","overlay-gradient":""},"mobile":{"background-color":"var(--ast-global-color-5)","background-image":"","background-repeat":"repeat","background-position":"center center","background-size":"auto","background-attachment":"scroll","background-type":"","background-media":"","overlay-type":"","overlay-color":"","overlay-opacity":"","overlay-gradient":""}}},"product_brand":[],"product_cat":[334,436],"product_tag":[453],"class_list":{"0":"post-3348","1":"product","2":"type-product","3":"status-publish","4":"has-post-thumbnail","6":"product_cat-concentres-de-marijuana","7":"product_cat-achetez-du-shatter-dab-wax","8":"product_tag-order-ice-cream-cake-shatter-finland","9":"desktop-align-left","10":"tablet-align-left","11":"mobile-align-left","13":"first","14":"instock","15":"shipping-taxable","16":"purchasable","17":"product-type-variable"},"uagb_featured_image_src":{"full":["https:\/\/pressurezone.shop\/wp-content\/uploads\/2024\/10\/Ice-Cream-Cake-Shatter.jpg",1000,1000,false],"thumbnail":["https:\/\/pressurezone.shop\/wp-content\/uploads\/2024\/10\/Ice-Cream-Cake-Shatter-150x150.jpg",150,150,true],"medium":["https:\/\/pressurezone.shop\/wp-content\/uploads\/2024\/10\/Ice-Cream-Cake-Shatter-300x300.jpg",300,300,true],"medium_large":["https:\/\/pressurezone.shop\/wp-content\/uploads\/2024\/10\/Ice-Cream-Cake-Shatter-768x768.jpg",768,768,true],"large":["https:\/\/pressurezone.shop\/wp-content\/uploads\/2024\/10\/Ice-Cream-Cake-Shatter.jpg",1000,1000,false],"1536x1536":["https:\/\/pressurezone.shop\/wp-content\/uploads\/2024\/10\/Ice-Cream-Cake-Shatter.jpg",1000,1000,false],"2048x2048":["https:\/\/pressurezone.shop\/wp-content\/uploads\/2024\/10\/Ice-Cream-Cake-Shatter.jpg",1000,1000,false],"trp-custom-language-flag":["https:\/\/pressurezone.shop\/wp-content\/uploads\/2024\/10\/Ice-Cream-Cake-Shatter-12x12.jpg",12,12,true],"woocommerce_thumbnail":["https:\/\/pressurezone.shop\/wp-content\/uploads\/2024\/10\/Ice-Cream-Cake-Shatter-300x300.jpg",300,300,true],"woocommerce_single":["https:\/\/pressurezone.shop\/wp-content\/uploads\/2024\/10\/Ice-Cream-Cake-Shatter-600x600.jpg",600,600,true],"woocommerce_gallery_thumbnail":["https:\/\/pressurezone.shop\/wp-content\/uploads\/2024\/10\/Ice-Cream-Cake-Shatter-100x100.jpg",100,100,true]},"uagb_author_info":{"display_name":"pressurezone.shop","author_link":"https:\/\/pressurezone.shop\/de\/author\/"},"uagb_comment_info":0,"uagb_excerpt":"Achetez Ice Cream Cake Shatter en Ligne D\u00e9couvrez la richesse velout\u00e9e de Ice Cream Cake Shatter, un concentr\u00e9 rare \u00e0 dominance indica (75% Indica \/ 25% Sativa). Issu des c\u00e9l\u00e8bres souches Gelato 33 et Wedding Cake, ce concentr\u00e9 de cannabis haut de gamme offre une exp\u00e9rience in\u00e9gal\u00e9e pour les amateurs de cannabis et les novices.&hellip;","_links":{"self":[{"href":"https:\/\/pressurezone.shop\/de\/wp-json\/wp\/v2\/product\/3348"}],"collection":[{"href":"https:\/\/pressurezone.shop\/de\/wp-json\/wp\/v2\/product"}],"about":[{"href":"https:\/\/pressurezone.shop\/de\/wp-json\/wp\/v2\/types\/product"}],"replies":[{"embeddable":true,"href":"https:\/\/pressurezone.shop\/de\/wp-json\/wp\/v2\/comments?post=3348"}],"version-history":[{"count":3,"href":"https:\/\/pressurezone.shop\/de\/wp-json\/wp\/v2\/product\/3348\/revisions"}],"predecessor-version":[{"id":4473,"href":"https:\/\/pressurezone.shop\/de\/wp-json\/wp\/v2\/product\/3348\/revisions\/4473"}],"wp:featuredmedia":[{"embeddable":true,"href":"https:\/\/pressurezone.shop\/de\/wp-json\/wp\/v2\/media\/3425"}],"wp:attachment":[{"href":"https:\/\/pressurezone.shop\/de\/wp-json\/wp\/v2\/media?parent=3348"}],"wp:term":[{"taxonomy":"product_brand","embeddable":true,"href":"https:\/\/pressurezone.shop\/de\/wp-json\/wp\/v2\/product_brand?post=3348"},{"taxonomy":"product_cat","embeddable":true,"href":"https:\/\/pressurezone.shop\/de\/wp-json\/wp\/v2\/product_cat?post=3348"},{"taxonomy":"product_tag","embeddable":true,"href":"https:\/\/pressurezone.shop\/de\/wp-json\/wp\/v2\/product_tag?post=3348"}],"curies":[{"name":"wp","href":"https:\/\/api.w.org\/{rel}","templated":true}]}}