{"id":3350,"date":"2024-10-11T01:00:37","date_gmt":"2024-10-10T23:00:37","guid":{"rendered":"https:\/\/pressurezone.shop\/?post_type=product&#038;p=3350"},"modified":"2024-11-15T20:57:37","modified_gmt":"2024-11-15T19:57:37","slug":"shatter-ghost-train-haze","status":"publish","type":"product","link":"https:\/\/pressurezone.shop\/de\/product\/shatter-ghost-train-haze\/","title":{"rendered":"Shatter Ghost Train Haze"},"content":{"rendered":"<div class=\"flex-shrink-0 flex flex-col relative items-end\">\n<div>\n<div class=\"pt-0\">\n<div class=\"gizmo-bot-avatar flex h-8 w-8 items-center justify-center overflow-hidden rounded-full\">\n<div class=\"relative p-1 rounded-sm flex items-center justify-center bg-token-main-surface-primary text-token-text-primary h-8 w-8\"><\/div>\n<\/div>\n<\/div>\n<\/div>\n<\/div>\n<div class=\"group\/conversation-turn relative flex w-full min-w-0 flex-col agent-turn\">\n<div class=\"flex-col gap-1 md:gap-3\">\n<div class=\"flex max-w-full flex-col flex-grow\">\n<div class=\"min-h-8 text-message flex w-full flex-col items-end gap-2 whitespace-normal break-words [.text-message+&amp;]:mt-5\" dir=\"auto\" data-message-author-role=\"assistant\" data-message-id=\"31e1dc90-319c-4a51-aa0c-37ccefdb3452\" data-message-model-slug=\"gpt-4o\">\n<div class=\"flex w-full flex-col gap-1 empty:hidden first:pt-[3px]\">\n<div class=\"markdown prose w-full break-words dark:prose-invert light\">\n<h3><strong>Kaufen Sie Ghost Train Haze Shatter Online Europa<\/strong><\/h3>\n<p>Erleben Sie eine au\u00dfergew\u00f6hnliche Cannabis-Erfahrung mit dem <strong>Shatter Ghost Train Haze<\/strong>ein Premium-Konzentrat aus den ber\u00fchmten St\u00e4mmen <strong>Ghost OG<\/strong> und <strong>Neville's Wreck<\/strong>. Mit einem <strong>beeindruckender THC-Gehalt von 27%<\/strong>Dieser Shatter ist nur etwas f\u00fcr Kenner.<\/p>\n<hr \/>\n<h3><strong>Was macht den Ghost Train Haze Shatter einzigartig?<\/strong><\/h3>\n<p>Die <strong>Shatter Ghost Train Haze<\/strong> ist ein <strong>Sativa-dominanter Hybrid<\/strong> mit einem Verh\u00e4ltnis <strong>80:20 sativa\/indica<\/strong>wurde entwickelt, um ein aufregendes Gehirn-High mit subtiler k\u00f6rperlicher Entspannung zu verbinden. Bekannt f\u00fcr seine <strong>psychedelische Effekte<\/strong>Dieses Konzentrat bietet eine intensive und unvergessliche Cannabis-Erfahrung.<\/p>\n<ul>\n<li><strong>Extreme Power<\/strong> : Mit 27% THC ist dies einer der st\u00e4rksten Shatter, die es gibt.<\/li>\n<li><strong>Zerebrale Effekte<\/strong> : Ideal zur F\u00f6rderung der Kreativit\u00e4t und f\u00fcr produktive Momente.<\/li>\n<li><strong>Premium-Qualit\u00e4t<\/strong> : Hergestellt aus AAA+-St\u00e4mmen mit fortschrittlichen Extraktionsmethoden<a href=\"https:\/\/fuelpackz.com\/\" target=\"_blank\" rel=\"noopener\">.<\/a><\/li>\n<\/ul>\n<hr \/>\n<h3><strong>Auswirkungen von Shatter Ghost Train Haze<\/strong><\/h3>\n<p>Die <strong>Ghost Train Haze Shatter<\/strong> bietet eine au\u00dfergew\u00f6hnliche Wirkung, die Euphorie und erh\u00f6hte Konzentration miteinander verbindet. Ein \u00fcberm\u00e4\u00dfiger Konsum kann jedoch zu <strong>High in der N\u00e4he von Psychedelic<\/strong>Das macht sie f\u00fcr erfahrene Nutzer besser geeignet.<\/p>\n<ul>\n<li><strong>Cerebral High<\/strong> : F\u00f6rdert die Kreativit\u00e4t und die Konzentration.<\/li>\n<li><strong>Energetisierend<\/strong> : Perfekt f\u00fcr soziale Aktivit\u00e4ten oder produktive Tage.<\/li>\n<li><strong>Subtile Entspannung<\/strong> : Gleicht die Intensit\u00e4t mit einer leichten K\u00f6rperentspannung aus.<\/li>\n<\/ul>\n<hr \/>\n<h3><strong>Wer sollte Shatter Ghost Train Haze verwenden?<\/strong><\/h3>\n<p>Obwohl der <strong>Ghost Train Haze Weed Shatter<\/strong> ist nicht nur hervorragend zur Entspannung geeignet, sondern bietet auch therapeutische Vorteile, was es zu einer beliebten Wahl f\u00fcr medizinische Nutzer macht:<\/p>\n<ul>\n<li><strong>Kann Linderung verschaffen<\/strong> :\n<ul>\n<li><strong>Depression<\/strong> : Hilft, die Stimmung zu heben und negative Gedanken zu vertreiben.<\/li>\n<li><strong>Stress<\/strong> : Sorgt f\u00fcr geistige Klarheit und Entspannung.<\/li>\n<li><strong>M\u00fcdigkeit<\/strong> : Bietet neue Energie.<\/li>\n<\/ul>\n<\/li>\n<\/ul>\n<p><strong>Achtung<\/strong> : Angehende Raucher oder Personen, die zu Angstzust\u00e4nden neigen, sollten aufgrund der intensiven Wirkung dieses Stammes mit Vorsicht konsumieren.<\/p>\n<hr \/>\n<h3><strong>Geschmack und Aroma<\/strong><\/h3>\n<p>Die <strong>Ghost Train Haze Weed Shatter<\/strong> ist ebenso schmackhaft wie kraftvoll und bietet ein einzigartiges sensorisches Erlebnis :<\/p>\n<ul>\n<li><strong>Geschm\u00e4cker<\/strong> : Zitrusfr\u00fcchte, Blumig, Kiefer, S\u00fc\u00df.<\/li>\n<li><strong>Aromen<\/strong> : erdig, w\u00fcrzig, scharf, Diesel.<\/li>\n<\/ul>\n<p>Die Kombination aus s\u00fc\u00dfen Noten und Zitrusfr\u00fcchten, gepaart mit einem scharfen Dieselaroma, schafft einen <strong>fesselndes Terpenprofil<\/strong> die Cannabisliebhaber begeistern wird.<\/p>\n<hr \/>\n<h3><strong>Wie verwendet man Ghost Train Haze Shatter?<\/strong><\/h3>\n<p>Ob Sie ein erfahrener Nutzer oder ein Kenner von Konzentraten sind, hier sind einige M\u00f6glichkeiten, wie Sie den <strong>Shatter Ghost Train Haze<\/strong> :<\/p>\n<ol>\n<li><strong>Dab<\/strong> : Perfekt f\u00fcr eine reine und kraftvolle Erfahrung.<\/li>\n<li><strong>Verdampfen<\/strong> Inhalieren: Verwenden Sie kompatible Stifte oder Ger\u00e4te f\u00fcr sanfte Inhalationen.<\/li>\n<li><strong>Gelenke oder Pfeifen<\/strong> : Mischen Sie es mit Blumen f\u00fcr ein verst\u00e4rktes High.<\/li>\n<\/ol>\n<hr \/>\n<h3><strong>Warum Shatter Ghost Train Haze w\u00e4hlen?<\/strong><\/h3>\n<p>Die <strong>Ghost Train Haze Shatter<\/strong> zeichnet sich durch seine un\u00fcbertroffene Qualit\u00e4t und seine starken Effekte aus. Durch den Kauf bei <a href=\"https:\/\/pressurezone.shop\/de\/\" target=\"_new\" rel=\"noopener\">Pressure Zone Shop<\/a>Wenn Sie sich f\u00fcr ein Produkt entscheiden, erhalten Sie sorgf\u00e4ltig zusammengestellte Premiumkonzentrate.<\/p>\n<ul>\n<li><strong>High-End-Extraktion<\/strong> : Garantiert maximale Leistung und Reinheit.<\/li>\n<li><strong>Im Labor getestet<\/strong> : Sicherheit und Konstanz gew\u00e4hrleistet.<\/li>\n<li><strong>Diskrete Lieferung<\/strong> : Schneller und sicherer Versand in ganz Europa.<\/li>\n<\/ul>\n<hr \/>\n<h3><strong>Bestellen Sie den Shatter Ghost Train Haze noch heute online<\/strong><\/h3>\n<p>Verpassen Sie nicht diesen <strong>hochwertiges Cannabiskonzentrat<\/strong> das Kraft, Geschmack und therapeutische Vorteile vereint. Ob Sie nun nach einem Kreativit\u00e4tsschub, einem energiespendenden High oder nach Linderung bei chronischen Zust\u00e4nden suchen, der <strong>Shatter Ghost Train Haze<\/strong> ist f\u00fcr Sie gemacht.<\/p>\n<p><strong>Jetzt bestellen<\/strong> auf <a href=\"https:\/\/pressurezone.shop\/de\/\" target=\"_new\" rel=\"noopener\">Pressure Zone Shop<\/a> und entdecken Sie die Kraft dieses legend\u00e4ren Stamms!<\/p>\n<\/div>\n<\/div>\n<\/div>\n<\/div>\n<\/div>\n<\/div>","protected":false},"excerpt":{"rendered":"<p>Achetez du Shatter Ghost Train Haze en Ligne Europe D\u00e9couvrez une exp\u00e9rience de cannabis exceptionnelle avec le Shatter Ghost Train Haze, un concentr\u00e9 premium issu des c\u00e9l\u00e8bres souches Ghost OG et Neville\u2019s Wreck. Avec un taux de THC impressionnant de 27%, ce shatter est r\u00e9serv\u00e9 aux connaisseurs. Qu\u2019est-ce qui Rend le Ghost Train Haze Shatter [&hellip;]<\/p>","protected":false},"featured_media":3429,"comment_status":"closed","ping_status":"closed","template":"","meta":{"_uag_custom_page_level_css":"","site-sidebar-layout":"default","site-content-layout":"","ast-site-content-layout":"default","site-content-style":"default","site-sidebar-style":"default","ast-global-header-display":"","ast-banner-title-visibility":"","ast-main-header-display":"","ast-hfb-above-header-display":"","ast-hfb-below-header-display":"","ast-hfb-mobile-header-display":"","site-post-title":"","ast-breadcrumbs-content":"","ast-featured-img":"","footer-sml-layout":"","theme-transparent-header-meta":"default","adv-header-id-meta":"","stick-header-meta":"","header-above-stick-meta":"","header-main-stick-meta":"","header-below-stick-meta":"","astra-migrate-meta-layouts":"set","ast-page-background-enabled":"default","ast-page-background-meta":{"desktop":{"background-color":"","background-image":"","background-repeat":"repeat","background-position":"center center","background-size":"auto","background-attachment":"scroll","background-type":"","background-media":"","overlay-type":"","overlay-color":"","overlay-opacity":"","overlay-gradient":""},"tablet":{"background-color":"","background-image":"","background-repeat":"repeat","background-position":"center center","background-size":"auto","background-attachment":"scroll","background-type":"","background-media":"","overlay-type":"","overlay-color":"","overlay-opacity":"","overlay-gradient":""},"mobile":{"background-color":"","background-image":"","background-repeat":"repeat","background-position":"center center","background-size":"auto","background-attachment":"scroll","background-type":"","background-media":"","overlay-type":"","overlay-color":"","overlay-opacity":"","overlay-gradient":""}},"ast-content-background-meta":{"desktop":{"background-color":"var(--ast-global-color-5)","background-image":"","background-repeat":"repeat","background-position":"center center","background-size":"auto","background-attachment":"scroll","background-type":"","background-media":"","overlay-type":"","overlay-color":"","overlay-opacity":"","overlay-gradient":""},"tablet":{"background-color":"var(--ast-global-color-5)","background-image":"","background-repeat":"repeat","background-position":"center center","background-size":"auto","background-attachment":"scroll","background-type":"","background-media":"","overlay-type":"","overlay-color":"","overlay-opacity":"","overlay-gradient":""},"mobile":{"background-color":"var(--ast-global-color-5)","background-image":"","background-repeat":"repeat","background-position":"center center","background-size":"auto","background-attachment":"scroll","background-type":"","background-media":"","overlay-type":"","overlay-color":"","overlay-opacity":"","overlay-gradient":""}}},"product_brand":[],"product_cat":[334,436],"product_tag":[455],"class_list":{"0":"post-3350","1":"product","2":"type-product","3":"status-publish","4":"has-post-thumbnail","6":"product_cat-concentres-de-marijuana","7":"product_cat-achetez-du-shatter-dab-wax","8":"product_tag-buy-ghost-train-haze-weed-shatter-europe","9":"desktop-align-left","10":"tablet-align-left","11":"mobile-align-left","13":"first","14":"instock","15":"shipping-taxable","16":"purchasable","17":"product-type-variable"},"uagb_featured_image_src":{"full":["https:\/\/pressurezone.shop\/wp-content\/uploads\/2024\/10\/Buy-Ghost-Train-Haze-Weed-Shatter.jpg",1000,1000,false],"thumbnail":["https:\/\/pressurezone.shop\/wp-content\/uploads\/2024\/10\/Buy-Ghost-Train-Haze-Weed-Shatter-150x150.jpg",150,150,true],"medium":["https:\/\/pressurezone.shop\/wp-content\/uploads\/2024\/10\/Buy-Ghost-Train-Haze-Weed-Shatter-300x300.jpg",300,300,true],"medium_large":["https:\/\/pressurezone.shop\/wp-content\/uploads\/2024\/10\/Buy-Ghost-Train-Haze-Weed-Shatter-768x768.jpg",768,768,true],"large":["https:\/\/pressurezone.shop\/wp-content\/uploads\/2024\/10\/Buy-Ghost-Train-Haze-Weed-Shatter.jpg",1000,1000,false],"1536x1536":["https:\/\/pressurezone.shop\/wp-content\/uploads\/2024\/10\/Buy-Ghost-Train-Haze-Weed-Shatter.jpg",1000,1000,false],"2048x2048":["https:\/\/pressurezone.shop\/wp-content\/uploads\/2024\/10\/Buy-Ghost-Train-Haze-Weed-Shatter.jpg",1000,1000,false],"trp-custom-language-flag":["https:\/\/pressurezone.shop\/wp-content\/uploads\/2024\/10\/Buy-Ghost-Train-Haze-Weed-Shatter-12x12.jpg",12,12,true],"woocommerce_thumbnail":["https:\/\/pressurezone.shop\/wp-content\/uploads\/2024\/10\/Buy-Ghost-Train-Haze-Weed-Shatter-300x300.jpg",300,300,true],"woocommerce_single":["https:\/\/pressurezone.shop\/wp-content\/uploads\/2024\/10\/Buy-Ghost-Train-Haze-Weed-Shatter-600x600.jpg",600,600,true],"woocommerce_gallery_thumbnail":["https:\/\/pressurezone.shop\/wp-content\/uploads\/2024\/10\/Buy-Ghost-Train-Haze-Weed-Shatter-100x100.jpg",100,100,true]},"uagb_author_info":{"display_name":"pressurezone.shop","author_link":"https:\/\/pressurezone.shop\/de\/author\/"},"uagb_comment_info":0,"uagb_excerpt":"Achetez du Shatter Ghost Train Haze en Ligne Europe D\u00e9couvrez une exp\u00e9rience de cannabis exceptionnelle avec le Shatter Ghost Train Haze, un concentr\u00e9 premium issu des c\u00e9l\u00e8bres souches Ghost OG et Neville\u2019s Wreck. Avec un taux de THC impressionnant de 27%, ce shatter est r\u00e9serv\u00e9 aux connaisseurs. Qu\u2019est-ce qui Rend le Ghost Train Haze Shatter&hellip;","_links":{"self":[{"href":"https:\/\/pressurezone.shop\/de\/wp-json\/wp\/v2\/product\/3350"}],"collection":[{"href":"https:\/\/pressurezone.shop\/de\/wp-json\/wp\/v2\/product"}],"about":[{"href":"https:\/\/pressurezone.shop\/de\/wp-json\/wp\/v2\/types\/product"}],"replies":[{"embeddable":true,"href":"https:\/\/pressurezone.shop\/de\/wp-json\/wp\/v2\/comments?post=3350"}],"version-history":[{"count":3,"href":"https:\/\/pressurezone.shop\/de\/wp-json\/wp\/v2\/product\/3350\/revisions"}],"predecessor-version":[{"id":4425,"href":"https:\/\/pressurezone.shop\/de\/wp-json\/wp\/v2\/product\/3350\/revisions\/4425"}],"wp:featuredmedia":[{"embeddable":true,"href":"https:\/\/pressurezone.shop\/de\/wp-json\/wp\/v2\/media\/3429"}],"wp:attachment":[{"href":"https:\/\/pressurezone.shop\/de\/wp-json\/wp\/v2\/media?parent=3350"}],"wp:term":[{"taxonomy":"product_brand","embeddable":true,"href":"https:\/\/pressurezone.shop\/de\/wp-json\/wp\/v2\/product_brand?post=3350"},{"taxonomy":"product_cat","embeddable":true,"href":"https:\/\/pressurezone.shop\/de\/wp-json\/wp\/v2\/product_cat?post=3350"},{"taxonomy":"product_tag","embeddable":true,"href":"https:\/\/pressurezone.shop\/de\/wp-json\/wp\/v2\/product_tag?post=3350"}],"curies":[{"name":"wp","href":"https:\/\/api.w.org\/{rel}","templated":true}]}}