{"id":3351,"date":"2024-10-11T01:00:37","date_gmt":"2024-10-10T23:00:37","guid":{"rendered":"https:\/\/pressurezone.shop\/?post_type=product&#038;p=3351"},"modified":"2024-11-15T22:10:20","modified_gmt":"2024-11-15T21:10:20","slug":"gelato-cannabis-shatter","status":"publish","type":"product","link":"https:\/\/pressurezone.shop\/de\/product\/gelato-cannabis-shatter\/","title":{"rendered":"Gelato Cannabis Shatter"},"content":{"rendered":"<h3><strong>Bestellen Gelato Cannabis Shatter Online in Europa<\/strong><\/h3>\n<p><strong>Gelato Cannabis Shatter<\/strong>, auch bekannt als <strong>\"Larry Bird\"<\/strong>ist ein ikonisches Hybridkonzentrat, das zum <strong>Sorte des Jahres 2018 von Leafly<\/strong>. Dieser Shatter stammt aus der San Francisco Bay Area und ist ber\u00fchmt f\u00fcr seine euphorischen und kreativen Effekte, w\u00e4hrend er gleichzeitig eine intensive Entspannung bietet<a href=\"https:\/\/fuelpackz.com\/\" target=\"_blank\" rel=\"noopener\">.<\/a><\/p>\n<hr \/>\n<h3><strong>Warum sollten Sie sich f\u00fcr Gelato Cannabis Shatter entscheiden?<\/strong><\/h3>\n<p><strong>Gelato Cannabis Shatter<\/strong> ist weit mehr als eine einfache Extraktion. Dieses hochgesch\u00e4tzte Konzentrat bietet bei jeder Sitzung ein einzigartiges Erlebnis.<\/p>\n<ul>\n<li><strong>Blendendes Aussehen<\/strong> : Ein tiefer Purpurton, der durch feurig-orangefarbene Haare und eine glitzernde wei\u00dfe Harzschicht akzentuiert wird.<\/li>\n<li><strong>Ungleiche Macht<\/strong> : Bekannt f\u00fcr seine euphorischen und entspannenden Effekte aufgrund seines hohen THC-Gehalts.<\/li>\n<li><strong>Saveur Gourmande<\/strong> : Ein s\u00fc\u00dfes und blumiges Profil mit einem Hauch von Fr\u00fcchten, das an ein raffiniertes Dessert erinnert.<\/li>\n<\/ul>\n<hr \/>\n<h3><strong>Wirkungen und Nutzen<\/strong><\/h3>\n<h4><strong>Effekte:<\/strong><\/h4>\n<ul>\n<li>Energetisierende Euphorie<\/li>\n<li>Tiefenentspannung<\/li>\n<li>Kreativit\u00e4tsboost<\/li>\n<\/ul>\n<h4><strong>Kann Linderung :<\/strong><\/h4>\n<ul>\n<li>Chronischer Stress<\/li>\n<li>Depression<\/li>\n<li>M\u00e4\u00dfige bis starke Schmerzen<\/li>\n<li>Geistige M\u00fcdigkeit<\/li>\n<\/ul>\n<hr \/>\n<h3><strong>Geschmacks- und Aromaprofil<\/strong><\/h3>\n<p>Dieses Konzentrat ist ein wahrer Genuss f\u00fcr die Sinne mit komplexen und raffinierten Aromen :<\/p>\n<ul>\n<li><strong>Geschm\u00e4cker<\/strong> : S\u00fc\u00df, blumig, fruchtig.<\/li>\n<li><strong>Aromen<\/strong> : S\u00fc\u00df, kr\u00e4uterig, Beerennoten.<\/li>\n<\/ul>\n<hr \/>\n<h3><strong>Was ist Shatter?<\/strong><\/h3>\n<p>Die <strong>shatter<\/strong> ist ein transparentes, festes Cannabiskonzentrat, das f\u00fcr seine au\u00dfergew\u00f6hnliche St\u00e4rke und Reinheit bekannt ist. Es wird aus hochwertigen Cannabisbl\u00fcten hergestellt und bewahrt ein Maximum an Terpenen und Cannabinoiden f\u00fcr ein unvergleichliches sensorisches Erlebnis.<\/p>\n<hr \/>\n<h3><strong>Wie man Gelato Cannabis Shatter konsumiert<\/strong><\/h3>\n<p>Hier sind die besten M\u00f6glichkeiten, um von <strong>Gelato Cannabis Shatter<\/strong> :<\/p>\n<ol>\n<li><strong>Dabbing<\/strong> : F\u00fcr eine schnelle Aufnahme und sofortige Wirkung.<\/li>\n<li><strong>Verdampfen<\/strong> : Eine sanfte Methode, die die nat\u00fcrlichen Terpene bewahrt.<\/li>\n<li><strong>Verbesserung der Blumen<\/strong> : F\u00fcge es deinen Joints oder Pfeifen hinzu, um mehr Power zu bekommen.<\/li>\n<\/ol>\n<hr \/>\n<h3><strong>Warum im Pressure Zone Shop bestellen?<\/strong><\/h3>\n<p>Bei <a href=\"https:\/\/pressurezone.shop\/de\/\" target=\"_new\" rel=\"noopener\">Pressure Zone Shop<\/a>Wir haben es uns zur Aufgabe gemacht, Ihnen die beste Qualit\u00e4t an Cannabiskonzentraten zu bieten.<\/p>\n<ul>\n<li><strong>Zertifizierte Qualit\u00e4t<\/strong> : Alle unsere Produkte werden im Labor getestet, um ihre Reinheit zu gew\u00e4hrleisten.<\/li>\n<li><strong>Schnelle und diskrete Lieferung<\/strong> : Bestellen Sie mit Vertrauen.<\/li>\n<li><strong>Dedizierter Kundensupport<\/strong> : Ein Team, das bereit ist, alle Ihre Fragen zu beantworten.<\/li>\n<\/ul>\n<hr \/>\n<h3><strong>Bestellen Sie Gelato Cannabis Shatter Jetzt<\/strong><\/h3>\n<p>Erfahren Sie, warum <strong>Gelato Cannabis Shatter<\/strong> ist die erste Wahl f\u00fcr Cannabisliebhaber in ganz Europa. Lassen Sie sich diese au\u00dfergew\u00f6hnliche Erfahrung nicht entgehen -. <strong>bestellen Sie noch heute<\/strong> auf <a href=\"https:\/\/pressurezone.shop\/de\/\" target=\"_new\" rel=\"noopener\">Pressure Zone Shop<\/a> und erleben Sie die ultimative Euphorie.<\/p>","protected":false},"excerpt":{"rendered":"<p>Commandez Gelato Cannabis Shatter en Ligne en Europe Gelato Cannabis Shatter, \u00e9galement connu sous le nom de \u00ab\u00a0Larry Bird\u00a0\u00bb, est un concentr\u00e9 hybride embl\u00e9matique qui a \u00e9t\u00e9 \u00e9lu vari\u00e9t\u00e9 de l\u2019ann\u00e9e 2018 par Leafly. Originaire de la r\u00e9gion de la Baie de San Francisco, ce shatter est c\u00e9l\u00e8bre pour ses effets euphoriques et cr\u00e9atifs, tout [&hellip;]<\/p>","protected":false},"featured_media":3439,"comment_status":"closed","ping_status":"closed","template":"","meta":{"_uag_custom_page_level_css":"","site-sidebar-layout":"default","site-content-layout":"","ast-site-content-layout":"default","site-content-style":"default","site-sidebar-style":"default","ast-global-header-display":"","ast-banner-title-visibility":"","ast-main-header-display":"","ast-hfb-above-header-display":"","ast-hfb-below-header-display":"","ast-hfb-mobile-header-display":"","site-post-title":"","ast-breadcrumbs-content":"","ast-featured-img":"","footer-sml-layout":"","theme-transparent-header-meta":"default","adv-header-id-meta":"","stick-header-meta":"","header-above-stick-meta":"","header-main-stick-meta":"","header-below-stick-meta":"","astra-migrate-meta-layouts":"set","ast-page-background-enabled":"default","ast-page-background-meta":{"desktop":{"background-color":"","background-image":"","background-repeat":"repeat","background-position":"center center","background-size":"auto","background-attachment":"scroll","background-type":"","background-media":"","overlay-type":"","overlay-color":"","overlay-opacity":"","overlay-gradient":""},"tablet":{"background-color":"","background-image":"","background-repeat":"repeat","background-position":"center center","background-size":"auto","background-attachment":"scroll","background-type":"","background-media":"","overlay-type":"","overlay-color":"","overlay-opacity":"","overlay-gradient":""},"mobile":{"background-color":"","background-image":"","background-repeat":"repeat","background-position":"center center","background-size":"auto","background-attachment":"scroll","background-type":"","background-media":"","overlay-type":"","overlay-color":"","overlay-opacity":"","overlay-gradient":""}},"ast-content-background-meta":{"desktop":{"background-color":"var(--ast-global-color-5)","background-image":"","background-repeat":"repeat","background-position":"center center","background-size":"auto","background-attachment":"scroll","background-type":"","background-media":"","overlay-type":"","overlay-color":"","overlay-opacity":"","overlay-gradient":""},"tablet":{"background-color":"var(--ast-global-color-5)","background-image":"","background-repeat":"repeat","background-position":"center center","background-size":"auto","background-attachment":"scroll","background-type":"","background-media":"","overlay-type":"","overlay-color":"","overlay-opacity":"","overlay-gradient":""},"mobile":{"background-color":"var(--ast-global-color-5)","background-image":"","background-repeat":"repeat","background-position":"center center","background-size":"auto","background-attachment":"scroll","background-type":"","background-media":"","overlay-type":"","overlay-color":"","overlay-opacity":"","overlay-gradient":""}}},"product_brand":[],"product_cat":[334,436],"product_tag":[456],"class_list":{"0":"post-3351","1":"product","2":"type-product","3":"status-publish","4":"has-post-thumbnail","6":"product_cat-concentres-de-marijuana","7":"product_cat-achetez-du-shatter-dab-wax","8":"product_tag-order-gelato-cannabis-shatter-europe","9":"desktop-align-left","10":"tablet-align-left","11":"mobile-align-left","13":"first","14":"instock","15":"shipping-taxable","16":"purchasable","17":"product-type-variable"},"uagb_featured_image_src":{"full":["https:\/\/pressurezone.shop\/wp-content\/uploads\/2024\/10\/Order-Gelato-Cannabis-Shatter.jpg",1000,1000,false],"thumbnail":["https:\/\/pressurezone.shop\/wp-content\/uploads\/2024\/10\/Order-Gelato-Cannabis-Shatter-150x150.jpg",150,150,true],"medium":["https:\/\/pressurezone.shop\/wp-content\/uploads\/2024\/10\/Order-Gelato-Cannabis-Shatter-300x300.jpg",300,300,true],"medium_large":["https:\/\/pressurezone.shop\/wp-content\/uploads\/2024\/10\/Order-Gelato-Cannabis-Shatter-768x768.jpg",768,768,true],"large":["https:\/\/pressurezone.shop\/wp-content\/uploads\/2024\/10\/Order-Gelato-Cannabis-Shatter.jpg",1000,1000,false],"1536x1536":["https:\/\/pressurezone.shop\/wp-content\/uploads\/2024\/10\/Order-Gelato-Cannabis-Shatter.jpg",1000,1000,false],"2048x2048":["https:\/\/pressurezone.shop\/wp-content\/uploads\/2024\/10\/Order-Gelato-Cannabis-Shatter.jpg",1000,1000,false],"trp-custom-language-flag":["https:\/\/pressurezone.shop\/wp-content\/uploads\/2024\/10\/Order-Gelato-Cannabis-Shatter-12x12.jpg",12,12,true],"woocommerce_thumbnail":["https:\/\/pressurezone.shop\/wp-content\/uploads\/2024\/10\/Order-Gelato-Cannabis-Shatter-300x300.jpg",300,300,true],"woocommerce_single":["https:\/\/pressurezone.shop\/wp-content\/uploads\/2024\/10\/Order-Gelato-Cannabis-Shatter-600x600.jpg",600,600,true],"woocommerce_gallery_thumbnail":["https:\/\/pressurezone.shop\/wp-content\/uploads\/2024\/10\/Order-Gelato-Cannabis-Shatter-100x100.jpg",100,100,true]},"uagb_author_info":{"display_name":"pressurezone.shop","author_link":"https:\/\/pressurezone.shop\/de\/author\/"},"uagb_comment_info":0,"uagb_excerpt":"Commandez Gelato Cannabis Shatter en Ligne en Europe Gelato Cannabis Shatter, \u00e9galement connu sous le nom de \u00ab\u00a0Larry Bird\u00a0\u00bb, est un concentr\u00e9 hybride embl\u00e9matique qui a \u00e9t\u00e9 \u00e9lu vari\u00e9t\u00e9 de l\u2019ann\u00e9e 2018 par Leafly. Originaire de la r\u00e9gion de la Baie de San Francisco, ce shatter est c\u00e9l\u00e8bre pour ses effets euphoriques et cr\u00e9atifs, tout&hellip;","_links":{"self":[{"href":"https:\/\/pressurezone.shop\/de\/wp-json\/wp\/v2\/product\/3351"}],"collection":[{"href":"https:\/\/pressurezone.shop\/de\/wp-json\/wp\/v2\/product"}],"about":[{"href":"https:\/\/pressurezone.shop\/de\/wp-json\/wp\/v2\/types\/product"}],"replies":[{"embeddable":true,"href":"https:\/\/pressurezone.shop\/de\/wp-json\/wp\/v2\/comments?post=3351"}],"version-history":[{"count":3,"href":"https:\/\/pressurezone.shop\/de\/wp-json\/wp\/v2\/product\/3351\/revisions"}],"predecessor-version":[{"id":4497,"href":"https:\/\/pressurezone.shop\/de\/wp-json\/wp\/v2\/product\/3351\/revisions\/4497"}],"wp:featuredmedia":[{"embeddable":true,"href":"https:\/\/pressurezone.shop\/de\/wp-json\/wp\/v2\/media\/3439"}],"wp:attachment":[{"href":"https:\/\/pressurezone.shop\/de\/wp-json\/wp\/v2\/media?parent=3351"}],"wp:term":[{"taxonomy":"product_brand","embeddable":true,"href":"https:\/\/pressurezone.shop\/de\/wp-json\/wp\/v2\/product_brand?post=3351"},{"taxonomy":"product_cat","embeddable":true,"href":"https:\/\/pressurezone.shop\/de\/wp-json\/wp\/v2\/product_cat?post=3351"},{"taxonomy":"product_tag","embeddable":true,"href":"https:\/\/pressurezone.shop\/de\/wp-json\/wp\/v2\/product_tag?post=3351"}],"curies":[{"name":"wp","href":"https:\/\/api.w.org\/{rel}","templated":true}]}}