{"id":3361,"date":"2024-10-11T01:01:03","date_gmt":"2024-10-10T23:01:03","guid":{"rendered":"https:\/\/pressurezone.shop\/?post_type=product&#038;p=3361"},"modified":"2024-11-15T20:32:41","modified_gmt":"2024-11-15T19:32:41","slug":"bubba-kush-cannabis-shatter","status":"publish","type":"product","link":"https:\/\/pressurezone.shop\/de\/product\/bubba-kush-cannabis-shatter\/","title":{"rendered":"Bubba Kush Cannabis Shatter"},"content":{"rendered":"<h3><strong>Kaufen Bubba Kush Cannabis Shatter Online Europa<\/strong><\/h3>\n<p>Entdecken Sie die ultimative Entspannung mit dem <strong>Bubba Kush Cannabis Shatter<\/strong>, auch bekannt als <strong>BK<\/strong> oder <strong>Bubba OG Kush<\/strong>. Dieses Premium-Indica-Konzentrat (80% indica\/20% sativa) stammt aus einer reichen Linie, wahrscheinlich eine Kreuzung zwischen <strong>Afghani<\/strong> und <strong>OG Kush<\/strong>Die genauen Urspr\u00fcnge des Bubba Bubba sind jedoch noch immer r\u00e4tselhaft. Bubba Kush wird wegen seiner starken Wirkung gesch\u00e4tzt und ist perfekt, um den K\u00f6rper zu entspannen und den Geist zu beruhigen.<a href=\"https:\/\/fuelpackz.com\/\" target=\"_blank\" rel=\"noopener\">.<\/a><\/p>\n<hr \/>\n<h3><strong>Warum sollte man sich f\u00fcr den Bubba Kush Cannabis Shatter entscheiden?<\/strong><\/h3>\n<p>Die <strong>Bubba Kush Cannabis Shatter<\/strong> ist ein hochwertiges Cannabiskonzentrat, das f\u00fcr seine <strong>hohe THC-Werte (14-25%)<\/strong>. Er bietet dank seines einzigartigen Terpenprofils ein au\u00dfergew\u00f6hnliches sensorisches Erlebnis mit einem s\u00fc\u00dfen, erdigen Aroma und holzigen Noten.<\/p>\n<ul>\n<li><strong>Dominanz Indica<\/strong> : Perfekt f\u00fcr tiefe Entspannung und Schmerzlinderung.<\/li>\n<li><strong>Vielseitige Verwendung<\/strong> : Ideal f\u00fcr ruhige Abende oder Tage.<\/li>\n<li><strong>Premium-Extraktion<\/strong> : Sorgt f\u00fcr maximale Reinheit und Leistung.<\/li>\n<\/ul>\n<hr \/>\n<h3><strong>Auswirkungen von Bubba Kush Cannabis Shatter<\/strong><\/h3>\n<p>Dieser Shatter sorgt f\u00fcr einen <strong>beruhigende Gehirnwirkung<\/strong>Das hebt sofort Ihre Stimmung und baut Stress ab. Anschlie\u00dfend wird eine <strong>K\u00f6rpergef\u00fchl<\/strong> stellt sich ein und l\u00e4sst Sie stundenlang entspannt und schmerzfrei sein.<\/p>\n<ul>\n<li><strong>Entspannende Wirkung<\/strong> : L\u00f6st Muskelverspannungen.<\/li>\n<li><strong>Mentale Beruhigung<\/strong> : Reduziert Angst und Stress.<\/li>\n<li><strong>Sanfte Euphorie<\/strong> : F\u00f6rdert ein Gef\u00fchl des allgemeinen Wohlbefindens.<\/li>\n<\/ul>\n<hr \/>\n<h3><strong>Kann Linderung :<\/strong><\/h3>\n<p>Bubba Kush Cannabis Shatter wird wegen seiner therapeutischen Vorteile sehr gesch\u00e4tzt. Seine ausgewogene Wirkung macht ihn ideal zur Behandlung verschiedener Beschwerden, darunter :<\/p>\n<ul>\n<li><strong>Stimmungsschwankungen und Depressionen<\/strong> : F\u00f6rdert einen positiven Gem\u00fctszustand.<\/li>\n<li><strong>Chronische Schmerzen und Muskelkr\u00e4mpfe<\/strong> : Bietet lang anhaltende Erleichterung.<\/li>\n<li><strong>Krampf und Stress<\/strong> : Hilft, K\u00f6rper und Geist zu entspannen.<\/li>\n<\/ul>\n<hr \/>\n<h3><strong>Profil von Saveurs et Ar\u00f4mes<\/strong><\/h3>\n<p>Lassen Sie sich von den <strong>charakteristische Aromen von Bubba Kush<\/strong>mit seinem Geschmack <strong>erdig und holzig<\/strong> und seine Tasten von <strong>Sanftheit<\/strong> die Ihren Gaumen verw\u00f6hnen werden. Sein Aroma mischt <strong>erdige Kiefer<\/strong> und <strong>subtile Gew\u00fcrznoten<\/strong>F\u00fcr eine umfassende Erfahrung<\/p>\n<ul>\n<li><strong>Geschm\u00e4cker<\/strong> : erdig, s\u00fc\u00df, holzig<\/li>\n<li><strong>Aromen<\/strong> : Kiefer, erdig, w\u00fcrzig<\/li>\n<\/ul>\n<hr \/>\n<h3><strong>Wie genie\u00dft man den Bubba Kush Cannabis Shatter?<\/strong><\/h3>\n<ol>\n<li><strong>Dab<\/strong> : F\u00fcr eine reine und intensive Erfahrung.<\/li>\n<li><strong>Vaporisieren Sie<\/strong> : Sanfte und kontrollierte Effekte.<\/li>\n<li><strong>Kr\u00e4utertees<\/strong> : F\u00fcgen Sie es Ihren Rezepten f\u00fcr selbstgemachte Kreationen hinzu.<\/li>\n<\/ol>\n<hr \/>\n<h3><strong>Bestellen Sie Bubba Kush Cannabis Shatter Jetzt Online<\/strong><\/h3>\n<p>Sind Sie bereit, die entspannenden und therapeutischen Effekte des <strong>Bubba Kush Cannabis Shatter<\/strong> ? Kaufen Sie jetzt auf <a href=\"https:\/\/pressurezone.shop\/de\/\" target=\"_new\" rel=\"noopener\">Pressure Zone Shop<\/a> und entdecken Sie ein au\u00dfergew\u00f6hnliches Cannabiskonzentrat. Egal, ob du Schmerzen lindern oder nach einem langen Tag Dampf ablassen willst, Bubba Kush Shatter ist dein idealer Verb\u00fcndeter.<\/p>","protected":false},"excerpt":{"rendered":"<p>Achetez Bubba Kush Cannabis Shatter en Ligne Europe D\u00e9couvrez une relaxation ultime avec le Bubba Kush Cannabis Shatter, \u00e9galement connu sous le nom de BK ou Bubba OG Kush. Ce concentr\u00e9 premium d&rsquo;indica (80% indica\/20% sativa) est issu d&rsquo;une riche lign\u00e9e, probablement un croisement entre Afghani et OG Kush, bien que ses origines exactes restent [&hellip;]<\/p>","protected":false},"featured_media":3443,"comment_status":"closed","ping_status":"closed","template":"","meta":{"_uag_custom_page_level_css":"","site-sidebar-layout":"default","site-content-layout":"","ast-site-content-layout":"default","site-content-style":"default","site-sidebar-style":"default","ast-global-header-display":"","ast-banner-title-visibility":"","ast-main-header-display":"","ast-hfb-above-header-display":"","ast-hfb-below-header-display":"","ast-hfb-mobile-header-display":"","site-post-title":"","ast-breadcrumbs-content":"","ast-featured-img":"","footer-sml-layout":"","theme-transparent-header-meta":"default","adv-header-id-meta":"","stick-header-meta":"","header-above-stick-meta":"","header-main-stick-meta":"","header-below-stick-meta":"","astra-migrate-meta-layouts":"set","ast-page-background-enabled":"default","ast-page-background-meta":{"desktop":{"background-color":"","background-image":"","background-repeat":"repeat","background-position":"center center","background-size":"auto","background-attachment":"scroll","background-type":"","background-media":"","overlay-type":"","overlay-color":"","overlay-opacity":"","overlay-gradient":""},"tablet":{"background-color":"","background-image":"","background-repeat":"repeat","background-position":"center center","background-size":"auto","background-attachment":"scroll","background-type":"","background-media":"","overlay-type":"","overlay-color":"","overlay-opacity":"","overlay-gradient":""},"mobile":{"background-color":"","background-image":"","background-repeat":"repeat","background-position":"center center","background-size":"auto","background-attachment":"scroll","background-type":"","background-media":"","overlay-type":"","overlay-color":"","overlay-opacity":"","overlay-gradient":""}},"ast-content-background-meta":{"desktop":{"background-color":"var(--ast-global-color-5)","background-image":"","background-repeat":"repeat","background-position":"center center","background-size":"auto","background-attachment":"scroll","background-type":"","background-media":"","overlay-type":"","overlay-color":"","overlay-opacity":"","overlay-gradient":""},"tablet":{"background-color":"var(--ast-global-color-5)","background-image":"","background-repeat":"repeat","background-position":"center center","background-size":"auto","background-attachment":"scroll","background-type":"","background-media":"","overlay-type":"","overlay-color":"","overlay-opacity":"","overlay-gradient":""},"mobile":{"background-color":"var(--ast-global-color-5)","background-image":"","background-repeat":"repeat","background-position":"center center","background-size":"auto","background-attachment":"scroll","background-type":"","background-media":"","overlay-type":"","overlay-color":"","overlay-opacity":"","overlay-gradient":""}}},"product_brand":[],"product_cat":[334,436],"product_tag":[459],"class_list":{"0":"post-3361","1":"product","2":"type-product","3":"status-publish","4":"has-post-thumbnail","6":"product_cat-concentres-de-marijuana","7":"product_cat-achetez-du-shatter-dab-wax","8":"product_tag-bubba-kush-cannabis-shatter","9":"desktop-align-left","10":"tablet-align-left","11":"mobile-align-left","13":"first","14":"instock","15":"shipping-taxable","16":"purchasable","17":"product-type-variable"},"uagb_featured_image_src":{"full":["https:\/\/pressurezone.shop\/wp-content\/uploads\/2024\/10\/Bubba-Kush-Cannabis-Shatter.jpg",1000,1000,false],"thumbnail":["https:\/\/pressurezone.shop\/wp-content\/uploads\/2024\/10\/Bubba-Kush-Cannabis-Shatter-150x150.jpg",150,150,true],"medium":["https:\/\/pressurezone.shop\/wp-content\/uploads\/2024\/10\/Bubba-Kush-Cannabis-Shatter-300x300.jpg",300,300,true],"medium_large":["https:\/\/pressurezone.shop\/wp-content\/uploads\/2024\/10\/Bubba-Kush-Cannabis-Shatter-768x768.jpg",768,768,true],"large":["https:\/\/pressurezone.shop\/wp-content\/uploads\/2024\/10\/Bubba-Kush-Cannabis-Shatter.jpg",1000,1000,false],"1536x1536":["https:\/\/pressurezone.shop\/wp-content\/uploads\/2024\/10\/Bubba-Kush-Cannabis-Shatter.jpg",1000,1000,false],"2048x2048":["https:\/\/pressurezone.shop\/wp-content\/uploads\/2024\/10\/Bubba-Kush-Cannabis-Shatter.jpg",1000,1000,false],"trp-custom-language-flag":["https:\/\/pressurezone.shop\/wp-content\/uploads\/2024\/10\/Bubba-Kush-Cannabis-Shatter-12x12.jpg",12,12,true],"woocommerce_thumbnail":["https:\/\/pressurezone.shop\/wp-content\/uploads\/2024\/10\/Bubba-Kush-Cannabis-Shatter-300x300.jpg",300,300,true],"woocommerce_single":["https:\/\/pressurezone.shop\/wp-content\/uploads\/2024\/10\/Bubba-Kush-Cannabis-Shatter-600x600.jpg",600,600,true],"woocommerce_gallery_thumbnail":["https:\/\/pressurezone.shop\/wp-content\/uploads\/2024\/10\/Bubba-Kush-Cannabis-Shatter-100x100.jpg",100,100,true]},"uagb_author_info":{"display_name":"pressurezone.shop","author_link":"https:\/\/pressurezone.shop\/de\/author\/"},"uagb_comment_info":0,"uagb_excerpt":"Achetez Bubba Kush Cannabis Shatter en Ligne Europe D\u00e9couvrez une relaxation ultime avec le Bubba Kush Cannabis Shatter, \u00e9galement connu sous le nom de BK ou Bubba OG Kush. Ce concentr\u00e9 premium d&rsquo;indica (80% indica\/20% sativa) est issu d&rsquo;une riche lign\u00e9e, probablement un croisement entre Afghani et OG Kush, bien que ses origines exactes restent&hellip;","_links":{"self":[{"href":"https:\/\/pressurezone.shop\/de\/wp-json\/wp\/v2\/product\/3361"}],"collection":[{"href":"https:\/\/pressurezone.shop\/de\/wp-json\/wp\/v2\/product"}],"about":[{"href":"https:\/\/pressurezone.shop\/de\/wp-json\/wp\/v2\/types\/product"}],"replies":[{"embeddable":true,"href":"https:\/\/pressurezone.shop\/de\/wp-json\/wp\/v2\/comments?post=3361"}],"version-history":[{"count":3,"href":"https:\/\/pressurezone.shop\/de\/wp-json\/wp\/v2\/product\/3361\/revisions"}],"predecessor-version":[{"id":4393,"href":"https:\/\/pressurezone.shop\/de\/wp-json\/wp\/v2\/product\/3361\/revisions\/4393"}],"wp:featuredmedia":[{"embeddable":true,"href":"https:\/\/pressurezone.shop\/de\/wp-json\/wp\/v2\/media\/3443"}],"wp:attachment":[{"href":"https:\/\/pressurezone.shop\/de\/wp-json\/wp\/v2\/media?parent=3361"}],"wp:term":[{"taxonomy":"product_brand","embeddable":true,"href":"https:\/\/pressurezone.shop\/de\/wp-json\/wp\/v2\/product_brand?post=3361"},{"taxonomy":"product_cat","embeddable":true,"href":"https:\/\/pressurezone.shop\/de\/wp-json\/wp\/v2\/product_cat?post=3361"},{"taxonomy":"product_tag","embeddable":true,"href":"https:\/\/pressurezone.shop\/de\/wp-json\/wp\/v2\/product_tag?post=3361"}],"curies":[{"name":"wp","href":"https:\/\/api.w.org\/{rel}","templated":true}]}}