{"id":3371,"date":"2024-10-11T01:01:29","date_gmt":"2024-10-10T23:01:29","guid":{"rendered":"https:\/\/pressurezone.shop\/?post_type=product&#038;p=3371"},"modified":"2024-11-15T20:38:07","modified_gmt":"2024-11-15T19:38:07","slug":"shatter-apple-fritter","status":"publish","type":"product","link":"https:\/\/pressurezone.shop\/de\/product\/shatter-apple-fritter\/","title":{"rendered":"Shatter Apple Fritter"},"content":{"rendered":"<div class=\"flex-shrink-0 flex flex-col relative items-end\">\n<div>\n<div class=\"pt-0\">\n<div class=\"gizmo-bot-avatar flex h-8 w-8 items-center justify-center overflow-hidden rounded-full\">\n<div class=\"relative p-1 rounded-sm flex items-center justify-center bg-token-main-surface-primary text-token-text-primary h-8 w-8\"><\/div>\n<\/div>\n<\/div>\n<\/div>\n<\/div>\n<div class=\"group\/conversation-turn relative flex w-full min-w-0 flex-col agent-turn\">\n<div class=\"flex-col gap-1 md:gap-3\">\n<div class=\"flex max-w-full flex-col flex-grow\">\n<div class=\"min-h-8 text-message flex w-full flex-col items-end gap-2 whitespace-normal break-words [.text-message+&amp;]:mt-5\" dir=\"auto\" data-message-author-role=\"assistant\" data-message-id=\"fbcb2cd4-eba2-4492-867f-e68ffa1ade6f\" data-message-model-slug=\"gpt-4o\">\n<div class=\"flex w-full flex-col gap-1 empty:hidden first:pt-[3px]\">\n<div class=\"markdown prose w-full break-words dark:prose-invert light\">\n<h3><strong>Kaufen Sie Apple Fritter Shatter online in Europa<\/strong><\/h3>\n<p>Entdecken Sie das Au\u00dfergew\u00f6hnliche <strong>Shatter Apple Fritter<\/strong>Eine seltene und perfekt ausgewogene Hybridsorte (<strong>50 % Indica \/ 50 % Sativa<\/strong>). Dieser Premium-Shatter stammt aus den ber\u00fchmten <strong>Sorten Sour Apple und Animal Cookies Cannabis<\/strong>Es bietet eine harmonische Mischung aus stimulierenden zerebralen Effekten und tiefer k\u00f6rperlicher Entspannung. Mit starken THC-Werten von <strong>22 bis 28 %<\/strong>Der Apple Fritter Shatter ist ideal f\u00fcr Liebhaber von Freizeit- und therapeutischem Cannabis.<a href=\"https:\/\/fuelpackz.com\/\" target=\"_blank\" rel=\"noopener\">.<\/a><\/p>\n<hr \/>\n<h3><strong>Warum sollten Sie sich f\u00fcr Apple Fritter Shatter entscheiden?<\/strong><\/h3>\n<p>Der Apple Fritter Shatter zeichnet sich durch seine einzigartige Kombination aus Kraft, Geschmack und therapeutischen Vorteilen aus. Egal, ob Sie ein erfahrener Kenner oder Anf\u00e4nger sind, dieser Shatter ist die perfekte Wahl f\u00fcr ein Erlebnis von h\u00f6chster Qualit\u00e4t.<\/p>\n<ul>\n<li><strong>Perfektes Gleichgewicht<\/strong> : Harmonische Indica- und Sativa-Effekte.<\/li>\n<li><strong>Au\u00dfergew\u00f6hnliche Macht<\/strong> : Hohe THC-Werte f\u00fcr eine lang anhaltende Wirkung.<\/li>\n<li><strong>Premium-Qualit\u00e4t<\/strong> : Aus AAA+ Cannabisbl\u00fcten f\u00fcr ein Maximum an Geschmack und Potenz.<\/li>\n<\/ul>\n<hr \/>\n<h3><strong>Auswirkungen von Apple Fritter Shatter<\/strong><\/h3>\n<p>Die Auswirkungen des <strong>Shatter Apple Fritter<\/strong> beginnen mit einem erhebenden Gehirn-High, das die Stimmung hebt und die Kreativit\u00e4t f\u00f6rdert. Danach setzt eine beruhigende K\u00f6rperentspannung ein, die Verspannungen l\u00f6st und Sie in einem Zustand absoluter Ruhe zur\u00fcckl\u00e4sst.<\/p>\n<ul>\n<li><strong>Gehirn-Boost<\/strong> : Gef\u00fchl von Euphorie und Energie.<\/li>\n<li><strong>K\u00f6rperliche Entspannung<\/strong> : Entspannt die Muskeln und beseitigt Verspannungen.<\/li>\n<li><strong>Ohne Stress<\/strong> : Taucht Sie in eine vollkommene Gelassenheit.<\/li>\n<\/ul>\n<hr \/>\n<h3><strong>Kann Linderung :<\/strong><\/h3>\n<p>Der Apple Fritter Shatter wird wegen seiner therapeutischen Eigenschaften sehr gesch\u00e4tzt. Seine ausgewogene Wirkung macht ihn ideal zur Linderung verschiedener k\u00f6rperlicher und geistiger Beschwerden, darunter :<\/p>\n<ul>\n<li><strong>Chronische Schmerzen<\/strong> : Lindert Schmerzen und Unwohlsein.<\/li>\n<li><strong>Schlaflosigkeit<\/strong> : F\u00f6rdert einen erholsamen Schlaf.<\/li>\n<li><strong>Depressionen und Stimmungsschwankungen<\/strong> : Hebt die Stimmung und reduziert negative Gedanken.<\/li>\n<li><strong>Chronischer Stress<\/strong> : Verringert \u00c4ngste und Spannungen.<\/li>\n<\/ul>\n<hr \/>\n<h3><strong>Geschmacks- und Aromaprofil<\/strong><\/h3>\n<p>Der Shatter Apple Fritter ist ebenso angenehm zu schmecken wie effektiv. Sein Aromaprofil mischt Noten von <strong>s\u00fc\u00dfe und s\u00e4uerliche \u00c4pfel<\/strong> mit einem Hauch von<strong>Kr\u00e4uter und Backen<\/strong> die im Mund anhalten.<\/p>\n<ul>\n<li><strong>Geschm\u00e4cker<\/strong> : S\u00fc\u00df, Saurer Apfel, Kr\u00e4uter.<\/li>\n<li><strong>Aromen<\/strong> : Fruchtig, Erdig, S\u00fc\u00df.<\/li>\n<\/ul>\n<hr \/>\n<h3><strong>Aussehen und Textur<\/strong><\/h3>\n<p>Dieser Shatter hat die Qualit\u00e4t der besten Konzentrate. Seine <strong>dunkelolivgr\u00fcne Nuggets in Form eines Spie\u00dfes<\/strong> werden erh\u00f6ht durch <strong>tiefe purpurne Untert\u00f6ne<\/strong>von <strong>leuchtend orangefarbene Haare<\/strong> und einer d\u00fcnnen Schicht von <strong>funkelnde wei\u00dfe Kristalle<\/strong>.<\/p>\n<hr \/>\n<h3><strong>Wie verwendet man Apple Fritter Shatter?<\/strong><\/h3>\n<ol>\n<li><strong>Dabbing<\/strong> : Perfekt f\u00fcr maximale Power und schnelle Effekte.<\/li>\n<li><strong>Verdampfen<\/strong> : Genie\u00dfen Sie das Terpenprofil und die Aromen in vollen Z\u00fcgen.<\/li>\n<li><strong>Mischung mit Blumen<\/strong> : Bereichern Sie Ihre Joints oder Bowls f\u00fcr ein intensiveres Erlebnis.<\/li>\n<\/ol>\n<hr \/>\n<h3><strong>Bestellen Sie den Apple Fritter Shatter jetzt online<\/strong><\/h3>\n<p>Entdecken Sie die ausgewogenen Effekte und die Premiumqualit\u00e4t des <strong>Shatter Apple Fritter<\/strong>. Ideal zum Entspannen nach einem langen Tag oder zur Linderung von chronischen Schmerzen und Stress, ist dieser Shatter ein Muss f\u00fcr jeden Cannabisliebhaber.<\/p>\n<p>Kaufen Sie noch heute bei <strong><a href=\"https:\/\/pressurezone.shop\/de\/\" target=\"_new\" rel=\"noopener\">Pressure Zone Shop<\/a><\/strong> und verbessern Sie Ihre Erfahrung mit diesem au\u00dfergew\u00f6hnlichen Hybrid-Shatter.<\/p>\n<\/div>\n<\/div>\n<\/div>\n<\/div>\n<\/div>\n<\/div>","protected":false},"excerpt":{"rendered":"<p>Achetez du Shatter Apple Fritter en Ligne en Europe D\u00e9couvrez l&rsquo;exceptionnel Shatter Apple Fritter, une vari\u00e9t\u00e9 hybride rare et parfaitement \u00e9quilibr\u00e9e (50 % Indica \/ 50 % Sativa). Ce shatter premium est issu des c\u00e9l\u00e8bres vari\u00e9t\u00e9s Sour Apple et Animal Cookies Cannabis, offrant un m\u00e9lange harmonieux d&rsquo;effets c\u00e9r\u00e9braux stimulants et de relaxation physique profonde. Avec [&hellip;]<\/p>","protected":false},"featured_media":3456,"comment_status":"closed","ping_status":"closed","template":"","meta":{"_uag_custom_page_level_css":"","site-sidebar-layout":"default","site-content-layout":"","ast-site-content-layout":"default","site-content-style":"default","site-sidebar-style":"default","ast-global-header-display":"","ast-banner-title-visibility":"","ast-main-header-display":"","ast-hfb-above-header-display":"","ast-hfb-below-header-display":"","ast-hfb-mobile-header-display":"","site-post-title":"","ast-breadcrumbs-content":"","ast-featured-img":"","footer-sml-layout":"","theme-transparent-header-meta":"default","adv-header-id-meta":"","stick-header-meta":"","header-above-stick-meta":"","header-main-stick-meta":"","header-below-stick-meta":"","astra-migrate-meta-layouts":"set","ast-page-background-enabled":"default","ast-page-background-meta":{"desktop":{"background-color":"","background-image":"","background-repeat":"repeat","background-position":"center center","background-size":"auto","background-attachment":"scroll","background-type":"","background-media":"","overlay-type":"","overlay-color":"","overlay-opacity":"","overlay-gradient":""},"tablet":{"background-color":"","background-image":"","background-repeat":"repeat","background-position":"center center","background-size":"auto","background-attachment":"scroll","background-type":"","background-media":"","overlay-type":"","overlay-color":"","overlay-opacity":"","overlay-gradient":""},"mobile":{"background-color":"","background-image":"","background-repeat":"repeat","background-position":"center center","background-size":"auto","background-attachment":"scroll","background-type":"","background-media":"","overlay-type":"","overlay-color":"","overlay-opacity":"","overlay-gradient":""}},"ast-content-background-meta":{"desktop":{"background-color":"var(--ast-global-color-5)","background-image":"","background-repeat":"repeat","background-position":"center center","background-size":"auto","background-attachment":"scroll","background-type":"","background-media":"","overlay-type":"","overlay-color":"","overlay-opacity":"","overlay-gradient":""},"tablet":{"background-color":"var(--ast-global-color-5)","background-image":"","background-repeat":"repeat","background-position":"center center","background-size":"auto","background-attachment":"scroll","background-type":"","background-media":"","overlay-type":"","overlay-color":"","overlay-opacity":"","overlay-gradient":""},"mobile":{"background-color":"var(--ast-global-color-5)","background-image":"","background-repeat":"repeat","background-position":"center center","background-size":"auto","background-attachment":"scroll","background-type":"","background-media":"","overlay-type":"","overlay-color":"","overlay-opacity":"","overlay-gradient":""}}},"product_brand":[],"product_cat":[334,436],"product_tag":[463],"class_list":{"0":"post-3371","1":"product","2":"type-product","3":"status-publish","4":"has-post-thumbnail","6":"product_cat-concentres-de-marijuana","7":"product_cat-achetez-du-shatter-dab-wax","8":"product_tag-buy-apple-fritter-shatter-online-europe","9":"desktop-align-left","10":"tablet-align-left","11":"mobile-align-left","13":"first","14":"instock","15":"shipping-taxable","16":"purchasable","17":"product-type-variable"},"uagb_featured_image_src":{"full":["https:\/\/pressurezone.shop\/wp-content\/uploads\/2024\/10\/Buy-Apple-Fritter-Shatter.jpg",1000,1000,false],"thumbnail":["https:\/\/pressurezone.shop\/wp-content\/uploads\/2024\/10\/Buy-Apple-Fritter-Shatter-150x150.jpg",150,150,true],"medium":["https:\/\/pressurezone.shop\/wp-content\/uploads\/2024\/10\/Buy-Apple-Fritter-Shatter-300x300.jpg",300,300,true],"medium_large":["https:\/\/pressurezone.shop\/wp-content\/uploads\/2024\/10\/Buy-Apple-Fritter-Shatter-768x768.jpg",768,768,true],"large":["https:\/\/pressurezone.shop\/wp-content\/uploads\/2024\/10\/Buy-Apple-Fritter-Shatter.jpg",1000,1000,false],"1536x1536":["https:\/\/pressurezone.shop\/wp-content\/uploads\/2024\/10\/Buy-Apple-Fritter-Shatter.jpg",1000,1000,false],"2048x2048":["https:\/\/pressurezone.shop\/wp-content\/uploads\/2024\/10\/Buy-Apple-Fritter-Shatter.jpg",1000,1000,false],"trp-custom-language-flag":["https:\/\/pressurezone.shop\/wp-content\/uploads\/2024\/10\/Buy-Apple-Fritter-Shatter-12x12.jpg",12,12,true],"woocommerce_thumbnail":["https:\/\/pressurezone.shop\/wp-content\/uploads\/2024\/10\/Buy-Apple-Fritter-Shatter-300x300.jpg",300,300,true],"woocommerce_single":["https:\/\/pressurezone.shop\/wp-content\/uploads\/2024\/10\/Buy-Apple-Fritter-Shatter-600x600.jpg",600,600,true],"woocommerce_gallery_thumbnail":["https:\/\/pressurezone.shop\/wp-content\/uploads\/2024\/10\/Buy-Apple-Fritter-Shatter-100x100.jpg",100,100,true]},"uagb_author_info":{"display_name":"pressurezone.shop","author_link":"https:\/\/pressurezone.shop\/de\/author\/"},"uagb_comment_info":0,"uagb_excerpt":"Achetez du Shatter Apple Fritter en Ligne en Europe D\u00e9couvrez l&rsquo;exceptionnel Shatter Apple Fritter, une vari\u00e9t\u00e9 hybride rare et parfaitement \u00e9quilibr\u00e9e (50 % Indica \/ 50 % Sativa). Ce shatter premium est issu des c\u00e9l\u00e8bres vari\u00e9t\u00e9s Sour Apple et Animal Cookies Cannabis, offrant un m\u00e9lange harmonieux d&rsquo;effets c\u00e9r\u00e9braux stimulants et de relaxation physique profonde. Avec&hellip;","_links":{"self":[{"href":"https:\/\/pressurezone.shop\/de\/wp-json\/wp\/v2\/product\/3371"}],"collection":[{"href":"https:\/\/pressurezone.shop\/de\/wp-json\/wp\/v2\/product"}],"about":[{"href":"https:\/\/pressurezone.shop\/de\/wp-json\/wp\/v2\/types\/product"}],"replies":[{"embeddable":true,"href":"https:\/\/pressurezone.shop\/de\/wp-json\/wp\/v2\/comments?post=3371"}],"version-history":[{"count":3,"href":"https:\/\/pressurezone.shop\/de\/wp-json\/wp\/v2\/product\/3371\/revisions"}],"predecessor-version":[{"id":4401,"href":"https:\/\/pressurezone.shop\/de\/wp-json\/wp\/v2\/product\/3371\/revisions\/4401"}],"wp:featuredmedia":[{"embeddable":true,"href":"https:\/\/pressurezone.shop\/de\/wp-json\/wp\/v2\/media\/3456"}],"wp:attachment":[{"href":"https:\/\/pressurezone.shop\/de\/wp-json\/wp\/v2\/media?parent=3371"}],"wp:term":[{"taxonomy":"product_brand","embeddable":true,"href":"https:\/\/pressurezone.shop\/de\/wp-json\/wp\/v2\/product_brand?post=3371"},{"taxonomy":"product_cat","embeddable":true,"href":"https:\/\/pressurezone.shop\/de\/wp-json\/wp\/v2\/product_cat?post=3371"},{"taxonomy":"product_tag","embeddable":true,"href":"https:\/\/pressurezone.shop\/de\/wp-json\/wp\/v2\/product_tag?post=3371"}],"curies":[{"name":"wp","href":"https:\/\/api.w.org\/{rel}","templated":true}]}}