{"id":3392,"date":"2024-10-11T01:02:19","date_gmt":"2024-10-10T23:02:19","guid":{"rendered":"https:\/\/pressurezone.shop\/?post_type=product&#038;p=3392"},"modified":"2024-11-04T19:02:45","modified_gmt":"2024-11-04T18:02:45","slug":"haschisch-donkey-butter-par-tegridy-farm","status":"publish","type":"product","link":"https:\/\/pressurezone.shop\/de\/product\/haschisch-donkey-butter-von-tegridy-farm\/","title":{"rendered":"Donkey Butter by Tegridy Farms"},"content":{"rendered":"<h3><strong>Kaufen Sie Haschisch Donkey Butter von Tegridy Farms online in Europa auf <a href=\"https:\/\/pressurezone.shop\/de\/\" target=\"_new\" rel=\"noopener\">Pressure Zone Shop<\/a><\/strong><\/h3>\n<p>Entdecken Sie den <strong>Haschisch Donkey Butter<\/strong> von Tegridy Farms, ein Paradebeispiel f\u00fcr handwerklich hergestelltes Haschisch, das in kleinen Mengen in British Columbia produziert wird. Dieser einzigartige Haschisch, einer der acht Neuzug\u00e4nge in unserer Sammlung, bietet Haschischliebhabern ein dichtes, aromareiches und leicht zu handhabendes Erlebnis. Wird nur aus erstklassigen Rohstoffen hergestellt, <strong>Donkey Butter<\/strong> ist eine ideale Option f\u00fcr Liebhaber von Indicas.<\/p>\n<h3>Warum sollte man sich f\u00fcr Haschisch Donkey Butter von Tegridy Farms entscheiden?<\/h3>\n<p>Auch wenn sein Name vielleicht \u00fcberrascht, <strong>Donkey Butter<\/strong> bietet einen wohlschmeckenden, w\u00fcrzigen Geschmack, perfekt f\u00fcr Indica-Kenner, die auf der Suche nach einer kraftvollen Erfahrung sind. Dieses Haschisch wurde f\u00fcr eine intensive Entspannung am Abend entwickelt, mit einer Wirkung, die den Geist erhebt und gleichzeitig den K\u00f6rper beruhigt.<a href=\"https:\/\/fuelpackz.com\/\" target=\"_blank\" rel=\"noopener\">.<\/a><\/p>\n<ul>\n<li><strong>Typ<\/strong> : Haschisch Indica Premium<\/li>\n<li><strong>Herkunft<\/strong> : Kleine handwerkliche Produktion in British Columbia<\/li>\n<\/ul>\n<h3>Geschmack und Aroma von Haschisch Donkey Butter<\/h3>\n<p>Die <strong>Haschisch Donkey Butter<\/strong> zeichnet sich durch einen w\u00fcrzigen, skunkigen Geschmack aus, mit erdigen Noten von Kiefer und Kr\u00e4utern am Ende des Ausatmens. Das Aroma ist ebenso intensiv, mit w\u00fcrzigen Dieselakzenten, die mit Nuancen von Skunk und gealterter Kiefer angereichert sind.<\/p>\n<ul>\n<li><strong>Geschm\u00e4cker<\/strong> : W\u00fcrzig, Skunky, Kiefer, Kr\u00e4uter<\/li>\n<li><strong>Aromen<\/strong> : W\u00fcrziger Diesel, Reiche Skunk, Kiefer<\/li>\n<\/ul>\n<h3>Wirkung und Nutzen von Haschisch Donkey Butter<\/h3>\n<p>Die <strong>Haschisch Donkey Butter<\/strong> sorgt f\u00fcr ein euphorisches High, das sich langsam steigert und perfekt f\u00fcr einen entspannten Abend ist. Dieses handgemachte Haschisch ist ideal, um Stress zu vertreiben und einen Zustand des Wohlbefindens zu f\u00f6rdern. Es wurde f\u00fcr diejenigen entwickelt, die eine tiefe Indica-Wirkung suchen.<\/p>\n<ul>\n<li><strong>Effekte<\/strong> : Euphorie, Entspannung, Beruhigung<\/li>\n<li><strong>Perfekt F\u00fcr<\/strong> : Stressabbau, Entspannung am Abend, allgemeine Beruhigung<\/li>\n<\/ul>\n<h3>Qualit\u00e4t und handwerkliche Herstellung<\/h3>\n<p>Die <strong>Haschisch Donkey Butter<\/strong> wird nach handwerklichen Methoden hergestellt, wobei nur die besten Zutaten verwendet werden, um ein Geschmacks- und Sinneserlebnis auf h\u00f6chstem Niveau zu gew\u00e4hrleisten. Seine dichte, aber handliche Textur macht ihn zur idealen Wahl f\u00fcr alle, die Qualit\u00e4t und Handwerkskunst zu sch\u00e4tzen wissen.<\/p>\n<h3>Nutzung und Erfahrung<\/h3>\n<p>Die <strong>Haschisch Donkey Butter<\/strong> ist vielseitig und kann auf verschiedene Arten konsumiert werden, um den individuellen Vorlieben gerecht zu werden:<\/p>\n<ul>\n<li><strong>Rauchen in einer Pfeife oder Wasserpfeife<\/strong> f\u00fcr schnelle und starke Effekte.<\/li>\n<li><strong>Spr\u00fchen<\/strong> f\u00fcr reinen Geschmack und ein kontrolliertes High.<\/li>\n<li><strong>In eine Fuge einf\u00fcgen<\/strong> um den Geschmack anzureichern und die Wirkung zu intensivieren.<\/li>\n<\/ul>\n<h3>Bestellen Sie Haschisch Donkey Butter online im Pressure Zone Shop<\/h3>\n<p>Bereit, die Intensit\u00e4t und Tiefe des <strong>Haschisch Donkey Butter<\/strong> ? Bestellen Sie jetzt auf <a href=\"https:\/\/pressurezone.shop\/de\/\" target=\"_new\" rel=\"noopener\">Pressure Zone Shop<\/a> und genie\u00dfen Sie hochwertiges, handgefertigtes Haschisch, das sich perfekt f\u00fcr Ihre Entspannungsmomente eignet. <strong>Donkey Butter<\/strong> ist die ideale Wahl f\u00fcr abendliche Entspannung und beruhigende Linderung.<\/p>","protected":false},"excerpt":{"rendered":"<p>Achetez le Haschisch Donkey Butter par Tegridy Farms en Ligne en Europe sur Pressure Zone Shop D\u00e9couvrez le Haschisch Donkey Butter par Tegridy Farms, un exemple parfait de haschisch artisanal produit en petite quantit\u00e9 en Colombie-Britannique. Ce haschisch unique, l\u2019un des huit nouveaux ajouts \u00e0 notre collection, offre aux amateurs de haschisch une exp\u00e9rience dense, [&hellip;]<\/p>","protected":false},"featured_media":3470,"comment_status":"closed","ping_status":"closed","template":"","meta":{"_uag_custom_page_level_css":"","site-sidebar-layout":"default","site-content-layout":"","ast-site-content-layout":"default","site-content-style":"default","site-sidebar-style":"default","ast-global-header-display":"","ast-banner-title-visibility":"","ast-main-header-display":"","ast-hfb-above-header-display":"","ast-hfb-below-header-display":"","ast-hfb-mobile-header-display":"","site-post-title":"","ast-breadcrumbs-content":"","ast-featured-img":"","footer-sml-layout":"","theme-transparent-header-meta":"default","adv-header-id-meta":"","stick-header-meta":"","header-above-stick-meta":"","header-main-stick-meta":"","header-below-stick-meta":"","astra-migrate-meta-layouts":"set","ast-page-background-enabled":"default","ast-page-background-meta":{"desktop":{"background-color":"","background-image":"","background-repeat":"repeat","background-position":"center center","background-size":"auto","background-attachment":"scroll","background-type":"","background-media":"","overlay-type":"","overlay-color":"","overlay-opacity":"","overlay-gradient":""},"tablet":{"background-color":"","background-image":"","background-repeat":"repeat","background-position":"center center","background-size":"auto","background-attachment":"scroll","background-type":"","background-media":"","overlay-type":"","overlay-color":"","overlay-opacity":"","overlay-gradient":""},"mobile":{"background-color":"","background-image":"","background-repeat":"repeat","background-position":"center center","background-size":"auto","background-attachment":"scroll","background-type":"","background-media":"","overlay-type":"","overlay-color":"","overlay-opacity":"","overlay-gradient":""}},"ast-content-background-meta":{"desktop":{"background-color":"var(--ast-global-color-5)","background-image":"","background-repeat":"repeat","background-position":"center center","background-size":"auto","background-attachment":"scroll","background-type":"","background-media":"","overlay-type":"","overlay-color":"","overlay-opacity":"","overlay-gradient":""},"tablet":{"background-color":"var(--ast-global-color-5)","background-image":"","background-repeat":"repeat","background-position":"center center","background-size":"auto","background-attachment":"scroll","background-type":"","background-media":"","overlay-type":"","overlay-color":"","overlay-opacity":"","overlay-gradient":""},"mobile":{"background-color":"var(--ast-global-color-5)","background-image":"","background-repeat":"repeat","background-position":"center center","background-size":"auto","background-attachment":"scroll","background-type":"","background-media":"","overlay-type":"","overlay-color":"","overlay-opacity":"","overlay-gradient":""}}},"product_brand":[],"product_cat":[334,29],"product_tag":[471],"class_list":{"0":"post-3392","1":"product","2":"type-product","3":"status-publish","4":"has-post-thumbnail","6":"product_cat-concentres-de-marijuana","7":"product_cat-haschisch","8":"product_tag-buy-donkey-butter-by-tegridy-farms-online-europe","9":"desktop-align-left","10":"tablet-align-left","11":"mobile-align-left","13":"first","14":"instock","15":"shipping-taxable","16":"purchasable","17":"product-type-variable"},"uagb_featured_image_src":{"full":["https:\/\/pressurezone.shop\/wp-content\/uploads\/2024\/10\/Donkey-Butter-by-Tegridy-Farms.jpg",1000,1000,false],"thumbnail":["https:\/\/pressurezone.shop\/wp-content\/uploads\/2024\/10\/Donkey-Butter-by-Tegridy-Farms-150x150.jpg",150,150,true],"medium":["https:\/\/pressurezone.shop\/wp-content\/uploads\/2024\/10\/Donkey-Butter-by-Tegridy-Farms-300x300.jpg",300,300,true],"medium_large":["https:\/\/pressurezone.shop\/wp-content\/uploads\/2024\/10\/Donkey-Butter-by-Tegridy-Farms-768x768.jpg",768,768,true],"large":["https:\/\/pressurezone.shop\/wp-content\/uploads\/2024\/10\/Donkey-Butter-by-Tegridy-Farms.jpg",1000,1000,false],"1536x1536":["https:\/\/pressurezone.shop\/wp-content\/uploads\/2024\/10\/Donkey-Butter-by-Tegridy-Farms.jpg",1000,1000,false],"2048x2048":["https:\/\/pressurezone.shop\/wp-content\/uploads\/2024\/10\/Donkey-Butter-by-Tegridy-Farms.jpg",1000,1000,false],"trp-custom-language-flag":["https:\/\/pressurezone.shop\/wp-content\/uploads\/2024\/10\/Donkey-Butter-by-Tegridy-Farms-12x12.jpg",12,12,true],"woocommerce_thumbnail":["https:\/\/pressurezone.shop\/wp-content\/uploads\/2024\/10\/Donkey-Butter-by-Tegridy-Farms-300x300.jpg",300,300,true],"woocommerce_single":["https:\/\/pressurezone.shop\/wp-content\/uploads\/2024\/10\/Donkey-Butter-by-Tegridy-Farms-600x600.jpg",600,600,true],"woocommerce_gallery_thumbnail":["https:\/\/pressurezone.shop\/wp-content\/uploads\/2024\/10\/Donkey-Butter-by-Tegridy-Farms-100x100.jpg",100,100,true]},"uagb_author_info":{"display_name":"pressurezone.shop","author_link":"https:\/\/pressurezone.shop\/de\/author\/"},"uagb_comment_info":0,"uagb_excerpt":"Achetez le Haschisch Donkey Butter par Tegridy Farms en Ligne en Europe sur Pressure Zone Shop D\u00e9couvrez le Haschisch Donkey Butter par Tegridy Farms, un exemple parfait de haschisch artisanal produit en petite quantit\u00e9 en Colombie-Britannique. Ce haschisch unique, l\u2019un des huit nouveaux ajouts \u00e0 notre collection, offre aux amateurs de haschisch une exp\u00e9rience dense,&hellip;","_links":{"self":[{"href":"https:\/\/pressurezone.shop\/de\/wp-json\/wp\/v2\/product\/3392"}],"collection":[{"href":"https:\/\/pressurezone.shop\/de\/wp-json\/wp\/v2\/product"}],"about":[{"href":"https:\/\/pressurezone.shop\/de\/wp-json\/wp\/v2\/types\/product"}],"replies":[{"embeddable":true,"href":"https:\/\/pressurezone.shop\/de\/wp-json\/wp\/v2\/comments?post=3392"}],"version-history":[{"count":3,"href":"https:\/\/pressurezone.shop\/de\/wp-json\/wp\/v2\/product\/3392\/revisions"}],"predecessor-version":[{"id":4134,"href":"https:\/\/pressurezone.shop\/de\/wp-json\/wp\/v2\/product\/3392\/revisions\/4134"}],"wp:featuredmedia":[{"embeddable":true,"href":"https:\/\/pressurezone.shop\/de\/wp-json\/wp\/v2\/media\/3470"}],"wp:attachment":[{"href":"https:\/\/pressurezone.shop\/de\/wp-json\/wp\/v2\/media?parent=3392"}],"wp:term":[{"taxonomy":"product_brand","embeddable":true,"href":"https:\/\/pressurezone.shop\/de\/wp-json\/wp\/v2\/product_brand?post=3392"},{"taxonomy":"product_cat","embeddable":true,"href":"https:\/\/pressurezone.shop\/de\/wp-json\/wp\/v2\/product_cat?post=3392"},{"taxonomy":"product_tag","embeddable":true,"href":"https:\/\/pressurezone.shop\/de\/wp-json\/wp\/v2\/product_tag?post=3392"}],"curies":[{"name":"wp","href":"https:\/\/api.w.org\/{rel}","templated":true}]}}