{"id":3411,"date":"2024-10-11T01:02:42","date_gmt":"2024-10-10T23:02:42","guid":{"rendered":"https:\/\/pressurezone.shop\/?post_type=product&#038;p=3411"},"modified":"2024-11-04T20:06:45","modified_gmt":"2024-11-04T19:06:45","slug":"haschisch-ketama-gold-marijuana","status":"publish","type":"product","link":"https:\/\/pressurezone.shop\/de\/product\/haschisch-ketama-gold-marihuana\/","title":{"rendered":"Haschisch Ketama Gold Marihuana"},"content":{"rendered":"<h3><strong>Kaufen Sie Haschisch Ketama Gold Marihuana Online in Europa auf <a href=\"https:\/\/pressurezone.shop\/de\/\" target=\"_new\" rel=\"noopener\">Pressure Zone Shop<\/a><\/strong><\/h3>\n<p>Entdecken Sie das authentische <strong>Haschisch Ketama Gold<\/strong>ist ein seltenes und begehrtes marokkanisches Haschisch, das direkt aus dem Rif-Gebirge in Marokko importiert wird, das f\u00fcr seine hochwertigen Cannabissorten ber\u00fchmt ist. Angebaut in ikonischen Regionen wie Chefchaouen und Ketama - der Gemeinde, die dieser Sorte ihren Namen gab - wird das <strong>Haschisch Ketama Gold<\/strong> ist f\u00fcr Cannabisliebhaber ein Erlebnis, das sie sich nicht entgehen lassen sollten.<\/p>\n<h3>Warum sollte man sich f\u00fcr Ketama Gold Haschisch entscheiden?<\/h3>\n<p>Die <strong>Haschisch Ketama Gold<\/strong> ist das Produkt der Wahl f\u00fcr alle, die ein traditionelles und starkes Cannabis-Erlebnis suchen. Dank seines einzigartigen Geschmacksprofils bietet dieses marokkanische Haschisch ein unvergleichliches Gef\u00fchl von Tiefe und F\u00fclle. Hergestellt aus einer in Marokko beheimateten Landrace-Sorte, wurde dieses Haschisch sorgf\u00e4ltig nach seiner beruhigenden Wirkung und seinen robusten Aromen ausgew\u00e4hlt, perfekt f\u00fcr eine authentische und entspannende Erfahrung.<a href=\"https:\/\/fuelpackz.com\/\" target=\"_blank\" rel=\"noopener\">.<\/a><\/p>\n<ul>\n<li><strong>Typ<\/strong> : Marokkanisches Premium-Haschisch<\/li>\n<li><strong>Herkunft<\/strong> : Rif-Gebirge, Marokko<\/li>\n<\/ul>\n<h3>Geschmack und Aroma von Ketama Gold Haschisch<\/h3>\n<p>Die <strong>Haschisch Ketama Gold<\/strong> bietet ein Geschmacksprofil, das an traditionelle marokkanische Haschischsorten erinnert, mit holzigen und w\u00fcrzigen Noten, die von Piniennuancen begleitet werden. Diese Geschmacksmischung schafft eine tiefe und aromatische Sinneserfahrung, die perfekt f\u00fcr Cannabis-Kenner ist.<\/p>\n<ul>\n<li><strong>Geschm\u00e4cker<\/strong> : Holzig, w\u00fcrzig, Kiefer<\/li>\n<li><strong>Aromen<\/strong> : Reich, grasig, Noten von Holz und Gew\u00fcrzen<\/li>\n<\/ul>\n<h3>Wirkungen und Vorteile von Ketama Gold Haschisch<\/h3>\n<p>Mit einer beruhigenden und entspannenden Wirkung ist der <strong>Haschisch Ketama Gold<\/strong> ist ideal f\u00fcr die Entspannung am Abend. Dieses Haschisch bietet ein sanftes und ausgewogenes High, das den K\u00f6rper beruhigt und den Geist bes\u00e4nftigt, w\u00e4hrend es eine tiefe k\u00f6rperliche Entspannung erm\u00f6glicht. Es ist perfekt f\u00fcr einen ruhigen Tagesausklang oder einen ruhigen Abend und wurde f\u00fcr diejenigen entwickelt, die nach nat\u00fcrlicher Entspannung und einer reibungslosen Erfahrung suchen.<\/p>\n<ul>\n<li><strong>Effekte<\/strong> : Entspannung, Beruhigung, Gelassenheit<\/li>\n<li><strong>Perfekt F\u00fcr<\/strong> : Entspannung, k\u00f6rperliche Entspannung, geistige Entspannung<\/li>\n<\/ul>\n<h3>Eine in der marokkanischen Kultur verwurzelte Tradition<\/h3>\n<p>Die <strong>Haschisch Ketama Gold<\/strong> ist das Ergebnis einer alten Tradition und wird in Landstrichen angebaut, die f\u00fcr die Produktion von hochwertigem Cannabis bekannt sind. Das Rif-Gebirge und seine Umgebung bieten ideale Bedingungen f\u00fcr den Anbau von Cannabispflanzen, die reich an Geschmack und Kraft sind, was Ketama Gold zu einer begehrten Wahl unter Haschischliebhabern auf der ganzen Welt macht.<\/p>\n<h3>Nutzung und Erfahrung<\/h3>\n<p>Dank seiner homogenen Textur und tiefen Aromen ist der <strong>Haschisch Ketama Gold<\/strong> ist einfach zu handhaben und bietet zahlreiche Konsumoptionen :<\/p>\n<ul>\n<li><strong>Rauchen in einer Pfeife oder Wasserpfeife<\/strong> f\u00fcr einen schnellen Anstieg der Effekte.<\/li>\n<li><strong>Spr\u00fchen<\/strong> f\u00fcr einen reinen Geschmack und ein sanftes, kontrolliertes High.<\/li>\n<li><strong>In eine Fuge einarbeiten<\/strong> um den Geschmack zu bereichern und die entspannende Wirkung zu verl\u00e4ngern.<\/li>\n<\/ul>\n<h3>Bestellen Sie Ketama Gold Haschisch online im Pressure Zone Shop<\/h3>\n<p>Bereit f\u00fcr die authentische Erfahrung des <strong>Haschisch Ketama Gold<\/strong> ? Bestellen Sie jetzt auf <a href=\"https:\/\/pressurezone.shop\/de\/\" target=\"_new\" rel=\"noopener\">Pressure Zone Shop<\/a> und erforschen Sie die Qualit\u00e4t und den Reichtum dieses legend\u00e4ren marokkanischen Haschischs. <strong>Ketama Gold Hash<\/strong> ist die ideale Wahl f\u00fcr eine ruhige Entspannung und ein Eintauchen in die Kunst des marokkanischen Haschischs.<\/p>","protected":false},"excerpt":{"rendered":"<p>Achetez le Haschisch Ketama Gold Marijuana en Ligne en Europe sur Pressure Zone Shop D\u00e9couvrez l\u2019authentique Haschisch Ketama Gold, un haschisch marocain rare et pris\u00e9, directement import\u00e9 des montagnes du Rif au Maroc, c\u00e9l\u00e8bre pour ses vari\u00e9t\u00e9s de cannabis de qualit\u00e9. Cultiv\u00e9 dans des r\u00e9gions iconiques telles que Chefchaouen et Ketama \u2013 la commune qui [&hellip;]<\/p>","protected":false},"featured_media":3482,"comment_status":"closed","ping_status":"closed","template":"","meta":{"_uag_custom_page_level_css":"","site-sidebar-layout":"default","site-content-layout":"","ast-site-content-layout":"default","site-content-style":"default","site-sidebar-style":"default","ast-global-header-display":"","ast-banner-title-visibility":"","ast-main-header-display":"","ast-hfb-above-header-display":"","ast-hfb-below-header-display":"","ast-hfb-mobile-header-display":"","site-post-title":"","ast-breadcrumbs-content":"","ast-featured-img":"","footer-sml-layout":"","theme-transparent-header-meta":"default","adv-header-id-meta":"","stick-header-meta":"","header-above-stick-meta":"","header-main-stick-meta":"","header-below-stick-meta":"","astra-migrate-meta-layouts":"set","ast-page-background-enabled":"default","ast-page-background-meta":{"desktop":{"background-color":"","background-image":"","background-repeat":"repeat","background-position":"center center","background-size":"auto","background-attachment":"scroll","background-type":"","background-media":"","overlay-type":"","overlay-color":"","overlay-opacity":"","overlay-gradient":""},"tablet":{"background-color":"","background-image":"","background-repeat":"repeat","background-position":"center center","background-size":"auto","background-attachment":"scroll","background-type":"","background-media":"","overlay-type":"","overlay-color":"","overlay-opacity":"","overlay-gradient":""},"mobile":{"background-color":"","background-image":"","background-repeat":"repeat","background-position":"center center","background-size":"auto","background-attachment":"scroll","background-type":"","background-media":"","overlay-type":"","overlay-color":"","overlay-opacity":"","overlay-gradient":""}},"ast-content-background-meta":{"desktop":{"background-color":"var(--ast-global-color-5)","background-image":"","background-repeat":"repeat","background-position":"center center","background-size":"auto","background-attachment":"scroll","background-type":"","background-media":"","overlay-type":"","overlay-color":"","overlay-opacity":"","overlay-gradient":""},"tablet":{"background-color":"var(--ast-global-color-5)","background-image":"","background-repeat":"repeat","background-position":"center center","background-size":"auto","background-attachment":"scroll","background-type":"","background-media":"","overlay-type":"","overlay-color":"","overlay-opacity":"","overlay-gradient":""},"mobile":{"background-color":"var(--ast-global-color-5)","background-image":"","background-repeat":"repeat","background-position":"center center","background-size":"auto","background-attachment":"scroll","background-type":"","background-media":"","overlay-type":"","overlay-color":"","overlay-opacity":"","overlay-gradient":""}}},"product_brand":[],"product_cat":[334,29],"product_tag":[476],"class_list":{"0":"post-3411","1":"product","2":"type-product","3":"status-publish","4":"has-post-thumbnail","6":"product_cat-concentres-de-marijuana","7":"product_cat-haschisch","8":"product_tag-buy-ketama-gold-marijuana-hash-europe","9":"desktop-align-left","10":"tablet-align-left","11":"mobile-align-left","13":"first","14":"instock","15":"shipping-taxable","16":"purchasable","17":"product-type-variable"},"uagb_featured_image_src":{"full":["https:\/\/pressurezone.shop\/wp-content\/uploads\/2024\/10\/Ketama-Gold-Marijuana-Hash.jpg",510,510,false],"thumbnail":["https:\/\/pressurezone.shop\/wp-content\/uploads\/2024\/10\/Ketama-Gold-Marijuana-Hash-150x150.jpg",150,150,true],"medium":["https:\/\/pressurezone.shop\/wp-content\/uploads\/2024\/10\/Ketama-Gold-Marijuana-Hash-300x300.jpg",300,300,true],"medium_large":["https:\/\/pressurezone.shop\/wp-content\/uploads\/2024\/10\/Ketama-Gold-Marijuana-Hash.jpg",510,510,false],"large":["https:\/\/pressurezone.shop\/wp-content\/uploads\/2024\/10\/Ketama-Gold-Marijuana-Hash.jpg",510,510,false],"1536x1536":["https:\/\/pressurezone.shop\/wp-content\/uploads\/2024\/10\/Ketama-Gold-Marijuana-Hash.jpg",510,510,false],"2048x2048":["https:\/\/pressurezone.shop\/wp-content\/uploads\/2024\/10\/Ketama-Gold-Marijuana-Hash.jpg",510,510,false],"trp-custom-language-flag":["https:\/\/pressurezone.shop\/wp-content\/uploads\/2024\/10\/Ketama-Gold-Marijuana-Hash-12x12.jpg",12,12,true],"woocommerce_thumbnail":["https:\/\/pressurezone.shop\/wp-content\/uploads\/2024\/10\/Ketama-Gold-Marijuana-Hash-300x300.jpg",300,300,true],"woocommerce_single":["https:\/\/pressurezone.shop\/wp-content\/uploads\/2024\/10\/Ketama-Gold-Marijuana-Hash.jpg",510,510,false],"woocommerce_gallery_thumbnail":["https:\/\/pressurezone.shop\/wp-content\/uploads\/2024\/10\/Ketama-Gold-Marijuana-Hash-100x100.jpg",100,100,true]},"uagb_author_info":{"display_name":"pressurezone.shop","author_link":"https:\/\/pressurezone.shop\/de\/author\/"},"uagb_comment_info":0,"uagb_excerpt":"Achetez le Haschisch Ketama Gold Marijuana en Ligne en Europe sur Pressure Zone Shop D\u00e9couvrez l\u2019authentique Haschisch Ketama Gold, un haschisch marocain rare et pris\u00e9, directement import\u00e9 des montagnes du Rif au Maroc, c\u00e9l\u00e8bre pour ses vari\u00e9t\u00e9s de cannabis de qualit\u00e9. Cultiv\u00e9 dans des r\u00e9gions iconiques telles que Chefchaouen et Ketama \u2013 la commune qui&hellip;","_links":{"self":[{"href":"https:\/\/pressurezone.shop\/de\/wp-json\/wp\/v2\/product\/3411"}],"collection":[{"href":"https:\/\/pressurezone.shop\/de\/wp-json\/wp\/v2\/product"}],"about":[{"href":"https:\/\/pressurezone.shop\/de\/wp-json\/wp\/v2\/types\/product"}],"replies":[{"embeddable":true,"href":"https:\/\/pressurezone.shop\/de\/wp-json\/wp\/v2\/comments?post=3411"}],"version-history":[{"count":3,"href":"https:\/\/pressurezone.shop\/de\/wp-json\/wp\/v2\/product\/3411\/revisions"}],"predecessor-version":[{"id":4191,"href":"https:\/\/pressurezone.shop\/de\/wp-json\/wp\/v2\/product\/3411\/revisions\/4191"}],"wp:featuredmedia":[{"embeddable":true,"href":"https:\/\/pressurezone.shop\/de\/wp-json\/wp\/v2\/media\/3482"}],"wp:attachment":[{"href":"https:\/\/pressurezone.shop\/de\/wp-json\/wp\/v2\/media?parent=3411"}],"wp:term":[{"taxonomy":"product_brand","embeddable":true,"href":"https:\/\/pressurezone.shop\/de\/wp-json\/wp\/v2\/product_brand?post=3411"},{"taxonomy":"product_cat","embeddable":true,"href":"https:\/\/pressurezone.shop\/de\/wp-json\/wp\/v2\/product_cat?post=3411"},{"taxonomy":"product_tag","embeddable":true,"href":"https:\/\/pressurezone.shop\/de\/wp-json\/wp\/v2\/product_tag?post=3411"}],"curies":[{"name":"wp","href":"https:\/\/api.w.org\/{rel}","templated":true}]}}