{"id":3432,"date":"2024-10-11T01:03:04","date_gmt":"2024-10-10T23:03:04","guid":{"rendered":"https:\/\/pressurezone.shop\/?post_type=product&#038;p=3432"},"modified":"2024-11-04T20:30:21","modified_gmt":"2024-11-04T19:30:21","slug":"haschisch-lebanese-playboy","status":"publish","type":"product","link":"https:\/\/pressurezone.shop\/de\/product\/haschisch-lebanese-playboy\/","title":{"rendered":"Haschisch Lebanese Playboy"},"content":{"rendered":"<h3><strong>Kaufen Sie Haschisch Lebanese Playboy EU Online auf <a href=\"https:\/\/pressurezone.shop\/de\/\" target=\"_new\" rel=\"noopener\">Pressure Zone Shop<\/a><\/strong><\/h3>\n<p>Entdecken Sie den <strong>Haschisch Lebanese Playboy<\/strong>Ein handgefertigter Schatz, inspiriert von den L\u00e4ndern, in denen Haschisch hergestellt wird. Dieses im sch\u00f6nen British Columbia hergestellte Premium-Haschisch wird aus AAA+-Bl\u00fcten gewonnen und folgt den traditionellen Verarbeitungstechniken des Bekaa-Tals im Libanon. Die <strong>Lebanese Playboy Hash<\/strong> ist die perfekte Kombination aus Tradition und lokaler Qualit\u00e4t und bietet Cannabisliebhabern ein einzigartiges und authentisches Erlebnis.<\/p>\n<h3>Warum Haschisch Lebanese Playboy w\u00e4hlen?<\/h3>\n<p>Die <strong>Haschisch Lebanese Playboy<\/strong> wird sorgf\u00e4ltig hergestellt und orientiert sich an den Trocknungs- und Reifungsmethoden, die im Libanon seit Hunderten von Jahren praktiziert werden. Dieser sorgf\u00e4ltige Prozess ergibt ein klares Haschisch mit einem robusten Geschmacksprofil und mildem Rauch, das sich perfekt f\u00fcr eine vollst\u00e4ndige Entspannung und ein raffiniertes Erlebnis eignet.<\/p>\n<ul>\n<li><strong>Typ<\/strong> : Premium Haschisch Inspiriert vom Libanon<\/li>\n<li><strong>Herkunft<\/strong> : British Columbia, inspiriert durch das Bekaa-Tal, Libanon<\/li>\n<\/ul>\n<h3>Geschmack und Aroma von Haschisch Lebanese Playboy<\/h3>\n<p>Die <strong>Haschisch Lebanese Playboy<\/strong> zeichnet sich durch tiefe, nat\u00fcrliche Aromen aus und bietet einen glatten, angenehmen Rauch mit subtilen, erdigen Noten. Dieses handgemachte Haschisch ist perfekt f\u00fcr alle, die authentische Aromen und einen milden, ausgewogenen Geschmack zu sch\u00e4tzen wissen.<\/p>\n<ul>\n<li><strong>Geschm\u00e4cker<\/strong> : erdig, s\u00fc\u00df, nat\u00fcrlich<\/li>\n<li><strong>Aromen<\/strong> : Subtil, Rund, Noten von Gew\u00fcrzen und Holz<\/li>\n<\/ul>\n<h3>Wirkungen und Vorteile von Haschisch Lebanese Playboy<\/h3>\n<p>Mit seiner beruhigenden und entspannenden Wirkung ist der <strong>Haschisch Lebanese Playboy<\/strong> ist ideal, um den Geist zu beruhigen und den K\u00f6rper zu entspannen. Dieses Haschisch bietet ein sanftes und euphorisches Erlebnis, das perfekt ist, um sich am Ende des Tages zu entspannen. Aufgrund seiner hohen Qualit\u00e4t ist es sowohl f\u00fcr erfahrene Benutzer als auch f\u00fcr Anf\u00e4nger geeignet.<a href=\"https:\/\/fuelpackz.com\/\" target=\"_blank\" rel=\"noopener\">.<\/a><\/p>\n<ul>\n<li><strong>Effekte<\/strong> : Entspannung, Beruhigung, Euphorie<\/li>\n<li><strong>Perfekt F\u00fcr<\/strong> : Tiefenentspannung, Stressbew\u00e4ltigung, k\u00f6rperliche Entspannung<\/li>\n<\/ul>\n<h3>Herstellungsprozess Inspiriert von libanesischen Traditionen<\/h3>\n<p>Die <strong>Haschisch Lebanese Playboy<\/strong> wird lokal hergestellt, indem es sich von traditionellen libanesischen Techniken, insbesondere aus dem Bekaa-Tal, inspirieren l\u00e4sst. Durch die Verwendung hochwertiger Bl\u00fcten und althergebrachter Veredelungsmethoden garantieren unsere Produzenten Haschisch von au\u00dfergew\u00f6hnlicher Reinheit, das die Essenz der libanesischen Haschischtraditionen einf\u00e4ngt.<\/p>\n<h3>Nutzung und Erfahrung<\/h3>\n<p>Die <strong>Haschisch Lebanese Playboy<\/strong> ist leicht zu handhaben und vielseitig einsetzbar:<\/p>\n<ul>\n<li><strong>Rauchen in einer Pfeife oder Wasserpfeife<\/strong> f\u00fcr ein intensives und schnelles Erlebnis.<\/li>\n<li><strong>In eine Fuge einarbeiten<\/strong> um den Geschmack zu intensivieren und die entspannende Wirkung zu verl\u00e4ngern.<\/li>\n<li><strong>Spr\u00fchen<\/strong> f\u00fcr ein reines Geschmackserlebnis und eine optimale Steuerung der Effekte.<\/li>\n<\/ul>\n<h3>Lebanese Playboy Haschisch online bestellen im Pressure Zone Shop<\/h3>\n<p>Sind Sie bereit, den Reichtum und die Authentizit\u00e4t des <strong>Haschisch Lebanese Playboy<\/strong> ? Bestellen Sie jetzt auf <a href=\"https:\/\/pressurezone.shop\/de\/\" target=\"_new\" rel=\"noopener\">Pressure Zone Shop<\/a> f\u00fcr ein Premium-Haschisch-Erlebnis und eine sensorische Reise, die von den libanesischen L\u00e4ndereien inspiriert ist. <strong>Lebanese Playboy Hash<\/strong> ist die ideale Wahl f\u00fcr eine tiefe Entspannung und den authentischen Geschmack von traditionellem Haschisch.<\/p>","protected":false},"excerpt":{"rendered":"<p>Achetez le Haschisch Lebanese Playboy EU en Ligne sur Pressure Zone Shop D\u00e9couvrez le Haschisch Lebanese Playboy, un tr\u00e9sor artisanal inspir\u00e9 des terres ancestrales du haschisch. Produit dans la belle Colombie-Britannique, ce haschisch de qualit\u00e9 sup\u00e9rieure est issu de fleurs AAA+ et suit les techniques traditionnelles de transformation de la vall\u00e9e de la Bekaa au [&hellip;]<\/p>","protected":false},"featured_media":3492,"comment_status":"closed","ping_status":"closed","template":"","meta":{"_uag_custom_page_level_css":"","site-sidebar-layout":"default","site-content-layout":"","ast-site-content-layout":"default","site-content-style":"default","site-sidebar-style":"default","ast-global-header-display":"","ast-banner-title-visibility":"","ast-main-header-display":"","ast-hfb-above-header-display":"","ast-hfb-below-header-display":"","ast-hfb-mobile-header-display":"","site-post-title":"","ast-breadcrumbs-content":"","ast-featured-img":"","footer-sml-layout":"","theme-transparent-header-meta":"default","adv-header-id-meta":"","stick-header-meta":"","header-above-stick-meta":"","header-main-stick-meta":"","header-below-stick-meta":"","astra-migrate-meta-layouts":"set","ast-page-background-enabled":"default","ast-page-background-meta":{"desktop":{"background-color":"","background-image":"","background-repeat":"repeat","background-position":"center center","background-size":"auto","background-attachment":"scroll","background-type":"","background-media":"","overlay-type":"","overlay-color":"","overlay-opacity":"","overlay-gradient":""},"tablet":{"background-color":"","background-image":"","background-repeat":"repeat","background-position":"center center","background-size":"auto","background-attachment":"scroll","background-type":"","background-media":"","overlay-type":"","overlay-color":"","overlay-opacity":"","overlay-gradient":""},"mobile":{"background-color":"","background-image":"","background-repeat":"repeat","background-position":"center center","background-size":"auto","background-attachment":"scroll","background-type":"","background-media":"","overlay-type":"","overlay-color":"","overlay-opacity":"","overlay-gradient":""}},"ast-content-background-meta":{"desktop":{"background-color":"var(--ast-global-color-5)","background-image":"","background-repeat":"repeat","background-position":"center center","background-size":"auto","background-attachment":"scroll","background-type":"","background-media":"","overlay-type":"","overlay-color":"","overlay-opacity":"","overlay-gradient":""},"tablet":{"background-color":"var(--ast-global-color-5)","background-image":"","background-repeat":"repeat","background-position":"center center","background-size":"auto","background-attachment":"scroll","background-type":"","background-media":"","overlay-type":"","overlay-color":"","overlay-opacity":"","overlay-gradient":""},"mobile":{"background-color":"var(--ast-global-color-5)","background-image":"","background-repeat":"repeat","background-position":"center center","background-size":"auto","background-attachment":"scroll","background-type":"","background-media":"","overlay-type":"","overlay-color":"","overlay-opacity":"","overlay-gradient":""}}},"product_brand":[],"product_cat":[334,29],"product_tag":[481],"class_list":{"0":"post-3432","1":"product","2":"type-product","3":"status-publish","4":"has-post-thumbnail","6":"product_cat-concentres-de-marijuana","7":"product_cat-haschisch","8":"product_tag-buy-lebanese-playboy-hash-eu","9":"desktop-align-left","10":"tablet-align-left","11":"mobile-align-left","13":"first","14":"instock","15":"shipping-taxable","16":"purchasable","17":"product-type-variable"},"uagb_featured_image_src":{"full":["https:\/\/pressurezone.shop\/wp-content\/uploads\/2024\/10\/Lebanese-Playboy-Hash-EU.jpg",768,768,false],"thumbnail":["https:\/\/pressurezone.shop\/wp-content\/uploads\/2024\/10\/Lebanese-Playboy-Hash-EU-150x150.jpg",150,150,true],"medium":["https:\/\/pressurezone.shop\/wp-content\/uploads\/2024\/10\/Lebanese-Playboy-Hash-EU-300x300.jpg",300,300,true],"medium_large":["https:\/\/pressurezone.shop\/wp-content\/uploads\/2024\/10\/Lebanese-Playboy-Hash-EU.jpg",768,768,false],"large":["https:\/\/pressurezone.shop\/wp-content\/uploads\/2024\/10\/Lebanese-Playboy-Hash-EU.jpg",768,768,false],"1536x1536":["https:\/\/pressurezone.shop\/wp-content\/uploads\/2024\/10\/Lebanese-Playboy-Hash-EU.jpg",768,768,false],"2048x2048":["https:\/\/pressurezone.shop\/wp-content\/uploads\/2024\/10\/Lebanese-Playboy-Hash-EU.jpg",768,768,false],"trp-custom-language-flag":["https:\/\/pressurezone.shop\/wp-content\/uploads\/2024\/10\/Lebanese-Playboy-Hash-EU-12x12.jpg",12,12,true],"woocommerce_thumbnail":["https:\/\/pressurezone.shop\/wp-content\/uploads\/2024\/10\/Lebanese-Playboy-Hash-EU-300x300.jpg",300,300,true],"woocommerce_single":["https:\/\/pressurezone.shop\/wp-content\/uploads\/2024\/10\/Lebanese-Playboy-Hash-EU-600x600.jpg",600,600,true],"woocommerce_gallery_thumbnail":["https:\/\/pressurezone.shop\/wp-content\/uploads\/2024\/10\/Lebanese-Playboy-Hash-EU-100x100.jpg",100,100,true]},"uagb_author_info":{"display_name":"pressurezone.shop","author_link":"https:\/\/pressurezone.shop\/de\/author\/"},"uagb_comment_info":0,"uagb_excerpt":"Achetez le Haschisch Lebanese Playboy EU en Ligne sur Pressure Zone Shop D\u00e9couvrez le Haschisch Lebanese Playboy, un tr\u00e9sor artisanal inspir\u00e9 des terres ancestrales du haschisch. Produit dans la belle Colombie-Britannique, ce haschisch de qualit\u00e9 sup\u00e9rieure est issu de fleurs AAA+ et suit les techniques traditionnelles de transformation de la vall\u00e9e de la Bekaa au&hellip;","_links":{"self":[{"href":"https:\/\/pressurezone.shop\/de\/wp-json\/wp\/v2\/product\/3432"}],"collection":[{"href":"https:\/\/pressurezone.shop\/de\/wp-json\/wp\/v2\/product"}],"about":[{"href":"https:\/\/pressurezone.shop\/de\/wp-json\/wp\/v2\/types\/product"}],"replies":[{"embeddable":true,"href":"https:\/\/pressurezone.shop\/de\/wp-json\/wp\/v2\/comments?post=3432"}],"version-history":[{"count":3,"href":"https:\/\/pressurezone.shop\/de\/wp-json\/wp\/v2\/product\/3432\/revisions"}],"predecessor-version":[{"id":4223,"href":"https:\/\/pressurezone.shop\/de\/wp-json\/wp\/v2\/product\/3432\/revisions\/4223"}],"wp:featuredmedia":[{"embeddable":true,"href":"https:\/\/pressurezone.shop\/de\/wp-json\/wp\/v2\/media\/3492"}],"wp:attachment":[{"href":"https:\/\/pressurezone.shop\/de\/wp-json\/wp\/v2\/media?parent=3432"}],"wp:term":[{"taxonomy":"product_brand","embeddable":true,"href":"https:\/\/pressurezone.shop\/de\/wp-json\/wp\/v2\/product_brand?post=3432"},{"taxonomy":"product_cat","embeddable":true,"href":"https:\/\/pressurezone.shop\/de\/wp-json\/wp\/v2\/product_cat?post=3432"},{"taxonomy":"product_tag","embeddable":true,"href":"https:\/\/pressurezone.shop\/de\/wp-json\/wp\/v2\/product_tag?post=3432"}],"curies":[{"name":"wp","href":"https:\/\/api.w.org\/{rel}","templated":true}]}}