{"id":3433,"date":"2024-10-11T01:03:04","date_gmt":"2024-10-10T23:03:04","guid":{"rendered":"https:\/\/pressurezone.shop\/?post_type=product&#038;p=3433"},"modified":"2024-11-04T02:24:02","modified_gmt":"2024-11-04T01:24:02","slug":"haschisch-blueberry-marijuana","status":"publish","type":"product","link":"https:\/\/pressurezone.shop\/de\/product\/haschisch-blaubeere-marihuana\/","title":{"rendered":"Haschisch Blueberry Marihuana"},"content":{"rendered":"<div class=\"flex-shrink-0 flex flex-col relative items-end\">\n<div>\n<div class=\"pt-0\">\n<div class=\"gizmo-bot-avatar flex h-8 w-8 items-center justify-center overflow-hidden rounded-full\">\n<div class=\"relative p-1 rounded-sm flex items-center justify-center bg-token-main-surface-primary text-token-text-primary h-8 w-8\"><\/div>\n<\/div>\n<\/div>\n<\/div>\n<\/div>\n<div class=\"group\/conversation-turn relative flex w-full min-w-0 flex-col agent-turn\">\n<div class=\"flex-col gap-1 md:gap-3\">\n<div class=\"flex max-w-full flex-col flex-grow\">\n<div class=\"min-h-8 text-message flex w-full flex-col items-end gap-2 whitespace-normal break-words [.text-message+&amp;]:mt-5\" dir=\"auto\" data-message-author-role=\"assistant\" data-message-id=\"92374b25-683d-4e26-a76f-c0f7f2ce54ee\" data-message-model-slug=\"gpt-4o\">\n<div class=\"flex w-full flex-col gap-1 empty:hidden first:pt-[3px]\">\n<div class=\"markdown prose w-full break-words dark:prose-invert light\">\n<h3><strong>Kaufen Sie Blueberry Marijuana Haschisch Online in Europa auf <a href=\"https:\/\/pressurezone.shop\/de\/\" target=\"_new\" rel=\"noopener\">Pressure Zone Shop<\/a><\/strong><\/h3>\n<p>Entdecken Sie den <strong>Haschisch Blueberry Marihuana<\/strong>ist ein raffiniertes inl\u00e4ndisches Haschisch, das im Herzen von British Columbia sorgf\u00e4ltig hergestellt wird. Dieses einzigartige und verlockende Konzentrat wird aus echten Bl\u00fcten von <strong>Blueberry Kush<\/strong>Sie verleihen dem ohnehin schon au\u00dfergew\u00f6hnlichen Haschisch ein fruchtiges und k\u00f6stliches Terpenprofil.<\/p>\n<h3>Ein authentisches und fruchtiges Haschisch<\/h3>\n<p>Die <strong>Haschisch Blueberry Marihuana<\/strong> wird mit akribischer Liebe zum Detail hergestellt. Die Trichomenk\u00f6pfe von Blueberry Kush werden sorgf\u00e4ltig gesiebt, um alle pflanzlichen Materialien zu entfernen und so eine optimale Reinheit des Endprodukts zu gew\u00e4hrleisten. Nach der Ernte werden die harzigen Trichome vor dem Pressen flash-gefroren, wodurch die Zartheit der nat\u00fcrlichen Terpene von Blueberry Kush bewahrt wird. Dieser Prozess ergibt ein Haschisch, das gleichzeitig weich und schmackhaft ist und der Exzellenz, die British Columbia zu bieten hat, treu bleibt.<\/p>\n<ul>\n<li><strong>Typ<\/strong> : Haschisch aus Blueberry Kush Premium<\/li>\n<li><strong>Herkunft<\/strong> : British Columbia, Kanada<\/li>\n<\/ul>\n<h3>Warum Blueberry Marijuana Haschisch w\u00e4hlen?<\/h3>\n<p>Die <strong>Haschisch Blueberry Marihuana<\/strong> ist die perfekte Wahl f\u00fcr Cannabis-Liebhaber, die einen handgefertigten, kr\u00e4ftigen Haschisch mit einem deutlichen Geschmacksprofil suchen. Dieser Haschisch bringt eine fruchtige Geschmacksexplosion und ein lang anhaltendes High, perfekt zum Entspannen und Relaxen.<a href=\"https:\/\/fuelpackz.com\/\" target=\"_blank\" rel=\"noopener\">.<\/a><\/p>\n<ul>\n<li><strong>Aromen<\/strong> : Fruchtig-erdige S\u00fc\u00dfe mit Heidelbeer-Noten<\/li>\n<li><strong>Effekte<\/strong> : Entspannung, Gl\u00fcck, Beruhigung<\/li>\n<li><strong>Perfekt F\u00fcr<\/strong> : Stressabbau, Entspannung am Abend, Entspannungsmomente<\/li>\n<\/ul>\n<h3>Herstellungsprozess von Blueberry Haschisch<\/h3>\n<p>Unser <strong>Haschisch Blueberry Marihuana<\/strong> folgt einem sorgf\u00e4ltigen und traditionellen Produktionsprozess. Indem wir nur die harzigen Trichome aufbewahren und sie vor dem Pressen flash-freezing, garantieren wir ein reines Produkt, das reich an Terpenen und Aromen ist.<\/p>\n<h3>Geschmack und Aroma von Blueberry Marijuana Haschisch<\/h3>\n<p>Die <strong>Haschisch Blueberry Marihuana<\/strong> bietet ein fruchtiges, reiches Geschmacksprofil, das von Heidelbeer- und erdigen, s\u00fc\u00dfen Noten dominiert wird. Neben dem leckeren Geschmack machen seine intensiven Aromen jede Inhalation zu einem umfassenden, sinnlichen Erlebnis.<\/p>\n<ul>\n<li><strong>Geschm\u00e4cker<\/strong> : Fruchtig, Heidelbeere, Erdige S\u00fc\u00dfe<\/li>\n<li><strong>Aromen<\/strong> : Beeren, erdig, s\u00fc\u00df<\/li>\n<\/ul>\n<h3>Nutzung und Erfahrung<\/h3>\n<p>Dank seiner weichen Textur ist der <strong>Haschisch Blueberry Marihuana<\/strong> ist einfach zu verwenden und f\u00fcr verschiedene Konsummethoden geeignet:<\/p>\n<ul>\n<li><strong>Rauchen in einer Pfeife oder Wasserpfeife<\/strong> f\u00fcr einen schnellen Anstieg der Effekte.<\/li>\n<li><strong>Spr\u00fchen<\/strong> f\u00fcr ein sanfteres und kontrollierteres Geschmackserlebnis.<\/li>\n<li><strong>In eine Fuge einbauen<\/strong> f\u00fcr eine betonte Intensit\u00e4t und einen betonten Geschmack.<\/li>\n<\/ul>\n<h3>Blueberry Marijuana Haschisch online bestellen im Pressure Zone Shop<\/h3>\n<p>Sind Sie bereit, den au\u00dfergew\u00f6hnlichen Geschmack und die starke Wirkung des <strong>Haschisch Blueberry Marihuana<\/strong> ? Bestellen Sie jetzt auf <a href=\"https:\/\/pressurezone.shop\/de\/\" target=\"_new\" rel=\"noopener\">Pressure Zone Shop<\/a> um in den Genuss dieses hochwertigen, handgefertigten Haschischs zu kommen. Ob Sie nun ein Kenner oder ein neuer Liebhaber sind, das <strong>Haschisch Blueberry<\/strong> ist die ideale Wahl f\u00fcr ein authentisches und fruchtiges Cannabiserlebnis.<\/p>\n<\/div>\n<\/div>\n<\/div>\n<\/div>\n<\/div>\n<\/div>","protected":false},"excerpt":{"rendered":"<p>Achetez du Haschisch Blueberry Marijuana en Ligne en Europe sur Pressure Zone Shop D\u00e9couvrez le Haschisch Blueberry Marijuana, un haschisch domestique raffin\u00e9, produit avec soin dans le c\u0153ur de la Colombie-Britannique. Ce concentr\u00e9 unique et all\u00e9chant est fabriqu\u00e9 \u00e0 partir de v\u00e9ritables fleurs de Blueberry Kush, qui ajoutent un profil de terp\u00e8nes fruit\u00e9 et d\u00e9licieux [&hellip;]<\/p>","protected":false},"featured_media":3494,"comment_status":"closed","ping_status":"closed","template":"","meta":{"_uag_custom_page_level_css":"","site-sidebar-layout":"default","site-content-layout":"","ast-site-content-layout":"default","site-content-style":"default","site-sidebar-style":"default","ast-global-header-display":"","ast-banner-title-visibility":"","ast-main-header-display":"","ast-hfb-above-header-display":"","ast-hfb-below-header-display":"","ast-hfb-mobile-header-display":"","site-post-title":"","ast-breadcrumbs-content":"","ast-featured-img":"","footer-sml-layout":"","theme-transparent-header-meta":"default","adv-header-id-meta":"","stick-header-meta":"","header-above-stick-meta":"","header-main-stick-meta":"","header-below-stick-meta":"","astra-migrate-meta-layouts":"set","ast-page-background-enabled":"default","ast-page-background-meta":{"desktop":{"background-color":"","background-image":"","background-repeat":"repeat","background-position":"center center","background-size":"auto","background-attachment":"scroll","background-type":"","background-media":"","overlay-type":"","overlay-color":"","overlay-opacity":"","overlay-gradient":""},"tablet":{"background-color":"","background-image":"","background-repeat":"repeat","background-position":"center center","background-size":"auto","background-attachment":"scroll","background-type":"","background-media":"","overlay-type":"","overlay-color":"","overlay-opacity":"","overlay-gradient":""},"mobile":{"background-color":"","background-image":"","background-repeat":"repeat","background-position":"center center","background-size":"auto","background-attachment":"scroll","background-type":"","background-media":"","overlay-type":"","overlay-color":"","overlay-opacity":"","overlay-gradient":""}},"ast-content-background-meta":{"desktop":{"background-color":"var(--ast-global-color-5)","background-image":"","background-repeat":"repeat","background-position":"center center","background-size":"auto","background-attachment":"scroll","background-type":"","background-media":"","overlay-type":"","overlay-color":"","overlay-opacity":"","overlay-gradient":""},"tablet":{"background-color":"var(--ast-global-color-5)","background-image":"","background-repeat":"repeat","background-position":"center center","background-size":"auto","background-attachment":"scroll","background-type":"","background-media":"","overlay-type":"","overlay-color":"","overlay-opacity":"","overlay-gradient":""},"mobile":{"background-color":"var(--ast-global-color-5)","background-image":"","background-repeat":"repeat","background-position":"center center","background-size":"auto","background-attachment":"scroll","background-type":"","background-media":"","overlay-type":"","overlay-color":"","overlay-opacity":"","overlay-gradient":""}}},"product_brand":[],"product_cat":[334,29],"product_tag":[151,502,482],"class_list":{"0":"post-3433","1":"product","2":"type-product","3":"status-publish","4":"has-post-thumbnail","6":"product_cat-concentres-de-marijuana","7":"product_cat-haschisch","8":"product_tag-haschisch","9":"product_tag-haschisch-blueberry-marijuana","10":"product_tag-order-blueberry-marijuana-hash-europe","11":"desktop-align-left","12":"tablet-align-left","13":"mobile-align-left","15":"first","16":"instock","17":"shipping-taxable","18":"purchasable","19":"product-type-variable"},"uagb_featured_image_src":{"full":["https:\/\/pressurezone.shop\/wp-content\/uploads\/2024\/10\/Blueberry-Marijuana-Hash-Europe.jpg",768,768,false],"thumbnail":["https:\/\/pressurezone.shop\/wp-content\/uploads\/2024\/10\/Blueberry-Marijuana-Hash-Europe-150x150.jpg",150,150,true],"medium":["https:\/\/pressurezone.shop\/wp-content\/uploads\/2024\/10\/Blueberry-Marijuana-Hash-Europe-300x300.jpg",300,300,true],"medium_large":["https:\/\/pressurezone.shop\/wp-content\/uploads\/2024\/10\/Blueberry-Marijuana-Hash-Europe.jpg",768,768,false],"large":["https:\/\/pressurezone.shop\/wp-content\/uploads\/2024\/10\/Blueberry-Marijuana-Hash-Europe.jpg",768,768,false],"1536x1536":["https:\/\/pressurezone.shop\/wp-content\/uploads\/2024\/10\/Blueberry-Marijuana-Hash-Europe.jpg",768,768,false],"2048x2048":["https:\/\/pressurezone.shop\/wp-content\/uploads\/2024\/10\/Blueberry-Marijuana-Hash-Europe.jpg",768,768,false],"trp-custom-language-flag":["https:\/\/pressurezone.shop\/wp-content\/uploads\/2024\/10\/Blueberry-Marijuana-Hash-Europe-12x12.jpg",12,12,true],"woocommerce_thumbnail":["https:\/\/pressurezone.shop\/wp-content\/uploads\/2024\/10\/Blueberry-Marijuana-Hash-Europe-300x300.jpg",300,300,true],"woocommerce_single":["https:\/\/pressurezone.shop\/wp-content\/uploads\/2024\/10\/Blueberry-Marijuana-Hash-Europe-600x600.jpg",600,600,true],"woocommerce_gallery_thumbnail":["https:\/\/pressurezone.shop\/wp-content\/uploads\/2024\/10\/Blueberry-Marijuana-Hash-Europe-100x100.jpg",100,100,true]},"uagb_author_info":{"display_name":"pressurezone.shop","author_link":"https:\/\/pressurezone.shop\/de\/author\/"},"uagb_comment_info":0,"uagb_excerpt":"Achetez du Haschisch Blueberry Marijuana en Ligne en Europe sur Pressure Zone Shop D\u00e9couvrez le Haschisch Blueberry Marijuana, un haschisch domestique raffin\u00e9, produit avec soin dans le c\u0153ur de la Colombie-Britannique. Ce concentr\u00e9 unique et all\u00e9chant est fabriqu\u00e9 \u00e0 partir de v\u00e9ritables fleurs de Blueberry Kush, qui ajoutent un profil de terp\u00e8nes fruit\u00e9 et d\u00e9licieux&hellip;","_links":{"self":[{"href":"https:\/\/pressurezone.shop\/de\/wp-json\/wp\/v2\/product\/3433"}],"collection":[{"href":"https:\/\/pressurezone.shop\/de\/wp-json\/wp\/v2\/product"}],"about":[{"href":"https:\/\/pressurezone.shop\/de\/wp-json\/wp\/v2\/types\/product"}],"replies":[{"embeddable":true,"href":"https:\/\/pressurezone.shop\/de\/wp-json\/wp\/v2\/comments?post=3433"}],"version-history":[{"count":3,"href":"https:\/\/pressurezone.shop\/de\/wp-json\/wp\/v2\/product\/3433\/revisions"}],"predecessor-version":[{"id":4126,"href":"https:\/\/pressurezone.shop\/de\/wp-json\/wp\/v2\/product\/3433\/revisions\/4126"}],"wp:featuredmedia":[{"embeddable":true,"href":"https:\/\/pressurezone.shop\/de\/wp-json\/wp\/v2\/media\/3494"}],"wp:attachment":[{"href":"https:\/\/pressurezone.shop\/de\/wp-json\/wp\/v2\/media?parent=3433"}],"wp:term":[{"taxonomy":"product_brand","embeddable":true,"href":"https:\/\/pressurezone.shop\/de\/wp-json\/wp\/v2\/product_brand?post=3433"},{"taxonomy":"product_cat","embeddable":true,"href":"https:\/\/pressurezone.shop\/de\/wp-json\/wp\/v2\/product_cat?post=3433"},{"taxonomy":"product_tag","embeddable":true,"href":"https:\/\/pressurezone.shop\/de\/wp-json\/wp\/v2\/product_tag?post=3433"}],"curies":[{"name":"wp","href":"https:\/\/api.w.org\/{rel}","templated":true}]}}