{"id":3473,"date":"2024-10-11T01:03:53","date_gmt":"2024-10-10T23:03:53","guid":{"rendered":"https:\/\/pressurezone.shop\/?post_type=product&#038;p=3473"},"modified":"2024-11-04T19:23:56","modified_gmt":"2024-11-04T18:23:56","slug":"haschisch-rouge-libanais","status":"publish","type":"product","link":"https:\/\/pressurezone.shop\/de\/product\/rotes-libanesisches-haschisch\/","title":{"rendered":"Libanesisches Rotes Haschisch"},"content":{"rendered":"<h3><strong>Kaufen Sie Libanesisches Rotes Haschisch Online in Europa auf <a href=\"https:\/\/pressurezone.shop\/de\/\" target=\"_new\" rel=\"noopener\">Pressure Zone Shop<\/a><\/strong><\/h3>\n<p>Entdecken Sie den legend\u00e4ren <strong>Libanesisches Rotes Haschisch<\/strong>Eine Variante, die f\u00fcr ihre starke zerebrale Wirkung bekannt ist, obwohl sie immer mit einer tiefen k\u00f6rperlichen Entspannung einhergeht. St\u00e4rker stimulierend als andere traditionelle Haschischarten ist <strong>Libanesisches Rotes Haschisch<\/strong> bietet ein einzigartiges Erlebnis mit einem intensiven K\u00f6rperstone und bemerkenswerten Entspannungswellen, die oft die von marokkanischem Haschisch \u00fcbertreffen.<\/p>\n<h3>Eine kulturelle Ikone von hoher Qualit\u00e4t<\/h3>\n<p>Die <strong>Libanesisches Rotes Haschisch<\/strong> ist nicht nur ein Cannabisprodukt - es ist in der Kultur und Geschichte des Nahen Ostens verwurzelt. Libanesisches Haschisch, das weltweit f\u00fcr seine au\u00dfergew\u00f6hnliche AAAA+ Qualit\u00e4t bekannt ist, stammt aus dem Baalbek-Tal, wo die schwierigen Bedingungen und das raue Klima die Entwicklung dicker Schichten von THC-Trichomen auf den lokalen Cannabispflanzen beg\u00fcnstigen. Dieser nat\u00fcrliche Prozess verst\u00e4rkt die St\u00e4rke, Qualit\u00e4t und Reinheit des <strong>Libanesisches Rotes Haschisch<\/strong>Es wurde als eines der besten echten Haschischsorten ausgezeichnet.<\/p>\n<ul>\n<li><strong>Typ<\/strong> : Haschisch Premium Libanesisch<\/li>\n<li><strong>Herkunft<\/strong> : Baalbek-Tal, Libanon<\/li>\n<\/ul>\n<h3>Warum sollte man sich f\u00fcr Libanesisches Rotes Haschisch entscheiden?<\/h3>\n<p>Die <strong>Libanesisches Rotes Haschisch<\/strong> ist die perfekte Wahl f\u00fcr alle, die eine unvergleichliche zerebrale Wirkung und k\u00f6rperliche Entspannung suchen. Dank seiner hohen Qualit\u00e4t und seiner einzigartigen Herstellungsmethode ist dieses Haschisch ideal f\u00fcr eine ausgewogene Entspannung, die auch den Geist anregt. Seine unverwechselbare rote Farbe entsteht durch einen Trocknungs- und Reifungsprozess in der Sonne, der diesem Haschisch ein einzigartiges visuelles und aromatisches Profil verleiht.<\/p>\n<ul>\n<li><strong>Aromen<\/strong> : Erdig, w\u00fcrzig, mit Noten von Kiefer und Kr\u00e4utern<\/li>\n<li><strong>Effekte<\/strong> : Gehirn, Entspannend, Ausgeglichen<\/li>\n<li><strong>Perfekt F\u00fcr<\/strong> : Entspannung am Abend, geistige Anregung, k\u00f6rperliche Entspannung<\/li>\n<\/ul>\n<h3>Geschmack und Aroma von Libanesischem Roten Haschisch<\/h3>\n<p>Die <strong>Libanesisches Rotes Haschisch<\/strong> zeichnet sich durch seinen Reichtum an Geschmack und Aromen aus. Sein Profil ist erdig mit einem Hauch von Gew\u00fcrzen und Kiefernholz, das durch die charakteristischen s\u00fc\u00dfen Noten der nat\u00fcrlichen Stempel der Pflanze hervorgehoben wird. Das Geschmackserlebnis ist so einzigartig wie seine rote Farbe, die durch den nat\u00fcrlichen Reifeprozess unter der libanesischen Sonne gepr\u00e4gt ist.<a href=\"https:\/\/fuelpackz.com\/\" target=\"_blank\" rel=\"noopener\">.<\/a><\/p>\n<ul>\n<li><strong>Geschm\u00e4cker<\/strong> : Erdig, w\u00fcrzig, Kr\u00e4uters\u00fc\u00dfe<\/li>\n<li><strong>Aromen<\/strong> : Pinie, erdig, Gew\u00fcrznoten<\/li>\n<\/ul>\n<h3>Nutzung und Erfahrung<\/h3>\n<p>Dank seiner geschmeidigen Textur und Reinheit ist der <strong>Libanesisches Rotes Haschisch<\/strong> ist einfach zu handhaben und eignet sich f\u00fcr verschiedene Konsummethoden:<\/p>\n<ul>\n<li><strong>Rauchen in einer Pfeife oder Wasserpfeife<\/strong> f\u00fcr eine schnelle und direkte Erfahrung.<\/li>\n<li><strong>Spr\u00fchen<\/strong> um den reinen Geschmack und die Kontrolle \u00fcber die Wirkung zu genie\u00dfen.<\/li>\n<li><strong>In eine Fuge einf\u00fcgen<\/strong> um den Geschmack und die Intensit\u00e4t der Effekte zu bereichern.<\/li>\n<\/ul>\n<h3>Bestellen Sie Libanesisches Rotes Haschisch online im Pressure Zone Shop<\/h3>\n<p>Sind Sie bereit, die einzigartigen Effekte und den Geschmacksreichtum des <strong>Libanesisches Rotes Haschisch<\/strong> ? Bestellen Sie jetzt auf <a href=\"https:\/\/pressurezone.shop\/de\/\" target=\"_new\" rel=\"noopener\">Pressure Zone Shop<\/a> f\u00fcr ein authentisches Haschisch-Erlebnis, ideal f\u00fcr diejenigen, die Qualit\u00e4t und St\u00e4rke suchen. <strong>Libanesisches Rotes Haschisch<\/strong> ist die perfekte Wahl f\u00fcr eine ausgewogene Entspannung und ein Eintauchen in die Geschichte des hochwertigen Haschischs.<\/p>","protected":false},"excerpt":{"rendered":"<p>Achetez le Haschisch Rouge Libanais en Ligne en Europe sur Pressure Zone Shop D\u00e9couvrez le l\u00e9gendaire Haschisch Rouge Libanais, une variante renomm\u00e9e pour ses effets c\u00e9r\u00e9braux puissants, bien que toujours accompagn\u00e9 d&rsquo;une relaxation corporelle profonde. Plus stimulant que d\u2019autres types de haschisch traditionnels, le Haschisch Rouge Libanais offre une exp\u00e9rience unique, avec un stone corporel [&hellip;]<\/p>","protected":false},"featured_media":3518,"comment_status":"closed","ping_status":"closed","template":"","meta":{"_uag_custom_page_level_css":"","site-sidebar-layout":"default","site-content-layout":"","ast-site-content-layout":"default","site-content-style":"default","site-sidebar-style":"default","ast-global-header-display":"","ast-banner-title-visibility":"","ast-main-header-display":"","ast-hfb-above-header-display":"","ast-hfb-below-header-display":"","ast-hfb-mobile-header-display":"","site-post-title":"","ast-breadcrumbs-content":"","ast-featured-img":"","footer-sml-layout":"","theme-transparent-header-meta":"default","adv-header-id-meta":"","stick-header-meta":"","header-above-stick-meta":"","header-main-stick-meta":"","header-below-stick-meta":"","astra-migrate-meta-layouts":"set","ast-page-background-enabled":"default","ast-page-background-meta":{"desktop":{"background-color":"","background-image":"","background-repeat":"repeat","background-position":"center center","background-size":"auto","background-attachment":"scroll","background-type":"","background-media":"","overlay-type":"","overlay-color":"","overlay-opacity":"","overlay-gradient":""},"tablet":{"background-color":"","background-image":"","background-repeat":"repeat","background-position":"center center","background-size":"auto","background-attachment":"scroll","background-type":"","background-media":"","overlay-type":"","overlay-color":"","overlay-opacity":"","overlay-gradient":""},"mobile":{"background-color":"","background-image":"","background-repeat":"repeat","background-position":"center center","background-size":"auto","background-attachment":"scroll","background-type":"","background-media":"","overlay-type":"","overlay-color":"","overlay-opacity":"","overlay-gradient":""}},"ast-content-background-meta":{"desktop":{"background-color":"var(--ast-global-color-5)","background-image":"","background-repeat":"repeat","background-position":"center center","background-size":"auto","background-attachment":"scroll","background-type":"","background-media":"","overlay-type":"","overlay-color":"","overlay-opacity":"","overlay-gradient":""},"tablet":{"background-color":"var(--ast-global-color-5)","background-image":"","background-repeat":"repeat","background-position":"center center","background-size":"auto","background-attachment":"scroll","background-type":"","background-media":"","overlay-type":"","overlay-color":"","overlay-opacity":"","overlay-gradient":""},"mobile":{"background-color":"var(--ast-global-color-5)","background-image":"","background-repeat":"repeat","background-position":"center center","background-size":"auto","background-attachment":"scroll","background-type":"","background-media":"","overlay-type":"","overlay-color":"","overlay-opacity":"","overlay-gradient":""}}},"product_brand":[],"product_cat":[334,29],"product_tag":[493],"class_list":{"0":"post-3473","1":"product","2":"type-product","3":"status-publish","4":"has-post-thumbnail","6":"product_cat-concentres-de-marijuana","7":"product_cat-haschisch","8":"product_tag-buy-red-lebanese-hash-europe","9":"desktop-align-left","10":"tablet-align-left","11":"mobile-align-left","13":"first","14":"instock","15":"shipping-taxable","16":"purchasable","17":"product-type-variable"},"uagb_featured_image_src":{"full":["https:\/\/pressurezone.shop\/wp-content\/uploads\/2024\/10\/Buy-Red-Lebanese-Hash.jpg",768,768,false],"thumbnail":["https:\/\/pressurezone.shop\/wp-content\/uploads\/2024\/10\/Buy-Red-Lebanese-Hash-150x150.jpg",150,150,true],"medium":["https:\/\/pressurezone.shop\/wp-content\/uploads\/2024\/10\/Buy-Red-Lebanese-Hash-300x300.jpg",300,300,true],"medium_large":["https:\/\/pressurezone.shop\/wp-content\/uploads\/2024\/10\/Buy-Red-Lebanese-Hash.jpg",768,768,false],"large":["https:\/\/pressurezone.shop\/wp-content\/uploads\/2024\/10\/Buy-Red-Lebanese-Hash.jpg",768,768,false],"1536x1536":["https:\/\/pressurezone.shop\/wp-content\/uploads\/2024\/10\/Buy-Red-Lebanese-Hash.jpg",768,768,false],"2048x2048":["https:\/\/pressurezone.shop\/wp-content\/uploads\/2024\/10\/Buy-Red-Lebanese-Hash.jpg",768,768,false],"trp-custom-language-flag":["https:\/\/pressurezone.shop\/wp-content\/uploads\/2024\/10\/Buy-Red-Lebanese-Hash-12x12.jpg",12,12,true],"woocommerce_thumbnail":["https:\/\/pressurezone.shop\/wp-content\/uploads\/2024\/10\/Buy-Red-Lebanese-Hash-300x300.jpg",300,300,true],"woocommerce_single":["https:\/\/pressurezone.shop\/wp-content\/uploads\/2024\/10\/Buy-Red-Lebanese-Hash-600x600.jpg",600,600,true],"woocommerce_gallery_thumbnail":["https:\/\/pressurezone.shop\/wp-content\/uploads\/2024\/10\/Buy-Red-Lebanese-Hash-100x100.jpg",100,100,true]},"uagb_author_info":{"display_name":"pressurezone.shop","author_link":"https:\/\/pressurezone.shop\/de\/author\/"},"uagb_comment_info":0,"uagb_excerpt":"Achetez le Haschisch Rouge Libanais en Ligne en Europe sur Pressure Zone Shop D\u00e9couvrez le l\u00e9gendaire Haschisch Rouge Libanais, une variante renomm\u00e9e pour ses effets c\u00e9r\u00e9braux puissants, bien que toujours accompagn\u00e9 d&rsquo;une relaxation corporelle profonde. Plus stimulant que d\u2019autres types de haschisch traditionnels, le Haschisch Rouge Libanais offre une exp\u00e9rience unique, avec un stone corporel&hellip;","_links":{"self":[{"href":"https:\/\/pressurezone.shop\/de\/wp-json\/wp\/v2\/product\/3473"}],"collection":[{"href":"https:\/\/pressurezone.shop\/de\/wp-json\/wp\/v2\/product"}],"about":[{"href":"https:\/\/pressurezone.shop\/de\/wp-json\/wp\/v2\/types\/product"}],"replies":[{"embeddable":true,"href":"https:\/\/pressurezone.shop\/de\/wp-json\/wp\/v2\/comments?post=3473"}],"version-history":[{"count":3,"href":"https:\/\/pressurezone.shop\/de\/wp-json\/wp\/v2\/product\/3473\/revisions"}],"predecessor-version":[{"id":4158,"href":"https:\/\/pressurezone.shop\/de\/wp-json\/wp\/v2\/product\/3473\/revisions\/4158"}],"wp:featuredmedia":[{"embeddable":true,"href":"https:\/\/pressurezone.shop\/de\/wp-json\/wp\/v2\/media\/3518"}],"wp:attachment":[{"href":"https:\/\/pressurezone.shop\/de\/wp-json\/wp\/v2\/media?parent=3473"}],"wp:term":[{"taxonomy":"product_brand","embeddable":true,"href":"https:\/\/pressurezone.shop\/de\/wp-json\/wp\/v2\/product_brand?post=3473"},{"taxonomy":"product_cat","embeddable":true,"href":"https:\/\/pressurezone.shop\/de\/wp-json\/wp\/v2\/product_cat?post=3473"},{"taxonomy":"product_tag","embeddable":true,"href":"https:\/\/pressurezone.shop\/de\/wp-json\/wp\/v2\/product_tag?post=3473"}],"curies":[{"name":"wp","href":"https:\/\/api.w.org\/{rel}","templated":true}]}}