{"id":1695,"date":"2024-04-08T04:25:52","date_gmt":"2024-04-08T03:25:52","guid":{"rendered":"https:\/\/pressurezone.shop\/?post_type=product&#038;p=1695"},"modified":"2025-07-25T23:06:43","modified_gmt":"2025-07-25T21:06:43","slug":"crave-moonrock","status":"publish","type":"product","link":"https:\/\/pressurezone.shop\/en\/product\/crave-moonrock\/","title":{"rendered":"Crave Moonrock"},"content":{"rendered":"<p>Presentation of Crave Moonrock ! Treat yourself to the irresistible taste of our snack top of the range. Satisfy your cravings in every bite. Try Crave Moonrock today and improve your experience of a snack\u00a0<a href=\"https:\/\/fuelpackz.com\/\" target=\"_blank\" rel=\"noopener\">!<\/a><\/p>","protected":false},"excerpt":{"rendered":"<h4><a href=\"https:\/\/pressurezone.shop\/en\/\">Crave Moonrock<\/a><\/h4>\n<p>: Your greed the ultimate snack. Delicious and satisfying in every bite<\/p>","protected":false},"featured_media":1702,"comment_status":"open","ping_status":"closed","template":"","meta":{"_uag_custom_page_level_css":"","site-sidebar-layout":"default","site-content-layout":"","ast-site-content-layout":"default","site-content-style":"default","site-sidebar-style":"default","ast-global-header-display":"","ast-banner-title-visibility":"","ast-main-header-display":"","ast-hfb-above-header-display":"","ast-hfb-below-header-display":"","ast-hfb-mobile-header-display":"","site-post-title":"","ast-breadcrumbs-content":"","ast-featured-img":"","footer-sml-layout":"","theme-transparent-header-meta":"default","adv-header-id-meta":"","stick-header-meta":"","header-above-stick-meta":"","header-main-stick-meta":"","header-below-stick-meta":"","astra-migrate-meta-layouts":"set","ast-page-background-enabled":"default","ast-page-background-meta":{"desktop":{"background-color":"","background-image":"","background-repeat":"repeat","background-position":"center center","background-size":"auto","background-attachment":"scroll","background-type":"","background-media":"","overlay-type":"","overlay-color":"","overlay-opacity":"","overlay-gradient":""},"tablet":{"background-color":"","background-image":"","background-repeat":"repeat","background-position":"center center","background-size":"auto","background-attachment":"scroll","background-type":"","background-media":"","overlay-type":"","overlay-color":"","overlay-opacity":"","overlay-gradient":""},"mobile":{"background-color":"","background-image":"","background-repeat":"repeat","background-position":"center center","background-size":"auto","background-attachment":"scroll","background-type":"","background-media":"","overlay-type":"","overlay-color":"","overlay-opacity":"","overlay-gradient":""}},"ast-content-background-meta":{"desktop":{"background-color":"var(--ast-global-color-5)","background-image":"","background-repeat":"repeat","background-position":"center center","background-size":"auto","background-attachment":"scroll","background-type":"","background-media":"","overlay-type":"","overlay-color":"","overlay-opacity":"","overlay-gradient":""},"tablet":{"background-color":"var(--ast-global-color-5)","background-image":"","background-repeat":"repeat","background-position":"center center","background-size":"auto","background-attachment":"scroll","background-type":"","background-media":"","overlay-type":"","overlay-color":"","overlay-opacity":"","overlay-gradient":""},"mobile":{"background-color":"var(--ast-global-color-5)","background-image":"","background-repeat":"repeat","background-position":"center center","background-size":"auto","background-attachment":"scroll","background-type":"","background-media":"","overlay-type":"","overlay-color":"","overlay-opacity":"","overlay-gradient":""}}},"product_brand":[],"product_cat":[27],"product_tag":[180,176,179,65,181,168,182],"class_list":{"0":"post-1695","1":"product","2":"type-product","3":"status-publish","4":"has-post-thumbnail","6":"product_cat-commandez-vos-moonrocks-en-ligne","7":"product_tag-avoir-tres-envie-de","8":"product_tag-delicieux","9":"product_tag-des-collations","10":"product_tag-indulgence","11":"product_tag-les-envies","12":"product_tag-prime","13":"product_tag-rocher-lunaire","14":"desktop-align-left","15":"tablet-align-left","16":"mobile-align-left","18":"first","19":"instock","20":"sale","21":"shipping-taxable","22":"purchasable","23":"product-type-variable"},"uagb_featured_image_src":{"full":["https:\/\/pressurezone.shop\/wp-content\/uploads\/2024\/04\/photo1712374057.jpeg",960,1280,false],"thumbnail":["https:\/\/pressurezone.shop\/wp-content\/uploads\/2024\/04\/photo1712374057-150x150.jpeg",150,150,true],"medium":["https:\/\/pressurezone.shop\/wp-content\/uploads\/2024\/04\/photo1712374057-225x300.jpeg",225,300,true],"medium_large":["https:\/\/pressurezone.shop\/wp-content\/uploads\/2024\/04\/photo1712374057-768x1024.jpeg",768,1024,true],"large":["https:\/\/pressurezone.shop\/wp-content\/uploads\/2024\/04\/photo1712374057-768x1024.jpeg",768,1024,true],"1536x1536":["https:\/\/pressurezone.shop\/wp-content\/uploads\/2024\/04\/photo1712374057.jpeg",960,1280,false],"2048x2048":["https:\/\/pressurezone.shop\/wp-content\/uploads\/2024\/04\/photo1712374057.jpeg",960,1280,false],"trp-custom-language-flag":["https:\/\/pressurezone.shop\/wp-content\/uploads\/2024\/04\/photo1712374057.jpeg",9,12,false],"woocommerce_thumbnail":["https:\/\/pressurezone.shop\/wp-content\/uploads\/2024\/04\/photo1712374057-300x300.jpeg",300,300,true],"woocommerce_single":["https:\/\/pressurezone.shop\/wp-content\/uploads\/2024\/04\/photo1712374057-600x800.jpeg",600,800,true],"woocommerce_gallery_thumbnail":["https:\/\/pressurezone.shop\/wp-content\/uploads\/2024\/04\/photo1712374057-100x100.jpeg",100,100,true]},"uagb_author_info":{"display_name":"pressurezone.shop","author_link":"https:\/\/pressurezone.shop\/en\/author\/"},"uagb_comment_info":8,"uagb_excerpt":"Crave Moonrock : Votre gourmandise ultime en mati\u00e8re de collation. D\u00e9licieux et satisfaisant \u00e0 chaque bouch\u00e9e","_links":{"self":[{"href":"https:\/\/pressurezone.shop\/en\/wp-json\/wp\/v2\/product\/1695"}],"collection":[{"href":"https:\/\/pressurezone.shop\/en\/wp-json\/wp\/v2\/product"}],"about":[{"href":"https:\/\/pressurezone.shop\/en\/wp-json\/wp\/v2\/types\/product"}],"replies":[{"embeddable":true,"href":"https:\/\/pressurezone.shop\/en\/wp-json\/wp\/v2\/comments?post=1695"}],"version-history":[{"count":4,"href":"https:\/\/pressurezone.shop\/en\/wp-json\/wp\/v2\/product\/1695\/revisions"}],"predecessor-version":[{"id":2245,"href":"https:\/\/pressurezone.shop\/en\/wp-json\/wp\/v2\/product\/1695\/revisions\/2245"}],"wp:featuredmedia":[{"embeddable":true,"href":"https:\/\/pressurezone.shop\/en\/wp-json\/wp\/v2\/media\/1702"}],"wp:attachment":[{"href":"https:\/\/pressurezone.shop\/en\/wp-json\/wp\/v2\/media?parent=1695"}],"wp:term":[{"taxonomy":"product_brand","embeddable":true,"href":"https:\/\/pressurezone.shop\/en\/wp-json\/wp\/v2\/product_brand?post=1695"},{"taxonomy":"product_cat","embeddable":true,"href":"https:\/\/pressurezone.shop\/en\/wp-json\/wp\/v2\/product_cat?post=1695"},{"taxonomy":"product_tag","embeddable":true,"href":"https:\/\/pressurezone.shop\/en\/wp-json\/wp\/v2\/product_tag?post=1695"}],"curies":[{"name":"wp","href":"https:\/\/api.w.org\/{rel}","templated":true}]}}