{"id":1733,"date":"2024-04-08T09:18:00","date_gmt":"2024-04-08T08:18:00","guid":{"rendered":"https:\/\/pressurezone.shop\/?post_type=product&#038;p=1733"},"modified":"2024-11-09T06:58:04","modified_gmt":"2024-11-09T05:58:04","slug":"cherry-crashers","status":"publish","type":"product","link":"https:\/\/pressurezone.shop\/en\/product\/cherry-crashers\/","title":{"rendered":"Cherry Crashers"},"content":{"rendered":"<h5><a href=\"https:\/\/pressurezone.shop\/en\/\">Cherry Crash <\/a><\/h5>\n<p>is a cannabis strain known for its specific effects and its chemical composition. With a THC content of 20%, it provides an experience that is quite powerful to consumers. The terpene dominant present in this variety is the caryophyllene, which contributes to the aroma is distinctive and its therapeutic potential.<\/p>\n<p>According to the reviews on Leafly, the users reported feeling sleepy, creative and happy after eating Cherry. The sedative effects of the variety that can make a choice suitable for those who are looking for relaxation and relief from insomnia or problems sleeping. In addition, the effects of creative and stimulating can enhance artistic expression, and improve mood.<\/p>\n<p>As for any variety of cannabis, the individual experiences may vary and it is always advisable to start with a low dose and increase gradually if required. If you&#039;ve ever tried Cherry Crash, share your opinion staff can provide valuable information to those who are considering this varied<a href=\"https:\/\/fuelpackz.com\/\" target=\"_blank\" rel=\"noopener\">tee.<\/a><\/p>","protected":false},"excerpt":{"rendered":"<p>Cherry Crash is a variety of cannabis. The reviews on Leafly say that this variety makes them feel drowsy, creative, and happy. Cherry Crash has a THC level of 20%. The terpene dominant of this variety is caryophyllene. If you have ever smoked, vaporized, or enjoyed this variety, Cherry Crash, let us know ! Leave a review.<\/p>","protected":false},"featured_media":1734,"comment_status":"open","ping_status":"closed","template":"","meta":{"_uag_custom_page_level_css":"","site-sidebar-layout":"default","site-content-layout":"","ast-site-content-layout":"default","site-content-style":"default","site-sidebar-style":"default","ast-global-header-display":"","ast-banner-title-visibility":"","ast-main-header-display":"","ast-hfb-above-header-display":"","ast-hfb-below-header-display":"","ast-hfb-mobile-header-display":"","site-post-title":"","ast-breadcrumbs-content":"","ast-featured-img":"","footer-sml-layout":"","theme-transparent-header-meta":"default","adv-header-id-meta":"","stick-header-meta":"","header-above-stick-meta":"","header-main-stick-meta":"","header-below-stick-meta":"","astra-migrate-meta-layouts":"set","ast-page-background-enabled":"default","ast-page-background-meta":{"desktop":{"background-color":"","background-image":"","background-repeat":"repeat","background-position":"center center","background-size":"auto","background-attachment":"scroll","background-type":"","background-media":"","overlay-type":"","overlay-color":"","overlay-opacity":"","overlay-gradient":""},"tablet":{"background-color":"","background-image":"","background-repeat":"repeat","background-position":"center center","background-size":"auto","background-attachment":"scroll","background-type":"","background-media":"","overlay-type":"","overlay-color":"","overlay-opacity":"","overlay-gradient":""},"mobile":{"background-color":"","background-image":"","background-repeat":"repeat","background-position":"center center","background-size":"auto","background-attachment":"scroll","background-type":"","background-media":"","overlay-type":"","overlay-color":"","overlay-opacity":"","overlay-gradient":""}},"ast-content-background-meta":{"desktop":{"background-color":"var(--ast-global-color-5)","background-image":"","background-repeat":"repeat","background-position":"center center","background-size":"auto","background-attachment":"scroll","background-type":"","background-media":"","overlay-type":"","overlay-color":"","overlay-opacity":"","overlay-gradient":""},"tablet":{"background-color":"var(--ast-global-color-5)","background-image":"","background-repeat":"repeat","background-position":"center center","background-size":"auto","background-attachment":"scroll","background-type":"","background-media":"","overlay-type":"","overlay-color":"","overlay-opacity":"","overlay-gradient":""},"mobile":{"background-color":"var(--ast-global-color-5)","background-image":"","background-repeat":"repeat","background-position":"center center","background-size":"auto","background-attachment":"scroll","background-type":"","background-media":"","overlay-type":"","overlay-color":"","overlay-opacity":"","overlay-gradient":""}}},"product_brand":[],"product_cat":[28],"product_tag":[],"class_list":{"0":"post-1733","1":"product","2":"type-product","3":"status-publish","4":"has-post-thumbnail","6":"product_cat-varietes-de-cannabis","7":"desktop-align-left","8":"tablet-align-left","9":"mobile-align-left","11":"first","12":"instock","13":"sale","14":"shipping-taxable","15":"purchasable","16":"product-type-variable"},"uagb_featured_image_src":{"full":["https:\/\/pressurezone.shop\/wp-content\/uploads\/2024\/04\/photo1712356437.jpeg",800,617,false],"thumbnail":["https:\/\/pressurezone.shop\/wp-content\/uploads\/2024\/04\/photo1712356437-150x150.jpeg",150,150,true],"medium":["https:\/\/pressurezone.shop\/wp-content\/uploads\/2024\/04\/photo1712356437-300x231.jpeg",300,231,true],"medium_large":["https:\/\/pressurezone.shop\/wp-content\/uploads\/2024\/04\/photo1712356437-768x592.jpeg",768,592,true],"large":["https:\/\/pressurezone.shop\/wp-content\/uploads\/2024\/04\/photo1712356437.jpeg",800,617,false],"1536x1536":["https:\/\/pressurezone.shop\/wp-content\/uploads\/2024\/04\/photo1712356437.jpeg",800,617,false],"2048x2048":["https:\/\/pressurezone.shop\/wp-content\/uploads\/2024\/04\/photo1712356437.jpeg",800,617,false],"trp-custom-language-flag":["https:\/\/pressurezone.shop\/wp-content\/uploads\/2024\/04\/photo1712356437.jpeg",16,12,false],"woocommerce_thumbnail":["https:\/\/pressurezone.shop\/wp-content\/uploads\/2024\/04\/photo1712356437-300x300.jpeg",300,300,true],"woocommerce_single":["https:\/\/pressurezone.shop\/wp-content\/uploads\/2024\/04\/photo1712356437-600x463.jpeg",600,463,true],"woocommerce_gallery_thumbnail":["https:\/\/pressurezone.shop\/wp-content\/uploads\/2024\/04\/photo1712356437-100x100.jpeg",100,100,true]},"uagb_author_info":{"display_name":"pressurezone.shop","author_link":"https:\/\/pressurezone.shop\/en\/author\/"},"uagb_comment_info":2,"uagb_excerpt":"Cherry Crasher est une vari\u00e9t\u00e9 de cannabis. Les critiques sur Leafly affirment que cette vari\u00e9t\u00e9 les fait se sentir somnolents, cr\u00e9atifs et heureux. Cherry Crasher a un taux de THC de 20%. Le terp\u00e8ne dominant de cette vari\u00e9t\u00e9 est le caryophyll\u00e8ne. Si vous avez d\u00e9j\u00e0 fum\u00e9, vaporis\u00e9 ou appr\u00e9ci\u00e9 cette vari\u00e9t\u00e9, Cherry Crasher, faites-le nous&hellip;","_links":{"self":[{"href":"https:\/\/pressurezone.shop\/en\/wp-json\/wp\/v2\/product\/1733"}],"collection":[{"href":"https:\/\/pressurezone.shop\/en\/wp-json\/wp\/v2\/product"}],"about":[{"href":"https:\/\/pressurezone.shop\/en\/wp-json\/wp\/v2\/types\/product"}],"replies":[{"embeddable":true,"href":"https:\/\/pressurezone.shop\/en\/wp-json\/wp\/v2\/comments?post=1733"}],"version-history":[{"count":4,"href":"https:\/\/pressurezone.shop\/en\/wp-json\/wp\/v2\/product\/1733\/revisions"}],"predecessor-version":[{"id":2183,"href":"https:\/\/pressurezone.shop\/en\/wp-json\/wp\/v2\/product\/1733\/revisions\/2183"}],"wp:featuredmedia":[{"embeddable":true,"href":"https:\/\/pressurezone.shop\/en\/wp-json\/wp\/v2\/media\/1734"}],"wp:attachment":[{"href":"https:\/\/pressurezone.shop\/en\/wp-json\/wp\/v2\/media?parent=1733"}],"wp:term":[{"taxonomy":"product_brand","embeddable":true,"href":"https:\/\/pressurezone.shop\/en\/wp-json\/wp\/v2\/product_brand?post=1733"},{"taxonomy":"product_cat","embeddable":true,"href":"https:\/\/pressurezone.shop\/en\/wp-json\/wp\/v2\/product_cat?post=1733"},{"taxonomy":"product_tag","embeddable":true,"href":"https:\/\/pressurezone.shop\/en\/wp-json\/wp\/v2\/product_tag?post=1733"}],"curies":[{"name":"wp","href":"https:\/\/api.w.org\/{rel}","templated":true}]}}