{"id":1757,"date":"2024-04-08T09:29:57","date_gmt":"2024-04-08T08:29:57","guid":{"rendered":"https:\/\/pressurezone.shop\/?post_type=product&#038;p=1757"},"modified":"2024-04-10T02:25:19","modified_gmt":"2024-04-10T01:25:19","slug":"white-berry-cannabis-strain","status":"publish","type":"product","link":"https:\/\/pressurezone.shop\/en\/product\/white-berry-cannabis-strain\/","title":{"rendered":"white Berry cannabis strain"},"content":{"rendered":"<p>The variety of cannabis White Berry, also commonly called the &#034;Blue Widow&#034; and &#034; Berry White &#034;, hybridization is a slightly indica dominant (65% indica\/35% sativa) created through crossing strains very popular White Widow and DJ Short Blueberry.<\/p>\n<p>white Berry cannabis strain<\/p>\n<p>This bud tasty merges harmoniously with the flavors and effects of its two parents, offering a smoke beautiful that you&#039;ll want to repeat again and again. It has a powerful aroma with a pleasant scent of sweet berries and a fruity tart that is released when the buds are smoked. The taste is that of blueberries, sweetened with a touch of earth sour at the end, which intensifies as you continue to smoke.<\/p>\n<p>These heads are small and airy look of round pebbles of a forest green, coated with a thick layer of trichomes white, crystalline. They have a rare hair amber and vivid shades of blue which sometimes show through the coating frosted.<\/p>\n<p>The effect of White Berry are joyful and invigorating but can become cumbersome for the body if it is consumed in large quantities. You&#039;ll immediately feel a wave of positive energy and relaxing, as well as a motivation that fuels your creativity, and it gives you a feeling of concentration. If you smoke enough, you will be invaded by a powerful feeling of relaxation that pins you to the couch.<\/p>\n<p>These effects, associated with an average THC content of 16% to 22%, are White Berry a perfect choice for treating chronic stress or anxiety, mild to moderate cases of depression, nausea, and migraines or headaches d<a href=\"https:\/\/fuelpackz.com\/\" target=\"_blank\" rel=\"noopener\">e<\/a> voltage.white Berry cannabis strain<\/p>","protected":false},"excerpt":{"rendered":"<h2><a href=\"https:\/\/pressurezone.shop\/en\/\">white Berry cannabis strain<\/a><\/h2>\n<p>&#034;Enjoy the sweetness of the White Berry Candy ! Delight your taste buds with our irresistible blend of berries and chocolate, creamy white. Treat yourself to a delicious treat that will satisfy your cravings. Try White Berry Candy now and live the experience of pure happiness ! \ud83c\udf6c\ud83c\udf53 &#034;<\/p>","protected":false},"featured_media":1758,"comment_status":"open","ping_status":"closed","template":"","meta":{"_uag_custom_page_level_css":"","site-sidebar-layout":"default","site-content-layout":"","ast-site-content-layout":"default","site-content-style":"default","site-sidebar-style":"default","ast-global-header-display":"","ast-banner-title-visibility":"","ast-main-header-display":"","ast-hfb-above-header-display":"","ast-hfb-below-header-display":"","ast-hfb-mobile-header-display":"","site-post-title":"","ast-breadcrumbs-content":"","ast-featured-img":"","footer-sml-layout":"","theme-transparent-header-meta":"default","adv-header-id-meta":"","stick-header-meta":"","header-above-stick-meta":"","header-main-stick-meta":"","header-below-stick-meta":"","astra-migrate-meta-layouts":"set","ast-page-background-enabled":"default","ast-page-background-meta":{"desktop":{"background-color":"","background-image":"","background-repeat":"repeat","background-position":"center center","background-size":"auto","background-attachment":"scroll","background-type":"","background-media":"","overlay-type":"","overlay-color":"","overlay-opacity":"","overlay-gradient":""},"tablet":{"background-color":"","background-image":"","background-repeat":"repeat","background-position":"center center","background-size":"auto","background-attachment":"scroll","background-type":"","background-media":"","overlay-type":"","overlay-color":"","overlay-opacity":"","overlay-gradient":""},"mobile":{"background-color":"","background-image":"","background-repeat":"repeat","background-position":"center center","background-size":"auto","background-attachment":"scroll","background-type":"","background-media":"","overlay-type":"","overlay-color":"","overlay-opacity":"","overlay-gradient":""}},"ast-content-background-meta":{"desktop":{"background-color":"var(--ast-global-color-5)","background-image":"","background-repeat":"repeat","background-position":"center center","background-size":"auto","background-attachment":"scroll","background-type":"","background-media":"","overlay-type":"","overlay-color":"","overlay-opacity":"","overlay-gradient":""},"tablet":{"background-color":"var(--ast-global-color-5)","background-image":"","background-repeat":"repeat","background-position":"center center","background-size":"auto","background-attachment":"scroll","background-type":"","background-media":"","overlay-type":"","overlay-color":"","overlay-opacity":"","overlay-gradient":""},"mobile":{"background-color":"var(--ast-global-color-5)","background-image":"","background-repeat":"repeat","background-position":"center center","background-size":"auto","background-attachment":"scroll","background-type":"","background-media":"","overlay-type":"","overlay-color":"","overlay-opacity":"","overlay-gradient":""}}},"product_brand":[],"product_cat":[28],"product_tag":[],"class_list":{"0":"post-1757","1":"product","2":"type-product","3":"status-publish","4":"has-post-thumbnail","6":"product_cat-varietes-de-cannabis","7":"desktop-align-left","8":"tablet-align-left","9":"mobile-align-left","11":"first","12":"instock","13":"sale","14":"shipping-taxable","15":"purchasable","16":"product-type-variable"},"uagb_featured_image_src":{"full":["https:\/\/pressurezone.shop\/wp-content\/uploads\/2024\/04\/photo1712356436-1.jpeg",1280,1205,false],"thumbnail":["https:\/\/pressurezone.shop\/wp-content\/uploads\/2024\/04\/photo1712356436-1-150x150.jpeg",150,150,true],"medium":["https:\/\/pressurezone.shop\/wp-content\/uploads\/2024\/04\/photo1712356436-1-300x282.jpeg",300,282,true],"medium_large":["https:\/\/pressurezone.shop\/wp-content\/uploads\/2024\/04\/photo1712356436-1-768x723.jpeg",768,723,true],"large":["https:\/\/pressurezone.shop\/wp-content\/uploads\/2024\/04\/photo1712356436-1-1024x964.jpeg",1024,964,true],"1536x1536":["https:\/\/pressurezone.shop\/wp-content\/uploads\/2024\/04\/photo1712356436-1.jpeg",1280,1205,false],"2048x2048":["https:\/\/pressurezone.shop\/wp-content\/uploads\/2024\/04\/photo1712356436-1.jpeg",1280,1205,false],"trp-custom-language-flag":["https:\/\/pressurezone.shop\/wp-content\/uploads\/2024\/04\/photo1712356436-1.jpeg",13,12,false],"woocommerce_thumbnail":["https:\/\/pressurezone.shop\/wp-content\/uploads\/2024\/04\/photo1712356436-1-300x300.jpeg",300,300,true],"woocommerce_single":["https:\/\/pressurezone.shop\/wp-content\/uploads\/2024\/04\/photo1712356436-1-600x565.jpeg",600,565,true],"woocommerce_gallery_thumbnail":["https:\/\/pressurezone.shop\/wp-content\/uploads\/2024\/04\/photo1712356436-1-100x100.jpeg",100,100,true]},"uagb_author_info":{"display_name":"pressurezone.shop","author_link":"https:\/\/pressurezone.shop\/en\/author\/"},"uagb_comment_info":0,"uagb_excerpt":"white Berry cannabis strain \"Savourez la douceur des White Berry Candy ! R\u00e9galez vos papilles gustatives avec notre irr\u00e9sistible m\u00e9lange de baies et de chocolat blanc cr\u00e9meux. Offrez-vous une d\u00e9licieuse g\u00e2terie qui satisfera vos envies. Essayez White Berry Candy maintenant et vivez un pur bonheur ! \ud83c\udf6c\ud83c\udf53\"","_links":{"self":[{"href":"https:\/\/pressurezone.shop\/en\/wp-json\/wp\/v2\/product\/1757"}],"collection":[{"href":"https:\/\/pressurezone.shop\/en\/wp-json\/wp\/v2\/product"}],"about":[{"href":"https:\/\/pressurezone.shop\/en\/wp-json\/wp\/v2\/types\/product"}],"replies":[{"embeddable":true,"href":"https:\/\/pressurezone.shop\/en\/wp-json\/wp\/v2\/comments?post=1757"}],"version-history":[{"count":5,"href":"https:\/\/pressurezone.shop\/en\/wp-json\/wp\/v2\/product\/1757\/revisions"}],"predecessor-version":[{"id":2180,"href":"https:\/\/pressurezone.shop\/en\/wp-json\/wp\/v2\/product\/1757\/revisions\/2180"}],"wp:featuredmedia":[{"embeddable":true,"href":"https:\/\/pressurezone.shop\/en\/wp-json\/wp\/v2\/media\/1758"}],"wp:attachment":[{"href":"https:\/\/pressurezone.shop\/en\/wp-json\/wp\/v2\/media?parent=1757"}],"wp:term":[{"taxonomy":"product_brand","embeddable":true,"href":"https:\/\/pressurezone.shop\/en\/wp-json\/wp\/v2\/product_brand?post=1757"},{"taxonomy":"product_cat","embeddable":true,"href":"https:\/\/pressurezone.shop\/en\/wp-json\/wp\/v2\/product_cat?post=1757"},{"taxonomy":"product_tag","embeddable":true,"href":"https:\/\/pressurezone.shop\/en\/wp-json\/wp\/v2\/product_tag?post=1757"}],"curies":[{"name":"wp","href":"https:\/\/api.w.org\/{rel}","templated":true}]}}