{"id":2341,"date":"2024-04-14T02:26:13","date_gmt":"2024-04-14T00:26:13","guid":{"rendered":"https:\/\/pressurezone.shop\/?post_type=product&#038;p=2341"},"modified":"2024-08-09T22:35:12","modified_gmt":"2024-08-09T20:35:12","slug":"blue-zushie-candy","status":"publish","type":"product","link":"https:\/\/pressurezone.shop\/en\/product\/blue-zushie-candy\/","title":{"rendered":"Blue Zushie Candy"},"content":{"rendered":"<p>Immerse yourself in a sea of delight with Blue Zushie Candy, a variety of cannabis with a sweet and soothing effects. Discover this gourmet experience and let yourself be carried away by the softness of Blue Zushie Candy !<\/p>\n<p><strong>USP :<\/strong><br \/>\nBlue Zushie Candy \u2013 Greedy Pleasure with Each Puff<\/p>\n<p><strong>Benefits :<\/strong><br \/>\nBlue Zushie Candy offers a perfect combination between sweet aromas and soothing effects. This cannabis strain is ideal for those looking for a relaxing experience and deliciously tasty.<\/p>","protected":false},"excerpt":{"rendered":"<p>Blue Zushie Candy is a variety of cannabis that transports you to a world of gentleness and relaxation. Succumb to the temptation, and savor every moment with Blue Zushie Candy !<\/p>","protected":false},"featured_media":2342,"comment_status":"open","ping_status":"closed","template":"","meta":{"_uag_custom_page_level_css":"","site-sidebar-layout":"default","site-content-layout":"","ast-site-content-layout":"default","site-content-style":"default","site-sidebar-style":"default","ast-global-header-display":"","ast-banner-title-visibility":"","ast-main-header-display":"","ast-hfb-above-header-display":"","ast-hfb-below-header-display":"","ast-hfb-mobile-header-display":"","site-post-title":"","ast-breadcrumbs-content":"","ast-featured-img":"","footer-sml-layout":"","theme-transparent-header-meta":"default","adv-header-id-meta":"","stick-header-meta":"","header-above-stick-meta":"","header-main-stick-meta":"","header-below-stick-meta":"","astra-migrate-meta-layouts":"set","ast-page-background-enabled":"default","ast-page-background-meta":{"desktop":{"background-color":"","background-image":"","background-repeat":"repeat","background-position":"center center","background-size":"auto","background-attachment":"scroll","background-type":"","background-media":"","overlay-type":"","overlay-color":"","overlay-opacity":"","overlay-gradient":""},"tablet":{"background-color":"","background-image":"","background-repeat":"repeat","background-position":"center center","background-size":"auto","background-attachment":"scroll","background-type":"","background-media":"","overlay-type":"","overlay-color":"","overlay-opacity":"","overlay-gradient":""},"mobile":{"background-color":"","background-image":"","background-repeat":"repeat","background-position":"center center","background-size":"auto","background-attachment":"scroll","background-type":"","background-media":"","overlay-type":"","overlay-color":"","overlay-opacity":"","overlay-gradient":""}},"ast-content-background-meta":{"desktop":{"background-color":"var(--ast-global-color-5)","background-image":"","background-repeat":"repeat","background-position":"center center","background-size":"auto","background-attachment":"scroll","background-type":"","background-media":"","overlay-type":"","overlay-color":"","overlay-opacity":"","overlay-gradient":""},"tablet":{"background-color":"var(--ast-global-color-5)","background-image":"","background-repeat":"repeat","background-position":"center center","background-size":"auto","background-attachment":"scroll","background-type":"","background-media":"","overlay-type":"","overlay-color":"","overlay-opacity":"","overlay-gradient":""},"mobile":{"background-color":"var(--ast-global-color-5)","background-image":"","background-repeat":"repeat","background-position":"center center","background-size":"auto","background-attachment":"scroll","background-type":"","background-media":"","overlay-type":"","overlay-color":"","overlay-opacity":"","overlay-gradient":""}}},"product_brand":[],"product_cat":[28],"product_tag":[],"class_list":{"0":"post-2341","1":"product","2":"type-product","3":"status-publish","4":"has-post-thumbnail","6":"product_cat-varietes-de-cannabis","7":"desktop-align-left","8":"tablet-align-left","9":"mobile-align-left","11":"first","12":"instock","13":"sale","14":"shipping-taxable","15":"purchasable","16":"product-type-variable"},"uagb_featured_image_src":{"full":["https:\/\/pressurezone.shop\/wp-content\/uploads\/2024\/04\/photo1712356435-8.jpeg",800,749,false],"thumbnail":["https:\/\/pressurezone.shop\/wp-content\/uploads\/2024\/04\/photo1712356435-8-150x150.jpeg",150,150,true],"medium":["https:\/\/pressurezone.shop\/wp-content\/uploads\/2024\/04\/photo1712356435-8-300x281.jpeg",300,281,true],"medium_large":["https:\/\/pressurezone.shop\/wp-content\/uploads\/2024\/04\/photo1712356435-8-768x719.jpeg",768,719,true],"large":["https:\/\/pressurezone.shop\/wp-content\/uploads\/2024\/04\/photo1712356435-8.jpeg",800,749,false],"1536x1536":["https:\/\/pressurezone.shop\/wp-content\/uploads\/2024\/04\/photo1712356435-8.jpeg",800,749,false],"2048x2048":["https:\/\/pressurezone.shop\/wp-content\/uploads\/2024\/04\/photo1712356435-8.jpeg",800,749,false],"trp-custom-language-flag":["https:\/\/pressurezone.shop\/wp-content\/uploads\/2024\/04\/photo1712356435-8-13x12.jpeg",13,12,true],"woocommerce_thumbnail":["https:\/\/pressurezone.shop\/wp-content\/uploads\/2024\/04\/photo1712356435-8-300x300.jpeg",300,300,true],"woocommerce_single":["https:\/\/pressurezone.shop\/wp-content\/uploads\/2024\/04\/photo1712356435-8-600x562.jpeg",600,562,true],"woocommerce_gallery_thumbnail":["https:\/\/pressurezone.shop\/wp-content\/uploads\/2024\/04\/photo1712356435-8-100x100.jpeg",100,100,true]},"uagb_author_info":{"display_name":"pressurezone.shop","author_link":"https:\/\/pressurezone.shop\/en\/author\/"},"uagb_comment_info":1,"uagb_excerpt":"Blue Zushie Candy est une vari\u00e9t\u00e9 de cannabis qui vous transporte vers un monde de douceur et de relaxation. Succombez \u00e0 la tentation et savourez chaque instant avec Blue Zushie Candy !","_links":{"self":[{"href":"https:\/\/pressurezone.shop\/en\/wp-json\/wp\/v2\/product\/2341"}],"collection":[{"href":"https:\/\/pressurezone.shop\/en\/wp-json\/wp\/v2\/product"}],"about":[{"href":"https:\/\/pressurezone.shop\/en\/wp-json\/wp\/v2\/types\/product"}],"replies":[{"embeddable":true,"href":"https:\/\/pressurezone.shop\/en\/wp-json\/wp\/v2\/comments?post=2341"}],"version-history":[{"count":2,"href":"https:\/\/pressurezone.shop\/en\/wp-json\/wp\/v2\/product\/2341\/revisions"}],"predecessor-version":[{"id":2350,"href":"https:\/\/pressurezone.shop\/en\/wp-json\/wp\/v2\/product\/2341\/revisions\/2350"}],"wp:featuredmedia":[{"embeddable":true,"href":"https:\/\/pressurezone.shop\/en\/wp-json\/wp\/v2\/media\/2342"}],"wp:attachment":[{"href":"https:\/\/pressurezone.shop\/en\/wp-json\/wp\/v2\/media?parent=2341"}],"wp:term":[{"taxonomy":"product_brand","embeddable":true,"href":"https:\/\/pressurezone.shop\/en\/wp-json\/wp\/v2\/product_brand?post=2341"},{"taxonomy":"product_cat","embeddable":true,"href":"https:\/\/pressurezone.shop\/en\/wp-json\/wp\/v2\/product_cat?post=2341"},{"taxonomy":"product_tag","embeddable":true,"href":"https:\/\/pressurezone.shop\/en\/wp-json\/wp\/v2\/product_tag?post=2341"}],"curies":[{"name":"wp","href":"https:\/\/api.w.org\/{rel}","templated":true}]}}