{"id":2500,"date":"2024-04-14T04:36:06","date_gmt":"2024-04-14T02:36:06","guid":{"rendered":"https:\/\/pressurezone.shop\/?post_type=product&#038;p=2500"},"modified":"2024-04-14T04:37:33","modified_gmt":"2024-04-14T02:37:33","slug":"white-gushers","status":"publish","type":"product","link":"https:\/\/pressurezone.shop\/en\/product\/white-gushers\/","title":{"rendered":"White Gushers"},"content":{"rendered":"<p>Discover the exquisite softness of White Gushers, a variety of cannabis known for its delicate aroma, and its soothing effects. Let yourself be transported by its subtle flavour and relaxing sensation. Order now and immerse yourself in the experience comforting White Gushers !<\/p>","protected":false},"excerpt":{"rendered":"<p>White Gushers is a variety of cannabis that will take you to a state of tranquility with its delicate aroma, and its soothing effects. Discover the softness of White Gushers now !<\/p>","protected":false},"featured_media":2507,"comment_status":"open","ping_status":"closed","template":"","meta":{"_uag_custom_page_level_css":"","site-sidebar-layout":"default","site-content-layout":"","ast-site-content-layout":"default","site-content-style":"default","site-sidebar-style":"default","ast-global-header-display":"","ast-banner-title-visibility":"","ast-main-header-display":"","ast-hfb-above-header-display":"","ast-hfb-below-header-display":"","ast-hfb-mobile-header-display":"","site-post-title":"","ast-breadcrumbs-content":"","ast-featured-img":"","footer-sml-layout":"","theme-transparent-header-meta":"default","adv-header-id-meta":"","stick-header-meta":"","header-above-stick-meta":"","header-main-stick-meta":"","header-below-stick-meta":"","astra-migrate-meta-layouts":"set","ast-page-background-enabled":"default","ast-page-background-meta":{"desktop":{"background-color":"","background-image":"","background-repeat":"repeat","background-position":"center center","background-size":"auto","background-attachment":"scroll","background-type":"","background-media":"","overlay-type":"","overlay-color":"","overlay-opacity":"","overlay-gradient":""},"tablet":{"background-color":"","background-image":"","background-repeat":"repeat","background-position":"center center","background-size":"auto","background-attachment":"scroll","background-type":"","background-media":"","overlay-type":"","overlay-color":"","overlay-opacity":"","overlay-gradient":""},"mobile":{"background-color":"","background-image":"","background-repeat":"repeat","background-position":"center center","background-size":"auto","background-attachment":"scroll","background-type":"","background-media":"","overlay-type":"","overlay-color":"","overlay-opacity":"","overlay-gradient":""}},"ast-content-background-meta":{"desktop":{"background-color":"var(--ast-global-color-5)","background-image":"","background-repeat":"repeat","background-position":"center center","background-size":"auto","background-attachment":"scroll","background-type":"","background-media":"","overlay-type":"","overlay-color":"","overlay-opacity":"","overlay-gradient":""},"tablet":{"background-color":"var(--ast-global-color-5)","background-image":"","background-repeat":"repeat","background-position":"center center","background-size":"auto","background-attachment":"scroll","background-type":"","background-media":"","overlay-type":"","overlay-color":"","overlay-opacity":"","overlay-gradient":""},"mobile":{"background-color":"var(--ast-global-color-5)","background-image":"","background-repeat":"repeat","background-position":"center center","background-size":"auto","background-attachment":"scroll","background-type":"","background-media":"","overlay-type":"","overlay-color":"","overlay-opacity":"","overlay-gradient":""}}},"product_brand":[],"product_cat":[28],"product_tag":[],"class_list":{"0":"post-2500","1":"product","2":"type-product","3":"status-publish","4":"has-post-thumbnail","6":"product_cat-varietes-de-cannabis","7":"desktop-align-left","8":"tablet-align-left","9":"mobile-align-left","11":"first","12":"instock","13":"sale","14":"shipping-taxable","15":"purchasable","16":"product-type-variable"},"uagb_featured_image_src":{"full":["https:\/\/pressurezone.shop\/wp-content\/uploads\/2024\/04\/photo1712355873-9.jpeg",600,800,false],"thumbnail":["https:\/\/pressurezone.shop\/wp-content\/uploads\/2024\/04\/photo1712355873-9-150x150.jpeg",150,150,true],"medium":["https:\/\/pressurezone.shop\/wp-content\/uploads\/2024\/04\/photo1712355873-9-225x300.jpeg",225,300,true],"medium_large":["https:\/\/pressurezone.shop\/wp-content\/uploads\/2024\/04\/photo1712355873-9.jpeg",600,800,false],"large":["https:\/\/pressurezone.shop\/wp-content\/uploads\/2024\/04\/photo1712355873-9.jpeg",600,800,false],"1536x1536":["https:\/\/pressurezone.shop\/wp-content\/uploads\/2024\/04\/photo1712355873-9.jpeg",600,800,false],"2048x2048":["https:\/\/pressurezone.shop\/wp-content\/uploads\/2024\/04\/photo1712355873-9.jpeg",600,800,false],"trp-custom-language-flag":["https:\/\/pressurezone.shop\/wp-content\/uploads\/2024\/04\/photo1712355873-9-9x12.jpeg",9,12,true],"woocommerce_thumbnail":["https:\/\/pressurezone.shop\/wp-content\/uploads\/2024\/04\/photo1712355873-9-300x300.jpeg",300,300,true],"woocommerce_single":["https:\/\/pressurezone.shop\/wp-content\/uploads\/2024\/04\/photo1712355873-9.jpeg",600,800,false],"woocommerce_gallery_thumbnail":["https:\/\/pressurezone.shop\/wp-content\/uploads\/2024\/04\/photo1712355873-9-100x100.jpeg",100,100,true]},"uagb_author_info":{"display_name":"pressurezone.shop","author_link":"https:\/\/pressurezone.shop\/en\/author\/"},"uagb_comment_info":0,"uagb_excerpt":"White Gushers est une vari\u00e9t\u00e9 de cannabis qui vous emporte vers un \u00e9tat de tranquillit\u00e9 avec son ar\u00f4me d\u00e9licat et ses effets apaisants. D\u00e9couvrez la douceur de White Gushers d\u00e8s maintenant !","_links":{"self":[{"href":"https:\/\/pressurezone.shop\/en\/wp-json\/wp\/v2\/product\/2500"}],"collection":[{"href":"https:\/\/pressurezone.shop\/en\/wp-json\/wp\/v2\/product"}],"about":[{"href":"https:\/\/pressurezone.shop\/en\/wp-json\/wp\/v2\/types\/product"}],"replies":[{"embeddable":true,"href":"https:\/\/pressurezone.shop\/en\/wp-json\/wp\/v2\/comments?post=2500"}],"version-history":[{"count":1,"href":"https:\/\/pressurezone.shop\/en\/wp-json\/wp\/v2\/product\/2500\/revisions"}],"predecessor-version":[{"id":2508,"href":"https:\/\/pressurezone.shop\/en\/wp-json\/wp\/v2\/product\/2500\/revisions\/2508"}],"wp:featuredmedia":[{"embeddable":true,"href":"https:\/\/pressurezone.shop\/en\/wp-json\/wp\/v2\/media\/2507"}],"wp:attachment":[{"href":"https:\/\/pressurezone.shop\/en\/wp-json\/wp\/v2\/media?parent=2500"}],"wp:term":[{"taxonomy":"product_brand","embeddable":true,"href":"https:\/\/pressurezone.shop\/en\/wp-json\/wp\/v2\/product_brand?post=2500"},{"taxonomy":"product_cat","embeddable":true,"href":"https:\/\/pressurezone.shop\/en\/wp-json\/wp\/v2\/product_cat?post=2500"},{"taxonomy":"product_tag","embeddable":true,"href":"https:\/\/pressurezone.shop\/en\/wp-json\/wp\/v2\/product_tag?post=2500"}],"curies":[{"name":"wp","href":"https:\/\/api.w.org\/{rel}","templated":true}]}}