{"id":2609,"date":"2024-04-19T06:54:56","date_gmt":"2024-04-19T04:54:56","guid":{"rendered":"https:\/\/pressurezone.shop\/?post_type=product&#038;p=2609"},"modified":"2024-04-19T06:55:33","modified_gmt":"2024-04-19T04:55:33","slug":"jungle-boys-1g-live-resin-disposables","status":"publish","type":"product","link":"https:\/\/pressurezone.shop\/en\/product\/jungle-boys-1g-live-resin-disposables\/","title":{"rendered":"Jungle Boys 1g live resin disposables"},"content":{"rendered":"<p>Discover the excellence of the Jungle Boys 1g Live Resin Disposables, a true resin living in a spray bottle, disposable, superior-quality. Immerse yourself in an experience of vaping exceptional with quality fire that is unmatched. Order now and let yourself be carried away by the power of the Jungle Boys 1g Live Resin Disposables !<\/p>\n<p><strong>USP :<\/strong><\/p>\n<p>Jungle Boys 1g Live Resin Disposables \u2013 The Authentic Resin Living<\/p>\n<p><strong>Benefits :<\/strong><\/p>\n<p>The Jungle Boys 1g Live Resin Disposables offer an experience of vaping unmatched with their true resin living and their quality of fire exceptional. These vaporizers disposable is perfect for cannabis enthusiasts in search of the quintessential experience of vaping.<\/p>","protected":false},"excerpt":{"rendered":"<p>Check out the authenticity with Jungle Boys 1g Live Resin Disposables. Quality and power of fire that is unparalleled. Order now !<\/p>","protected":false},"featured_media":2611,"comment_status":"open","ping_status":"closed","template":"","meta":{"_uag_custom_page_level_css":"","site-sidebar-layout":"default","site-content-layout":"","ast-site-content-layout":"default","site-content-style":"default","site-sidebar-style":"default","ast-global-header-display":"","ast-banner-title-visibility":"","ast-main-header-display":"","ast-hfb-above-header-display":"","ast-hfb-below-header-display":"","ast-hfb-mobile-header-display":"","site-post-title":"","ast-breadcrumbs-content":"","ast-featured-img":"","footer-sml-layout":"","theme-transparent-header-meta":"default","adv-header-id-meta":"","stick-header-meta":"","header-above-stick-meta":"","header-main-stick-meta":"","header-below-stick-meta":"","astra-migrate-meta-layouts":"set","ast-page-background-enabled":"default","ast-page-background-meta":{"desktop":{"background-color":"","background-image":"","background-repeat":"repeat","background-position":"center center","background-size":"auto","background-attachment":"scroll","background-type":"","background-media":"","overlay-type":"","overlay-color":"","overlay-opacity":"","overlay-gradient":""},"tablet":{"background-color":"","background-image":"","background-repeat":"repeat","background-position":"center center","background-size":"auto","background-attachment":"scroll","background-type":"","background-media":"","overlay-type":"","overlay-color":"","overlay-opacity":"","overlay-gradient":""},"mobile":{"background-color":"","background-image":"","background-repeat":"repeat","background-position":"center center","background-size":"auto","background-attachment":"scroll","background-type":"","background-media":"","overlay-type":"","overlay-color":"","overlay-opacity":"","overlay-gradient":""}},"ast-content-background-meta":{"desktop":{"background-color":"var(--ast-global-color-5)","background-image":"","background-repeat":"repeat","background-position":"center center","background-size":"auto","background-attachment":"scroll","background-type":"","background-media":"","overlay-type":"","overlay-color":"","overlay-opacity":"","overlay-gradient":""},"tablet":{"background-color":"var(--ast-global-color-5)","background-image":"","background-repeat":"repeat","background-position":"center center","background-size":"auto","background-attachment":"scroll","background-type":"","background-media":"","overlay-type":"","overlay-color":"","overlay-opacity":"","overlay-gradient":""},"mobile":{"background-color":"var(--ast-global-color-5)","background-image":"","background-repeat":"repeat","background-position":"center center","background-size":"auto","background-attachment":"scroll","background-type":"","background-media":"","overlay-type":"","overlay-color":"","overlay-opacity":"","overlay-gradient":""}}},"product_brand":[],"product_cat":[31],"product_tag":[],"class_list":{"0":"post-2609","1":"product","2":"type-product","3":"status-publish","4":"has-post-thumbnail","6":"product_cat-thc-disposables","7":"desktop-align-left","8":"tablet-align-left","9":"mobile-align-left","11":"first","12":"instock","13":"sale","14":"shipping-taxable","15":"purchasable","16":"product-type-variable"},"uagb_featured_image_src":{"full":["https:\/\/pressurezone.shop\/wp-content\/uploads\/2024\/04\/photo1712353909-4.jpeg",960,1280,false],"thumbnail":["https:\/\/pressurezone.shop\/wp-content\/uploads\/2024\/04\/photo1712353909-4-150x150.jpeg",150,150,true],"medium":["https:\/\/pressurezone.shop\/wp-content\/uploads\/2024\/04\/photo1712353909-4-225x300.jpeg",225,300,true],"medium_large":["https:\/\/pressurezone.shop\/wp-content\/uploads\/2024\/04\/photo1712353909-4-768x1024.jpeg",768,1024,true],"large":["https:\/\/pressurezone.shop\/wp-content\/uploads\/2024\/04\/photo1712353909-4-768x1024.jpeg",768,1024,true],"1536x1536":["https:\/\/pressurezone.shop\/wp-content\/uploads\/2024\/04\/photo1712353909-4.jpeg",960,1280,false],"2048x2048":["https:\/\/pressurezone.shop\/wp-content\/uploads\/2024\/04\/photo1712353909-4.jpeg",960,1280,false],"trp-custom-language-flag":["https:\/\/pressurezone.shop\/wp-content\/uploads\/2024\/04\/photo1712353909-4-9x12.jpeg",9,12,true],"woocommerce_thumbnail":["https:\/\/pressurezone.shop\/wp-content\/uploads\/2024\/04\/photo1712353909-4-300x300.jpeg",300,300,true],"woocommerce_single":["https:\/\/pressurezone.shop\/wp-content\/uploads\/2024\/04\/photo1712353909-4-600x800.jpeg",600,800,true],"woocommerce_gallery_thumbnail":["https:\/\/pressurezone.shop\/wp-content\/uploads\/2024\/04\/photo1712353909-4-100x100.jpeg",100,100,true]},"uagb_author_info":{"display_name":"pressurezone.shop","author_link":"https:\/\/pressurezone.shop\/en\/author\/"},"uagb_comment_info":0,"uagb_excerpt":"D\u00e9couvrez l'authenticit\u00e9 avec Jungle Boys 1g Live Resin Disposables. Puissance et qualit\u00e9 de feu in\u00e9gal\u00e9es. Commandez maintenant !","_links":{"self":[{"href":"https:\/\/pressurezone.shop\/en\/wp-json\/wp\/v2\/product\/2609"}],"collection":[{"href":"https:\/\/pressurezone.shop\/en\/wp-json\/wp\/v2\/product"}],"about":[{"href":"https:\/\/pressurezone.shop\/en\/wp-json\/wp\/v2\/types\/product"}],"replies":[{"embeddable":true,"href":"https:\/\/pressurezone.shop\/en\/wp-json\/wp\/v2\/comments?post=2609"}],"version-history":[{"count":1,"href":"https:\/\/pressurezone.shop\/en\/wp-json\/wp\/v2\/product\/2609\/revisions"}],"predecessor-version":[{"id":2619,"href":"https:\/\/pressurezone.shop\/en\/wp-json\/wp\/v2\/product\/2609\/revisions\/2619"}],"wp:featuredmedia":[{"embeddable":true,"href":"https:\/\/pressurezone.shop\/en\/wp-json\/wp\/v2\/media\/2611"}],"wp:attachment":[{"href":"https:\/\/pressurezone.shop\/en\/wp-json\/wp\/v2\/media?parent=2609"}],"wp:term":[{"taxonomy":"product_brand","embeddable":true,"href":"https:\/\/pressurezone.shop\/en\/wp-json\/wp\/v2\/product_brand?post=2609"},{"taxonomy":"product_cat","embeddable":true,"href":"https:\/\/pressurezone.shop\/en\/wp-json\/wp\/v2\/product_cat?post=2609"},{"taxonomy":"product_tag","embeddable":true,"href":"https:\/\/pressurezone.shop\/en\/wp-json\/wp\/v2\/product_tag?post=2609"}],"curies":[{"name":"wp","href":"https:\/\/api.w.org\/{rel}","templated":true}]}}