{"id":3013,"date":"2024-10-11T00:48:47","date_gmt":"2024-10-10T22:48:47","guid":{"rendered":"https:\/\/pressurezone.shop\/?post_type=product&#038;p=3013"},"modified":"2024-11-03T22:13:13","modified_gmt":"2024-11-03T21:13:13","slug":"sour-cookies-marijuana-strain","status":"publish","type":"product","link":"https:\/\/pressurezone.shop\/en\/product\/sour-cookies-marijuana-strain\/","title":{"rendered":"Sour Cookies Marijuana Strain"},"content":{"rendered":"<div class=\"flex-shrink-0 flex flex-col relative items-end\">\n<div>\n<div class=\"pt-0\">\n<div class=\"gizmo-bot-avatar flex h-8 w-8 items-center justify-center overflow-hidden rounded-full\">\n<div class=\"relative p-1 rounded-sm flex items-center justify-center bg-token-main-surface-primary text-token-text-primary h-8 w-8\"><\/div>\n<\/div>\n<\/div>\n<\/div>\n<\/div>\n<div class=\"group\/conversation-turn relative flex w-full min-w-0 flex-col agent-turn\">\n<div class=\"flex-col gap-1 md:gap-3\">\n<div class=\"flex max-w-full flex-col flex-grow\">\n<div class=\"min-h-8 text-message flex w-full flex-col items-end gap-2 whitespace-normal break-words [.text-message+&amp;]:mt-5\" dir=\"auto\" data-message-author-role=\"assistant\" data-message-id=\"5af859e0-5fc1-4b88-aab0-49b68827796e\" data-message-model-slug=\"gpt-4o\">\n<div class=\"flex w-full flex-col gap-1 empty:hidden first:pt-[3px]\">\n<div class=\"markdown prose w-full break-words dark:prose-invert light\">\n<h3><strong>Buy Sour Cookies Marijuana Strain Online in Europe on <a href=\"https:\/\/pressurezone.shop\/en\/\" target=\"_new\" rel=\"noopener\">Pressure Zone Shop<\/a><\/strong><\/h3>\n<p>Discover the <strong>Sour Cookies Marijuana Strain<\/strong>a sativa-dominant hybrid resulting from a cross between the famous <strong>Girl Scout Cookies<\/strong> and <strong>Sour Diesel<\/strong>. <strong>Sour Cookies<\/strong> combines the best effects of both strains to create a cerebral, energizing experience with a touch of physical relaxation.<\/p>\n<h3>Why choose Sour Cookies Marijuana Strain?<\/h3>\n<p><strong>Sour Cookies Marijuana Strain<\/strong> is perfect for those seeking a stimulating mental high with a hint of relaxation. Although its THC content is moderate, this strain provides a euphoric high that promotes creativity and sociability. Its unique flavor profile, with notes of <strong>diesel<\/strong>of <strong>nuts<\/strong> and <strong>cheese<\/strong>This makes it a delicious choice for lovers of robust flavours.<\/p>\n<ul>\n<li><strong>Type<\/strong> Sativa-dominant hybrid<\/li>\n<li><strong>THC<\/strong> Moderate, offering a balanced high for the day<\/li>\n<\/ul>\n<h3>Effects and benefits of Sour Cookies Weed Strain<\/h3>\n<p>Visit <strong>Sour Cookies Weed Strain<\/strong> is ideal for those seeking a stimulating mental high, perfect for social or creative activities. It has a cerebral and energizing effect, while providing a gentle relaxation that won't leave you couch-bound.<\/p>\n<ul>\n<li><strong>Effects<\/strong> Cerebral, Creative, Energizing, Happy, Sociable, Mood Lift<\/li>\n<li><strong>Perfect For<\/strong> ADD\/ADHD, Arthritis, Bipolar Disorder, Chronic Pain, Depression, Fatigue, Nausea, PTSD, Stress<\/li>\n<\/ul>\n<h3>Conditions relieved by Sour Cookies Cannabis Strain<\/h3>\n<p>Thanks to its sativa-dominant effects, <strong>Sour Cookies<\/strong> is frequently chosen to alleviate various mental and physical symptoms:<\/p>\n<ul>\n<li><strong>ADD\/ADHD and Depression<\/strong> Enhances concentration and improves mood.<\/li>\n<li><strong>Fatigue and Chronic Pain<\/strong> Brings renewed energy and relieves body aches.<\/li>\n<li><strong>Nausea and Stress<\/strong> Calms the stomach and relieves mental tension<a href=\"https:\/\/fuelpackz.com\/\" target=\"_blank\" rel=\"noopener\">.<\/a><\/li>\n<\/ul>\n<h3>Flavours and aromas of Sour Cookies Weed Strain<\/h3>\n<p>Visit <strong>Sour Cookies Weed Strain<\/strong> seduces with its flavours of <strong>cheese<\/strong>of <strong>diesel<\/strong> and <strong>hazelnut<\/strong>with a touch of sweetness and woodiness. Its powerful aroma of <strong>fuel<\/strong> and <strong>hash<\/strong> completes the experience, offering a complex and memorable palette with every puff.<\/p>\n<ul>\n<li><strong>Flavors<\/strong> Cheese, Diesel, Hazelnut, Pine, Sweet<\/li>\n<li><strong>Aromas<\/strong> Fuel, Hash, Spicy, Sweet<\/li>\n<\/ul>\n<h3>Appearance of Sour Cookies Cannabis Flower<\/h3>\n<p>The buds of <strong>Sour Cookies<\/strong> are dense, with an intense green color and amber hairs, covered with shiny trichomes that reflect the quality of this unique variety. Their attractive, resinous appearance catches the eye at first glance.<\/p>\n<h3>Order Sour Cookies Marijuana Strain online at Pressure Zone Shop<\/h3>\n<p>Ready to discover the cerebral rush and energizing effect of <strong>Sour Cookies Marijuana Strain<\/strong> ? Order today from <a href=\"https:\/\/pressurezone.shop\/en\/\" target=\"_new\" rel=\"noopener\">Pressure Zone Shop<\/a> for a stimulating and balanced cannabis experience, ideal for enhancing your creativity and mood while enjoying subtle relaxation. <strong>Sour Cookies<\/strong> is the perfect choice for a productive, flavorful day.<\/p>\n<\/div>\n<\/div>\n<\/div>\n<\/div>\n<\/div>\n<\/div>","protected":false},"excerpt":{"rendered":"<p>Achetez la Sour Cookies Marijuana Strain en Ligne en Europe sur Pressure Zone Shop D\u00e9couvrez la Sour Cookies Marijuana Strain, une vari\u00e9t\u00e9 hybride \u00e0 dominance sativa issue du croisement entre les c\u00e9l\u00e8bres Girl Scout Cookies et Sour Diesel. Sour Cookies combine les meilleurs effets des deux souches pour cr\u00e9er une exp\u00e9rience c\u00e9r\u00e9brale et \u00e9nergisante avec [&hellip;]<\/p>","protected":false},"featured_media":3078,"comment_status":"closed","ping_status":"closed","template":"","meta":{"_uag_custom_page_level_css":"","site-sidebar-layout":"default","site-content-layout":"","ast-site-content-layout":"default","site-content-style":"default","site-sidebar-style":"default","ast-global-header-display":"","ast-banner-title-visibility":"","ast-main-header-display":"","ast-hfb-above-header-display":"","ast-hfb-below-header-display":"","ast-hfb-mobile-header-display":"","site-post-title":"","ast-breadcrumbs-content":"","ast-featured-img":"","footer-sml-layout":"","theme-transparent-header-meta":"default","adv-header-id-meta":"","stick-header-meta":"","header-above-stick-meta":"","header-main-stick-meta":"","header-below-stick-meta":"","astra-migrate-meta-layouts":"set","ast-page-background-enabled":"default","ast-page-background-meta":{"desktop":{"background-color":"","background-image":"","background-repeat":"repeat","background-position":"center center","background-size":"auto","background-attachment":"scroll","background-type":"","background-media":"","overlay-type":"","overlay-color":"","overlay-opacity":"","overlay-gradient":""},"tablet":{"background-color":"","background-image":"","background-repeat":"repeat","background-position":"center center","background-size":"auto","background-attachment":"scroll","background-type":"","background-media":"","overlay-type":"","overlay-color":"","overlay-opacity":"","overlay-gradient":""},"mobile":{"background-color":"","background-image":"","background-repeat":"repeat","background-position":"center center","background-size":"auto","background-attachment":"scroll","background-type":"","background-media":"","overlay-type":"","overlay-color":"","overlay-opacity":"","overlay-gradient":""}},"ast-content-background-meta":{"desktop":{"background-color":"var(--ast-global-color-5)","background-image":"","background-repeat":"repeat","background-position":"center center","background-size":"auto","background-attachment":"scroll","background-type":"","background-media":"","overlay-type":"","overlay-color":"","overlay-opacity":"","overlay-gradient":""},"tablet":{"background-color":"var(--ast-global-color-5)","background-image":"","background-repeat":"repeat","background-position":"center center","background-size":"auto","background-attachment":"scroll","background-type":"","background-media":"","overlay-type":"","overlay-color":"","overlay-opacity":"","overlay-gradient":""},"mobile":{"background-color":"var(--ast-global-color-5)","background-image":"","background-repeat":"repeat","background-position":"center center","background-size":"auto","background-attachment":"scroll","background-type":"","background-media":"","overlay-type":"","overlay-color":"","overlay-opacity":"","overlay-gradient":""}}},"product_brand":[],"product_cat":[28,273],"product_tag":[293],"class_list":{"0":"post-3013","1":"product","2":"type-product","3":"status-publish","4":"has-post-thumbnail","6":"product_cat-varietes-de-cannabis","7":"product_cat-varietes-de-cannabis-sativa","8":"product_tag-buy-sour-cookies-marijuana-strain-online-europe","9":"desktop-align-left","10":"tablet-align-left","11":"mobile-align-left","13":"first","14":"instock","15":"shipping-taxable","16":"purchasable","17":"product-type-variable"},"uagb_featured_image_src":{"full":["https:\/\/pressurezone.shop\/wp-content\/uploads\/2024\/10\/Sour-Cookies-Marijuana-Strain.webp",570,464,false],"thumbnail":["https:\/\/pressurezone.shop\/wp-content\/uploads\/2024\/10\/Sour-Cookies-Marijuana-Strain-150x150.webp",150,150,true],"medium":["https:\/\/pressurezone.shop\/wp-content\/uploads\/2024\/10\/Sour-Cookies-Marijuana-Strain-300x244.webp",300,244,true],"medium_large":["https:\/\/pressurezone.shop\/wp-content\/uploads\/2024\/10\/Sour-Cookies-Marijuana-Strain.webp",570,464,false],"large":["https:\/\/pressurezone.shop\/wp-content\/uploads\/2024\/10\/Sour-Cookies-Marijuana-Strain.webp",570,464,false],"1536x1536":["https:\/\/pressurezone.shop\/wp-content\/uploads\/2024\/10\/Sour-Cookies-Marijuana-Strain.webp",570,464,false],"2048x2048":["https:\/\/pressurezone.shop\/wp-content\/uploads\/2024\/10\/Sour-Cookies-Marijuana-Strain.webp",570,464,false],"trp-custom-language-flag":["https:\/\/pressurezone.shop\/wp-content\/uploads\/2024\/10\/Sour-Cookies-Marijuana-Strain-15x12.webp",15,12,true],"woocommerce_thumbnail":["https:\/\/pressurezone.shop\/wp-content\/uploads\/2024\/10\/Sour-Cookies-Marijuana-Strain-300x300.webp",300,300,true],"woocommerce_single":["https:\/\/pressurezone.shop\/wp-content\/uploads\/2024\/10\/Sour-Cookies-Marijuana-Strain.webp",570,464,false],"woocommerce_gallery_thumbnail":["https:\/\/pressurezone.shop\/wp-content\/uploads\/2024\/10\/Sour-Cookies-Marijuana-Strain-100x100.webp",100,100,true]},"uagb_author_info":{"display_name":"pressurezone.shop","author_link":"https:\/\/pressurezone.shop\/en\/author\/"},"uagb_comment_info":0,"uagb_excerpt":"Achetez la Sour Cookies Marijuana Strain en Ligne en Europe sur Pressure Zone Shop D\u00e9couvrez la Sour Cookies Marijuana Strain, une vari\u00e9t\u00e9 hybride \u00e0 dominance sativa issue du croisement entre les c\u00e9l\u00e8bres Girl Scout Cookies et Sour Diesel. Sour Cookies combine les meilleurs effets des deux souches pour cr\u00e9er une exp\u00e9rience c\u00e9r\u00e9brale et \u00e9nergisante avec&hellip;","_links":{"self":[{"href":"https:\/\/pressurezone.shop\/en\/wp-json\/wp\/v2\/product\/3013"}],"collection":[{"href":"https:\/\/pressurezone.shop\/en\/wp-json\/wp\/v2\/product"}],"about":[{"href":"https:\/\/pressurezone.shop\/en\/wp-json\/wp\/v2\/types\/product"}],"replies":[{"embeddable":true,"href":"https:\/\/pressurezone.shop\/en\/wp-json\/wp\/v2\/comments?post=3013"}],"version-history":[{"count":3,"href":"https:\/\/pressurezone.shop\/en\/wp-json\/wp\/v2\/product\/3013\/revisions"}],"predecessor-version":[{"id":4030,"href":"https:\/\/pressurezone.shop\/en\/wp-json\/wp\/v2\/product\/3013\/revisions\/4030"}],"wp:featuredmedia":[{"embeddable":true,"href":"https:\/\/pressurezone.shop\/en\/wp-json\/wp\/v2\/media\/3078"}],"wp:attachment":[{"href":"https:\/\/pressurezone.shop\/en\/wp-json\/wp\/v2\/media?parent=3013"}],"wp:term":[{"taxonomy":"product_brand","embeddable":true,"href":"https:\/\/pressurezone.shop\/en\/wp-json\/wp\/v2\/product_brand?post=3013"},{"taxonomy":"product_cat","embeddable":true,"href":"https:\/\/pressurezone.shop\/en\/wp-json\/wp\/v2\/product_cat?post=3013"},{"taxonomy":"product_tag","embeddable":true,"href":"https:\/\/pressurezone.shop\/en\/wp-json\/wp\/v2\/product_tag?post=3013"}],"curies":[{"name":"wp","href":"https:\/\/api.w.org\/{rel}","templated":true}]}}