{"id":3244,"date":"2024-10-11T00:56:32","date_gmt":"2024-10-10T22:56:32","guid":{"rendered":"https:\/\/pressurezone.shop\/?post_type=product&#038;p=3244"},"modified":"2024-11-16T23:05:16","modified_gmt":"2024-11-16T22:05:16","slug":"moonshine-haze-budder","status":"publish","type":"product","link":"https:\/\/pressurezone.shop\/en\/product\/moonshine-haze-budder\/","title":{"rendered":"Moonshine Haze Budder"},"content":{"rendered":"<h3>Buy Moonshine Haze Budder online in Europe<\/h3>\n<p><strong>Moonshine Haze Budder<\/strong> is a premium cannabis concentrate from the famous <strong>Moonshine Haze variety<\/strong>. This <strong>sativa-dominant hybrid (85% sativa \/ 15% indica)<\/strong> is the fruit of a carefully cultivated cross between <strong>Nevil's Wreck<\/strong> and <strong>Amnesia Haze<\/strong>The result is a stimulating and energizing experience, ideal for daytime use. Whether you're a cannabis enthusiast or a medical user, the <strong>Moonshine Haze Budder<\/strong> is an excellent choice for stimulating creativity, relieving stress and improving your mood.<a href=\"https:\/\/fuelpackz.com\/\" target=\"_blank\" rel=\"noopener\">.<\/a><\/p>\n<hr \/>\n<h3><strong>Why choose Moonshine Haze Budder?<\/strong><\/h3>\n<h4><strong>Premium effects<\/strong><\/h4>\n<ul>\n<li><strong>Effects<\/strong> Stimulating, Creative, Energizing, Happy, Uplifting<\/li>\n<li><strong>Medical Benefits<\/strong> Relieves cramps, depression, fatigue, loss of appetite and stress.<\/li>\n<\/ul>\n<p>Whether you're looking for an inspiring boost for your creative projects or relief from fatigue and stress, the <strong>Moonshine Haze Budder<\/strong> is a versatile and powerful option.<\/p>\n<hr \/>\n<h3><strong>Flavors and aromas<\/strong><\/h3>\n<p>This sativa-dominant concentrate delights the senses with :<\/p>\n<ul>\n<li><strong>Flavors<\/strong> : Herbaceous, Skunky, Spicy<\/li>\n<li><strong>Aromas<\/strong> : Earthy, Floral, Herbaceous, Spicy, Skunky<\/li>\n<\/ul>\n<p>Each inhalation is a spicy, herbaceous blend, enhanced by skunky nuances that will appeal to cannabis connoisseurs.<\/p>\n<hr \/>\n<h3><strong>Therapeutic benefits of Moonshine Haze Budder<\/strong><\/h3>\n<p>Visit <strong>Moonshine Haze Budder<\/strong> is packed with cannabinoids offering long-lasting relief. Thanks to its high THC content, it is particularly effective in treating :<\/p>\n<ul>\n<li><strong>Chronic Pain<\/strong> A soothing sensation that relieves tension and pain.<\/li>\n<li><strong>Fatigue<\/strong> Energizing effects that fight exhaustion and keep you active.<\/li>\n<li><strong>Depression<\/strong> Brain effects that dispel negative thoughts and promote positivity.<\/li>\n<li><strong>Stress<\/strong> Relaxes the mind and offers respite from daily pressures.<\/li>\n<li><strong>Loss of appetite<\/strong> Stimulates appetite, ideal for those with eating disorders.<\/li>\n<\/ul>\n<hr \/>\n<h3><strong>How to use Moonshine Haze Budder?<\/strong><\/h3>\n<p>Visit <strong>Moonshine Haze Budder<\/strong> offers a wide range of consumption options:<\/p>\n<ol>\n<li><strong>Dabbing<\/strong> Use a dab rig to take full advantage of flavors and effects.<\/li>\n<li><strong>Vaporization<\/strong> Compatible with sprayers for concentrates for a gentle experience.<\/li>\n<li><strong>Infusion<\/strong> Add it to your pipes, joints or blunts to enrich your sessions.<\/li>\n<\/ol>\n<hr \/>\n<h3><strong>What makes Moonshine Haze Budder unique?<\/strong><\/h3>\n<h4><strong>Manufacturing Expertise<\/strong><\/h4>\n<p>This budder is extracted using advanced methods, preserving the natural terpene profile for a rich, flavorful experience.<\/p>\n<h4><strong>Reliable relief<\/strong><\/h4>\n<p>With its consistent potency and balanced cannabinoid profile, it is ideal for both recreational and medical use.<\/p>\n<h4><strong>Versatile use<\/strong><\/h4>\n<p>Ideal for an energy boost during the day, a creative spark or to relax at the end of the day.<\/p>\n<hr \/>\n<h3><strong>Buy Moonshine Haze Budder Online in Europe<\/strong><\/h3>\n<p>Enhance your cannabis experience with <strong>Moonshine Haze Budder<\/strong> superior quality. Whether you're looking to boost your creativity, improve your mood or relieve chronic stress, this powerful sativa-dominant concentrate will meet all your needs.<\/p>\n<p><strong>Order now on <a href=\"https:\/\/pressurezone.shop\/en\/\" target=\"_new\" rel=\"noopener\">PressureZone.Shop<\/a><\/strong> for discreet delivery and reliable service throughout Europe<\/p>","protected":false},"excerpt":{"rendered":"<p>Acheter du Moonshine Haze Budder en ligne en Europe Moonshine Haze Budder est un concentr\u00e9 de cannabis premium issu de la c\u00e9l\u00e8bre vari\u00e9t\u00e9 Moonshine Haze. Ce hybride \u00e0 dominante sativa (85% sativa \/ 15% indica) est le fruit d\u2019un croisement soigneusement cultiv\u00e9 entre Nevil\u2019s Wreck et Amnesia Haze, offrant une exp\u00e9rience stimulante et \u00e9nergisante, id\u00e9ale [&hellip;]<\/p>","protected":false},"featured_media":3320,"comment_status":"closed","ping_status":"closed","template":"","meta":{"_uag_custom_page_level_css":"","site-sidebar-layout":"default","site-content-layout":"","ast-site-content-layout":"default","site-content-style":"default","site-sidebar-style":"default","ast-global-header-display":"","ast-banner-title-visibility":"","ast-main-header-display":"","ast-hfb-above-header-display":"","ast-hfb-below-header-display":"","ast-hfb-mobile-header-display":"","site-post-title":"","ast-breadcrumbs-content":"","ast-featured-img":"","footer-sml-layout":"","theme-transparent-header-meta":"default","adv-header-id-meta":"","stick-header-meta":"","header-above-stick-meta":"","header-main-stick-meta":"","header-below-stick-meta":"","astra-migrate-meta-layouts":"set","ast-page-background-enabled":"default","ast-page-background-meta":{"desktop":{"background-color":"","background-image":"","background-repeat":"repeat","background-position":"center center","background-size":"auto","background-attachment":"scroll","background-type":"","background-media":"","overlay-type":"","overlay-color":"","overlay-opacity":"","overlay-gradient":""},"tablet":{"background-color":"","background-image":"","background-repeat":"repeat","background-position":"center center","background-size":"auto","background-attachment":"scroll","background-type":"","background-media":"","overlay-type":"","overlay-color":"","overlay-opacity":"","overlay-gradient":""},"mobile":{"background-color":"","background-image":"","background-repeat":"repeat","background-position":"center center","background-size":"auto","background-attachment":"scroll","background-type":"","background-media":"","overlay-type":"","overlay-color":"","overlay-opacity":"","overlay-gradient":""}},"ast-content-background-meta":{"desktop":{"background-color":"var(--ast-global-color-5)","background-image":"","background-repeat":"repeat","background-position":"center center","background-size":"auto","background-attachment":"scroll","background-type":"","background-media":"","overlay-type":"","overlay-color":"","overlay-opacity":"","overlay-gradient":""},"tablet":{"background-color":"var(--ast-global-color-5)","background-image":"","background-repeat":"repeat","background-position":"center center","background-size":"auto","background-attachment":"scroll","background-type":"","background-media":"","overlay-type":"","overlay-color":"","overlay-opacity":"","overlay-gradient":""},"mobile":{"background-color":"var(--ast-global-color-5)","background-image":"","background-repeat":"repeat","background-position":"center center","background-size":"auto","background-attachment":"scroll","background-type":"","background-media":"","overlay-type":"","overlay-color":"","overlay-opacity":"","overlay-gradient":""}}},"product_brand":[],"product_cat":[388,334],"product_tag":[393,406,396,397],"class_list":{"0":"post-3244","1":"product","2":"type-product","3":"status-publish","4":"has-post-thumbnail","6":"product_cat-cannabis-budder","7":"product_cat-concentres-de-marijuana","8":"product_tag-buy-dabs-online-europe","9":"product_tag-buy-moonshine-haze-budder-online-europe","10":"product_tag-order-weed-extracts-france","11":"product_tag-thc-budder-concentrates-online-near-me","12":"desktop-align-left","13":"tablet-align-left","14":"mobile-align-left","16":"first","17":"instock","18":"shipping-taxable","19":"purchasable","20":"product-type-variable"},"uagb_featured_image_src":{"full":["https:\/\/pressurezone.shop\/wp-content\/uploads\/2024\/10\/Buy-Moonshine-Haze-Budder.webp",2048,1365,false],"thumbnail":["https:\/\/pressurezone.shop\/wp-content\/uploads\/2024\/10\/Buy-Moonshine-Haze-Budder-150x150.webp",150,150,true],"medium":["https:\/\/pressurezone.shop\/wp-content\/uploads\/2024\/10\/Buy-Moonshine-Haze-Budder-300x200.webp",300,200,true],"medium_large":["https:\/\/pressurezone.shop\/wp-content\/uploads\/2024\/10\/Buy-Moonshine-Haze-Budder-768x512.webp",768,512,true],"large":["https:\/\/pressurezone.shop\/wp-content\/uploads\/2024\/10\/Buy-Moonshine-Haze-Budder-1024x683.webp",1024,683,true],"1536x1536":["https:\/\/pressurezone.shop\/wp-content\/uploads\/2024\/10\/Buy-Moonshine-Haze-Budder-1536x1024.webp",1536,1024,true],"2048x2048":["https:\/\/pressurezone.shop\/wp-content\/uploads\/2024\/10\/Buy-Moonshine-Haze-Budder.webp",2048,1365,false],"trp-custom-language-flag":["https:\/\/pressurezone.shop\/wp-content\/uploads\/2024\/10\/Buy-Moonshine-Haze-Budder-18x12.webp",18,12,true],"woocommerce_thumbnail":["https:\/\/pressurezone.shop\/wp-content\/uploads\/2024\/10\/Buy-Moonshine-Haze-Budder-300x300.webp",300,300,true],"woocommerce_single":["https:\/\/pressurezone.shop\/wp-content\/uploads\/2024\/10\/Buy-Moonshine-Haze-Budder-600x400.webp",600,400,true],"woocommerce_gallery_thumbnail":["https:\/\/pressurezone.shop\/wp-content\/uploads\/2024\/10\/Buy-Moonshine-Haze-Budder-100x100.webp",100,100,true]},"uagb_author_info":{"display_name":"pressurezone.shop","author_link":"https:\/\/pressurezone.shop\/en\/author\/"},"uagb_comment_info":0,"uagb_excerpt":"Acheter du Moonshine Haze Budder en ligne en Europe Moonshine Haze Budder est un concentr\u00e9 de cannabis premium issu de la c\u00e9l\u00e8bre vari\u00e9t\u00e9 Moonshine Haze. Ce hybride \u00e0 dominante sativa (85% sativa \/ 15% indica) est le fruit d\u2019un croisement soigneusement cultiv\u00e9 entre Nevil\u2019s Wreck et Amnesia Haze, offrant une exp\u00e9rience stimulante et \u00e9nergisante, id\u00e9ale&hellip;","_links":{"self":[{"href":"https:\/\/pressurezone.shop\/en\/wp-json\/wp\/v2\/product\/3244"}],"collection":[{"href":"https:\/\/pressurezone.shop\/en\/wp-json\/wp\/v2\/product"}],"about":[{"href":"https:\/\/pressurezone.shop\/en\/wp-json\/wp\/v2\/types\/product"}],"replies":[{"embeddable":true,"href":"https:\/\/pressurezone.shop\/en\/wp-json\/wp\/v2\/comments?post=3244"}],"version-history":[{"count":2,"href":"https:\/\/pressurezone.shop\/en\/wp-json\/wp\/v2\/product\/3244\/revisions"}],"predecessor-version":[{"id":4562,"href":"https:\/\/pressurezone.shop\/en\/wp-json\/wp\/v2\/product\/3244\/revisions\/4562"}],"wp:featuredmedia":[{"embeddable":true,"href":"https:\/\/pressurezone.shop\/en\/wp-json\/wp\/v2\/media\/3320"}],"wp:attachment":[{"href":"https:\/\/pressurezone.shop\/en\/wp-json\/wp\/v2\/media?parent=3244"}],"wp:term":[{"taxonomy":"product_brand","embeddable":true,"href":"https:\/\/pressurezone.shop\/en\/wp-json\/wp\/v2\/product_brand?post=3244"},{"taxonomy":"product_cat","embeddable":true,"href":"https:\/\/pressurezone.shop\/en\/wp-json\/wp\/v2\/product_cat?post=3244"},{"taxonomy":"product_tag","embeddable":true,"href":"https:\/\/pressurezone.shop\/en\/wp-json\/wp\/v2\/product_tag?post=3244"}],"curies":[{"name":"wp","href":"https:\/\/api.w.org\/{rel}","templated":true}]}}