{"id":3261,"date":"2024-10-11T00:57:01","date_gmt":"2024-10-10T22:57:01","guid":{"rendered":"https:\/\/pressurezone.shop\/?post_type=product&#038;p=3261"},"modified":"2024-11-02T18:50:53","modified_gmt":"2024-11-02T17:50:53","slug":"budder-grape-cake","status":"publish","type":"product","link":"https:\/\/pressurezone.shop\/en\/product\/budder-grape-cake\/","title":{"rendered":"Grape Cake Cannabis Budder - Indica"},"content":{"rendered":"<div class=\"flex-shrink-0 flex flex-col relative items-end\">\n<div>\n<div class=\"pt-0\">\n<div class=\"gizmo-bot-avatar flex h-8 w-8 items-center justify-center overflow-hidden rounded-full\">\n<div class=\"relative p-1 rounded-sm flex items-center justify-center bg-token-main-surface-primary text-token-text-primary h-8 w-8\"><\/div>\n<\/div>\n<\/div>\n<\/div>\n<\/div>\n<div class=\"group\/conversation-turn relative flex w-full min-w-0 flex-col agent-turn\">\n<div class=\"flex-col gap-1 md:gap-3\">\n<div class=\"flex max-w-full flex-col flex-grow\">\n<div class=\"min-h-8 text-message flex w-full flex-col items-end gap-2 whitespace-normal break-words [.text-message+&amp;]:mt-5\" dir=\"auto\" data-message-author-role=\"assistant\" data-message-id=\"93c7aae6-5444-4226-a6e0-3a026be44ad9\" data-message-model-slug=\"gpt-4o\">\n<div class=\"flex w-full flex-col gap-1 empty:hidden first:pt-[3px]\">\n<div class=\"markdown prose w-full break-words dark:prose-invert light\">\n<h3><strong>Buy Budder de Cannabis Grape Cake - Indica in <a href=\"https:\/\/pressurezone.shop\/en\/\">Line<\/a><\/strong><\/h3>\n<p>Discover an exceptional experience with the <strong>Budder de Cannabis Grape Cake<\/strong>a unique Indica variety resulting from a carefully selected cross of <strong>Grape Stomper, Cherry Pie and Wedding Cake<\/strong>. Known for its rich flavours and powerful effects, this budder is perfect for those seeking a blend of creativity, relaxation and concentration.<\/p>\n<h3>Effects<\/h3>\n<ul>\n<li><strong>Creativity<\/strong><\/li>\n<li><strong>Concentration<\/strong><\/li>\n<li><strong>Euphoria<\/strong><\/li>\n<li><strong>Hunger<\/strong><\/li>\n<li><strong>Relaxation<\/strong><\/li>\n<\/ul>\n<h3>Can relieve<\/h3>\n<ul>\n<li><strong>ADD\/ADHD<\/strong><\/li>\n<li><strong>Loss of appetite<\/strong><\/li>\n<li><strong>Depression<\/strong><\/li>\n<li><strong>Fatigue<\/strong><\/li>\n<li><strong>Stress<\/strong><\/li>\n<\/ul>\n<h3>Flavors<\/h3>\n<ul>\n<li><strong>Cherry<\/strong><\/li>\n<li><strong>Diesel<\/strong><\/li>\n<li><strong>Fruity<\/strong><\/li>\n<li><strong>Grape<\/strong><\/li>\n<li><strong>Spicy<\/strong><\/li>\n<li><strong>Sweet<\/strong><\/li>\n<\/ul>\n<h3>Aromas<\/h3>\n<ul>\n<li><strong>Bays<\/strong><\/li>\n<li><strong>Earthy<\/strong><\/li>\n<li><strong>Spicy<\/strong><\/li>\n<li><strong>Spicy<\/strong><\/li>\n<li><strong>Sweet<\/strong><\/li>\n<li><strong>Tropical<\/strong><\/li>\n<\/ul>\n<h4>Why choose Cannabis Grape Cake Budder?<\/h4>\n<p>With THC levels above <strong>20%<\/strong>the <strong>Grape Cake<\/strong> offers a balanced and pleasant experience. The high begins with a surge of mental clarity and creativity, perfect for activities requiring concentration or imagination. Gradually, you'll feel your body relax into a relaxed but non-sedating state. This particular profile makes Grape Cake an excellent option for relieving <strong>depression, chronic stress, ADD\/ADHD, fatigue<\/strong> and the <strong>loss of appetite<\/strong>.<\/p>\n<h3>Flavor and Aroma Profile<\/h3>\n<p>Visit <strong>Budder Grape Cake<\/strong> offers a delicious combination of flavours <strong>fruity, sweet and spicy<\/strong>accompanied by notes from <strong>diesel and cherry<\/strong>. Its aroma is just as distinctive, with a scent of <strong>tasty berries<\/strong> that intensifies with each inhalation, offering a scent <strong>tropical and earthy<\/strong>.<\/p>\n<h3>Enjoy a Unique Experience with Budder Grape Cake - <a href=\"https:\/\/fuelpackz.com\/\" target=\"_blank\" rel=\"noopener\">Indica<\/a><\/h3>\n<p>Enjoy a delicious and relaxing journey with the <strong>Budder Grape Cake<\/strong> of the highest quality. Order now to enjoy a gentle, balanced experience of creativity and relaxation.<\/p>\n<\/div>\n<\/div>\n<\/div>\n<\/div>\n<\/div>\n<\/div>","protected":false},"excerpt":{"rendered":"<p>Achetez du Budder de Cannabis Grape Cake \u2013 Indica en Ligne D\u00e9couvrez une exp\u00e9rience exceptionnelle avec le Budder de Cannabis Grape Cake, une vari\u00e9t\u00e9 d&rsquo;Indica unique, issue d\u2019un croisement soigneusement s\u00e9lectionn\u00e9 de Grape Stomper, Cherry Pie et Wedding Cake. Connu pour ses saveurs riches et ses effets puissants, ce budder est parfait pour ceux qui [&hellip;]<\/p>","protected":false},"featured_media":3330,"comment_status":"closed","ping_status":"closed","template":"","meta":{"_uag_custom_page_level_css":"","site-sidebar-layout":"default","site-content-layout":"","ast-site-content-layout":"default","site-content-style":"default","site-sidebar-style":"default","ast-global-header-display":"","ast-banner-title-visibility":"","ast-main-header-display":"","ast-hfb-above-header-display":"","ast-hfb-below-header-display":"","ast-hfb-mobile-header-display":"","site-post-title":"","ast-breadcrumbs-content":"","ast-featured-img":"","footer-sml-layout":"","theme-transparent-header-meta":"default","adv-header-id-meta":"","stick-header-meta":"","header-above-stick-meta":"","header-main-stick-meta":"","header-below-stick-meta":"","astra-migrate-meta-layouts":"set","ast-page-background-enabled":"default","ast-page-background-meta":{"desktop":{"background-color":"","background-image":"","background-repeat":"repeat","background-position":"center center","background-size":"auto","background-attachment":"scroll","background-type":"","background-media":"","overlay-type":"","overlay-color":"","overlay-opacity":"","overlay-gradient":""},"tablet":{"background-color":"","background-image":"","background-repeat":"repeat","background-position":"center center","background-size":"auto","background-attachment":"scroll","background-type":"","background-media":"","overlay-type":"","overlay-color":"","overlay-opacity":"","overlay-gradient":""},"mobile":{"background-color":"","background-image":"","background-repeat":"repeat","background-position":"center center","background-size":"auto","background-attachment":"scroll","background-type":"","background-media":"","overlay-type":"","overlay-color":"","overlay-opacity":"","overlay-gradient":""}},"ast-content-background-meta":{"desktop":{"background-color":"var(--ast-global-color-5)","background-image":"","background-repeat":"repeat","background-position":"center center","background-size":"auto","background-attachment":"scroll","background-type":"","background-media":"","overlay-type":"","overlay-color":"","overlay-opacity":"","overlay-gradient":""},"tablet":{"background-color":"var(--ast-global-color-5)","background-image":"","background-repeat":"repeat","background-position":"center center","background-size":"auto","background-attachment":"scroll","background-type":"","background-media":"","overlay-type":"","overlay-color":"","overlay-opacity":"","overlay-gradient":""},"mobile":{"background-color":"var(--ast-global-color-5)","background-image":"","background-repeat":"repeat","background-position":"center center","background-size":"auto","background-attachment":"scroll","background-type":"","background-media":"","overlay-type":"","overlay-color":"","overlay-opacity":"","overlay-gradient":""}}},"product_brand":[],"product_cat":[388,334],"product_tag":[372,416,389,393,409,390,378,392,396,397],"class_list":{"0":"post-3261","1":"product","2":"type-product","3":"status-publish","4":"has-post-thumbnail","6":"product_cat-cannabis-budder","7":"product_cat-concentres-de-marijuana","8":"product_tag-1ml-cannabis-oil-distillates-for-sale-europe","9":"product_tag-bulk-dabs-online","10":"product_tag-buy-budder-online-cheap","11":"product_tag-buy-dabs-online-europe","12":"product_tag-buy-grape-cake-cannabis-budder-indica-online-europe","13":"product_tag-buy-marijuana-budder-eu","14":"product_tag-cannabis-distillates-for-sale-uk","15":"product_tag-order-thc-budder-europe","16":"product_tag-order-weed-extracts-france","17":"product_tag-thc-budder-concentrates-online-near-me","18":"desktop-align-left","19":"tablet-align-left","20":"mobile-align-left","22":"first","23":"instock","24":"shipping-taxable","25":"purchasable","26":"product-type-variable"},"uagb_featured_image_src":{"full":["https:\/\/pressurezone.shop\/wp-content\/uploads\/2024\/10\/Grape-Cake-Cannabis-Budder-\u2013-Indica.webp",2048,1365,false],"thumbnail":["https:\/\/pressurezone.shop\/wp-content\/uploads\/2024\/10\/Grape-Cake-Cannabis-Budder-\u2013-Indica-150x150.webp",150,150,true],"medium":["https:\/\/pressurezone.shop\/wp-content\/uploads\/2024\/10\/Grape-Cake-Cannabis-Budder-\u2013-Indica-300x200.webp",300,200,true],"medium_large":["https:\/\/pressurezone.shop\/wp-content\/uploads\/2024\/10\/Grape-Cake-Cannabis-Budder-\u2013-Indica-768x512.webp",768,512,true],"large":["https:\/\/pressurezone.shop\/wp-content\/uploads\/2024\/10\/Grape-Cake-Cannabis-Budder-\u2013-Indica-1024x683.webp",1024,683,true],"1536x1536":["https:\/\/pressurezone.shop\/wp-content\/uploads\/2024\/10\/Grape-Cake-Cannabis-Budder-\u2013-Indica-1536x1024.webp",1536,1024,true],"2048x2048":["https:\/\/pressurezone.shop\/wp-content\/uploads\/2024\/10\/Grape-Cake-Cannabis-Budder-\u2013-Indica.webp",2048,1365,false],"trp-custom-language-flag":["https:\/\/pressurezone.shop\/wp-content\/uploads\/2024\/10\/Grape-Cake-Cannabis-Budder-\u2013-Indica-18x12.webp",18,12,true],"woocommerce_thumbnail":["https:\/\/pressurezone.shop\/wp-content\/uploads\/2024\/10\/Grape-Cake-Cannabis-Budder-\u2013-Indica-300x300.webp",300,300,true],"woocommerce_single":["https:\/\/pressurezone.shop\/wp-content\/uploads\/2024\/10\/Grape-Cake-Cannabis-Budder-\u2013-Indica-600x400.webp",600,400,true],"woocommerce_gallery_thumbnail":["https:\/\/pressurezone.shop\/wp-content\/uploads\/2024\/10\/Grape-Cake-Cannabis-Budder-\u2013-Indica-100x100.webp",100,100,true]},"uagb_author_info":{"display_name":"pressurezone.shop","author_link":"https:\/\/pressurezone.shop\/en\/author\/"},"uagb_comment_info":0,"uagb_excerpt":"Achetez du Budder de Cannabis Grape Cake \u2013 Indica en Ligne D\u00e9couvrez une exp\u00e9rience exceptionnelle avec le Budder de Cannabis Grape Cake, une vari\u00e9t\u00e9 d&rsquo;Indica unique, issue d\u2019un croisement soigneusement s\u00e9lectionn\u00e9 de Grape Stomper, Cherry Pie et Wedding Cake. Connu pour ses saveurs riches et ses effets puissants, ce budder est parfait pour ceux qui&hellip;","_links":{"self":[{"href":"https:\/\/pressurezone.shop\/en\/wp-json\/wp\/v2\/product\/3261"}],"collection":[{"href":"https:\/\/pressurezone.shop\/en\/wp-json\/wp\/v2\/product"}],"about":[{"href":"https:\/\/pressurezone.shop\/en\/wp-json\/wp\/v2\/types\/product"}],"replies":[{"embeddable":true,"href":"https:\/\/pressurezone.shop\/en\/wp-json\/wp\/v2\/comments?post=3261"}],"version-history":[{"count":3,"href":"https:\/\/pressurezone.shop\/en\/wp-json\/wp\/v2\/product\/3261\/revisions"}],"predecessor-version":[{"id":3607,"href":"https:\/\/pressurezone.shop\/en\/wp-json\/wp\/v2\/product\/3261\/revisions\/3607"}],"wp:featuredmedia":[{"embeddable":true,"href":"https:\/\/pressurezone.shop\/en\/wp-json\/wp\/v2\/media\/3330"}],"wp:attachment":[{"href":"https:\/\/pressurezone.shop\/en\/wp-json\/wp\/v2\/media?parent=3261"}],"wp:term":[{"taxonomy":"product_brand","embeddable":true,"href":"https:\/\/pressurezone.shop\/en\/wp-json\/wp\/v2\/product_brand?post=3261"},{"taxonomy":"product_cat","embeddable":true,"href":"https:\/\/pressurezone.shop\/en\/wp-json\/wp\/v2\/product_cat?post=3261"},{"taxonomy":"product_tag","embeddable":true,"href":"https:\/\/pressurezone.shop\/en\/wp-json\/wp\/v2\/product_tag?post=3261"}],"curies":[{"name":"wp","href":"https:\/\/api.w.org\/{rel}","templated":true}]}}