{"id":3451,"date":"2024-10-11T01:03:29","date_gmt":"2024-10-10T23:03:29","guid":{"rendered":"https:\/\/pressurezone.shop\/?post_type=product&#038;p=3451"},"modified":"2024-11-04T02:19:39","modified_gmt":"2024-11-04T01:19:39","slug":"black-nepalese-haschisch","status":"publish","type":"product","link":"https:\/\/pressurezone.shop\/en\/product\/black-nepalese-hashish\/","title":{"rendered":"Black Nepalese Hashish"},"content":{"rendered":"<h3><strong>Buy Black Nepalese Hashish Online in Europe on <a href=\"https:\/\/pressurezone.shop\/en\/\" target=\"_new\" rel=\"noopener\">Pressure Zone Shop<\/a><\/strong><\/h3>\n<p>Discover the <strong>Black Nepalese Hashish<\/strong>a rare hashish from the high mountains of Nepal. This exceptional-quality hashish is renowned for its unique, easy-to-handle, resin-rich texture, offering an intense, fragrant experience. With its perfect blend of tradition and potency, the <strong>Black Nepalese Hashish<\/strong> ideal for cannabis enthusiasts and those new to the world of hashish<\/p>\n<p>&nbsp;<\/p>\n<h3>Unique and Authentic Hashish<\/h3>\n<p>Visit <strong>Black Nepalese Hashish<\/strong> is distinguished by its smooth texture, facilitated by the preservation of resinous THC trichomes. This makes it simple to use and ideal for those exploring hashish for the first time. Stemming from a long-standing Nepalese hashish-making tradition, each piece offers authentic flavor and a powerful effect.<a href=\"https:\/\/fuelpackz.com\/\" target=\"_blank\" rel=\"noopener\">.<\/a><\/p>\n<ul>\n<li><strong>Type<\/strong> Haschisch Premium from Nepal<\/li>\n<li><strong>Origin<\/strong> Highlands of Nepal<\/li>\n<\/ul>\n<h3>Why choose Black Nepalese Hashish?<\/h3>\n<p>Visit <strong>Black Nepalese Hashish<\/strong> is perfect for connoisseurs and beginners alike, thanks to its easy handling and resinous consistency. This Nepalese hashish offers complex flavors of spicy notes, balanced by an unexpected pine sweetness, creating a unique taste experience.<\/p>\n<ul>\n<li><strong>Aromas<\/strong> Spicy with a touch of sweet pine<\/li>\n<li><strong>Effects<\/strong> Relaxation, Euphoria, Soothing sensation<\/li>\n<li><strong>Perfect For<\/strong> Deep relaxation, stress relief and the exploration of exotic flavours<\/li>\n<\/ul>\n<h3>Flavours and aromas of Black Nepalese Hashish<\/h3>\n<p>Visit <strong>Black Nepalese Hashish<\/strong> transports you into a world of spicy, woody flavors, complemented by a piney sweetness that pleasantly surprises the palate. It's a terpene-rich hashish, with a sweet, deep taste that lingers on the palate long after consumption.<\/p>\n<ul>\n<li><strong>Flavors<\/strong> Spicy notes, sweet pine<\/li>\n<li><strong>Aromas<\/strong> : Spicy, Earthy, Woody sweetness<\/li>\n<\/ul>\n<h3>Use and Experience<\/h3>\n<p>Thanks to its resinous consistency <strong>Black Nepalese Hashish<\/strong> is versatile and easy to use:<\/p>\n<ul>\n<li><strong>Smoking in a pipe or bong<\/strong> for rapid effect build-up.<\/li>\n<li><strong>Spray<\/strong> for a pure taste and a controlled experience.<\/li>\n<li><strong>Integrated into a joint<\/strong> for richer flavor and greater intensity.<\/li>\n<\/ul>\n<h3>Order Black Nepalese Hashish online at Pressure Zone Shop<\/h3>\n<p>Ready to explore the unique flavours and power of <strong>Black Nepalese Hashish<\/strong> ? Order now on <a href=\"https:\/\/pressurezone.shop\/en\/\" target=\"_new\" rel=\"noopener\">Pressure Zone Shop<\/a> to enjoy high-quality traditional hashish, ideal for an exotic, relaxing experience. <strong>Black Nepalese Hashish<\/strong> is the perfect choice for an immersion in the best of Nepalese hashish.<\/p>","protected":false},"excerpt":{"rendered":"<p>Achetez du Black Nepalese Haschisch en Ligne en Europe sur Pressure Zone Shop D\u00e9couvrez le Black Nepalese Haschisch, un haschisch rare provenant des hautes montagnes du N\u00e9pal. Ce haschisch de qualit\u00e9 exceptionnelle est reconnu pour sa texture unique, facile \u00e0 manier et riche en r\u00e9sine, offrant une exp\u00e9rience intense et parfum\u00e9e. Avec son m\u00e9lange parfait [&hellip;]<\/p>","protected":false},"featured_media":3510,"comment_status":"closed","ping_status":"closed","template":"","meta":{"_uag_custom_page_level_css":"","site-sidebar-layout":"default","site-content-layout":"","ast-site-content-layout":"default","site-content-style":"default","site-sidebar-style":"default","ast-global-header-display":"","ast-banner-title-visibility":"","ast-main-header-display":"","ast-hfb-above-header-display":"","ast-hfb-below-header-display":"","ast-hfb-mobile-header-display":"","site-post-title":"","ast-breadcrumbs-content":"","ast-featured-img":"","footer-sml-layout":"","theme-transparent-header-meta":"default","adv-header-id-meta":"","stick-header-meta":"","header-above-stick-meta":"","header-main-stick-meta":"","header-below-stick-meta":"","astra-migrate-meta-layouts":"set","ast-page-background-enabled":"default","ast-page-background-meta":{"desktop":{"background-color":"","background-image":"","background-repeat":"repeat","background-position":"center center","background-size":"auto","background-attachment":"scroll","background-type":"","background-media":"","overlay-type":"","overlay-color":"","overlay-opacity":"","overlay-gradient":""},"tablet":{"background-color":"","background-image":"","background-repeat":"repeat","background-position":"center center","background-size":"auto","background-attachment":"scroll","background-type":"","background-media":"","overlay-type":"","overlay-color":"","overlay-opacity":"","overlay-gradient":""},"mobile":{"background-color":"","background-image":"","background-repeat":"repeat","background-position":"center center","background-size":"auto","background-attachment":"scroll","background-type":"","background-media":"","overlay-type":"","overlay-color":"","overlay-opacity":"","overlay-gradient":""}},"ast-content-background-meta":{"desktop":{"background-color":"var(--ast-global-color-5)","background-image":"","background-repeat":"repeat","background-position":"center center","background-size":"auto","background-attachment":"scroll","background-type":"","background-media":"","overlay-type":"","overlay-color":"","overlay-opacity":"","overlay-gradient":""},"tablet":{"background-color":"var(--ast-global-color-5)","background-image":"","background-repeat":"repeat","background-position":"center center","background-size":"auto","background-attachment":"scroll","background-type":"","background-media":"","overlay-type":"","overlay-color":"","overlay-opacity":"","overlay-gradient":""},"mobile":{"background-color":"var(--ast-global-color-5)","background-image":"","background-repeat":"repeat","background-position":"center center","background-size":"auto","background-attachment":"scroll","background-type":"","background-media":"","overlay-type":"","overlay-color":"","overlay-opacity":"","overlay-gradient":""}}},"product_brand":[],"product_cat":[334,29],"product_tag":[501,151,123,490],"class_list":{"0":"post-3451","1":"product","2":"type-product","3":"status-publish","4":"has-post-thumbnail","6":"product_cat-concentres-de-marijuana","7":"product_cat-haschisch","8":"product_tag-black-nepalese-haschisch","9":"product_tag-haschisch","10":"product_tag-hashish","11":"product_tag-order-black-nepalese-hash-europe","12":"desktop-align-left","13":"tablet-align-left","14":"mobile-align-left","16":"first","17":"instock","18":"shipping-taxable","19":"purchasable","20":"product-type-variable"},"uagb_featured_image_src":{"full":["https:\/\/pressurezone.shop\/wp-content\/uploads\/2024\/10\/Black-Nepalese-Hash.jpg",768,768,false],"thumbnail":["https:\/\/pressurezone.shop\/wp-content\/uploads\/2024\/10\/Black-Nepalese-Hash-150x150.jpg",150,150,true],"medium":["https:\/\/pressurezone.shop\/wp-content\/uploads\/2024\/10\/Black-Nepalese-Hash-300x300.jpg",300,300,true],"medium_large":["https:\/\/pressurezone.shop\/wp-content\/uploads\/2024\/10\/Black-Nepalese-Hash.jpg",768,768,false],"large":["https:\/\/pressurezone.shop\/wp-content\/uploads\/2024\/10\/Black-Nepalese-Hash.jpg",768,768,false],"1536x1536":["https:\/\/pressurezone.shop\/wp-content\/uploads\/2024\/10\/Black-Nepalese-Hash.jpg",768,768,false],"2048x2048":["https:\/\/pressurezone.shop\/wp-content\/uploads\/2024\/10\/Black-Nepalese-Hash.jpg",768,768,false],"trp-custom-language-flag":["https:\/\/pressurezone.shop\/wp-content\/uploads\/2024\/10\/Black-Nepalese-Hash-12x12.jpg",12,12,true],"woocommerce_thumbnail":["https:\/\/pressurezone.shop\/wp-content\/uploads\/2024\/10\/Black-Nepalese-Hash-300x300.jpg",300,300,true],"woocommerce_single":["https:\/\/pressurezone.shop\/wp-content\/uploads\/2024\/10\/Black-Nepalese-Hash-600x600.jpg",600,600,true],"woocommerce_gallery_thumbnail":["https:\/\/pressurezone.shop\/wp-content\/uploads\/2024\/10\/Black-Nepalese-Hash-100x100.jpg",100,100,true]},"uagb_author_info":{"display_name":"pressurezone.shop","author_link":"https:\/\/pressurezone.shop\/en\/author\/"},"uagb_comment_info":0,"uagb_excerpt":"Achetez du Black Nepalese Haschisch en Ligne en Europe sur Pressure Zone Shop D\u00e9couvrez le Black Nepalese Haschisch, un haschisch rare provenant des hautes montagnes du N\u00e9pal. Ce haschisch de qualit\u00e9 exceptionnelle est reconnu pour sa texture unique, facile \u00e0 manier et riche en r\u00e9sine, offrant une exp\u00e9rience intense et parfum\u00e9e. Avec son m\u00e9lange parfait&hellip;","_links":{"self":[{"href":"https:\/\/pressurezone.shop\/en\/wp-json\/wp\/v2\/product\/3451"}],"collection":[{"href":"https:\/\/pressurezone.shop\/en\/wp-json\/wp\/v2\/product"}],"about":[{"href":"https:\/\/pressurezone.shop\/en\/wp-json\/wp\/v2\/types\/product"}],"replies":[{"embeddable":true,"href":"https:\/\/pressurezone.shop\/en\/wp-json\/wp\/v2\/comments?post=3451"}],"version-history":[{"count":3,"href":"https:\/\/pressurezone.shop\/en\/wp-json\/wp\/v2\/product\/3451\/revisions"}],"predecessor-version":[{"id":4118,"href":"https:\/\/pressurezone.shop\/en\/wp-json\/wp\/v2\/product\/3451\/revisions\/4118"}],"wp:featuredmedia":[{"embeddable":true,"href":"https:\/\/pressurezone.shop\/en\/wp-json\/wp\/v2\/media\/3510"}],"wp:attachment":[{"href":"https:\/\/pressurezone.shop\/en\/wp-json\/wp\/v2\/media?parent=3451"}],"wp:term":[{"taxonomy":"product_brand","embeddable":true,"href":"https:\/\/pressurezone.shop\/en\/wp-json\/wp\/v2\/product_brand?post=3451"},{"taxonomy":"product_cat","embeddable":true,"href":"https:\/\/pressurezone.shop\/en\/wp-json\/wp\/v2\/product_cat?post=3451"},{"taxonomy":"product_tag","embeddable":true,"href":"https:\/\/pressurezone.shop\/en\/wp-json\/wp\/v2\/product_tag?post=3451"}],"curies":[{"name":"wp","href":"https:\/\/api.w.org\/{rel}","templated":true}]}}