{"id":3473,"date":"2024-10-11T01:03:53","date_gmt":"2024-10-10T23:03:53","guid":{"rendered":"https:\/\/pressurezone.shop\/?post_type=product&#038;p=3473"},"modified":"2024-11-04T19:23:56","modified_gmt":"2024-11-04T18:23:56","slug":"haschisch-rouge-libanais","status":"publish","type":"product","link":"https:\/\/pressurezone.shop\/en\/product\/lebanese-red-hashish\/","title":{"rendered":"Lebanese Red Hashish"},"content":{"rendered":"<h3><strong>Buy Red Lebanese Hashish Online in Europe on <a href=\"https:\/\/pressurezone.shop\/en\/\" target=\"_new\" rel=\"noopener\">Pressure Zone Shop<\/a><\/strong><\/h3>\n<p>Discover the legendary <strong>Lebanese Red Hashish<\/strong>a variant renowned for its powerful cerebral effects, though always accompanied by deep bodily relaxation. More stimulating than other traditional types of hashish, the <strong>Lebanese Red Hashish<\/strong> offers a unique experience, with intense body stoning and remarkable waves of relaxation, often surpassing those of Moroccan hashish.<\/p>\n<h3>A High-Quality Cultural Icon<\/h3>\n<p>Visit <strong>Lebanese Red Hashish<\/strong> is not just a cannabis product - it's rooted in Middle Eastern culture and history. Known the world over for its exceptional AAAA+ quality, Lebanese hashish comes from the Baalbek valley, where the harsh conditions and rigorous climate encourage the development of thick layers of THC trichomes on local cannabis plants. This natural process enhances the potency, quality and purity of <strong>Lebanese Red Hashish<\/strong>distinguishing it as one of the finest authentic hashish.<\/p>\n<ul>\n<li><strong>Type<\/strong> Haschisch Premium Libanais<\/li>\n<li><strong>Origin<\/strong> Baalbek Valley, Lebanon<\/li>\n<\/ul>\n<h3>Why choose Lebanese Red Hashish?<\/h3>\n<p>Visit <strong>Lebanese Red Hashish<\/strong> is the perfect choice for those seeking cerebral effects and unparalleled body relaxation. Thanks to its superior quality and unique production method, this hashish is ideal for balanced relaxation that also stimulates the mind. Its distinctive red color comes from a sun-drying and maturing process, which gives this hashish a unique visual and aromatic profile.<\/p>\n<ul>\n<li><strong>Aromas<\/strong> Earthy, spicy, with hints of pine and herbs<\/li>\n<li><strong>Effects<\/strong> : Cerebral, Relaxing, Balanced<\/li>\n<li><strong>Perfect For<\/strong> Evening relaxation, mental stimulation, physical relaxation<\/li>\n<\/ul>\n<h3>Flavours and aromas of Lebanese Red Hashish<\/h3>\n<p>Visit <strong>Lebanese Red Hashish<\/strong> is distinguished by its richness of flavor and aroma. Its profile is earthy with a touch of spice and pine, enhanced by the characteristic sweet notes of the plant's natural pistils. The tasting experience is as unique as its red color, imbued by the natural ripening process under the Lebanese sun.<a href=\"https:\/\/fuelpackz.com\/\" target=\"_blank\" rel=\"noopener\">.<\/a><\/p>\n<ul>\n<li><strong>Flavors<\/strong> : Earthy, Spicy, Herbaceous sweetness<\/li>\n<li><strong>Aromas<\/strong> Pine, Earthy, Spicy notes<\/li>\n<\/ul>\n<h3>Use and Experience<\/h3>\n<p>Thanks to its supple texture and purity, the <strong>Lebanese Red Hashish<\/strong> is easy to handle and adapts to different consumption methods:<\/p>\n<ul>\n<li><strong>Smoking in a pipe or bong<\/strong> for a fast, direct experience.<\/li>\n<li><strong>Spray<\/strong> to enjoy pure flavor and control over the effects.<\/li>\n<li><strong>Add to a joint<\/strong> to enrich the flavor and intensity of the effects.<\/li>\n<\/ul>\n<h3>Order Red Lebanese Hashish Online at Pressure Zone Shop<\/h3>\n<p>Ready to explore the unique effects and rich flavours of <strong>Lebanese Red Hashish<\/strong> ? Order now on <a href=\"https:\/\/pressurezone.shop\/en\/\" target=\"_new\" rel=\"noopener\">Pressure Zone Shop<\/a> for an authentic hashish experience, ideal for those seeking quality and potency. <strong>Lebanese Red Hashish<\/strong> is the perfect choice for balanced relaxation and a dive into the history of high-quality hashish.<\/p>","protected":false},"excerpt":{"rendered":"<p>Achetez le Haschisch Rouge Libanais en Ligne en Europe sur Pressure Zone Shop D\u00e9couvrez le l\u00e9gendaire Haschisch Rouge Libanais, une variante renomm\u00e9e pour ses effets c\u00e9r\u00e9braux puissants, bien que toujours accompagn\u00e9 d&rsquo;une relaxation corporelle profonde. Plus stimulant que d\u2019autres types de haschisch traditionnels, le Haschisch Rouge Libanais offre une exp\u00e9rience unique, avec un stone corporel [&hellip;]<\/p>","protected":false},"featured_media":3518,"comment_status":"closed","ping_status":"closed","template":"","meta":{"_uag_custom_page_level_css":"","site-sidebar-layout":"default","site-content-layout":"","ast-site-content-layout":"default","site-content-style":"default","site-sidebar-style":"default","ast-global-header-display":"","ast-banner-title-visibility":"","ast-main-header-display":"","ast-hfb-above-header-display":"","ast-hfb-below-header-display":"","ast-hfb-mobile-header-display":"","site-post-title":"","ast-breadcrumbs-content":"","ast-featured-img":"","footer-sml-layout":"","theme-transparent-header-meta":"default","adv-header-id-meta":"","stick-header-meta":"","header-above-stick-meta":"","header-main-stick-meta":"","header-below-stick-meta":"","astra-migrate-meta-layouts":"set","ast-page-background-enabled":"default","ast-page-background-meta":{"desktop":{"background-color":"","background-image":"","background-repeat":"repeat","background-position":"center center","background-size":"auto","background-attachment":"scroll","background-type":"","background-media":"","overlay-type":"","overlay-color":"","overlay-opacity":"","overlay-gradient":""},"tablet":{"background-color":"","background-image":"","background-repeat":"repeat","background-position":"center center","background-size":"auto","background-attachment":"scroll","background-type":"","background-media":"","overlay-type":"","overlay-color":"","overlay-opacity":"","overlay-gradient":""},"mobile":{"background-color":"","background-image":"","background-repeat":"repeat","background-position":"center center","background-size":"auto","background-attachment":"scroll","background-type":"","background-media":"","overlay-type":"","overlay-color":"","overlay-opacity":"","overlay-gradient":""}},"ast-content-background-meta":{"desktop":{"background-color":"var(--ast-global-color-5)","background-image":"","background-repeat":"repeat","background-position":"center center","background-size":"auto","background-attachment":"scroll","background-type":"","background-media":"","overlay-type":"","overlay-color":"","overlay-opacity":"","overlay-gradient":""},"tablet":{"background-color":"var(--ast-global-color-5)","background-image":"","background-repeat":"repeat","background-position":"center center","background-size":"auto","background-attachment":"scroll","background-type":"","background-media":"","overlay-type":"","overlay-color":"","overlay-opacity":"","overlay-gradient":""},"mobile":{"background-color":"var(--ast-global-color-5)","background-image":"","background-repeat":"repeat","background-position":"center center","background-size":"auto","background-attachment":"scroll","background-type":"","background-media":"","overlay-type":"","overlay-color":"","overlay-opacity":"","overlay-gradient":""}}},"product_brand":[],"product_cat":[334,29],"product_tag":[493],"class_list":{"0":"post-3473","1":"product","2":"type-product","3":"status-publish","4":"has-post-thumbnail","6":"product_cat-concentres-de-marijuana","7":"product_cat-haschisch","8":"product_tag-buy-red-lebanese-hash-europe","9":"desktop-align-left","10":"tablet-align-left","11":"mobile-align-left","13":"first","14":"instock","15":"shipping-taxable","16":"purchasable","17":"product-type-variable"},"uagb_featured_image_src":{"full":["https:\/\/pressurezone.shop\/wp-content\/uploads\/2024\/10\/Buy-Red-Lebanese-Hash.jpg",768,768,false],"thumbnail":["https:\/\/pressurezone.shop\/wp-content\/uploads\/2024\/10\/Buy-Red-Lebanese-Hash-150x150.jpg",150,150,true],"medium":["https:\/\/pressurezone.shop\/wp-content\/uploads\/2024\/10\/Buy-Red-Lebanese-Hash-300x300.jpg",300,300,true],"medium_large":["https:\/\/pressurezone.shop\/wp-content\/uploads\/2024\/10\/Buy-Red-Lebanese-Hash.jpg",768,768,false],"large":["https:\/\/pressurezone.shop\/wp-content\/uploads\/2024\/10\/Buy-Red-Lebanese-Hash.jpg",768,768,false],"1536x1536":["https:\/\/pressurezone.shop\/wp-content\/uploads\/2024\/10\/Buy-Red-Lebanese-Hash.jpg",768,768,false],"2048x2048":["https:\/\/pressurezone.shop\/wp-content\/uploads\/2024\/10\/Buy-Red-Lebanese-Hash.jpg",768,768,false],"trp-custom-language-flag":["https:\/\/pressurezone.shop\/wp-content\/uploads\/2024\/10\/Buy-Red-Lebanese-Hash-12x12.jpg",12,12,true],"woocommerce_thumbnail":["https:\/\/pressurezone.shop\/wp-content\/uploads\/2024\/10\/Buy-Red-Lebanese-Hash-300x300.jpg",300,300,true],"woocommerce_single":["https:\/\/pressurezone.shop\/wp-content\/uploads\/2024\/10\/Buy-Red-Lebanese-Hash-600x600.jpg",600,600,true],"woocommerce_gallery_thumbnail":["https:\/\/pressurezone.shop\/wp-content\/uploads\/2024\/10\/Buy-Red-Lebanese-Hash-100x100.jpg",100,100,true]},"uagb_author_info":{"display_name":"pressurezone.shop","author_link":"https:\/\/pressurezone.shop\/en\/author\/"},"uagb_comment_info":0,"uagb_excerpt":"Achetez le Haschisch Rouge Libanais en Ligne en Europe sur Pressure Zone Shop D\u00e9couvrez le l\u00e9gendaire Haschisch Rouge Libanais, une variante renomm\u00e9e pour ses effets c\u00e9r\u00e9braux puissants, bien que toujours accompagn\u00e9 d&rsquo;une relaxation corporelle profonde. Plus stimulant que d\u2019autres types de haschisch traditionnels, le Haschisch Rouge Libanais offre une exp\u00e9rience unique, avec un stone corporel&hellip;","_links":{"self":[{"href":"https:\/\/pressurezone.shop\/en\/wp-json\/wp\/v2\/product\/3473"}],"collection":[{"href":"https:\/\/pressurezone.shop\/en\/wp-json\/wp\/v2\/product"}],"about":[{"href":"https:\/\/pressurezone.shop\/en\/wp-json\/wp\/v2\/types\/product"}],"replies":[{"embeddable":true,"href":"https:\/\/pressurezone.shop\/en\/wp-json\/wp\/v2\/comments?post=3473"}],"version-history":[{"count":3,"href":"https:\/\/pressurezone.shop\/en\/wp-json\/wp\/v2\/product\/3473\/revisions"}],"predecessor-version":[{"id":4158,"href":"https:\/\/pressurezone.shop\/en\/wp-json\/wp\/v2\/product\/3473\/revisions\/4158"}],"wp:featuredmedia":[{"embeddable":true,"href":"https:\/\/pressurezone.shop\/en\/wp-json\/wp\/v2\/media\/3518"}],"wp:attachment":[{"href":"https:\/\/pressurezone.shop\/en\/wp-json\/wp\/v2\/media?parent=3473"}],"wp:term":[{"taxonomy":"product_brand","embeddable":true,"href":"https:\/\/pressurezone.shop\/en\/wp-json\/wp\/v2\/product_brand?post=3473"},{"taxonomy":"product_cat","embeddable":true,"href":"https:\/\/pressurezone.shop\/en\/wp-json\/wp\/v2\/product_cat?post=3473"},{"taxonomy":"product_tag","embeddable":true,"href":"https:\/\/pressurezone.shop\/en\/wp-json\/wp\/v2\/product_tag?post=3473"}],"curies":[{"name":"wp","href":"https:\/\/api.w.org\/{rel}","templated":true}]}}