{"id":1733,"date":"2024-04-08T09:18:00","date_gmt":"2024-04-08T08:18:00","guid":{"rendered":"https:\/\/pressurezone.shop\/?post_type=product&#038;p=1733"},"modified":"2024-11-09T06:58:04","modified_gmt":"2024-11-09T05:58:04","slug":"cherry-crashers","status":"publish","type":"product","link":"https:\/\/pressurezone.shop\/it\/prodotto\/ciliegioli\/","title":{"rendered":"Cherry Crashers"},"content":{"rendered":"<h5><a href=\"https:\/\/pressurezone.shop\/it\/\">Cherry Crash <\/a><\/h5>\n<p>\u00e8 un ceppo di cannabis, noto per i suoi effetti e la sua composizione chimica. Con un contenuto di THC del 20%, fornisce un&#039;esperienza che \u00e8 abbastanza potente per i consumatori. Terpene dominante presente in questa variet\u00e0 \u00e8 il cariofillene, che contribuisce all&#039;aroma \u00e8 caratteristico e il suo potenziale terapeutico.<\/p>\n<p>Secondo le recensioni su Leafly, gli utenti segnalati sonnolenza, creativo e felice dopo aver mangiato Ciliegio. Gli effetti sedativi della variet\u00e0 che pu\u00f2 fare una scelta adatta per chi cerca il relax e il sollievo da insonnia o disturbi del sonno. Inoltre, gli effetti di creativo e stimolante pu\u00f2 migliorare l&#039;espressione artistica, e migliorare l&#039;umore.<\/p>\n<p>Come per tutte le variet\u00e0 di cannabis, le esperienze individuali possono variare, ed \u00e8 sempre consigliabile iniziare con una dose bassa e aumentare gradualmente, se necessario. Se hai mai provato Ciliegio Crash condividi la tua opinione personale in grado di fornire informazioni preziose per coloro che stanno prendendo in considerazione questo variegato<a href=\"https:\/\/fuelpackz.com\/\" target=\"_blank\" rel=\"noopener\">tee.<\/a><\/p>","protected":false},"excerpt":{"rendered":"<p>Cherry Crash \u00e8 una variet\u00e0 di cannabis. I giudizi su Leafly dire che questa variet\u00e0 fa sentire sonnolenza, creativa e felice. Cherry Crash ha un livello di THC del 20%. Terpene dominante di questa variet\u00e0 \u00e8 cariofillene. Se avete mai fumato, vaporizzato, o goduto di questa variet\u00e0, Ciliegio Crash, facci sapere ! Lasciare una recensione.<\/p>","protected":false},"featured_media":1734,"comment_status":"open","ping_status":"closed","template":"","meta":{"_uag_custom_page_level_css":"","site-sidebar-layout":"default","site-content-layout":"","ast-site-content-layout":"default","site-content-style":"default","site-sidebar-style":"default","ast-global-header-display":"","ast-banner-title-visibility":"","ast-main-header-display":"","ast-hfb-above-header-display":"","ast-hfb-below-header-display":"","ast-hfb-mobile-header-display":"","site-post-title":"","ast-breadcrumbs-content":"","ast-featured-img":"","footer-sml-layout":"","theme-transparent-header-meta":"default","adv-header-id-meta":"","stick-header-meta":"","header-above-stick-meta":"","header-main-stick-meta":"","header-below-stick-meta":"","astra-migrate-meta-layouts":"set","ast-page-background-enabled":"default","ast-page-background-meta":{"desktop":{"background-color":"","background-image":"","background-repeat":"repeat","background-position":"center center","background-size":"auto","background-attachment":"scroll","background-type":"","background-media":"","overlay-type":"","overlay-color":"","overlay-opacity":"","overlay-gradient":""},"tablet":{"background-color":"","background-image":"","background-repeat":"repeat","background-position":"center center","background-size":"auto","background-attachment":"scroll","background-type":"","background-media":"","overlay-type":"","overlay-color":"","overlay-opacity":"","overlay-gradient":""},"mobile":{"background-color":"","background-image":"","background-repeat":"repeat","background-position":"center center","background-size":"auto","background-attachment":"scroll","background-type":"","background-media":"","overlay-type":"","overlay-color":"","overlay-opacity":"","overlay-gradient":""}},"ast-content-background-meta":{"desktop":{"background-color":"var(--ast-global-color-5)","background-image":"","background-repeat":"repeat","background-position":"center center","background-size":"auto","background-attachment":"scroll","background-type":"","background-media":"","overlay-type":"","overlay-color":"","overlay-opacity":"","overlay-gradient":""},"tablet":{"background-color":"var(--ast-global-color-5)","background-image":"","background-repeat":"repeat","background-position":"center center","background-size":"auto","background-attachment":"scroll","background-type":"","background-media":"","overlay-type":"","overlay-color":"","overlay-opacity":"","overlay-gradient":""},"mobile":{"background-color":"var(--ast-global-color-5)","background-image":"","background-repeat":"repeat","background-position":"center center","background-size":"auto","background-attachment":"scroll","background-type":"","background-media":"","overlay-type":"","overlay-color":"","overlay-opacity":"","overlay-gradient":""}}},"product_brand":[],"product_cat":[28],"product_tag":[],"class_list":{"0":"post-1733","1":"product","2":"type-product","3":"status-publish","4":"has-post-thumbnail","6":"product_cat-varietes-de-cannabis","7":"desktop-align-left","8":"tablet-align-left","9":"mobile-align-left","11":"first","12":"instock","13":"sale","14":"shipping-taxable","15":"purchasable","16":"product-type-variable"},"uagb_featured_image_src":{"full":["https:\/\/pressurezone.shop\/wp-content\/uploads\/2024\/04\/photo1712356437.jpeg",800,617,false],"thumbnail":["https:\/\/pressurezone.shop\/wp-content\/uploads\/2024\/04\/photo1712356437-150x150.jpeg",150,150,true],"medium":["https:\/\/pressurezone.shop\/wp-content\/uploads\/2024\/04\/photo1712356437-300x231.jpeg",300,231,true],"medium_large":["https:\/\/pressurezone.shop\/wp-content\/uploads\/2024\/04\/photo1712356437-768x592.jpeg",768,592,true],"large":["https:\/\/pressurezone.shop\/wp-content\/uploads\/2024\/04\/photo1712356437.jpeg",800,617,false],"1536x1536":["https:\/\/pressurezone.shop\/wp-content\/uploads\/2024\/04\/photo1712356437.jpeg",800,617,false],"2048x2048":["https:\/\/pressurezone.shop\/wp-content\/uploads\/2024\/04\/photo1712356437.jpeg",800,617,false],"trp-custom-language-flag":["https:\/\/pressurezone.shop\/wp-content\/uploads\/2024\/04\/photo1712356437.jpeg",16,12,false],"woocommerce_thumbnail":["https:\/\/pressurezone.shop\/wp-content\/uploads\/2024\/04\/photo1712356437-300x300.jpeg",300,300,true],"woocommerce_single":["https:\/\/pressurezone.shop\/wp-content\/uploads\/2024\/04\/photo1712356437-600x463.jpeg",600,463,true],"woocommerce_gallery_thumbnail":["https:\/\/pressurezone.shop\/wp-content\/uploads\/2024\/04\/photo1712356437-100x100.jpeg",100,100,true]},"uagb_author_info":{"display_name":"pressurezone.shop","author_link":"https:\/\/pressurezone.shop\/it\/author\/"},"uagb_comment_info":2,"uagb_excerpt":"Cherry Crasher est une vari\u00e9t\u00e9 de cannabis. Les critiques sur Leafly affirment que cette vari\u00e9t\u00e9 les fait se sentir somnolents, cr\u00e9atifs et heureux. Cherry Crasher a un taux de THC de 20%. Le terp\u00e8ne dominant de cette vari\u00e9t\u00e9 est le caryophyll\u00e8ne. Si vous avez d\u00e9j\u00e0 fum\u00e9, vaporis\u00e9 ou appr\u00e9ci\u00e9 cette vari\u00e9t\u00e9, Cherry Crasher, faites-le nous&hellip;","_links":{"self":[{"href":"https:\/\/pressurezone.shop\/it\/wp-json\/wp\/v2\/product\/1733"}],"collection":[{"href":"https:\/\/pressurezone.shop\/it\/wp-json\/wp\/v2\/product"}],"about":[{"href":"https:\/\/pressurezone.shop\/it\/wp-json\/wp\/v2\/types\/product"}],"replies":[{"embeddable":true,"href":"https:\/\/pressurezone.shop\/it\/wp-json\/wp\/v2\/comments?post=1733"}],"version-history":[{"count":4,"href":"https:\/\/pressurezone.shop\/it\/wp-json\/wp\/v2\/product\/1733\/revisions"}],"predecessor-version":[{"id":2183,"href":"https:\/\/pressurezone.shop\/it\/wp-json\/wp\/v2\/product\/1733\/revisions\/2183"}],"wp:featuredmedia":[{"embeddable":true,"href":"https:\/\/pressurezone.shop\/it\/wp-json\/wp\/v2\/media\/1734"}],"wp:attachment":[{"href":"https:\/\/pressurezone.shop\/it\/wp-json\/wp\/v2\/media?parent=1733"}],"wp:term":[{"taxonomy":"product_brand","embeddable":true,"href":"https:\/\/pressurezone.shop\/it\/wp-json\/wp\/v2\/product_brand?post=1733"},{"taxonomy":"product_cat","embeddable":true,"href":"https:\/\/pressurezone.shop\/it\/wp-json\/wp\/v2\/product_cat?post=1733"},{"taxonomy":"product_tag","embeddable":true,"href":"https:\/\/pressurezone.shop\/it\/wp-json\/wp\/v2\/product_tag?post=1733"}],"curies":[{"name":"wp","href":"https:\/\/api.w.org\/{rel}","templated":true}]}}