{"id":1749,"date":"2024-04-08T09:26:27","date_gmt":"2024-04-08T08:26:27","guid":{"rendered":"https:\/\/pressurezone.shop\/?post_type=product&#038;p=1749"},"modified":"2024-04-10T02:49:05","modified_gmt":"2024-04-10T01:49:05","slug":"gelato-punch","status":"publish","type":"product","link":"https:\/\/pressurezone.shop\/it\/prodotto\/punch-gelato\/","title":{"rendered":"Gelato Punch"},"content":{"rendered":"<h2><a href=\"https:\/\/pressurezone.shop\/it\/\"><strong>Gelato al punch di frutta<\/strong><\/a><\/h2>\n<p>Gelato Punch <span style=\"font-size: 16px;\">\u00e8 una variet\u00e0 ibrida, con un po &#039; dominante indica (60% indica\/40% sativa e il 70% indica\/30% sativa) creata dall&#039;incrocio di una deliziosa ceppi Viola Punch, e Gelato 33. Questo top-down celebrit\u00e0 fornisce un sapore delizioso e un effetto rilassante che vi aiuter\u00e0 a rilassarsi e addormentarsi.<\/span><\/p>\n<p>Proprio come i suoi genitori, Gelato Punch ha un sapore che \u00e8 super dolce e fruttato, con note di agrumi, frutta, dolci e gelato. L&#039;aroma \u00e8 pungente e limone, con un pizzico di diesel e speziato uve pepato. Gelato Pugno assommera pochi minuti dopo che \u00e8 scaduto, che colpisce con un doppio colpo di felicit\u00e0 e di tranquillit\u00e0.<\/p>\n<p>Senti la tua mente piena di un senso di beatitudine, come il tuo corpo si rilassa progressivamente in uno stato di rilassamento fisico intenso e facilit\u00e0. Questa combinazione pu\u00f2 diventare rapidamente sedativo, quindi preparatevi per una lunga e nap, con questa gemma ! Grazie a questi effetti, e il suo tasso medio di THC alta di oltre il 20%, Gelato Punch \u00e8 spesso scelto per il trattamento di condizioni come l&#039;insonnia, il dolore cronico, perdita di appetito o nausea, e di stress cronico.<\/p>\n<p>I capi di Gelato Punch sono piccoli e rotondi, con un verde oliva super denso, con sfumature di viola, profondo, capelli giallo e arancione brillante tricomi cristallino viola brillante e gelido.<\/p>\n<p>Gelato Punch \u00e8 una variet\u00e0 ibrida conosciuta per le sue caratteristiche leggermente dominante indica. \u00c8 creato dall&#039;incrocio dei due principali ceppi, Viola Punch, e Gelato 33. Il discendente risultante eredita le qualit\u00e0 migliori dei suoi genitori, che offre un unico e divertente esperienza.<\/p>\n<p>Uno degli aspetti notevoli del Gelato Punch \u00e8 il profilo dei suoi sapori. Ha un sapore dolce e dolce ricordando la dolce frutti di bosco, con note di agrumi, frutta, dolci e gelato. L&#039;aroma \u00e8 pungente e limone, accompagnati da note speziate di diesel e un tocco di uva pepato.<\/p>\n<p>In termini di effetti, Gelato Pugno offre un doppio colpo di lenitivo e calmante. Ha la capacit\u00e0 di indurre una sensazione di relax e tranquillit\u00e0, il che rende la scelta ideale per rilassarsi e prepararsi per il sonno. La variet\u00e0 in grado di fornire uno stato d&#039;animo beatificare mentre indurre una sensazione fisica intensa che favorisce un profondo rilassamento.<\/p>\n<p>Grazie ai suoi potenti effetti e il suo contenuto relativamente elevato di THC (in media superiore al 20 %), il Gelato Punch \u00e8 spesso cercato per scopi medicinali. \u00c8 comunemente usato per alleviare disturbi come l&#039;insonnia, il dolore cronico, perdita di appetito, nausea, e lo stress cronico.<\/p>\n<p>Visivamente, i capi di Gelato Pugno, caratterizzati dalla loro forma di piccolo e arrotondato, la loro struttura, denso e colori audaci. Hanno sfumature di viola, profondo, capelli giallo e arancione brillante tricomi cristallino viola e satinato.<\/p>\n<p>Tutto in tutti, Gelato Pugno offre una deliziosa combinazione di sapori, forti effetti e il potenziale terapeutico, che lo rende una scelta preferita tra i consumatori di cannabis amanti in cerca di relax e sollievo dei vari mau<a href=\"https:\/\/fuelpackz.com\/\" target=\"_blank\" rel=\"noopener\">x.<\/a><\/p>\n<h4>Gelato Punch<\/h4>","protected":false},"excerpt":{"rendered":"<p>Tutto in tutti, Gelato Pugno offre una deliziosa combinazione di sapori, forti effetti e il potenziale terapeutico, che lo rende una scelta preferita tra i consumatori di cannabis amanti in cerca di relax e di soccorso di vari disturbi.<\/p>","protected":false},"featured_media":1750,"comment_status":"open","ping_status":"closed","template":"","meta":{"_uag_custom_page_level_css":"","site-sidebar-layout":"default","site-content-layout":"","ast-site-content-layout":"default","site-content-style":"default","site-sidebar-style":"default","ast-global-header-display":"","ast-banner-title-visibility":"","ast-main-header-display":"","ast-hfb-above-header-display":"","ast-hfb-below-header-display":"","ast-hfb-mobile-header-display":"","site-post-title":"","ast-breadcrumbs-content":"","ast-featured-img":"","footer-sml-layout":"","theme-transparent-header-meta":"default","adv-header-id-meta":"","stick-header-meta":"","header-above-stick-meta":"","header-main-stick-meta":"","header-below-stick-meta":"","astra-migrate-meta-layouts":"set","ast-page-background-enabled":"default","ast-page-background-meta":{"desktop":{"background-color":"","background-image":"","background-repeat":"repeat","background-position":"center center","background-size":"auto","background-attachment":"scroll","background-type":"","background-media":"","overlay-type":"","overlay-color":"","overlay-opacity":"","overlay-gradient":""},"tablet":{"background-color":"","background-image":"","background-repeat":"repeat","background-position":"center center","background-size":"auto","background-attachment":"scroll","background-type":"","background-media":"","overlay-type":"","overlay-color":"","overlay-opacity":"","overlay-gradient":""},"mobile":{"background-color":"","background-image":"","background-repeat":"repeat","background-position":"center center","background-size":"auto","background-attachment":"scroll","background-type":"","background-media":"","overlay-type":"","overlay-color":"","overlay-opacity":"","overlay-gradient":""}},"ast-content-background-meta":{"desktop":{"background-color":"var(--ast-global-color-5)","background-image":"","background-repeat":"repeat","background-position":"center center","background-size":"auto","background-attachment":"scroll","background-type":"","background-media":"","overlay-type":"","overlay-color":"","overlay-opacity":"","overlay-gradient":""},"tablet":{"background-color":"var(--ast-global-color-5)","background-image":"","background-repeat":"repeat","background-position":"center center","background-size":"auto","background-attachment":"scroll","background-type":"","background-media":"","overlay-type":"","overlay-color":"","overlay-opacity":"","overlay-gradient":""},"mobile":{"background-color":"var(--ast-global-color-5)","background-image":"","background-repeat":"repeat","background-position":"center center","background-size":"auto","background-attachment":"scroll","background-type":"","background-media":"","overlay-type":"","overlay-color":"","overlay-opacity":"","overlay-gradient":""}}},"product_brand":[],"product_cat":[28],"product_tag":[205,72,201,218],"class_list":{"0":"post-1749","1":"product","2":"type-product","3":"status-publish","4":"has-post-thumbnail","6":"product_cat-varietes-de-cannabis","7":"product_tag-berry-blast","8":"product_tag-cannabis","9":"product_tag-cannacavi-moon-rocks","10":"product_tag-kaws-cereal-moonstone","11":"desktop-align-left","12":"tablet-align-left","13":"mobile-align-left","15":"first","16":"instock","17":"sale","18":"shipping-taxable","19":"purchasable","20":"product-type-variable"},"uagb_featured_image_src":{"full":["https:\/\/pressurezone.shop\/wp-content\/uploads\/2024\/04\/photo1712356436.jpeg",1127,1280,false],"thumbnail":["https:\/\/pressurezone.shop\/wp-content\/uploads\/2024\/04\/photo1712356436-150x150.jpeg",150,150,true],"medium":["https:\/\/pressurezone.shop\/wp-content\/uploads\/2024\/04\/photo1712356436-264x300.jpeg",264,300,true],"medium_large":["https:\/\/pressurezone.shop\/wp-content\/uploads\/2024\/04\/photo1712356436-768x872.jpeg",768,872,true],"large":["https:\/\/pressurezone.shop\/wp-content\/uploads\/2024\/04\/photo1712356436-902x1024.jpeg",902,1024,true],"1536x1536":["https:\/\/pressurezone.shop\/wp-content\/uploads\/2024\/04\/photo1712356436.jpeg",1127,1280,false],"2048x2048":["https:\/\/pressurezone.shop\/wp-content\/uploads\/2024\/04\/photo1712356436.jpeg",1127,1280,false],"trp-custom-language-flag":["https:\/\/pressurezone.shop\/wp-content\/uploads\/2024\/04\/photo1712356436.jpeg",11,12,false],"woocommerce_thumbnail":["https:\/\/pressurezone.shop\/wp-content\/uploads\/2024\/04\/photo1712356436-300x300.jpeg",300,300,true],"woocommerce_single":["https:\/\/pressurezone.shop\/wp-content\/uploads\/2024\/04\/photo1712356436-600x681.jpeg",600,681,true],"woocommerce_gallery_thumbnail":["https:\/\/pressurezone.shop\/wp-content\/uploads\/2024\/04\/photo1712356436-100x100.jpeg",100,100,true]},"uagb_author_info":{"display_name":"pressurezone.shop","author_link":"https:\/\/pressurezone.shop\/it\/author\/"},"uagb_comment_info":0,"uagb_excerpt":"Dans l'ensemble, Gelato Punch offre une combinaison d\u00e9licieuse de saveurs, d'effets puissants et de potentiel th\u00e9rapeutique, ce qui en fait un choix privil\u00e9gi\u00e9 parmi les amateurs de cannabis \u00e0 la recherche de d\u00e9tente et de soulagement de divers maux.","_links":{"self":[{"href":"https:\/\/pressurezone.shop\/it\/wp-json\/wp\/v2\/product\/1749"}],"collection":[{"href":"https:\/\/pressurezone.shop\/it\/wp-json\/wp\/v2\/product"}],"about":[{"href":"https:\/\/pressurezone.shop\/it\/wp-json\/wp\/v2\/types\/product"}],"replies":[{"embeddable":true,"href":"https:\/\/pressurezone.shop\/it\/wp-json\/wp\/v2\/comments?post=1749"}],"version-history":[{"count":5,"href":"https:\/\/pressurezone.shop\/it\/wp-json\/wp\/v2\/product\/1749\/revisions"}],"predecessor-version":[{"id":2185,"href":"https:\/\/pressurezone.shop\/it\/wp-json\/wp\/v2\/product\/1749\/revisions\/2185"}],"wp:featuredmedia":[{"embeddable":true,"href":"https:\/\/pressurezone.shop\/it\/wp-json\/wp\/v2\/media\/1750"}],"wp:attachment":[{"href":"https:\/\/pressurezone.shop\/it\/wp-json\/wp\/v2\/media?parent=1749"}],"wp:term":[{"taxonomy":"product_brand","embeddable":true,"href":"https:\/\/pressurezone.shop\/it\/wp-json\/wp\/v2\/product_brand?post=1749"},{"taxonomy":"product_cat","embeddable":true,"href":"https:\/\/pressurezone.shop\/it\/wp-json\/wp\/v2\/product_cat?post=1749"},{"taxonomy":"product_tag","embeddable":true,"href":"https:\/\/pressurezone.shop\/it\/wp-json\/wp\/v2\/product_tag?post=1749"}],"curies":[{"name":"wp","href":"https:\/\/api.w.org\/{rel}","templated":true}]}}