{"id":1757,"date":"2024-04-08T09:29:57","date_gmt":"2024-04-08T08:29:57","guid":{"rendered":"https:\/\/pressurezone.shop\/?post_type=product&#038;p=1757"},"modified":"2024-04-10T02:25:19","modified_gmt":"2024-04-10T01:25:19","slug":"white-berry-cannabis-strain","status":"publish","type":"product","link":"https:\/\/pressurezone.shop\/it\/prodotto\/varieta-di-cannabis-a-bacca-bianca\/","title":{"rendered":"Bacca bianca ceppo di cannabis"},"content":{"rendered":"<p>Le variet\u00e0 di cannabis a Bacca Bianca, anche comunemente chiamato il &#034;Blue Widow&#034; e &#034; a Bacca Bianca &#034;, l&#039;ibridazione \u00e8 un po &#039; dominante indica (65% indica\/35% sativa) creato attraverso attraversando ceppi molto popolare White Widow e DJ Breve Mirtillo.<\/p>\n<p>Bacca bianca ceppo di cannabis<\/p>\n<p>Questo germoglio gustoso si fonde armoniosamente con i sapori e gli effetti dei suoi due genitori, offrendo un fumo belle che si vorr\u00e0 ripetere ancora e ancora. Ha un potente aroma con un gradevole profumo di dolce frutti di bosco e un fruttato torta che viene rilasciato quando i boccioli sono fumato. Il gusto \u00e8 quello di mirtilli, dolcificato con un tocco di terra acida, alla fine, che si intensifica, come si continua a fumare.<\/p>\n<p>Queste teste sono di piccole dimensioni e look arioso di ciottoli rotondi di una foresta verde, rivestito con uno spesso strato di tricomi bianco, cristallino. Hanno una rara capelli ambra e vivaci tonalit\u00e0 di blu, che a volte mostrano attraverso il rivestimento satinato.<\/p>\n<p>L&#039;effetto della Bacca Bianca sono gioiosi e tonificante, ma pu\u00f2 essere scomodo per il corpo se viene consumato in grandi quantit\u00e0. Si sente subito un&#039;ondata di energia positiva e rilassante, cos\u00ec come motivazione che alimenta la vostra creativit\u00e0, e ti d\u00e0 una sensazione di concentrazione. Se si fuma abbastanza, si sar\u00e0 invasa da una potente sensazione di relax che i perni per il divano.<\/p>\n<p>Questi effetti, associato ad un medio contenuto di THC del 16% al 22%, sono a Bacca Bianca \u00e8 una scelta perfetta per il trattamento cronico di stress o di ansia, lieve a moderata casi di depressione, nausea, emicrania o mal di testa d<a href=\"https:\/\/fuelpackz.com\/\" target=\"_blank\" rel=\"noopener\">e<\/a> di tensione.Bacca bianca ceppo di cannabis<\/p>","protected":false},"excerpt":{"rendered":"<h2><a href=\"https:\/\/pressurezone.shop\/it\/\">Bacca bianca ceppo di cannabis<\/a><\/h2>\n<p>&#034;Goditi la dolcezza della Bacca Bianca Caramelle ! Delizia il tuo palato con la nostra irresistibile miscela di frutti di bosco e cioccolato bianco crema. Concedetevi un delizioso piacere che volont\u00e0 soddisfare le vostre voglie. Provare a Bacca Bianca Candy ora e vivere l&#039;esperienza di pura felicit\u00e0 ! \ud83c\udf6c\ud83c\udf53 &#034;<\/p>","protected":false},"featured_media":1758,"comment_status":"open","ping_status":"closed","template":"","meta":{"_uag_custom_page_level_css":"","site-sidebar-layout":"default","site-content-layout":"","ast-site-content-layout":"default","site-content-style":"default","site-sidebar-style":"default","ast-global-header-display":"","ast-banner-title-visibility":"","ast-main-header-display":"","ast-hfb-above-header-display":"","ast-hfb-below-header-display":"","ast-hfb-mobile-header-display":"","site-post-title":"","ast-breadcrumbs-content":"","ast-featured-img":"","footer-sml-layout":"","theme-transparent-header-meta":"default","adv-header-id-meta":"","stick-header-meta":"","header-above-stick-meta":"","header-main-stick-meta":"","header-below-stick-meta":"","astra-migrate-meta-layouts":"set","ast-page-background-enabled":"default","ast-page-background-meta":{"desktop":{"background-color":"","background-image":"","background-repeat":"repeat","background-position":"center center","background-size":"auto","background-attachment":"scroll","background-type":"","background-media":"","overlay-type":"","overlay-color":"","overlay-opacity":"","overlay-gradient":""},"tablet":{"background-color":"","background-image":"","background-repeat":"repeat","background-position":"center center","background-size":"auto","background-attachment":"scroll","background-type":"","background-media":"","overlay-type":"","overlay-color":"","overlay-opacity":"","overlay-gradient":""},"mobile":{"background-color":"","background-image":"","background-repeat":"repeat","background-position":"center center","background-size":"auto","background-attachment":"scroll","background-type":"","background-media":"","overlay-type":"","overlay-color":"","overlay-opacity":"","overlay-gradient":""}},"ast-content-background-meta":{"desktop":{"background-color":"var(--ast-global-color-5)","background-image":"","background-repeat":"repeat","background-position":"center center","background-size":"auto","background-attachment":"scroll","background-type":"","background-media":"","overlay-type":"","overlay-color":"","overlay-opacity":"","overlay-gradient":""},"tablet":{"background-color":"var(--ast-global-color-5)","background-image":"","background-repeat":"repeat","background-position":"center center","background-size":"auto","background-attachment":"scroll","background-type":"","background-media":"","overlay-type":"","overlay-color":"","overlay-opacity":"","overlay-gradient":""},"mobile":{"background-color":"var(--ast-global-color-5)","background-image":"","background-repeat":"repeat","background-position":"center center","background-size":"auto","background-attachment":"scroll","background-type":"","background-media":"","overlay-type":"","overlay-color":"","overlay-opacity":"","overlay-gradient":""}}},"product_brand":[],"product_cat":[28],"product_tag":[],"class_list":{"0":"post-1757","1":"product","2":"type-product","3":"status-publish","4":"has-post-thumbnail","6":"product_cat-varietes-de-cannabis","7":"desktop-align-left","8":"tablet-align-left","9":"mobile-align-left","11":"first","12":"instock","13":"sale","14":"shipping-taxable","15":"purchasable","16":"product-type-variable"},"uagb_featured_image_src":{"full":["https:\/\/pressurezone.shop\/wp-content\/uploads\/2024\/04\/photo1712356436-1.jpeg",1280,1205,false],"thumbnail":["https:\/\/pressurezone.shop\/wp-content\/uploads\/2024\/04\/photo1712356436-1-150x150.jpeg",150,150,true],"medium":["https:\/\/pressurezone.shop\/wp-content\/uploads\/2024\/04\/photo1712356436-1-300x282.jpeg",300,282,true],"medium_large":["https:\/\/pressurezone.shop\/wp-content\/uploads\/2024\/04\/photo1712356436-1-768x723.jpeg",768,723,true],"large":["https:\/\/pressurezone.shop\/wp-content\/uploads\/2024\/04\/photo1712356436-1-1024x964.jpeg",1024,964,true],"1536x1536":["https:\/\/pressurezone.shop\/wp-content\/uploads\/2024\/04\/photo1712356436-1.jpeg",1280,1205,false],"2048x2048":["https:\/\/pressurezone.shop\/wp-content\/uploads\/2024\/04\/photo1712356436-1.jpeg",1280,1205,false],"trp-custom-language-flag":["https:\/\/pressurezone.shop\/wp-content\/uploads\/2024\/04\/photo1712356436-1.jpeg",13,12,false],"woocommerce_thumbnail":["https:\/\/pressurezone.shop\/wp-content\/uploads\/2024\/04\/photo1712356436-1-300x300.jpeg",300,300,true],"woocommerce_single":["https:\/\/pressurezone.shop\/wp-content\/uploads\/2024\/04\/photo1712356436-1-600x565.jpeg",600,565,true],"woocommerce_gallery_thumbnail":["https:\/\/pressurezone.shop\/wp-content\/uploads\/2024\/04\/photo1712356436-1-100x100.jpeg",100,100,true]},"uagb_author_info":{"display_name":"pressurezone.shop","author_link":"https:\/\/pressurezone.shop\/it\/author\/"},"uagb_comment_info":0,"uagb_excerpt":"white Berry cannabis strain \"Savourez la douceur des White Berry Candy ! R\u00e9galez vos papilles gustatives avec notre irr\u00e9sistible m\u00e9lange de baies et de chocolat blanc cr\u00e9meux. Offrez-vous une d\u00e9licieuse g\u00e2terie qui satisfera vos envies. Essayez White Berry Candy maintenant et vivez un pur bonheur ! \ud83c\udf6c\ud83c\udf53\"","_links":{"self":[{"href":"https:\/\/pressurezone.shop\/it\/wp-json\/wp\/v2\/product\/1757"}],"collection":[{"href":"https:\/\/pressurezone.shop\/it\/wp-json\/wp\/v2\/product"}],"about":[{"href":"https:\/\/pressurezone.shop\/it\/wp-json\/wp\/v2\/types\/product"}],"replies":[{"embeddable":true,"href":"https:\/\/pressurezone.shop\/it\/wp-json\/wp\/v2\/comments?post=1757"}],"version-history":[{"count":5,"href":"https:\/\/pressurezone.shop\/it\/wp-json\/wp\/v2\/product\/1757\/revisions"}],"predecessor-version":[{"id":2180,"href":"https:\/\/pressurezone.shop\/it\/wp-json\/wp\/v2\/product\/1757\/revisions\/2180"}],"wp:featuredmedia":[{"embeddable":true,"href":"https:\/\/pressurezone.shop\/it\/wp-json\/wp\/v2\/media\/1758"}],"wp:attachment":[{"href":"https:\/\/pressurezone.shop\/it\/wp-json\/wp\/v2\/media?parent=1757"}],"wp:term":[{"taxonomy":"product_brand","embeddable":true,"href":"https:\/\/pressurezone.shop\/it\/wp-json\/wp\/v2\/product_brand?post=1757"},{"taxonomy":"product_cat","embeddable":true,"href":"https:\/\/pressurezone.shop\/it\/wp-json\/wp\/v2\/product_cat?post=1757"},{"taxonomy":"product_tag","embeddable":true,"href":"https:\/\/pressurezone.shop\/it\/wp-json\/wp\/v2\/product_tag?post=1757"}],"curies":[{"name":"wp","href":"https:\/\/api.w.org\/{rel}","templated":true}]}}