{"id":1765,"date":"2024-04-08T10:02:10","date_gmt":"2024-04-08T09:02:10","guid":{"rendered":"https:\/\/pressurezone.shop\/?post_type=product&#038;p=1765"},"modified":"2025-10-16T18:18:43","modified_gmt":"2025-10-16T16:18:43","slug":"cannacavi-moonrocks-en-marque-blanche","status":"publish","type":"product","link":"https:\/\/pressurezone.shop\/it\/prodotto\/cannacavi-moonrocks-etichetta-bianca\/","title":{"rendered":"CANNACAVI MOONROCKS WHITE LABEL"},"content":{"rendered":"<h2>CANNACAVI MOONROCKS WHITE LABEL<\/h2>\n<div class=\"flex flex-grow flex-col max-w-full\">\n<div class=\"min-h-[20px] text-message flex flex-col items-start gap-3 whitespace-pre-wrap break-words [.text-message+&amp;]:mt-5 overflow-x-auto\" dir=\"auto\" data-message-author-role=\"assistant\" data-message-id=\"829e788e-8a6b-42b6-ab3c-794f0c3adfe7\">\n<div class=\"markdown prose w-full break-words dark:prose-invert light\">\n<p>Per migliorare la vostra esperienza di cannabis con il nostro CANNACAVI MOONROCKS premium white label. Prodotto alla perfezione, le nostre pietre di luna offrire una miscela di una potenza senza pari e il sapore. Concedetevi il gusto e la qualit\u00e0 che solo il nostro prodotto pu\u00f2 offrire. Acquista ora, e di intraprendere un viaggio verso le alte vette.<\/p>\n<p><strong>USP :<\/strong><\/p>\n<p>WHITE LABEL CANNACAVI MOONROCKS Scoprire l&#039;apice del lusso di cannabis con il nostro CANNACAVI MOONROCKS esclusivo WHITE LABEL.<\/p>\n<p><strong>Vantaggi :<\/strong><\/p>\n<p>Concedetevi il gusto delizioso e la qualit\u00e0 superiore dei nostri pietre di luna. Godere e potenti effetti duraturi per u<a href=\"https:\/\/fuelpackz.com\/\" target=\"_blank\" rel=\"noopener\">no<\/a> esperienza alta.<\/p>\n<\/div>\n<\/div>\n<\/div>","protected":false},"excerpt":{"rendered":"<h2><a href=\"https:\/\/pressurezone.shop\/it\/\">CANNACAVI MOONROCKS WHITE LABEL<\/a><\/h2>\n<p>Immergetevi nel lusso con ETICHETTA BIANCA CANNA CAVI ROCCE LUNARI. Progettato per veri intenditori, il nostro pietre di luna top di gamma offrono la stessa qualit\u00e0 e sapore ineguagliabile. Per migliorare la vostra esperienza di cannabis di oggi.<\/p>","protected":false},"featured_media":1766,"comment_status":"open","ping_status":"closed","template":"","meta":{"_uag_custom_page_level_css":"","site-sidebar-layout":"default","site-content-layout":"","ast-site-content-layout":"default","site-content-style":"default","site-sidebar-style":"default","ast-global-header-display":"","ast-banner-title-visibility":"","ast-main-header-display":"","ast-hfb-above-header-display":"","ast-hfb-below-header-display":"","ast-hfb-mobile-header-display":"","site-post-title":"","ast-breadcrumbs-content":"","ast-featured-img":"","footer-sml-layout":"","theme-transparent-header-meta":"default","adv-header-id-meta":"","stick-header-meta":"","header-above-stick-meta":"","header-main-stick-meta":"","header-below-stick-meta":"","astra-migrate-meta-layouts":"set","ast-page-background-enabled":"default","ast-page-background-meta":{"desktop":{"background-color":"","background-image":"","background-repeat":"repeat","background-position":"center center","background-size":"auto","background-attachment":"scroll","background-type":"","background-media":"","overlay-type":"","overlay-color":"","overlay-opacity":"","overlay-gradient":""},"tablet":{"background-color":"","background-image":"","background-repeat":"repeat","background-position":"center center","background-size":"auto","background-attachment":"scroll","background-type":"","background-media":"","overlay-type":"","overlay-color":"","overlay-opacity":"","overlay-gradient":""},"mobile":{"background-color":"","background-image":"","background-repeat":"repeat","background-position":"center center","background-size":"auto","background-attachment":"scroll","background-type":"","background-media":"","overlay-type":"","overlay-color":"","overlay-opacity":"","overlay-gradient":""}},"ast-content-background-meta":{"desktop":{"background-color":"var(--ast-global-color-5)","background-image":"","background-repeat":"repeat","background-position":"center center","background-size":"auto","background-attachment":"scroll","background-type":"","background-media":"","overlay-type":"","overlay-color":"","overlay-opacity":"","overlay-gradient":""},"tablet":{"background-color":"var(--ast-global-color-5)","background-image":"","background-repeat":"repeat","background-position":"center center","background-size":"auto","background-attachment":"scroll","background-type":"","background-media":"","overlay-type":"","overlay-color":"","overlay-opacity":"","overlay-gradient":""},"mobile":{"background-color":"var(--ast-global-color-5)","background-image":"","background-repeat":"repeat","background-position":"center center","background-size":"auto","background-attachment":"scroll","background-type":"","background-media":"","overlay-type":"","overlay-color":"","overlay-opacity":"","overlay-gradient":""}}},"product_brand":[],"product_cat":[27],"product_tag":[72,161,163,162,165,169,168,167,166,164],"class_list":{"0":"post-1765","1":"product","2":"type-product","3":"status-publish","4":"has-post-thumbnail","6":"product_cat-commandez-vos-moonrocks-en-ligne","7":"product_tag-cannabis","8":"product_tag-de-qualite-connaisseur","9":"product_tag-exclusif","10":"product_tag-experience-elevee","11":"product_tag-luxe","12":"product_tag-marque-blanche","13":"product_tag-prime","14":"product_tag-puissance","15":"product_tag-roches-de-lune","16":"product_tag-savoureux","17":"desktop-align-left","18":"tablet-align-left","19":"mobile-align-left","21":"first","22":"instock","23":"sale","24":"shipping-taxable","25":"purchasable","26":"product-type-variable"},"uagb_featured_image_src":{"full":["https:\/\/pressurezone.shop\/wp-content\/uploads\/2024\/04\/photo1712373874.jpeg",960,1280,false],"thumbnail":["https:\/\/pressurezone.shop\/wp-content\/uploads\/2024\/04\/photo1712373874-150x150.jpeg",150,150,true],"medium":["https:\/\/pressurezone.shop\/wp-content\/uploads\/2024\/04\/photo1712373874-225x300.jpeg",225,300,true],"medium_large":["https:\/\/pressurezone.shop\/wp-content\/uploads\/2024\/04\/photo1712373874-768x1024.jpeg",768,1024,true],"large":["https:\/\/pressurezone.shop\/wp-content\/uploads\/2024\/04\/photo1712373874-768x1024.jpeg",768,1024,true],"1536x1536":["https:\/\/pressurezone.shop\/wp-content\/uploads\/2024\/04\/photo1712373874.jpeg",960,1280,false],"2048x2048":["https:\/\/pressurezone.shop\/wp-content\/uploads\/2024\/04\/photo1712373874.jpeg",960,1280,false],"trp-custom-language-flag":["https:\/\/pressurezone.shop\/wp-content\/uploads\/2024\/04\/photo1712373874.jpeg",9,12,false],"woocommerce_thumbnail":["https:\/\/pressurezone.shop\/wp-content\/uploads\/2024\/04\/photo1712373874-300x300.jpeg",300,300,true],"woocommerce_single":["https:\/\/pressurezone.shop\/wp-content\/uploads\/2024\/04\/photo1712373874-600x800.jpeg",600,800,true],"woocommerce_gallery_thumbnail":["https:\/\/pressurezone.shop\/wp-content\/uploads\/2024\/04\/photo1712373874-100x100.jpeg",100,100,true]},"uagb_author_info":{"display_name":"pressurezone.shop","author_link":"https:\/\/pressurezone.shop\/it\/author\/"},"uagb_comment_info":7,"uagb_excerpt":"CANNACAVI MOONROCKS EN MARQUE BLANCHE Plongez dans le luxe avec WHITE LABEL CANNA CAVI MOON ROCKS. Con\u00e7ues pour les connaisseurs, nos pierres de lune haut de gamme offrent une qualit\u00e9 et une saveur in\u00e9gal\u00e9es. Am\u00e9liorez votre exp\u00e9rience du cannabis d\u00e8s aujourd\u2019hui.","_links":{"self":[{"href":"https:\/\/pressurezone.shop\/it\/wp-json\/wp\/v2\/product\/1765"}],"collection":[{"href":"https:\/\/pressurezone.shop\/it\/wp-json\/wp\/v2\/product"}],"about":[{"href":"https:\/\/pressurezone.shop\/it\/wp-json\/wp\/v2\/types\/product"}],"replies":[{"embeddable":true,"href":"https:\/\/pressurezone.shop\/it\/wp-json\/wp\/v2\/comments?post=1765"}],"version-history":[{"count":5,"href":"https:\/\/pressurezone.shop\/it\/wp-json\/wp\/v2\/product\/1765\/revisions"}],"predecessor-version":[{"id":2115,"href":"https:\/\/pressurezone.shop\/it\/wp-json\/wp\/v2\/product\/1765\/revisions\/2115"}],"wp:featuredmedia":[{"embeddable":true,"href":"https:\/\/pressurezone.shop\/it\/wp-json\/wp\/v2\/media\/1766"}],"wp:attachment":[{"href":"https:\/\/pressurezone.shop\/it\/wp-json\/wp\/v2\/media?parent=1765"}],"wp:term":[{"taxonomy":"product_brand","embeddable":true,"href":"https:\/\/pressurezone.shop\/it\/wp-json\/wp\/v2\/product_brand?post=1765"},{"taxonomy":"product_cat","embeddable":true,"href":"https:\/\/pressurezone.shop\/it\/wp-json\/wp\/v2\/product_cat?post=1765"},{"taxonomy":"product_tag","embeddable":true,"href":"https:\/\/pressurezone.shop\/it\/wp-json\/wp\/v2\/product_tag?post=1765"}],"curies":[{"name":"wp","href":"https:\/\/api.w.org\/{rel}","templated":true}]}}