{"id":1797,"date":"2024-04-08T16:01:34","date_gmt":"2024-04-08T15:01:34","guid":{"rendered":"https:\/\/pressurezone.shop\/?post_type=product&#038;p=1797"},"modified":"2025-10-10T14:47:44","modified_gmt":"2025-10-10T12:47:44","slug":"flavorx-moon-rocks","status":"publish","type":"product","link":"https:\/\/pressurezone.shop\/it\/prodotto\/rocce-lunari-flavorx\/","title":{"rendered":"FLAVORX ROCCE LUNARI"},"content":{"rendered":"<p>Il Moonrocks Flavorxs sono realizzati con fiori esotici progettazione organica, infuso con resina vivo e kief. 100% biologico. Testato in laboratorio.<br \/>\n*Si prega di notare che \u00e8 possibile ricevere pezzi di parziale Moonrocks perch\u00e9 questo articolo viene venduto a peso.<\/p>\n<p>Il Flavorx Moonrocks sono estremamente potenti e in grado di produrre un effetto pi\u00f9 intenso e sostenibile. Essi sono realizzati con i germogli imbevuto di olio di hash, o di altri liquidi concentrati a base di cannabis, e poi arrotolato in kief, che sono le ghiandole di resina (conosciuto come tricomi) che sono stati rimossi dal bocciolo della pianta di cannabis.<\/p>\n<p>Come consumare il Moonrocks : prima di Tutto, il Moonrocks devono essere strappato per metterli in un comune, una bottiglia spray, un tubo, o un qualsiasi altro strumento utilizzato per fumare cannabis. Le forbici sono raccomandati come Moonrocks denso tendono ad intasare i frantoi. Il Moonrocks pu\u00f2 essere difficile da accendere e stavano lottando per rimanere acceso, \u00e8 per questo che alcuni consumatori preferiscono bong o tubi di vetro. Altri consumatori come utilizzare fiori di cannabis con il Moonrocks posto su di esso, trovando che \u00e8 pi\u00f9 facile da accendere e dichiarando che continua a br\u00fbl<a href=\"https:\/\/fuelpackz.com\/\" target=\"_blank\" rel=\"noopener\">er<\/a> in modo pi\u00f9 efficiente. Il Moonrocks sono spesso reco FLAVORX ROCCE LUNARI<\/p>","protected":false},"excerpt":{"rendered":"<h2><a href=\"https:\/\/pressurezone.shop\/it\/\">FLAVORX ROCCE LUNARI<\/a><\/h2>\n<p>Scatenare la curiosit\u00e0 del vostro palato con FlavorX Moonrocks ! Questi ghiaccioli di offerta innovativa in un&#039;avventura del gusto, unico per ogni morso. Imbarcarsi in un viaggio goloso \u2013 per saperne di pi\u00f9 !<\/p>","protected":false},"featured_media":1798,"comment_status":"open","ping_status":"closed","template":"","meta":{"_uag_custom_page_level_css":"","site-sidebar-layout":"default","site-content-layout":"","ast-site-content-layout":"default","site-content-style":"default","site-sidebar-style":"default","ast-global-header-display":"","ast-banner-title-visibility":"","ast-main-header-display":"","ast-hfb-above-header-display":"","ast-hfb-below-header-display":"","ast-hfb-mobile-header-display":"","site-post-title":"","ast-breadcrumbs-content":"","ast-featured-img":"","footer-sml-layout":"","theme-transparent-header-meta":"default","adv-header-id-meta":"","stick-header-meta":"","header-above-stick-meta":"","header-main-stick-meta":"","header-below-stick-meta":"","astra-migrate-meta-layouts":"set","ast-page-background-enabled":"default","ast-page-background-meta":{"desktop":{"background-color":"","background-image":"","background-repeat":"repeat","background-position":"center center","background-size":"auto","background-attachment":"scroll","background-type":"","background-media":"","overlay-type":"","overlay-color":"","overlay-opacity":"","overlay-gradient":""},"tablet":{"background-color":"","background-image":"","background-repeat":"repeat","background-position":"center center","background-size":"auto","background-attachment":"scroll","background-type":"","background-media":"","overlay-type":"","overlay-color":"","overlay-opacity":"","overlay-gradient":""},"mobile":{"background-color":"","background-image":"","background-repeat":"repeat","background-position":"center center","background-size":"auto","background-attachment":"scroll","background-type":"","background-media":"","overlay-type":"","overlay-color":"","overlay-opacity":"","overlay-gradient":""}},"ast-content-background-meta":{"desktop":{"background-color":"var(--ast-global-color-5)","background-image":"","background-repeat":"repeat","background-position":"center center","background-size":"auto","background-attachment":"scroll","background-type":"","background-media":"","overlay-type":"","overlay-color":"","overlay-opacity":"","overlay-gradient":""},"tablet":{"background-color":"var(--ast-global-color-5)","background-image":"","background-repeat":"repeat","background-position":"center center","background-size":"auto","background-attachment":"scroll","background-type":"","background-media":"","overlay-type":"","overlay-color":"","overlay-opacity":"","overlay-gradient":""},"mobile":{"background-color":"var(--ast-global-color-5)","background-image":"","background-repeat":"repeat","background-position":"center center","background-size":"auto","background-attachment":"scroll","background-type":"","background-media":"","overlay-type":"","overlay-color":"","overlay-opacity":"","overlay-gradient":""}}},"product_brand":[],"product_cat":[27],"product_tag":[117],"class_list":{"0":"post-1797","1":"product","2":"type-product","3":"status-publish","4":"has-post-thumbnail","6":"product_cat-commandez-vos-moonrocks-en-ligne","7":"product_tag-flavorx-moonrocks","8":"desktop-align-left","9":"tablet-align-left","10":"mobile-align-left","12":"first","13":"instock","14":"shipping-taxable","15":"purchasable","16":"product-type-variable"},"uagb_featured_image_src":{"full":["https:\/\/pressurezone.shop\/wp-content\/uploads\/2024\/04\/photo1712373097.jpeg",1280,960,false],"thumbnail":["https:\/\/pressurezone.shop\/wp-content\/uploads\/2024\/04\/photo1712373097-150x150.jpeg",150,150,true],"medium":["https:\/\/pressurezone.shop\/wp-content\/uploads\/2024\/04\/photo1712373097-300x225.jpeg",300,225,true],"medium_large":["https:\/\/pressurezone.shop\/wp-content\/uploads\/2024\/04\/photo1712373097-768x576.jpeg",768,576,true],"large":["https:\/\/pressurezone.shop\/wp-content\/uploads\/2024\/04\/photo1712373097-1024x768.jpeg",1024,768,true],"1536x1536":["https:\/\/pressurezone.shop\/wp-content\/uploads\/2024\/04\/photo1712373097.jpeg",1280,960,false],"2048x2048":["https:\/\/pressurezone.shop\/wp-content\/uploads\/2024\/04\/photo1712373097.jpeg",1280,960,false],"trp-custom-language-flag":["https:\/\/pressurezone.shop\/wp-content\/uploads\/2024\/04\/photo1712373097.jpeg",16,12,false],"woocommerce_thumbnail":["https:\/\/pressurezone.shop\/wp-content\/uploads\/2024\/04\/photo1712373097-300x300.jpeg",300,300,true],"woocommerce_single":["https:\/\/pressurezone.shop\/wp-content\/uploads\/2024\/04\/photo1712373097-600x450.jpeg",600,450,true],"woocommerce_gallery_thumbnail":["https:\/\/pressurezone.shop\/wp-content\/uploads\/2024\/04\/photo1712373097-100x100.jpeg",100,100,true]},"uagb_author_info":{"display_name":"pressurezone.shop","author_link":"https:\/\/pressurezone.shop\/it\/author\/"},"uagb_comment_info":15,"uagb_excerpt":"FLAVORX MOON ROCKS Lib\u00e9rez la curiosit\u00e9 de vos papilles gustatives avec FlavorX Moonrocks\u00a0! Ces friandises glac\u00e9es innovantes offrent une aventure gustative unique \u00e0 chaque bouch\u00e9e. Embarquez pour un d\u00e9licieux voyage - En savoir plus\u00a0!","_links":{"self":[{"href":"https:\/\/pressurezone.shop\/it\/wp-json\/wp\/v2\/product\/1797"}],"collection":[{"href":"https:\/\/pressurezone.shop\/it\/wp-json\/wp\/v2\/product"}],"about":[{"href":"https:\/\/pressurezone.shop\/it\/wp-json\/wp\/v2\/types\/product"}],"replies":[{"embeddable":true,"href":"https:\/\/pressurezone.shop\/it\/wp-json\/wp\/v2\/comments?post=1797"}],"version-history":[{"count":4,"href":"https:\/\/pressurezone.shop\/it\/wp-json\/wp\/v2\/product\/1797\/revisions"}],"predecessor-version":[{"id":2116,"href":"https:\/\/pressurezone.shop\/it\/wp-json\/wp\/v2\/product\/1797\/revisions\/2116"}],"wp:featuredmedia":[{"embeddable":true,"href":"https:\/\/pressurezone.shop\/it\/wp-json\/wp\/v2\/media\/1798"}],"wp:attachment":[{"href":"https:\/\/pressurezone.shop\/it\/wp-json\/wp\/v2\/media?parent=1797"}],"wp:term":[{"taxonomy":"product_brand","embeddable":true,"href":"https:\/\/pressurezone.shop\/it\/wp-json\/wp\/v2\/product_brand?post=1797"},{"taxonomy":"product_cat","embeddable":true,"href":"https:\/\/pressurezone.shop\/it\/wp-json\/wp\/v2\/product_cat?post=1797"},{"taxonomy":"product_tag","embeddable":true,"href":"https:\/\/pressurezone.shop\/it\/wp-json\/wp\/v2\/product_tag?post=1797"}],"curies":[{"name":"wp","href":"https:\/\/api.w.org\/{rel}","templated":true}]}}