{"id":2041,"date":"2024-04-09T14:33:12","date_gmt":"2024-04-09T13:33:12","guid":{"rendered":"https:\/\/pressurezone.shop\/?post_type=product&#038;p=2041"},"modified":"2024-04-11T21:41:23","modified_gmt":"2024-04-11T19:41:23","slug":"cherry-bubblegum","status":"publish","type":"product","link":"https:\/\/pressurezone.shop\/it\/prodotto\/ciliegia-bubblegum\/","title":{"rendered":"Cherry Bubblegum"},"content":{"rendered":"<h3>Cherry Bubblegum<\/h3>\n<p>Cherry Bubblegum \u00e8 una variet\u00e0 di cannabis ibrido risultato di un incrocio genetico tra Cherry Pie e Bubblegum. Questa variet\u00e0 \u00e8 composto per il 50% sativa e 50% indica. Cherry Bubblegum, anche conosciuta sotto il nome di Cherry Bubblegum Torta, \u00e8 una creazione di Hytek, un produttore di cannabis sede in Michigan che offre fiori di fascia alta, concentrati, commestibili, e di pi\u00f9. Cherry Bubblegum contiene il 15% di THC, che lo rende una scelta ideale per i principianti e per i consumatori esperti di cannabis.<\/p>\n<p>I clienti di Leafly, segnaliamo che gli effetti di Ciliegia Bubble gum, che includono la sensazione di essere felice, di fame, di euforia. I pazienti di utilizzare la cannabis per scopi medici spesso scegliere Ciliegio Bubblegum per trattare i sintomi correlati allo stress, la depressione e l&#039;ansia. Alta da Hytek, Ciliegio Bubblegum presenta sapori di dolce, floreale e fruttato. Terpene dominante di questa variet\u00e0 \u00e8 myrcene.<\/p>\n<p>Il prezzo medio di Ciliegia Bubblegum in genere varia da $ 10 - $ 15 per grammo. Cherry Bubblegum pu\u00f2 essere consumato in diverse forme, come il fiore o i semi. Se siete alla ricerca di una variet\u00e0 ibrida con un dolce e potente che pu\u00f2 rendere felici e si apre l&#039;appetito, Ciliegio Bubblegum potrebbe essere la variet\u00e0 pi\u00f9 adatta a voi. Se si dispone di affumicato, vaporizzato o consumato il Ciliegio Bubblegum, fateci sapere la vostra esperienza lasciando un avviso di vario<a href=\"https:\/\/fuelpackz.com\/\" target=\"_blank\" rel=\"noopener\">tee.<\/a><\/p>","protected":false},"excerpt":{"rendered":"<h2><a href=\"https:\/\/pressurezone.shop\/it\/\">Cherry Bubblegum<\/a><\/h2>","protected":false},"featured_media":2042,"comment_status":"open","ping_status":"closed","template":"","meta":{"_uag_custom_page_level_css":"","site-sidebar-layout":"default","site-content-layout":"","ast-site-content-layout":"default","site-content-style":"default","site-sidebar-style":"default","ast-global-header-display":"","ast-banner-title-visibility":"","ast-main-header-display":"","ast-hfb-above-header-display":"","ast-hfb-below-header-display":"","ast-hfb-mobile-header-display":"","site-post-title":"","ast-breadcrumbs-content":"","ast-featured-img":"","footer-sml-layout":"","theme-transparent-header-meta":"default","adv-header-id-meta":"","stick-header-meta":"","header-above-stick-meta":"","header-main-stick-meta":"","header-below-stick-meta":"","astra-migrate-meta-layouts":"set","ast-page-background-enabled":"default","ast-page-background-meta":{"desktop":{"background-color":"","background-image":"","background-repeat":"repeat","background-position":"center center","background-size":"auto","background-attachment":"scroll","background-type":"","background-media":"","overlay-type":"","overlay-color":"","overlay-opacity":"","overlay-gradient":""},"tablet":{"background-color":"","background-image":"","background-repeat":"repeat","background-position":"center center","background-size":"auto","background-attachment":"scroll","background-type":"","background-media":"","overlay-type":"","overlay-color":"","overlay-opacity":"","overlay-gradient":""},"mobile":{"background-color":"","background-image":"","background-repeat":"repeat","background-position":"center center","background-size":"auto","background-attachment":"scroll","background-type":"","background-media":"","overlay-type":"","overlay-color":"","overlay-opacity":"","overlay-gradient":""}},"ast-content-background-meta":{"desktop":{"background-color":"var(--ast-global-color-5)","background-image":"","background-repeat":"repeat","background-position":"center center","background-size":"auto","background-attachment":"scroll","background-type":"","background-media":"","overlay-type":"","overlay-color":"","overlay-opacity":"","overlay-gradient":""},"tablet":{"background-color":"var(--ast-global-color-5)","background-image":"","background-repeat":"repeat","background-position":"center center","background-size":"auto","background-attachment":"scroll","background-type":"","background-media":"","overlay-type":"","overlay-color":"","overlay-opacity":"","overlay-gradient":""},"mobile":{"background-color":"var(--ast-global-color-5)","background-image":"","background-repeat":"repeat","background-position":"center center","background-size":"auto","background-attachment":"scroll","background-type":"","background-media":"","overlay-type":"","overlay-color":"","overlay-opacity":"","overlay-gradient":""}}},"product_brand":[],"product_cat":[28],"product_tag":[202],"class_list":{"0":"post-2041","1":"product","2":"type-product","3":"status-publish","4":"has-post-thumbnail","6":"product_cat-varietes-de-cannabis","7":"product_tag-cherry-bubblegum","8":"desktop-align-left","9":"tablet-align-left","10":"mobile-align-left","12":"first","13":"instock","14":"sale","15":"shipping-taxable","16":"purchasable","17":"product-type-variable"},"uagb_featured_image_src":{"full":["https:\/\/pressurezone.shop\/wp-content\/uploads\/2024\/04\/photo1712357194.jpeg",800,781,false],"thumbnail":["https:\/\/pressurezone.shop\/wp-content\/uploads\/2024\/04\/photo1712357194-150x150.jpeg",150,150,true],"medium":["https:\/\/pressurezone.shop\/wp-content\/uploads\/2024\/04\/photo1712357194-300x293.jpeg",300,293,true],"medium_large":["https:\/\/pressurezone.shop\/wp-content\/uploads\/2024\/04\/photo1712357194-768x750.jpeg",768,750,true],"large":["https:\/\/pressurezone.shop\/wp-content\/uploads\/2024\/04\/photo1712357194.jpeg",800,781,false],"1536x1536":["https:\/\/pressurezone.shop\/wp-content\/uploads\/2024\/04\/photo1712357194.jpeg",800,781,false],"2048x2048":["https:\/\/pressurezone.shop\/wp-content\/uploads\/2024\/04\/photo1712357194.jpeg",800,781,false],"trp-custom-language-flag":["https:\/\/pressurezone.shop\/wp-content\/uploads\/2024\/04\/photo1712357194.jpeg",12,12,false],"woocommerce_thumbnail":["https:\/\/pressurezone.shop\/wp-content\/uploads\/2024\/04\/photo1712357194-300x300.jpeg",300,300,true],"woocommerce_single":["https:\/\/pressurezone.shop\/wp-content\/uploads\/2024\/04\/photo1712357194-600x586.jpeg",600,586,true],"woocommerce_gallery_thumbnail":["https:\/\/pressurezone.shop\/wp-content\/uploads\/2024\/04\/photo1712357194-100x100.jpeg",100,100,true]},"uagb_author_info":{"display_name":"pressurezone.shop","author_link":"https:\/\/pressurezone.shop\/it\/author\/"},"uagb_comment_info":0,"uagb_excerpt":"Cherry Bubblegum","_links":{"self":[{"href":"https:\/\/pressurezone.shop\/it\/wp-json\/wp\/v2\/product\/2041"}],"collection":[{"href":"https:\/\/pressurezone.shop\/it\/wp-json\/wp\/v2\/product"}],"about":[{"href":"https:\/\/pressurezone.shop\/it\/wp-json\/wp\/v2\/types\/product"}],"replies":[{"embeddable":true,"href":"https:\/\/pressurezone.shop\/it\/wp-json\/wp\/v2\/comments?post=2041"}],"version-history":[{"count":5,"href":"https:\/\/pressurezone.shop\/it\/wp-json\/wp\/v2\/product\/2041\/revisions"}],"predecessor-version":[{"id":2247,"href":"https:\/\/pressurezone.shop\/it\/wp-json\/wp\/v2\/product\/2041\/revisions\/2247"}],"wp:featuredmedia":[{"embeddable":true,"href":"https:\/\/pressurezone.shop\/it\/wp-json\/wp\/v2\/media\/2042"}],"wp:attachment":[{"href":"https:\/\/pressurezone.shop\/it\/wp-json\/wp\/v2\/media?parent=2041"}],"wp:term":[{"taxonomy":"product_brand","embeddable":true,"href":"https:\/\/pressurezone.shop\/it\/wp-json\/wp\/v2\/product_brand?post=2041"},{"taxonomy":"product_cat","embeddable":true,"href":"https:\/\/pressurezone.shop\/it\/wp-json\/wp\/v2\/product_cat?post=2041"},{"taxonomy":"product_tag","embeddable":true,"href":"https:\/\/pressurezone.shop\/it\/wp-json\/wp\/v2\/product_tag?post=2041"}],"curies":[{"name":"wp","href":"https:\/\/api.w.org\/{rel}","templated":true}]}}