{"id":2262,"date":"2024-04-14T01:52:38","date_gmt":"2024-04-13T23:52:38","guid":{"rendered":"https:\/\/pressurezone.shop\/?post_type=product&#038;p=2262"},"modified":"2026-02-27T04:05:54","modified_gmt":"2026-02-27T03:05:54","slug":"atomic-candy","status":"publish","type":"product","link":"https:\/\/pressurezone.shop\/it\/prodotto\/caramelle-atomiche\/","title":{"rendered":"Atomic Candy"},"content":{"rendered":"<p>Atomic Candy \u00e8 una variet\u00e0 ibrida a dominanza indica (70% indica\/30% sativa) creato attraversando il classico stelo (OG Kush X Chemdawg) X il THC Bomb. Questa erba \u00e8 potente, offre un dato di fatto incredibilmente forte, grazie al suo livello medio di THC alta, con un aumento del 26% al 30%.<\/p>\n<p>L&#039;effetto inizia con una potente onda di effetti cervello che colpisce la tua mente con un forte senso di euforia. Quindi, vi sentirete un&#039;ondata di creativit\u00e0, di riempire la tua mente con il ricco patrimonio artistico visioni e beatitudine tranquilla. La vostra mente vola, il tuo corpo inizier\u00e0 a rilassarsi profondamente, lasciando leggermente sedato e completamente insensibile sul divano per ore.<\/p>\n<p>Progressivement, ces effets se feront plus lourds et vous vous endormirez par moments avant de tomber dans un sommeil profond. En raison de ces effets et de sa forte puissance, cette vari\u00e9t\u00e9 est souvent choisie pour traiter des affections telles que la d\u00e9pression, l\u2019insomnie, le stress chronique, les maux de t\u00eate et l\u2019inflammation. Cette herbe a une saveur super \u00e9pic\u00e9e et bois\u00e9e avec des notes de diesel skunk \u00e0 l\u2019expiration. L\u2019ar\u00f4me est tr\u00e8s terreux et \u00e9pic\u00e9, avec une forte odeur de skunk accentu\u00e9e par des notes de carburant et de pin. Il capo del Atomica Caramelle sono soffici, un verde oliva con capelli di colore arancione scuro e uno strato di tricomi ambra e<a href=\"https:\/\/fuelpackz.com\/\" target=\"_blank\" rel=\"noopener\">.<\/a><\/p>","protected":false},"excerpt":{"rendered":"<h4><a href=\"https:\/\/pressurezone.shop\/it\/\">Atomic Candy<\/a><\/h4>","protected":false},"featured_media":2263,"comment_status":"open","ping_status":"closed","template":"","meta":{"_uag_custom_page_level_css":"","site-sidebar-layout":"default","site-content-layout":"","ast-site-content-layout":"default","site-content-style":"default","site-sidebar-style":"default","ast-global-header-display":"","ast-banner-title-visibility":"","ast-main-header-display":"","ast-hfb-above-header-display":"","ast-hfb-below-header-display":"","ast-hfb-mobile-header-display":"","site-post-title":"","ast-breadcrumbs-content":"","ast-featured-img":"","footer-sml-layout":"","theme-transparent-header-meta":"default","adv-header-id-meta":"","stick-header-meta":"","header-above-stick-meta":"","header-main-stick-meta":"","header-below-stick-meta":"","astra-migrate-meta-layouts":"set","ast-page-background-enabled":"default","ast-page-background-meta":{"desktop":{"background-color":"","background-image":"","background-repeat":"repeat","background-position":"center center","background-size":"auto","background-attachment":"scroll","background-type":"","background-media":"","overlay-type":"","overlay-color":"","overlay-opacity":"","overlay-gradient":""},"tablet":{"background-color":"","background-image":"","background-repeat":"repeat","background-position":"center center","background-size":"auto","background-attachment":"scroll","background-type":"","background-media":"","overlay-type":"","overlay-color":"","overlay-opacity":"","overlay-gradient":""},"mobile":{"background-color":"","background-image":"","background-repeat":"repeat","background-position":"center center","background-size":"auto","background-attachment":"scroll","background-type":"","background-media":"","overlay-type":"","overlay-color":"","overlay-opacity":"","overlay-gradient":""}},"ast-content-background-meta":{"desktop":{"background-color":"var(--ast-global-color-5)","background-image":"","background-repeat":"repeat","background-position":"center center","background-size":"auto","background-attachment":"scroll","background-type":"","background-media":"","overlay-type":"","overlay-color":"","overlay-opacity":"","overlay-gradient":""},"tablet":{"background-color":"var(--ast-global-color-5)","background-image":"","background-repeat":"repeat","background-position":"center center","background-size":"auto","background-attachment":"scroll","background-type":"","background-media":"","overlay-type":"","overlay-color":"","overlay-opacity":"","overlay-gradient":""},"mobile":{"background-color":"var(--ast-global-color-5)","background-image":"","background-repeat":"repeat","background-position":"center center","background-size":"auto","background-attachment":"scroll","background-type":"","background-media":"","overlay-type":"","overlay-color":"","overlay-opacity":"","overlay-gradient":""}}},"product_brand":[],"product_cat":[28],"product_tag":[220,203,204,74,221],"class_list":{"0":"post-2262","1":"product","2":"type-product","3":"status-publish","4":"has-post-thumbnail","6":"product_cat-varietes-de-cannabis","7":"product_tag-atomic-candy","8":"product_tag-barres-de-cereales","9":"product_tag-cbd","10":"product_tag-relaxation","11":"product_tag-saveur-sucree","12":"desktop-align-left","13":"tablet-align-left","14":"mobile-align-left","16":"first","17":"instock","18":"sale","19":"shipping-taxable","20":"purchasable","21":"product-type-variable"},"uagb_featured_image_src":{"full":["https:\/\/pressurezone.shop\/wp-content\/uploads\/2024\/04\/photo17123564361.jpeg",800,741,false],"thumbnail":["https:\/\/pressurezone.shop\/wp-content\/uploads\/2024\/04\/photo17123564361-150x150.jpeg",150,150,true],"medium":["https:\/\/pressurezone.shop\/wp-content\/uploads\/2024\/04\/photo17123564361-300x278.jpeg",300,278,true],"medium_large":["https:\/\/pressurezone.shop\/wp-content\/uploads\/2024\/04\/photo17123564361-768x711.jpeg",768,711,true],"large":["https:\/\/pressurezone.shop\/wp-content\/uploads\/2024\/04\/photo17123564361.jpeg",800,741,false],"1536x1536":["https:\/\/pressurezone.shop\/wp-content\/uploads\/2024\/04\/photo17123564361.jpeg",800,741,false],"2048x2048":["https:\/\/pressurezone.shop\/wp-content\/uploads\/2024\/04\/photo17123564361.jpeg",800,741,false],"trp-custom-language-flag":["https:\/\/pressurezone.shop\/wp-content\/uploads\/2024\/04\/photo17123564361-13x12.jpeg",13,12,true],"woocommerce_thumbnail":["https:\/\/pressurezone.shop\/wp-content\/uploads\/2024\/04\/photo17123564361-300x300.jpeg",300,300,true],"woocommerce_single":["https:\/\/pressurezone.shop\/wp-content\/uploads\/2024\/04\/photo17123564361-600x556.jpeg",600,556,true],"woocommerce_gallery_thumbnail":["https:\/\/pressurezone.shop\/wp-content\/uploads\/2024\/04\/photo17123564361-100x100.jpeg",100,100,true]},"uagb_author_info":{"display_name":"pressurezone.shop","author_link":"https:\/\/pressurezone.shop\/it\/author\/"},"uagb_comment_info":14,"uagb_excerpt":"Atomic Candy","_links":{"self":[{"href":"https:\/\/pressurezone.shop\/it\/wp-json\/wp\/v2\/product\/2262"}],"collection":[{"href":"https:\/\/pressurezone.shop\/it\/wp-json\/wp\/v2\/product"}],"about":[{"href":"https:\/\/pressurezone.shop\/it\/wp-json\/wp\/v2\/types\/product"}],"replies":[{"embeddable":true,"href":"https:\/\/pressurezone.shop\/it\/wp-json\/wp\/v2\/comments?post=2262"}],"version-history":[{"count":4,"href":"https:\/\/pressurezone.shop\/it\/wp-json\/wp\/v2\/product\/2262\/revisions"}],"predecessor-version":[{"id":2537,"href":"https:\/\/pressurezone.shop\/it\/wp-json\/wp\/v2\/product\/2262\/revisions\/2537"}],"wp:featuredmedia":[{"embeddable":true,"href":"https:\/\/pressurezone.shop\/it\/wp-json\/wp\/v2\/media\/2263"}],"wp:attachment":[{"href":"https:\/\/pressurezone.shop\/it\/wp-json\/wp\/v2\/media?parent=2262"}],"wp:term":[{"taxonomy":"product_brand","embeddable":true,"href":"https:\/\/pressurezone.shop\/it\/wp-json\/wp\/v2\/product_brand?post=2262"},{"taxonomy":"product_cat","embeddable":true,"href":"https:\/\/pressurezone.shop\/it\/wp-json\/wp\/v2\/product_cat?post=2262"},{"taxonomy":"product_tag","embeddable":true,"href":"https:\/\/pressurezone.shop\/it\/wp-json\/wp\/v2\/product_tag?post=2262"}],"curies":[{"name":"wp","href":"https:\/\/api.w.org\/{rel}","templated":true}]}}