{"id":2351,"date":"2024-04-14T02:29:50","date_gmt":"2024-04-14T00:29:50","guid":{"rendered":"https:\/\/pressurezone.shop\/?post_type=product&#038;p=2351"},"modified":"2024-04-14T02:38:37","modified_gmt":"2024-04-14T00:38:37","slug":"lemon-cherry-squeeze","status":"publish","type":"product","link":"https:\/\/pressurezone.shop\/it\/prodotto\/spremuta-di-ciliegie-e-limone\/","title":{"rendered":"Limone Ciliegia Squeeze"},"content":{"rendered":"<p>Esplorare un&#039;esplosione di sapori con Limone Ciliegia Squeeze, una variet\u00e0 di cannabis esotici e rinfrescanti. Scopri ora questa combinazione unica di limone e piccante, ciliegio dolce e lasciatevi trasportare dalla freschezza del Limone Ciliegia Squeeze !<\/p>\n<p><strong>USP :<\/strong><br \/>\nLimone Ciliegia Squeeze \u2013 Il Perfetto Equilibrio tra Acidit\u00e0 e Dolcezza<\/p>\n<p><strong>Vantaggi :<\/strong><br \/>\nLimone Ciliegia Squeeze offre un&#039;esperienza sensoriale senza eguali, con il suo perfetto mix di limone e piccante ciliegia dolce. Questo ceppo di cannabis, \u00e8 una festa per i sensi, offrendo freschezza e l&#039;esotismo con ogni soffio.<\/p>","protected":false},"excerpt":{"rendered":"<p>Limone Ciliegia Squeeze \u00e8 una variet\u00e0 di cannabis che ti trasporta in un mondo di freschezza e sapori esotici. Scopri il perfetto equilibrio tra acidit\u00e0 e dolcezza con Limone Ciliegia Squeeze !<\/p>","protected":false},"featured_media":2352,"comment_status":"open","ping_status":"closed","template":"","meta":{"_uag_custom_page_level_css":"","site-sidebar-layout":"default","site-content-layout":"","ast-site-content-layout":"default","site-content-style":"default","site-sidebar-style":"default","ast-global-header-display":"","ast-banner-title-visibility":"","ast-main-header-display":"","ast-hfb-above-header-display":"","ast-hfb-below-header-display":"","ast-hfb-mobile-header-display":"","site-post-title":"","ast-breadcrumbs-content":"","ast-featured-img":"","footer-sml-layout":"","theme-transparent-header-meta":"default","adv-header-id-meta":"","stick-header-meta":"","header-above-stick-meta":"","header-main-stick-meta":"","header-below-stick-meta":"","astra-migrate-meta-layouts":"set","ast-page-background-enabled":"default","ast-page-background-meta":{"desktop":{"background-color":"","background-image":"","background-repeat":"repeat","background-position":"center center","background-size":"auto","background-attachment":"scroll","background-type":"","background-media":"","overlay-type":"","overlay-color":"","overlay-opacity":"","overlay-gradient":""},"tablet":{"background-color":"","background-image":"","background-repeat":"repeat","background-position":"center center","background-size":"auto","background-attachment":"scroll","background-type":"","background-media":"","overlay-type":"","overlay-color":"","overlay-opacity":"","overlay-gradient":""},"mobile":{"background-color":"","background-image":"","background-repeat":"repeat","background-position":"center center","background-size":"auto","background-attachment":"scroll","background-type":"","background-media":"","overlay-type":"","overlay-color":"","overlay-opacity":"","overlay-gradient":""}},"ast-content-background-meta":{"desktop":{"background-color":"var(--ast-global-color-5)","background-image":"","background-repeat":"repeat","background-position":"center center","background-size":"auto","background-attachment":"scroll","background-type":"","background-media":"","overlay-type":"","overlay-color":"","overlay-opacity":"","overlay-gradient":""},"tablet":{"background-color":"var(--ast-global-color-5)","background-image":"","background-repeat":"repeat","background-position":"center center","background-size":"auto","background-attachment":"scroll","background-type":"","background-media":"","overlay-type":"","overlay-color":"","overlay-opacity":"","overlay-gradient":""},"mobile":{"background-color":"var(--ast-global-color-5)","background-image":"","background-repeat":"repeat","background-position":"center center","background-size":"auto","background-attachment":"scroll","background-type":"","background-media":"","overlay-type":"","overlay-color":"","overlay-opacity":"","overlay-gradient":""}}},"product_brand":[],"product_cat":[28],"product_tag":[231],"class_list":{"0":"post-2351","1":"product","2":"type-product","3":"status-publish","4":"has-post-thumbnail","6":"product_cat-varietes-de-cannabis","7":"product_tag-lemon-cherry-squeeze","8":"desktop-align-left","9":"tablet-align-left","10":"mobile-align-left","12":"first","13":"instock","14":"sale","15":"shipping-taxable","16":"purchasable","17":"product-type-variable"},"uagb_featured_image_src":{"full":["https:\/\/pressurezone.shop\/wp-content\/uploads\/2024\/04\/photo1712356435-9.jpeg",800,760,false],"thumbnail":["https:\/\/pressurezone.shop\/wp-content\/uploads\/2024\/04\/photo1712356435-9-150x150.jpeg",150,150,true],"medium":["https:\/\/pressurezone.shop\/wp-content\/uploads\/2024\/04\/photo1712356435-9-300x285.jpeg",300,285,true],"medium_large":["https:\/\/pressurezone.shop\/wp-content\/uploads\/2024\/04\/photo1712356435-9-768x730.jpeg",768,730,true],"large":["https:\/\/pressurezone.shop\/wp-content\/uploads\/2024\/04\/photo1712356435-9.jpeg",800,760,false],"1536x1536":["https:\/\/pressurezone.shop\/wp-content\/uploads\/2024\/04\/photo1712356435-9.jpeg",800,760,false],"2048x2048":["https:\/\/pressurezone.shop\/wp-content\/uploads\/2024\/04\/photo1712356435-9.jpeg",800,760,false],"trp-custom-language-flag":["https:\/\/pressurezone.shop\/wp-content\/uploads\/2024\/04\/photo1712356435-9-13x12.jpeg",13,12,true],"woocommerce_thumbnail":["https:\/\/pressurezone.shop\/wp-content\/uploads\/2024\/04\/photo1712356435-9-300x300.jpeg",300,300,true],"woocommerce_single":["https:\/\/pressurezone.shop\/wp-content\/uploads\/2024\/04\/photo1712356435-9-600x570.jpeg",600,570,true],"woocommerce_gallery_thumbnail":["https:\/\/pressurezone.shop\/wp-content\/uploads\/2024\/04\/photo1712356435-9-100x100.jpeg",100,100,true]},"uagb_author_info":{"display_name":"pressurezone.shop","author_link":"https:\/\/pressurezone.shop\/it\/author\/"},"uagb_comment_info":0,"uagb_excerpt":"Lemon Cherry Squeeze est une vari\u00e9t\u00e9 de cannabis qui vous transporte vers un monde de fra\u00eecheur et de saveurs exotiques. D\u00e9couvrez l'\u00e9quilibre parfait entre acidit\u00e9 et douceur avec Lemon Cherry Squeeze !","_links":{"self":[{"href":"https:\/\/pressurezone.shop\/it\/wp-json\/wp\/v2\/product\/2351"}],"collection":[{"href":"https:\/\/pressurezone.shop\/it\/wp-json\/wp\/v2\/product"}],"about":[{"href":"https:\/\/pressurezone.shop\/it\/wp-json\/wp\/v2\/types\/product"}],"replies":[{"embeddable":true,"href":"https:\/\/pressurezone.shop\/it\/wp-json\/wp\/v2\/comments?post=2351"}],"version-history":[{"count":2,"href":"https:\/\/pressurezone.shop\/it\/wp-json\/wp\/v2\/product\/2351\/revisions"}],"predecessor-version":[{"id":2360,"href":"https:\/\/pressurezone.shop\/it\/wp-json\/wp\/v2\/product\/2351\/revisions\/2360"}],"wp:featuredmedia":[{"embeddable":true,"href":"https:\/\/pressurezone.shop\/it\/wp-json\/wp\/v2\/media\/2352"}],"wp:attachment":[{"href":"https:\/\/pressurezone.shop\/it\/wp-json\/wp\/v2\/media?parent=2351"}],"wp:term":[{"taxonomy":"product_brand","embeddable":true,"href":"https:\/\/pressurezone.shop\/it\/wp-json\/wp\/v2\/product_brand?post=2351"},{"taxonomy":"product_cat","embeddable":true,"href":"https:\/\/pressurezone.shop\/it\/wp-json\/wp\/v2\/product_cat?post=2351"},{"taxonomy":"product_tag","embeddable":true,"href":"https:\/\/pressurezone.shop\/it\/wp-json\/wp\/v2\/product_tag?post=2351"}],"curies":[{"name":"wp","href":"https:\/\/api.w.org\/{rel}","templated":true}]}}