{"id":2460,"date":"2024-04-14T04:26:11","date_gmt":"2024-04-14T02:26:11","guid":{"rendered":"https:\/\/pressurezone.shop\/?post_type=product&#038;p=2460"},"modified":"2024-04-14T04:28:20","modified_gmt":"2024-04-14T02:28:20","slug":"mint-cookies","status":"publish","type":"product","link":"https:\/\/pressurezone.shop\/it\/prodotto\/biscotti-alla-menta\/","title":{"rendered":"MENTA COOKIE"},"content":{"rendered":"<p>Godetevi l&#039;alleanza Menta rinfrescante, Biscotti, una variet\u00e0 di cannabis che maria sapientemente sapori mentolo dolci note. Immergiti in un&#039;esperienza di gusto che squisita con il suo aroma fresco e sottile dolcezza. Ordina ora e lasciatevi trasportare dalla freschezza della Menta, Biscotti !<\/p>\n<p><strong>USP :<\/strong><br \/>\nMenta Cookies \u2013 un Perfetto Equilibrio tra Freschezza e Morbidezza<\/p>\n<p><strong>Vantaggi :<\/strong><br \/>\nMenta Cookies offriamo un&#039;esperienza sensoriale unica, con il suo aroma rinfrescante e sottile dolcezza. Questo ceppo di cannabis \u00e8 l&#039;ideale per chi cerca un tocco di freschezza nella loro esperienza di consumo.<\/p>","protected":false},"excerpt":{"rendered":"<p>Menta Cookie \u00e8 una variet\u00e0 di cannabis squisito, offre una perfetta armonia tra freschezza e morbidezza. Scopri la freschezza della Menta Cookies ora !<\/p>","protected":false},"featured_media":2467,"comment_status":"open","ping_status":"closed","template":"","meta":{"_uag_custom_page_level_css":"","site-sidebar-layout":"default","site-content-layout":"","ast-site-content-layout":"default","site-content-style":"default","site-sidebar-style":"default","ast-global-header-display":"","ast-banner-title-visibility":"","ast-main-header-display":"","ast-hfb-above-header-display":"","ast-hfb-below-header-display":"","ast-hfb-mobile-header-display":"","site-post-title":"","ast-breadcrumbs-content":"","ast-featured-img":"","footer-sml-layout":"","theme-transparent-header-meta":"default","adv-header-id-meta":"","stick-header-meta":"","header-above-stick-meta":"","header-main-stick-meta":"","header-below-stick-meta":"","astra-migrate-meta-layouts":"set","ast-page-background-enabled":"default","ast-page-background-meta":{"desktop":{"background-color":"","background-image":"","background-repeat":"repeat","background-position":"center center","background-size":"auto","background-attachment":"scroll","background-type":"","background-media":"","overlay-type":"","overlay-color":"","overlay-opacity":"","overlay-gradient":""},"tablet":{"background-color":"","background-image":"","background-repeat":"repeat","background-position":"center center","background-size":"auto","background-attachment":"scroll","background-type":"","background-media":"","overlay-type":"","overlay-color":"","overlay-opacity":"","overlay-gradient":""},"mobile":{"background-color":"","background-image":"","background-repeat":"repeat","background-position":"center center","background-size":"auto","background-attachment":"scroll","background-type":"","background-media":"","overlay-type":"","overlay-color":"","overlay-opacity":"","overlay-gradient":""}},"ast-content-background-meta":{"desktop":{"background-color":"var(--ast-global-color-5)","background-image":"","background-repeat":"repeat","background-position":"center center","background-size":"auto","background-attachment":"scroll","background-type":"","background-media":"","overlay-type":"","overlay-color":"","overlay-opacity":"","overlay-gradient":""},"tablet":{"background-color":"var(--ast-global-color-5)","background-image":"","background-repeat":"repeat","background-position":"center center","background-size":"auto","background-attachment":"scroll","background-type":"","background-media":"","overlay-type":"","overlay-color":"","overlay-opacity":"","overlay-gradient":""},"mobile":{"background-color":"var(--ast-global-color-5)","background-image":"","background-repeat":"repeat","background-position":"center center","background-size":"auto","background-attachment":"scroll","background-type":"","background-media":"","overlay-type":"","overlay-color":"","overlay-opacity":"","overlay-gradient":""}}},"product_brand":[],"product_cat":[28],"product_tag":[],"class_list":{"0":"post-2460","1":"product","2":"type-product","3":"status-publish","4":"has-post-thumbnail","6":"product_cat-varietes-de-cannabis","7":"desktop-align-left","8":"tablet-align-left","9":"mobile-align-left","11":"first","12":"instock","13":"sale","14":"shipping-taxable","15":"purchasable","16":"product-type-variable"},"uagb_featured_image_src":{"full":["https:\/\/pressurezone.shop\/wp-content\/uploads\/2024\/04\/photo1712355873-5.jpeg",960,1280,false],"thumbnail":["https:\/\/pressurezone.shop\/wp-content\/uploads\/2024\/04\/photo1712355873-5-150x150.jpeg",150,150,true],"medium":["https:\/\/pressurezone.shop\/wp-content\/uploads\/2024\/04\/photo1712355873-5-225x300.jpeg",225,300,true],"medium_large":["https:\/\/pressurezone.shop\/wp-content\/uploads\/2024\/04\/photo1712355873-5-768x1024.jpeg",768,1024,true],"large":["https:\/\/pressurezone.shop\/wp-content\/uploads\/2024\/04\/photo1712355873-5-768x1024.jpeg",768,1024,true],"1536x1536":["https:\/\/pressurezone.shop\/wp-content\/uploads\/2024\/04\/photo1712355873-5.jpeg",960,1280,false],"2048x2048":["https:\/\/pressurezone.shop\/wp-content\/uploads\/2024\/04\/photo1712355873-5.jpeg",960,1280,false],"trp-custom-language-flag":["https:\/\/pressurezone.shop\/wp-content\/uploads\/2024\/04\/photo1712355873-5-9x12.jpeg",9,12,true],"woocommerce_thumbnail":["https:\/\/pressurezone.shop\/wp-content\/uploads\/2024\/04\/photo1712355873-5-300x300.jpeg",300,300,true],"woocommerce_single":["https:\/\/pressurezone.shop\/wp-content\/uploads\/2024\/04\/photo1712355873-5-600x800.jpeg",600,800,true],"woocommerce_gallery_thumbnail":["https:\/\/pressurezone.shop\/wp-content\/uploads\/2024\/04\/photo1712355873-5-100x100.jpeg",100,100,true]},"uagb_author_info":{"display_name":"pressurezone.shop","author_link":"https:\/\/pressurezone.shop\/it\/author\/"},"uagb_comment_info":0,"uagb_excerpt":"Mint Cookies est une vari\u00e9t\u00e9 de cannabis exquise, offrant une harmonie parfaite entre fra\u00eecheur et douceur. D\u00e9couvrez la fra\u00eecheur de Mint Cookies d\u00e8s maintenant !","_links":{"self":[{"href":"https:\/\/pressurezone.shop\/it\/wp-json\/wp\/v2\/product\/2460"}],"collection":[{"href":"https:\/\/pressurezone.shop\/it\/wp-json\/wp\/v2\/product"}],"about":[{"href":"https:\/\/pressurezone.shop\/it\/wp-json\/wp\/v2\/types\/product"}],"replies":[{"embeddable":true,"href":"https:\/\/pressurezone.shop\/it\/wp-json\/wp\/v2\/comments?post=2460"}],"version-history":[{"count":2,"href":"https:\/\/pressurezone.shop\/it\/wp-json\/wp\/v2\/product\/2460\/revisions"}],"predecessor-version":[{"id":2469,"href":"https:\/\/pressurezone.shop\/it\/wp-json\/wp\/v2\/product\/2460\/revisions\/2469"}],"wp:featuredmedia":[{"embeddable":true,"href":"https:\/\/pressurezone.shop\/it\/wp-json\/wp\/v2\/media\/2467"}],"wp:attachment":[{"href":"https:\/\/pressurezone.shop\/it\/wp-json\/wp\/v2\/media?parent=2460"}],"wp:term":[{"taxonomy":"product_brand","embeddable":true,"href":"https:\/\/pressurezone.shop\/it\/wp-json\/wp\/v2\/product_brand?post=2460"},{"taxonomy":"product_cat","embeddable":true,"href":"https:\/\/pressurezone.shop\/it\/wp-json\/wp\/v2\/product_cat?post=2460"},{"taxonomy":"product_tag","embeddable":true,"href":"https:\/\/pressurezone.shop\/it\/wp-json\/wp\/v2\/product_tag?post=2460"}],"curies":[{"name":"wp","href":"https:\/\/api.w.org\/{rel}","templated":true}]}}