{"id":2650,"date":"2024-04-19T12:02:29","date_gmt":"2024-04-19T10:02:29","guid":{"rendered":"https:\/\/pressurezone.shop\/?post_type=product&#038;p=2650"},"modified":"2024-11-04T21:15:32","modified_gmt":"2024-11-04T20:15:32","slug":"exotic-edition-pree-rolls","status":"publish","type":"product","link":"https:\/\/pressurezone.shop\/it\/prodotto\/rotoli-di-pree-in-edizione-esotica\/","title":{"rendered":"Edizione Esotica Pree Rotoli"},"content":{"rendered":"<p>Immergetevi nel lusso edizione dell&#039;esotico con questi pre-laminati di qualit\u00e0. Offre una variet\u00e0 di profumi e sapori unici, raffinati, questi pre-panini sono perfetti per una esperienza di fumare una vacanza memorabile. Ordina ora per scoprire esotiche in ogni puff !<\/p>","protected":false},"excerpt":{"rendered":"<p>Godetevi il lusso e l&#039;esotismo dell&#039;Esotico Edizione Pre Rotoli. Sapori unici, per un&#039;esperienza di fumare una vacanza memorabile. Ordine ora !<\/p>","protected":false},"featured_media":2651,"comment_status":"open","ping_status":"closed","template":"","meta":{"_uag_custom_page_level_css":"","site-sidebar-layout":"default","site-content-layout":"","ast-site-content-layout":"default","site-content-style":"default","site-sidebar-style":"default","ast-global-header-display":"","ast-banner-title-visibility":"","ast-main-header-display":"","ast-hfb-above-header-display":"","ast-hfb-below-header-display":"","ast-hfb-mobile-header-display":"","site-post-title":"","ast-breadcrumbs-content":"","ast-featured-img":"","footer-sml-layout":"","theme-transparent-header-meta":"default","adv-header-id-meta":"","stick-header-meta":"","header-above-stick-meta":"","header-main-stick-meta":"","header-below-stick-meta":"","astra-migrate-meta-layouts":"set","ast-page-background-enabled":"default","ast-page-background-meta":{"desktop":{"background-color":"","background-image":"","background-repeat":"repeat","background-position":"center center","background-size":"auto","background-attachment":"scroll","background-type":"","background-media":"","overlay-type":"","overlay-color":"","overlay-opacity":"","overlay-gradient":""},"tablet":{"background-color":"","background-image":"","background-repeat":"repeat","background-position":"center center","background-size":"auto","background-attachment":"scroll","background-type":"","background-media":"","overlay-type":"","overlay-color":"","overlay-opacity":"","overlay-gradient":""},"mobile":{"background-color":"","background-image":"","background-repeat":"repeat","background-position":"center center","background-size":"auto","background-attachment":"scroll","background-type":"","background-media":"","overlay-type":"","overlay-color":"","overlay-opacity":"","overlay-gradient":""}},"ast-content-background-meta":{"desktop":{"background-color":"var(--ast-global-color-5)","background-image":"","background-repeat":"repeat","background-position":"center center","background-size":"auto","background-attachment":"scroll","background-type":"","background-media":"","overlay-type":"","overlay-color":"","overlay-opacity":"","overlay-gradient":""},"tablet":{"background-color":"var(--ast-global-color-5)","background-image":"","background-repeat":"repeat","background-position":"center center","background-size":"auto","background-attachment":"scroll","background-type":"","background-media":"","overlay-type":"","overlay-color":"","overlay-opacity":"","overlay-gradient":""},"mobile":{"background-color":"var(--ast-global-color-5)","background-image":"","background-repeat":"repeat","background-position":"center center","background-size":"auto","background-attachment":"scroll","background-type":"","background-media":"","overlay-type":"","overlay-color":"","overlay-opacity":"","overlay-gradient":""}}},"product_brand":[],"product_cat":[262],"product_tag":[],"class_list":{"0":"post-2650","1":"product","2":"type-product","3":"status-publish","4":"has-post-thumbnail","6":"product_cat-preprolls","7":"desktop-align-left","8":"tablet-align-left","9":"mobile-align-left","11":"first","12":"instock","13":"shipping-taxable","14":"purchasable","15":"product-type-variable"},"uagb_featured_image_src":{"full":["https:\/\/pressurezone.shop\/wp-content\/uploads\/2024\/04\/photo1712352776-6.jpeg",600,800,false],"thumbnail":["https:\/\/pressurezone.shop\/wp-content\/uploads\/2024\/04\/photo1712352776-6-150x150.jpeg",150,150,true],"medium":["https:\/\/pressurezone.shop\/wp-content\/uploads\/2024\/04\/photo1712352776-6-225x300.jpeg",225,300,true],"medium_large":["https:\/\/pressurezone.shop\/wp-content\/uploads\/2024\/04\/photo1712352776-6.jpeg",600,800,false],"large":["https:\/\/pressurezone.shop\/wp-content\/uploads\/2024\/04\/photo1712352776-6.jpeg",600,800,false],"1536x1536":["https:\/\/pressurezone.shop\/wp-content\/uploads\/2024\/04\/photo1712352776-6.jpeg",600,800,false],"2048x2048":["https:\/\/pressurezone.shop\/wp-content\/uploads\/2024\/04\/photo1712352776-6.jpeg",600,800,false],"trp-custom-language-flag":["https:\/\/pressurezone.shop\/wp-content\/uploads\/2024\/04\/photo1712352776-6-9x12.jpeg",9,12,true],"woocommerce_thumbnail":["https:\/\/pressurezone.shop\/wp-content\/uploads\/2024\/04\/photo1712352776-6-300x300.jpeg",300,300,true],"woocommerce_single":["https:\/\/pressurezone.shop\/wp-content\/uploads\/2024\/04\/photo1712352776-6.jpeg",600,800,false],"woocommerce_gallery_thumbnail":["https:\/\/pressurezone.shop\/wp-content\/uploads\/2024\/04\/photo1712352776-6-100x100.jpeg",100,100,true]},"uagb_author_info":{"display_name":"pressurezone.shop","author_link":"https:\/\/pressurezone.shop\/it\/author\/"},"uagb_comment_info":0,"uagb_excerpt":"D\u00e9couvrez le luxe et l'exotisme avec les Exotic Edition Pre Rolls. Des saveurs uniques pour une exp\u00e9rience de fumage m\u00e9morable. Commandez maintenant !","_links":{"self":[{"href":"https:\/\/pressurezone.shop\/it\/wp-json\/wp\/v2\/product\/2650"}],"collection":[{"href":"https:\/\/pressurezone.shop\/it\/wp-json\/wp\/v2\/product"}],"about":[{"href":"https:\/\/pressurezone.shop\/it\/wp-json\/wp\/v2\/types\/product"}],"replies":[{"embeddable":true,"href":"https:\/\/pressurezone.shop\/it\/wp-json\/wp\/v2\/comments?post=2650"}],"version-history":[{"count":1,"href":"https:\/\/pressurezone.shop\/it\/wp-json\/wp\/v2\/product\/2650\/revisions"}],"predecessor-version":[{"id":2654,"href":"https:\/\/pressurezone.shop\/it\/wp-json\/wp\/v2\/product\/2650\/revisions\/2654"}],"wp:featuredmedia":[{"embeddable":true,"href":"https:\/\/pressurezone.shop\/it\/wp-json\/wp\/v2\/media\/2651"}],"wp:attachment":[{"href":"https:\/\/pressurezone.shop\/it\/wp-json\/wp\/v2\/media?parent=2650"}],"wp:term":[{"taxonomy":"product_brand","embeddable":true,"href":"https:\/\/pressurezone.shop\/it\/wp-json\/wp\/v2\/product_brand?post=2650"},{"taxonomy":"product_cat","embeddable":true,"href":"https:\/\/pressurezone.shop\/it\/wp-json\/wp\/v2\/product_cat?post=2650"},{"taxonomy":"product_tag","embeddable":true,"href":"https:\/\/pressurezone.shop\/it\/wp-json\/wp\/v2\/product_tag?post=2650"}],"curies":[{"name":"wp","href":"https:\/\/api.w.org\/{rel}","templated":true}]}}