{"id":2997,"date":"2024-10-11T00:48:46","date_gmt":"2024-10-10T22:48:46","guid":{"rendered":"https:\/\/pressurezone.shop\/?post_type=product&#038;p=2997"},"modified":"2024-11-02T21:20:18","modified_gmt":"2024-11-02T20:20:18","slug":"cannabis-durban-poison","status":"publish","type":"product","link":"https:\/\/pressurezone.shop\/it\/prodotto\/cannabis-durban-poison\/","title":{"rendered":"Cannabis Veleno di Durban"},"content":{"rendered":"<div class=\"flex-shrink-0 flex flex-col relative items-end\">\n<div>\n<div class=\"pt-0\">\n<div class=\"gizmo-bot-avatar flex h-8 w-8 items-center justify-center overflow-hidden rounded-full\">\n<div class=\"relative p-1 rounded-sm flex items-center justify-center bg-token-main-surface-primary text-token-text-primary h-8 w-8\"><\/div>\n<\/div>\n<\/div>\n<\/div>\n<\/div>\n<div class=\"group\/conversation-turn relative flex w-full min-w-0 flex-col agent-turn\">\n<div class=\"flex-col gap-1 md:gap-3\">\n<div class=\"flex max-w-full flex-col flex-grow\">\n<div class=\"min-h-8 text-message flex w-full flex-col items-end gap-2 whitespace-normal break-words [.text-message+&amp;]:mt-5\" dir=\"auto\" data-message-author-role=\"assistant\" data-message-id=\"61f48bb6-5012-4687-959b-b761f2de1d5e\" data-message-model-slug=\"gpt-4o\">\n<div class=\"flex w-full flex-col gap-1 empty:hidden first:pt-[3px]\">\n<div class=\"markdown prose w-full break-words dark:prose-invert light\">\n<h2><strong>Acquistare Cannabis Durban Poison online su <a href=\"https:\/\/pressurezone.shop\/it\/\" target=\"_new\" rel=\"noopener\">Zona di pressione<\/a><\/strong><\/h2>\n<p>Scoprire <strong>Veleno di Durban<\/strong>a <strong>variet\u00e0 di cannabis<\/strong> pura sativa, rinomata in tutto il mondo per la sua eccezionale potenza. Con <strong>Livelli di THC fino a 28%+.<\/strong>Durban Poison \u00e8 una variet\u00e0 ideale per gli amanti della sativa alla ricerca di uno sballo energizzante e cerebrale. Famosa per il suo aroma terroso e leggermente dolce con una nota di pino, questa variet\u00e0 \u00e8 perfetta per le attivit\u00e0 diurne, stimolando la creativit\u00e0 e la motivazione.<\/p>\n<h3>Effetti e benefici della cannabis al veleno di Durban<\/h3>\n<p>La <strong>Variet\u00e0 di veleno di Durban<\/strong> \u00e8 nota per i suoi effetti rapidi e intensi, che forniscono una spinta di chiarezza mentale e felicit\u00e0. Ecco cosa ci si pu\u00f2 aspettare da questa potente variet\u00e0:<\/p>\n<ul>\n<li><strong>Energia e creativit\u00e0<\/strong> Perfetto per i momenti di ispirazione e creativit\u00e0.<\/li>\n<li><strong>Euforia e concentrazione<\/strong> Stimola la concentrazione e favorisce un umore positivo, ideale per le attivit\u00e0 diurne.<\/li>\n<li><strong>Effetto a lungo termine<\/strong> Uno sballo di lunga durata che vi accompagna per tutto il giorno senza appesantirvi.<\/li>\n<\/ul>\n<p>Con un <strong>alta potenza<\/strong> e nessun effetto sedativo, Durban Poison \u00e8 perfetta per i consumatori attivi che cercano un'esperienza stimolante.<\/p>\n<h3>Benefici terapeutici della cannabis al veleno di Durban<\/h3>\n<p>Cos\u00ec come i suoi effetti rinvigorenti, <strong>Veleno di Durban<\/strong> \u00e8 un'opzione popolare per i suoi numerosi benefici terapeutici:<\/p>\n<ul>\n<li><strong>Sollievo da depressione e ansia<\/strong> Calma la mente e riduce i sentimenti negativi, portando un senso di calma e chiarezza mentale.<\/li>\n<li><strong>Riduzione del dolore cronico<\/strong> Efficace per alleviare il dolore persistente senza effetti pesanti.<\/li>\n<li><strong>Trattamento della nausea<\/strong> Aiuta a ridurre i sintomi della nausea, ideale per chi soffre di disturbi gastrointestinali.<\/li>\n<\/ul>\n<p>La Durban Poison \u00e8 anche rinomata per il suo alto contenuto di tricomi, che la rende una scelta eccellente per la produzione di concentrati.<\/p>\n<h3>Sapori e aromi di Durban Poison<\/h3>\n<p>Il profilo aromatico unico di <strong>Veleno di Durban<\/strong> un'esperienza sensoriale indimenticabile:<\/p>\n<ul>\n<li><strong>I sapori<\/strong> Un gusto terroso e dolce, bilanciato da un tocco di pino che aggiunge una piacevole freschezza.<\/li>\n<li><strong>Aromi<\/strong> Un profumo dolce e speziato, che ricorda una pineta, perfetto per chi ama le variet\u00e0 con fragranze naturali e rinvigorenti.<a href=\"https:\/\/fuelpackz.com\/\" target=\"_blank\" rel=\"noopener\">.<\/a><\/li>\n<\/ul>\n<p>Questi <strong>sapori e aromi naturali<\/strong> rendono ogni boccata di Durban Poison un'esperienza memorabile, perfetta per gli amanti delle sative pure e intense.<\/p>\n<h3>Perch\u00e9 acquistare la cannabis di Durban Poison su <a href=\"https:\/\/pressurezone.shop\/it\/\" target=\"_new\" rel=\"noopener\">Zona di pressione<\/a>?<\/h3>\n<p>A <strong>Zona di pressione<\/strong>selezioniamo <strong>variet\u00e0 di cannabis<\/strong> coltivati e testati per offrire un'esperienza di alta qualit\u00e0 ai nostri clienti in Europa. <strong>Veleno di Durban<\/strong> \u00e8 una variet\u00e0 apprezzata per la sua potenza e i suoi effetti rinvigorenti. Ecco perch\u00e9 dovreste acquistare da noi:<\/p>\n<ul>\n<li><strong>Qualit\u00e0 Premium<\/strong> I nostri prodotti sono rigorosamente testati per garantire purezza e potenza.<\/li>\n<li><strong>Esperienza energizzante<\/strong> Perfetto per i momenti di concentrazione, creativit\u00e0 e benessere diurno.<\/li>\n<li><strong>Servizio clienti dedicato<\/strong> : Il nostro team \u00e8 qui per guidarvi verso il <strong>variet\u00e0 di cannabis<\/strong> che meglio si adatta alle vostre esigenze.<\/li>\n<\/ul>\n<h3>Domande frequenti<\/h3>\n<h4>Quali sono gli effetti principali del veleno di Durban?<\/h4>\n<p>Durban Poison \u00e8 rinomata per i suoi rapidi e potenti effetti cerebrali, che forniscono una spinta di creativit\u00e0, felicit\u00e0 ed energia. \u00c8 una variet\u00e0 ideale per le attivit\u00e0 diurne.<\/p>\n<h4>Il veleno di Durban \u00e8 efficace per alleviare il dolore e la depressione?<\/h4>\n<p>S\u00ec, il veleno di Durban \u00e8 efficace per alleviare il dolore cronico e trattare condizioni come la depressione e l'ansia, grazie ai suoi effetti rinvigorenti e positivi.<\/p>\n<h4>Quali sono i sapori e gli aromi dominanti di Durban Poison?<\/h4>\n<p>Durban Poison offre un gusto terroso e dolce, con aromi di pino e un tocco di legno, perfetto per un'esperienza naturale.<\/p>\n<h3>Ordina la variet\u00e0 di cannabis Durban Poison online su <a href=\"https:\/\/pressurezone.shop\/it\/\" target=\"_new\" rel=\"noopener\">Zona di pressione<\/a><\/h3>\n<p>Pronti a scoprire il potere e l'energia di <strong>Veleno di Durban<\/strong>? <strong>Ordina ora<\/strong> su <a href=\"https:\/\/pressurezone.shop\/it\/\" target=\"_new\" rel=\"noopener\">Zona di pressione<\/a> per un'esperienza di <strong>variet\u00e0 di cannabis<\/strong> pura sativa, perfetta per i momenti di ispirazione e benessere. Godetevi una consegna rapida e discreta e lasciatevi sedurre dall'eccellenza dei nostri prodotti di qualit\u00e0.<\/p>\n<\/div>\n<\/div>\n<\/div>\n<\/div>\n<\/div>\n<\/div>","protected":false},"excerpt":{"rendered":"<p><strong>Sapore:<\/strong>\u00a0Terroso | Pino | Dolce<br \/>\n<strong>Uso medico:<\/strong>\u00a0Dolore cronico | Depressione | Ansia | Stress<br \/>\n<strong>Contenuto di THC:<\/strong>\u00a028%+ Massima<\/p>","protected":false},"featured_media":3029,"comment_status":"closed","ping_status":"closed","template":"","meta":{"_uag_custom_page_level_css":"","site-sidebar-layout":"default","site-content-layout":"","ast-site-content-layout":"default","site-content-style":"default","site-sidebar-style":"default","ast-global-header-display":"","ast-banner-title-visibility":"","ast-main-header-display":"","ast-hfb-above-header-display":"","ast-hfb-below-header-display":"","ast-hfb-mobile-header-display":"","site-post-title":"","ast-breadcrumbs-content":"","ast-featured-img":"","footer-sml-layout":"","theme-transparent-header-meta":"default","adv-header-id-meta":"","stick-header-meta":"","header-above-stick-meta":"","header-main-stick-meta":"","header-below-stick-meta":"","astra-migrate-meta-layouts":"set","ast-page-background-enabled":"default","ast-page-background-meta":{"desktop":{"background-color":"","background-image":"","background-repeat":"repeat","background-position":"center center","background-size":"auto","background-attachment":"scroll","background-type":"","background-media":"","overlay-type":"","overlay-color":"","overlay-opacity":"","overlay-gradient":""},"tablet":{"background-color":"","background-image":"","background-repeat":"repeat","background-position":"center center","background-size":"auto","background-attachment":"scroll","background-type":"","background-media":"","overlay-type":"","overlay-color":"","overlay-opacity":"","overlay-gradient":""},"mobile":{"background-color":"","background-image":"","background-repeat":"repeat","background-position":"center center","background-size":"auto","background-attachment":"scroll","background-type":"","background-media":"","overlay-type":"","overlay-color":"","overlay-opacity":"","overlay-gradient":""}},"ast-content-background-meta":{"desktop":{"background-color":"var(--ast-global-color-5)","background-image":"","background-repeat":"repeat","background-position":"center center","background-size":"auto","background-attachment":"scroll","background-type":"","background-media":"","overlay-type":"","overlay-color":"","overlay-opacity":"","overlay-gradient":""},"tablet":{"background-color":"var(--ast-global-color-5)","background-image":"","background-repeat":"repeat","background-position":"center center","background-size":"auto","background-attachment":"scroll","background-type":"","background-media":"","overlay-type":"","overlay-color":"","overlay-opacity":"","overlay-gradient":""},"mobile":{"background-color":"var(--ast-global-color-5)","background-image":"","background-repeat":"repeat","background-position":"center center","background-size":"auto","background-attachment":"scroll","background-type":"","background-media":"","overlay-type":"","overlay-color":"","overlay-opacity":"","overlay-gradient":""}}},"product_brand":[],"product_cat":[28,273],"product_tag":[],"class_list":{"0":"post-2997","1":"product","2":"type-product","3":"status-publish","4":"has-post-thumbnail","6":"product_cat-varietes-de-cannabis","7":"product_cat-varietes-de-cannabis-sativa","8":"desktop-align-left","9":"tablet-align-left","10":"mobile-align-left","12":"first","13":"instock","14":"shipping-taxable","15":"purchasable","16":"product-type-variable"},"uagb_featured_image_src":{"full":["https:\/\/pressurezone.shop\/wp-content\/uploads\/2024\/10\/Buy-Durban-Poison-Cannabis.png",906,955,false],"thumbnail":["https:\/\/pressurezone.shop\/wp-content\/uploads\/2024\/10\/Buy-Durban-Poison-Cannabis-150x150.png",150,150,true],"medium":["https:\/\/pressurezone.shop\/wp-content\/uploads\/2024\/10\/Buy-Durban-Poison-Cannabis-285x300.png",285,300,true],"medium_large":["https:\/\/pressurezone.shop\/wp-content\/uploads\/2024\/10\/Buy-Durban-Poison-Cannabis-768x810.png",768,810,true],"large":["https:\/\/pressurezone.shop\/wp-content\/uploads\/2024\/10\/Buy-Durban-Poison-Cannabis.png",906,955,false],"1536x1536":["https:\/\/pressurezone.shop\/wp-content\/uploads\/2024\/10\/Buy-Durban-Poison-Cannabis.png",906,955,false],"2048x2048":["https:\/\/pressurezone.shop\/wp-content\/uploads\/2024\/10\/Buy-Durban-Poison-Cannabis.png",906,955,false],"trp-custom-language-flag":["https:\/\/pressurezone.shop\/wp-content\/uploads\/2024\/10\/Buy-Durban-Poison-Cannabis-11x12.png",11,12,true],"woocommerce_thumbnail":["https:\/\/pressurezone.shop\/wp-content\/uploads\/2024\/10\/Buy-Durban-Poison-Cannabis-300x300.png",300,300,true],"woocommerce_single":["https:\/\/pressurezone.shop\/wp-content\/uploads\/2024\/10\/Buy-Durban-Poison-Cannabis-600x632.png",600,632,true],"woocommerce_gallery_thumbnail":["https:\/\/pressurezone.shop\/wp-content\/uploads\/2024\/10\/Buy-Durban-Poison-Cannabis-100x100.png",100,100,true]},"uagb_author_info":{"display_name":"pressurezone.shop","author_link":"https:\/\/pressurezone.shop\/it\/author\/"},"uagb_comment_info":0,"uagb_excerpt":"Flavour:\u00a0Earthy | Pine | Sweet Medical Usage:\u00a0Chronic Pain | Depression | Anxiety | Stress THC Content:\u00a028%+ Highest","_links":{"self":[{"href":"https:\/\/pressurezone.shop\/it\/wp-json\/wp\/v2\/product\/2997"}],"collection":[{"href":"https:\/\/pressurezone.shop\/it\/wp-json\/wp\/v2\/product"}],"about":[{"href":"https:\/\/pressurezone.shop\/it\/wp-json\/wp\/v2\/types\/product"}],"replies":[{"embeddable":true,"href":"https:\/\/pressurezone.shop\/it\/wp-json\/wp\/v2\/comments?post=2997"}],"version-history":[{"count":3,"href":"https:\/\/pressurezone.shop\/it\/wp-json\/wp\/v2\/product\/2997\/revisions"}],"predecessor-version":[{"id":3689,"href":"https:\/\/pressurezone.shop\/it\/wp-json\/wp\/v2\/product\/2997\/revisions\/3689"}],"wp:featuredmedia":[{"embeddable":true,"href":"https:\/\/pressurezone.shop\/it\/wp-json\/wp\/v2\/media\/3029"}],"wp:attachment":[{"href":"https:\/\/pressurezone.shop\/it\/wp-json\/wp\/v2\/media?parent=2997"}],"wp:term":[{"taxonomy":"product_brand","embeddable":true,"href":"https:\/\/pressurezone.shop\/it\/wp-json\/wp\/v2\/product_brand?post=2997"},{"taxonomy":"product_cat","embeddable":true,"href":"https:\/\/pressurezone.shop\/it\/wp-json\/wp\/v2\/product_cat?post=2997"},{"taxonomy":"product_tag","embeddable":true,"href":"https:\/\/pressurezone.shop\/it\/wp-json\/wp\/v2\/product_tag?post=2997"}],"curies":[{"name":"wp","href":"https:\/\/api.w.org\/{rel}","templated":true}]}}