{"id":2998,"date":"2024-10-11T00:48:46","date_gmt":"2024-10-10T22:48:46","guid":{"rendered":"https:\/\/pressurezone.shop\/?post_type=product&#038;p=2998"},"modified":"2024-11-02T21:52:53","modified_gmt":"2024-11-02T20:52:53","slug":"candyland-aaaa-weed-strain","status":"publish","type":"product","link":"https:\/\/pressurezone.shop\/it\/prodotto\/varieta-di-erba-candyland-aaaa\/","title":{"rendered":"Ceppo di erba Candyland AAAA"},"content":{"rendered":"<h3><strong>Acquista la variet\u00e0 di erba Candyland AAAA in Europa. <a href=\"https:\/\/pressurezone.shop\/it\/\" target=\"_new\" rel=\"noopener\">Zona di pressione<\/a><\/strong><\/h3>\n<p>Scoprire <strong>Ceppo di erba Candyland AAAA<\/strong>a <strong>variet\u00e0 di cannabis<\/strong> a predominanza sativa, offre un high energizzante e gioioso, perfetto per rallegrare la giornata. Il risultato di un incrocio tra la leggendaria <strong>Nonno Purps<\/strong> e <strong>Biscotti di platino<\/strong>Candyland \u00e8 stata progettata per stimolare la mente e risvegliare la creativit\u00e0. Con livelli di THC fino a 24%, questa potente variet\u00e0 fornisce una spinta euforica e una dose di buon umore ideale per le attivit\u00e0 quotidiane.<a href=\"https:\/\/fuelpackz.com\/\" target=\"_blank\" rel=\"noopener\">.<\/a><\/p>\n<h3>Effetti e benefici della variet\u00e0 di erba Candyland AAAA<\/h3>\n<p>La <strong>Ceppo di erba Candyland AAAA<\/strong> \u00e8 noto per i suoi effetti stimolanti ed equilibrati, perfetti per i momenti di attivit\u00e0:<\/p>\n<ul>\n<li><strong>Euforia e felicit\u00e0<\/strong> Fornisce uno sballo felice e ottimista, ideale per migliorare l'umore.<\/li>\n<li><strong>Stimolazione creativa<\/strong> Aiuta a stimolare la creativit\u00e0 e l'immaginazione, perfetto per le attivit\u00e0 artistiche.<\/li>\n<li><strong>Rilassamento leggero<\/strong> Apporta una sottile calma senza pesantezza, ideale per rimanere concentrati.<\/li>\n<\/ul>\n<p>Con un <strong>Alto THC di 24%<\/strong>Candyland \u00e8 potente e adatta a chi cerca energia positiva e uno sballo stimolante.<\/p>\n<h3>Benefici terapeutici della variet\u00e0 di erba Candyland AAAA<\/h3>\n<p>Grazie ai suoi effetti equilibrati, <strong>Il paese dei balocchi<\/strong> \u00e8 spesso scelto per alleviare una serie di sintomi e condizioni:<\/p>\n<ul>\n<li><strong>Ridurre l'ansia e la depressione<\/strong> Efficace per calmare le menti stressate e promuovere uno stato di benessere.<\/li>\n<li><strong>Sollievo dal dolore cronico<\/strong> Lenisce i dolori lievi e moderati del corpo.<\/li>\n<li><strong>Trattamento dell'ADHD e del disturbo bipolare<\/strong> Aiuta a migliorare la concentrazione e a gestire i sintomi dei disturbi dell'umore.<\/li>\n<\/ul>\n<p>Questo <strong>variet\u00e0 di cannabis<\/strong> \u00e8 perfetto per chi cerca una soluzione naturale per alleviare lo stress e il dolore, senza eccessiva sedazione.<\/p>\n<h3>Sapori e aromi di Candyland<\/h3>\n<p>Candyland si distingue per il suo profilo aromatico dolce e terroso, con un gusto che ricorda i dolci:<\/p>\n<ul>\n<li><strong>I sapori<\/strong> Un gusto dolce e leggermente piccante, con un tocco di terriccio che completa l'esperienza.<\/li>\n<li><strong>Aromi<\/strong> Una fragranza dolce e calda con una sottile nota speziata, che offre un'esperienza olfattiva unica.<\/li>\n<\/ul>\n<p>Questi <strong>sapori e aromi gourmet<\/strong> rende Candyland una variet\u00e0 essenziale per gli amanti della cannabis dal gusto dolce e delicato.<\/p>\n<h3>Perch\u00e9 acquistare la variet\u00e0 di erba Candyland AAAA su <a href=\"https:\/\/pressurezone.shop\/it\/\" target=\"_new\" rel=\"noopener\">Zona di pressione<\/a>?<\/h3>\n<p>A <strong>Zona di pressione<\/strong>offriamo <strong>variet\u00e0 di cannabis<\/strong> di qualit\u00e0 superiore, accuratamente testati per verificarne la potenza e la purezza. <strong>Ceppo di erba Candyland AAAA<\/strong> \u00e8 una delle nostre migliori variet\u00e0 per i suoi effetti energizzanti e i suoi sapori unici. Ecco perch\u00e9 dovreste scegliere Pressure Zone:<\/p>\n<ul>\n<li><strong>Qualit\u00e0 Premium<\/strong> I nostri prodotti sono rigorosamente testati per garantire un'esperienza di alta qualit\u00e0.<\/li>\n<li><strong>Effetto stimolante e positivo<\/strong> Ideale per i momenti di creativit\u00e0 e concentrazione.<\/li>\n<li><strong>Servizio clienti dedicato<\/strong> Siamo a vostra disposizione per aiutarvi a trovare il giusto <strong>variet\u00e0 di cannabis<\/strong> che meglio si adatta alle vostre esigenze.<\/li>\n<\/ul>\n<h3>Domande frequenti<\/h3>\n<h4>Quali sono gli effetti principali della variet\u00e0 di erba Candyland AAAA?<\/h4>\n<p>Candyland \u00e8 nota per i suoi effetti euforici e stimolanti, che migliorano l'umore e la lucidit\u00e0 mentale, perfetti per le giornate pi\u00f9 impegnative.<\/p>\n<h4>Candyland \u00e8 efficace per alleviare il dolore e l'ansia?<\/h4>\n<p>S\u00ec, questo <strong>variet\u00e0 di cannabis<\/strong> \u00e8 ideale per ridurre l'ansia, migliorare l'umore e alleviare il dolore cronico da lieve a moderato.<\/p>\n<h4>Quali sapori e aromi dominano Candyland?<\/h4>\n<p>Candyland offre un gusto dolce con note terrose e speziate, accompagnato da un aroma ricco che ricorda i dolci.<\/p>\n<h3>Ordina la variet\u00e0 di erba Candyland AAAA online in Europa su <a href=\"https:\/\/pressurezone.shop\/it\/\" target=\"_new\" rel=\"noopener\">Zona di pressione<\/a><\/h3>\n<p>Pronti a scoprire gli effetti gioiosi e stimolanti di <strong>Ceppo di erba Candyland AAAA<\/strong>? <strong>Ordina ora<\/strong> su <a href=\"https:\/\/pressurezone.shop\/it\/\" target=\"_new\" rel=\"noopener\">Zona di pressione<\/a> per un'esperienza di <strong>variet\u00e0 di cannabis<\/strong> ideale per rallegrare la giornata e incoraggiare la creativit\u00e0. Con una consegna rapida e discreta, Pressure Zone garantisce un'esperienza di acquisto senza problemi.<\/p>\n<h4><\/h4>","protected":false},"excerpt":{"rendered":"<p>Achetez la Vari\u00e9t\u00e9 Candyland AAAA Weed Strain en Ligne en Europe sur Pressure Zone D\u00e9couvrez Candyland AAAA Weed Strain, une vari\u00e9t\u00e9 de cannabis sativa-dominante qui offre un high \u00e9nergisant et joyeux, parfait pour illuminer vos journ\u00e9es. R\u00e9sultant d&rsquo;un croisement entre les l\u00e9gendaires Granddaddy Purps et Platinum Cookies, Candyland est con\u00e7ue pour stimuler l\u2019esprit et \u00e9veiller [&hellip;]<\/p>","protected":false},"featured_media":3031,"comment_status":"closed","ping_status":"closed","template":"","meta":{"_uag_custom_page_level_css":"","site-sidebar-layout":"default","site-content-layout":"","ast-site-content-layout":"default","site-content-style":"default","site-sidebar-style":"default","ast-global-header-display":"","ast-banner-title-visibility":"","ast-main-header-display":"","ast-hfb-above-header-display":"","ast-hfb-below-header-display":"","ast-hfb-mobile-header-display":"","site-post-title":"","ast-breadcrumbs-content":"","ast-featured-img":"","footer-sml-layout":"","theme-transparent-header-meta":"default","adv-header-id-meta":"","stick-header-meta":"","header-above-stick-meta":"","header-main-stick-meta":"","header-below-stick-meta":"","astra-migrate-meta-layouts":"set","ast-page-background-enabled":"default","ast-page-background-meta":{"desktop":{"background-color":"","background-image":"","background-repeat":"repeat","background-position":"center center","background-size":"auto","background-attachment":"scroll","background-type":"","background-media":"","overlay-type":"","overlay-color":"","overlay-opacity":"","overlay-gradient":""},"tablet":{"background-color":"","background-image":"","background-repeat":"repeat","background-position":"center center","background-size":"auto","background-attachment":"scroll","background-type":"","background-media":"","overlay-type":"","overlay-color":"","overlay-opacity":"","overlay-gradient":""},"mobile":{"background-color":"","background-image":"","background-repeat":"repeat","background-position":"center center","background-size":"auto","background-attachment":"scroll","background-type":"","background-media":"","overlay-type":"","overlay-color":"","overlay-opacity":"","overlay-gradient":""}},"ast-content-background-meta":{"desktop":{"background-color":"var(--ast-global-color-5)","background-image":"","background-repeat":"repeat","background-position":"center center","background-size":"auto","background-attachment":"scroll","background-type":"","background-media":"","overlay-type":"","overlay-color":"","overlay-opacity":"","overlay-gradient":""},"tablet":{"background-color":"var(--ast-global-color-5)","background-image":"","background-repeat":"repeat","background-position":"center center","background-size":"auto","background-attachment":"scroll","background-type":"","background-media":"","overlay-type":"","overlay-color":"","overlay-opacity":"","overlay-gradient":""},"mobile":{"background-color":"var(--ast-global-color-5)","background-image":"","background-repeat":"repeat","background-position":"center center","background-size":"auto","background-attachment":"scroll","background-type":"","background-media":"","overlay-type":"","overlay-color":"","overlay-opacity":"","overlay-gradient":""}}},"product_brand":[],"product_cat":[28,273],"product_tag":[276],"class_list":{"0":"post-2998","1":"product","2":"type-product","3":"status-publish","4":"has-post-thumbnail","6":"product_cat-varietes-de-cannabis","7":"product_cat-varietes-de-cannabis-sativa","8":"product_tag-buy-candyland-aaaa-weed-strain-europe","9":"desktop-align-left","10":"tablet-align-left","11":"mobile-align-left","13":"first","14":"instock","15":"shipping-taxable","16":"purchasable","17":"product-type-variable"},"uagb_featured_image_src":{"full":["https:\/\/pressurezone.shop\/wp-content\/uploads\/2024\/10\/Candyland-AAAA-Weed-Strain.jpg",1000,1000,false],"thumbnail":["https:\/\/pressurezone.shop\/wp-content\/uploads\/2024\/10\/Candyland-AAAA-Weed-Strain-150x150.jpg",150,150,true],"medium":["https:\/\/pressurezone.shop\/wp-content\/uploads\/2024\/10\/Candyland-AAAA-Weed-Strain-300x300.jpg",300,300,true],"medium_large":["https:\/\/pressurezone.shop\/wp-content\/uploads\/2024\/10\/Candyland-AAAA-Weed-Strain-768x768.jpg",768,768,true],"large":["https:\/\/pressurezone.shop\/wp-content\/uploads\/2024\/10\/Candyland-AAAA-Weed-Strain.jpg",1000,1000,false],"1536x1536":["https:\/\/pressurezone.shop\/wp-content\/uploads\/2024\/10\/Candyland-AAAA-Weed-Strain.jpg",1000,1000,false],"2048x2048":["https:\/\/pressurezone.shop\/wp-content\/uploads\/2024\/10\/Candyland-AAAA-Weed-Strain.jpg",1000,1000,false],"trp-custom-language-flag":["https:\/\/pressurezone.shop\/wp-content\/uploads\/2024\/10\/Candyland-AAAA-Weed-Strain-12x12.jpg",12,12,true],"woocommerce_thumbnail":["https:\/\/pressurezone.shop\/wp-content\/uploads\/2024\/10\/Candyland-AAAA-Weed-Strain-300x300.jpg",300,300,true],"woocommerce_single":["https:\/\/pressurezone.shop\/wp-content\/uploads\/2024\/10\/Candyland-AAAA-Weed-Strain-600x600.jpg",600,600,true],"woocommerce_gallery_thumbnail":["https:\/\/pressurezone.shop\/wp-content\/uploads\/2024\/10\/Candyland-AAAA-Weed-Strain-100x100.jpg",100,100,true]},"uagb_author_info":{"display_name":"pressurezone.shop","author_link":"https:\/\/pressurezone.shop\/it\/author\/"},"uagb_comment_info":0,"uagb_excerpt":"Achetez la Vari\u00e9t\u00e9 Candyland AAAA Weed Strain en Ligne en Europe sur Pressure Zone D\u00e9couvrez Candyland AAAA Weed Strain, une vari\u00e9t\u00e9 de cannabis sativa-dominante qui offre un high \u00e9nergisant et joyeux, parfait pour illuminer vos journ\u00e9es. R\u00e9sultant d&rsquo;un croisement entre les l\u00e9gendaires Granddaddy Purps et Platinum Cookies, Candyland est con\u00e7ue pour stimuler l\u2019esprit et \u00e9veiller&hellip;","_links":{"self":[{"href":"https:\/\/pressurezone.shop\/it\/wp-json\/wp\/v2\/product\/2998"}],"collection":[{"href":"https:\/\/pressurezone.shop\/it\/wp-json\/wp\/v2\/product"}],"about":[{"href":"https:\/\/pressurezone.shop\/it\/wp-json\/wp\/v2\/types\/product"}],"replies":[{"embeddable":true,"href":"https:\/\/pressurezone.shop\/it\/wp-json\/wp\/v2\/comments?post=2998"}],"version-history":[{"count":3,"href":"https:\/\/pressurezone.shop\/it\/wp-json\/wp\/v2\/product\/2998\/revisions"}],"predecessor-version":[{"id":3730,"href":"https:\/\/pressurezone.shop\/it\/wp-json\/wp\/v2\/product\/2998\/revisions\/3730"}],"wp:featuredmedia":[{"embeddable":true,"href":"https:\/\/pressurezone.shop\/it\/wp-json\/wp\/v2\/media\/3031"}],"wp:attachment":[{"href":"https:\/\/pressurezone.shop\/it\/wp-json\/wp\/v2\/media?parent=2998"}],"wp:term":[{"taxonomy":"product_brand","embeddable":true,"href":"https:\/\/pressurezone.shop\/it\/wp-json\/wp\/v2\/product_brand?post=2998"},{"taxonomy":"product_cat","embeddable":true,"href":"https:\/\/pressurezone.shop\/it\/wp-json\/wp\/v2\/product_cat?post=2998"},{"taxonomy":"product_tag","embeddable":true,"href":"https:\/\/pressurezone.shop\/it\/wp-json\/wp\/v2\/product_tag?post=2998"}],"curies":[{"name":"wp","href":"https:\/\/api.w.org\/{rel}","templated":true}]}}