{"id":3000,"date":"2024-10-11T00:48:46","date_gmt":"2024-10-10T22:48:46","guid":{"rendered":"https:\/\/pressurezone.shop\/?post_type=product&#038;p=3000"},"modified":"2024-11-02T21:42:31","modified_gmt":"2024-11-02T20:42:31","slug":"tropic-truffle-weed","status":"publish","type":"product","link":"https:\/\/pressurezone.shop\/it\/prodotto\/erba-tartufata-tropicale\/","title":{"rendered":"Erba tartufata tropicale"},"content":{"rendered":"<div class=\"flex-shrink-0 flex flex-col relative items-end\">\n<div>\n<div class=\"pt-0\">\n<div class=\"gizmo-bot-avatar flex h-8 w-8 items-center justify-center overflow-hidden rounded-full\">\n<div class=\"relative p-1 rounded-sm flex items-center justify-center bg-token-main-surface-primary text-token-text-primary h-8 w-8\"><\/div>\n<\/div>\n<\/div>\n<\/div>\n<\/div>\n<div class=\"group\/conversation-turn relative flex w-full min-w-0 flex-col agent-turn\">\n<div class=\"flex-col gap-1 md:gap-3\">\n<div class=\"flex max-w-full flex-col flex-grow\">\n<div class=\"min-h-8 text-message flex w-full flex-col items-end gap-2 whitespace-normal break-words [.text-message+&amp;]:mt-5\" dir=\"auto\" data-message-author-role=\"assistant\" data-message-id=\"decf5806-5b3f-4973-94a7-c02a9406dcce\" data-message-model-slug=\"gpt-4o\">\n<div class=\"flex w-full flex-col gap-1 empty:hidden first:pt-[3px]\">\n<div class=\"markdown prose w-full break-words dark:prose-invert light\">\n<h3><strong>Acquistare Tropic Truffle Weed online in Europa su <a href=\"https:\/\/pressurezone.shop\/it\/\" target=\"_new\" rel=\"noopener\">Zona di pressione<\/a><\/strong><\/h3>\n<p>Scoprire <strong>Erba tartufata tropicale<\/strong>conosciuti anche come \"Tartufi Tropicali\" - un <strong>variet\u00e0 di cannabis<\/strong> leggermente dominante nella sativa (60% sativa \/ 40% indica). Il risultato di un raro incrocio tra <strong>Biscotti Tropicana<\/strong> e <strong>Biscotti al cioccolato e menta<\/strong>Questa variet\u00e0 \u00e8 una festa per le papille gustative e per lo spirito. Con sapori di agrumi dolci e pino terroso, Tropic Truffle offre uno sballo equilibrato, ideale per chi cerca una leggera carica di energia e un momento di relax creativo.<a href=\"https:\/\/fuelpackz.com\/\" target=\"_blank\" rel=\"noopener\">.<\/a><\/p>\n<h3>Effetti e benefici dell'erba tartufo tropicale<\/h3>\n<p>La <strong>Erba tartufata tropicale<\/strong> si distingue per i suoi effetti energizzanti e stimolanti, perfetti per le attivit\u00e0 creative e sociali:<\/p>\n<ul>\n<li><strong>Energia e creativit\u00e0<\/strong> Ideale per i momenti artistici, stimola la concentrazione e la creativit\u00e0.<\/li>\n<li><strong>Beatitudine e felicit\u00e0<\/strong> : provoca una sensazione di benessere e uno stato di gioia euforica.<\/li>\n<li><strong>Rilassamento delicato del corpo<\/strong> Tartufo Tropico: rilassante senza essere sedativo, il Tartufo Tropico \u00e8 perfetto per rilassarsi senza appesantire la mente.<\/li>\n<\/ul>\n<p>Con livelli di <strong>THC di 18-20%<\/strong>Tropic Truffle \u00e8 una variet\u00e0 potente che bilancia energia e relax, ideale per i momenti di piacere o per i progetti creativi.<\/p>\n<h3>Benefici terapeutici dell'erba tartufo tropicale<\/h3>\n<p>Grazie ai suoi effetti tonificanti ed equilibranti, il Tartufo Tropicale viene spesso scelto per alleviare una serie di sintomi e condizioni:<\/p>\n<ul>\n<li><strong>Riduzione della stanchezza cronica<\/strong> Rivitalizza il corpo e la mente per combattere la stanchezza.<\/li>\n<li><strong>Sollievo da ADD\/ADHD e stress<\/strong> Calma la mente e migliora la concentrazione.<\/li>\n<li><strong>Trattamento dell'emicrania e della depressione<\/strong> Efficace contro il mal di testa e migliora l'umore, offrendo un sollievo naturale.<\/li>\n<\/ul>\n<p>Questo <strong>variet\u00e0 di cannabis<\/strong> \u00e8 perfetta per chi cerca benefici terapeutici senza l'effetto sedativo tipico delle indica, offrendo un'opzione delicata ma efficace per l'uso diurno.<\/p>\n<h3>Sapori e aromi del Tartufo Tropicale<\/h3>\n<p>Il Tartufo Tropico offre un profilo di sapore e aroma tanto unico quanto memorabile:<\/p>\n<ul>\n<li><strong>I sapori<\/strong> Un sapore di agrumi dolci, con sottili note di pino e un tocco di legno.<\/li>\n<li><strong>Aromi<\/strong> Una fragranza terrosa con accenti di limone e legno acidulo, che crea un'esperienza sensoriale ricca e vivace.<\/li>\n<\/ul>\n<p>Questi <strong>sapori e aromi intensi<\/strong> rendono il Tartufo Tropico una variet\u00e0 ideale per gli amanti dei sapori freschi ed esotici.<\/p>\n<h3>Perch\u00e9 acquistare l'Erba tartufata Tropic su <a href=\"https:\/\/pressurezone.shop\/it\/\" target=\"_new\" rel=\"noopener\">Zona di pressione<\/a>?<\/h3>\n<p>A <strong>Zona di pressione<\/strong>selezioniamo <strong>variet\u00e0 di cannabis<\/strong> premium, rigorosamente testati per potenza e purezza. <strong>Erba tartufata tropicale<\/strong> \u00e8 una delle nostre migliori variet\u00e0 per i suoi effetti equilibrati e il suo profilo aromatico unico. Ecco perch\u00e9 dovreste scegliere Pressure Zone:<\/p>\n<ul>\n<li><strong>Qualit\u00e0 Premium<\/strong> I nostri prodotti sono accuratamente testati per garantire un'esperienza di alta qualit\u00e0.<\/li>\n<li><strong>Effetto stimolante e rilassante<\/strong> Ideale per momenti di relax senza pesantezza, perfetto per mantenersi attivi.<\/li>\n<li><strong>Servizio clienti esperto<\/strong> Siamo a disposizione per guidarvi verso <strong>variet\u00e0 di cannabis<\/strong> per soddisfare le vostre esigenze.<\/li>\n<\/ul>\n<h3>Domande frequenti<\/h3>\n<h4>Quali sono gli effetti principali della Tropic Truffle Weed?<\/h4>\n<p>Tropic Truffle offre uno sballo creativo ed euforico, perfetto per la socializzazione o per i momenti creativi. I suoi effetti sono stimolanti ma delicati, offrendo l'equilibrio ideale tra energia e relax.<\/p>\n<h4>Il Tartufo Tropico \u00e8 efficace per la stanchezza e lo stress?<\/h4>\n<p>S\u00ec, questo <strong>variet\u00e0 di cannabis<\/strong> \u00e8 particolarmente efficace per combattere la stanchezza, alleviare lo stress e migliorare l'umore, il che lo rende una scelta eccellente per le giornate attive.<\/p>\n<h4>Quali sapori e aromi dominano il Tartufo Tropicale?<\/h4>\n<p>Il Tartufo Tropico offre sapori di agrumi e pino, accompagnati da aromi terrosi e legnosi e da un tocco di limone piccante.<\/p>\n<h3>Ordina Tropic Truffle Weed online in Europa su <a href=\"https:\/\/pressurezone.shop\/it\/\" target=\"_new\" rel=\"noopener\">Zona di pressione<\/a><\/h3>\n<p>Pronti a scoprire l'equilibrio perfetto di energia e relax di <strong>Erba tartufata tropicale<\/strong>? <strong>Ordina ora<\/strong> su <a href=\"https:\/\/pressurezone.shop\/it\/\" target=\"_new\" rel=\"noopener\">Zona di pressione<\/a> per un'esperienza di <strong>variet\u00e0 di cannabis<\/strong> ideale per alleviare lo stress e l'ispirazione creativa. Approfittate del nostro servizio di consegna veloce e discreto per un'esperienza di acquisto senza problemi.<\/p>\n<\/div>\n<\/div>\n<\/div>\n<\/div>\n<\/div>\n<\/div>","protected":false},"excerpt":{"rendered":"<p><strong>Sapore:<\/strong>\u00a0Agrumi | Fruttato | Pino | Aspro | Dolce<br \/>\n<strong>Uso medico:<\/strong>\u00a0ADD\/ADHD | Depressione | Stanchezza | Mal di testa | Stress<br \/>\n<strong>Contenuto di THC:<\/strong>\u00a028%+<\/p>","protected":false},"featured_media":3035,"comment_status":"closed","ping_status":"closed","template":"","meta":{"_uag_custom_page_level_css":"","site-sidebar-layout":"default","site-content-layout":"","ast-site-content-layout":"default","site-content-style":"default","site-sidebar-style":"default","ast-global-header-display":"","ast-banner-title-visibility":"","ast-main-header-display":"","ast-hfb-above-header-display":"","ast-hfb-below-header-display":"","ast-hfb-mobile-header-display":"","site-post-title":"","ast-breadcrumbs-content":"","ast-featured-img":"","footer-sml-layout":"","theme-transparent-header-meta":"default","adv-header-id-meta":"","stick-header-meta":"","header-above-stick-meta":"","header-main-stick-meta":"","header-below-stick-meta":"","astra-migrate-meta-layouts":"set","ast-page-background-enabled":"default","ast-page-background-meta":{"desktop":{"background-color":"","background-image":"","background-repeat":"repeat","background-position":"center center","background-size":"auto","background-attachment":"scroll","background-type":"","background-media":"","overlay-type":"","overlay-color":"","overlay-opacity":"","overlay-gradient":""},"tablet":{"background-color":"","background-image":"","background-repeat":"repeat","background-position":"center center","background-size":"auto","background-attachment":"scroll","background-type":"","background-media":"","overlay-type":"","overlay-color":"","overlay-opacity":"","overlay-gradient":""},"mobile":{"background-color":"","background-image":"","background-repeat":"repeat","background-position":"center center","background-size":"auto","background-attachment":"scroll","background-type":"","background-media":"","overlay-type":"","overlay-color":"","overlay-opacity":"","overlay-gradient":""}},"ast-content-background-meta":{"desktop":{"background-color":"var(--ast-global-color-5)","background-image":"","background-repeat":"repeat","background-position":"center center","background-size":"auto","background-attachment":"scroll","background-type":"","background-media":"","overlay-type":"","overlay-color":"","overlay-opacity":"","overlay-gradient":""},"tablet":{"background-color":"var(--ast-global-color-5)","background-image":"","background-repeat":"repeat","background-position":"center center","background-size":"auto","background-attachment":"scroll","background-type":"","background-media":"","overlay-type":"","overlay-color":"","overlay-opacity":"","overlay-gradient":""},"mobile":{"background-color":"var(--ast-global-color-5)","background-image":"","background-repeat":"repeat","background-position":"center center","background-size":"auto","background-attachment":"scroll","background-type":"","background-media":"","overlay-type":"","overlay-color":"","overlay-opacity":"","overlay-gradient":""}}},"product_brand":[],"product_cat":[28,277],"product_tag":[280],"class_list":{"0":"post-3000","1":"product","2":"type-product","3":"status-publish","4":"has-post-thumbnail","6":"product_cat-varietes-de-cannabis","7":"product_cat-varietes-de-cannabis-hybrides","8":"product_tag-buy-tropic-truffle-weed-europe","9":"desktop-align-left","10":"tablet-align-left","11":"mobile-align-left","13":"first","14":"instock","15":"shipping-taxable","16":"purchasable","17":"product-type-variable"},"uagb_featured_image_src":{"full":["https:\/\/pressurezone.shop\/wp-content\/uploads\/2024\/10\/Buy-Tropic-Truffle-Weed.jpg",973,978,false],"thumbnail":["https:\/\/pressurezone.shop\/wp-content\/uploads\/2024\/10\/Buy-Tropic-Truffle-Weed-150x150.jpg",150,150,true],"medium":["https:\/\/pressurezone.shop\/wp-content\/uploads\/2024\/10\/Buy-Tropic-Truffle-Weed-298x300.jpg",298,300,true],"medium_large":["https:\/\/pressurezone.shop\/wp-content\/uploads\/2024\/10\/Buy-Tropic-Truffle-Weed-768x772.jpg",768,772,true],"large":["https:\/\/pressurezone.shop\/wp-content\/uploads\/2024\/10\/Buy-Tropic-Truffle-Weed.jpg",973,978,false],"1536x1536":["https:\/\/pressurezone.shop\/wp-content\/uploads\/2024\/10\/Buy-Tropic-Truffle-Weed.jpg",973,978,false],"2048x2048":["https:\/\/pressurezone.shop\/wp-content\/uploads\/2024\/10\/Buy-Tropic-Truffle-Weed.jpg",973,978,false],"trp-custom-language-flag":["https:\/\/pressurezone.shop\/wp-content\/uploads\/2024\/10\/Buy-Tropic-Truffle-Weed-12x12.jpg",12,12,true],"woocommerce_thumbnail":["https:\/\/pressurezone.shop\/wp-content\/uploads\/2024\/10\/Buy-Tropic-Truffle-Weed-300x300.jpg",300,300,true],"woocommerce_single":["https:\/\/pressurezone.shop\/wp-content\/uploads\/2024\/10\/Buy-Tropic-Truffle-Weed-600x603.jpg",600,603,true],"woocommerce_gallery_thumbnail":["https:\/\/pressurezone.shop\/wp-content\/uploads\/2024\/10\/Buy-Tropic-Truffle-Weed-100x100.jpg",100,100,true]},"uagb_author_info":{"display_name":"pressurezone.shop","author_link":"https:\/\/pressurezone.shop\/it\/author\/"},"uagb_comment_info":0,"uagb_excerpt":"Flavour:\u00a0Citrus | Fruity | Pine | Sour | Sweet Medical Usage:\u00a0ADD\/ADHD | Depression | Fatigue | Headaches | Stress THC Content:\u00a028%+","_links":{"self":[{"href":"https:\/\/pressurezone.shop\/it\/wp-json\/wp\/v2\/product\/3000"}],"collection":[{"href":"https:\/\/pressurezone.shop\/it\/wp-json\/wp\/v2\/product"}],"about":[{"href":"https:\/\/pressurezone.shop\/it\/wp-json\/wp\/v2\/types\/product"}],"replies":[{"embeddable":true,"href":"https:\/\/pressurezone.shop\/it\/wp-json\/wp\/v2\/comments?post=3000"}],"version-history":[{"count":3,"href":"https:\/\/pressurezone.shop\/it\/wp-json\/wp\/v2\/product\/3000\/revisions"}],"predecessor-version":[{"id":3722,"href":"https:\/\/pressurezone.shop\/it\/wp-json\/wp\/v2\/product\/3000\/revisions\/3722"}],"wp:featuredmedia":[{"embeddable":true,"href":"https:\/\/pressurezone.shop\/it\/wp-json\/wp\/v2\/media\/3035"}],"wp:attachment":[{"href":"https:\/\/pressurezone.shop\/it\/wp-json\/wp\/v2\/media?parent=3000"}],"wp:term":[{"taxonomy":"product_brand","embeddable":true,"href":"https:\/\/pressurezone.shop\/it\/wp-json\/wp\/v2\/product_brand?post=3000"},{"taxonomy":"product_cat","embeddable":true,"href":"https:\/\/pressurezone.shop\/it\/wp-json\/wp\/v2\/product_cat?post=3000"},{"taxonomy":"product_tag","embeddable":true,"href":"https:\/\/pressurezone.shop\/it\/wp-json\/wp\/v2\/product_tag?post=3000"}],"curies":[{"name":"wp","href":"https:\/\/api.w.org\/{rel}","templated":true}]}}