{"id":3001,"date":"2024-10-11T00:48:46","date_gmt":"2024-10-10T22:48:46","guid":{"rendered":"https:\/\/pressurezone.shop\/?post_type=product&#038;p=3001"},"modified":"2024-11-03T22:23:42","modified_gmt":"2024-11-03T21:23:42","slug":"strawberry-rockstar-weed-strain","status":"publish","type":"product","link":"https:\/\/pressurezone.shop\/it\/prodotto\/varieta-di-erba-rockstar-alla-fragola\/","title":{"rendered":"Ceppo di erba Rockstar alla fragola"},"content":{"rendered":"<div class=\"flex-shrink-0 flex flex-col relative items-end\">\n<div>\n<div class=\"pt-0\">\n<div class=\"gizmo-bot-avatar flex h-8 w-8 items-center justify-center overflow-hidden rounded-full\">\n<div class=\"relative p-1 rounded-sm flex items-center justify-center bg-token-main-surface-primary text-token-text-primary h-8 w-8\"><\/div>\n<\/div>\n<\/div>\n<\/div>\n<\/div>\n<div class=\"group\/conversation-turn relative flex w-full min-w-0 flex-col agent-turn\">\n<div class=\"flex-col gap-1 md:gap-3\">\n<div class=\"flex max-w-full flex-col flex-grow\">\n<div class=\"min-h-8 text-message flex w-full flex-col items-end gap-2 whitespace-normal break-words [.text-message+&amp;]:mt-5\" dir=\"auto\" data-message-author-role=\"assistant\" data-message-id=\"625d937f-c012-496f-844b-db97ba46f6ce\" data-message-model-slug=\"gpt-4o\">\n<div class=\"flex w-full flex-col gap-1 empty:hidden first:pt-[3px]\">\n<div class=\"markdown prose w-full break-words dark:prose-invert light\">\n<h3><strong>Acquista la variet\u00e0 di erba Strawberry Rockstar online in Europa su <a href=\"https:\/\/pressurezone.shop\/it\/\" target=\"_new\" rel=\"noopener\">Negozio della zona di pressione<\/a><\/strong><\/h3>\n<p>Scoprire il <strong>Ceppo di erba Rockstar alla fragola<\/strong>una variet\u00e0 ibrida a dominanza indica nata da un potente incrocio tra <strong>Tosse alla fragola<\/strong> e <strong>Rockstar<\/strong>. Questa variet\u00e0 \u00e8 perfetta per chi cerca un'esperienza sensoriale intensa, sia rilassante che esaltante, con sapori fruttati di fragola e un tocco audace di skunk.<\/p>\n<h3>Perch\u00e9 scegliere la variet\u00e0 di erba Strawberry Rockstar?<\/h3>\n<p><strong>Ceppo di erba Rockstar alla fragola<\/strong> non si limita a rilassarvi, ma vi trasporta. Questa variet\u00e0 ibrida \u00e8 ideale per chi \u00e8 alla ricerca di uno sballo euforico che alleggerisca lo spirito e lenisca il corpo. Con il suo dolce aroma di fragola e l'audace sapore di skunk, ogni boccata \u00e8 un'esperienza sensoriale unica che si distingue per la sua profondit\u00e0 e ricchezza.<\/p>\n<ul>\n<li><strong>Tipo<\/strong> Ibrido a predominanza Indica<\/li>\n<li><strong>Origine<\/strong> Un incrocio tra Strawberry Cough e Rockstar.<\/li>\n<\/ul>\n<h3>Effetti e benefici della variet\u00e0 di erba Strawberry Rockstar<\/h3>\n<p>La <strong>Ceppo di erba Rockstar alla fragola<\/strong> offre un potente sballo che vi solleva mentalmente e vi avvolge in un profondo rilassamento corporeo. Perfetta per rilassarsi dopo una lunga giornata, questa variet\u00e0 \u00e8 anche rinomata per i suoi effetti terapeutici, ideali per trattare diversi disturbi dell'umore e dolori cronici.<a href=\"https:\/\/fuelpackz.com\/\" target=\"_blank\" rel=\"noopener\">.<\/a><\/p>\n<ul>\n<li><strong>Effetti<\/strong> Euforia, rilassamento, felicit\u00e0, elevazione mentale<\/li>\n<li><strong>Perfetto per<\/strong> Ansia, insonnia, dolore cronico, depressione, sbalzi d'umore<\/li>\n<\/ul>\n<h3>Condizioni alleviate dalla variet\u00e0 di cannabis Strawberry Rockstar<\/h3>\n<p>Con la sua potente combinazione di effetti, <strong>Fragola Rockstar<\/strong> \u00e8 spesso utilizzato per alleviare una serie di disturbi:<\/p>\n<ul>\n<li><strong>Sbalzi d'umore e depressione<\/strong> Riequilibra l'umore e dona un senso di benessere.<\/li>\n<li><strong>Ansia e insonnia<\/strong> Favorisce uno stato di calma che facilita l'addormentamento.<\/li>\n<li><strong>Dolore cronico<\/strong> Allevia la tensione e i dolori persistenti del corpo.<\/li>\n<\/ul>\n<h3>Sapori e aromi della variet\u00e0 di erba Strawberry Rockstar<\/h3>\n<p>La <strong>Ceppo di erba Rockstar alla fragola<\/strong> delizia i sensi con le sue dolci note di fragola e un tocco di skunk deciso. Il suo aroma si distingue per la combinazione di frutti di bosco e skunk, creando un'esperienza olfattiva ricca quanto il suo gusto, perfetta per gli amanti dei sapori intensi e fruttati.<\/p>\n<ul>\n<li><strong>I sapori<\/strong> : Fragola, saporito, dolce<\/li>\n<li><strong>Aromi<\/strong> Bacca, Skunk, Fruttato<\/li>\n<\/ul>\n<h3>Aspetto del fiore di cannabis Strawberry Rockstar<\/h3>\n<p>I boccioli di <strong>Fragola Rockstar<\/strong> sono di colore verde brillante con sfumature viola, punteggiate di peli arancioni e ricoperte di tricomi smerigliati. Il loro aspetto denso e resinoso riflette la qualit\u00e0 superiore di questa variet\u00e0 pregiata.<\/p>\n<h3>Ordina la variet\u00e0 di erba Strawberry Rockstar online dal Pressure Zone Shop<\/h3>\n<p>Pronti a scoprire l'intensit\u00e0 fruttata e gli effetti potenti di <strong>Ceppo di erba Rockstar alla fragola<\/strong> ? Ordinate oggi stesso da <a href=\"https:\/\/pressurezone.shop\/it\/\" target=\"_new\" rel=\"noopener\">Negozio della zona di pressione<\/a> per un'esperienza di cannabis che combina relax ed euforia in un profilo aromatico unico. <strong>Fragola Rockstar<\/strong> \u00e8 la scelta perfetta per un'esperienza superiore e un sollievo efficace dai dolori quotidiani.<\/p>\n<\/div>\n<\/div>\n<\/div>\n<\/div>\n<\/div>\n<\/div>","protected":false},"excerpt":{"rendered":"<p><strong>Uso medico:<\/strong>\u00a0Sbalzi d'umore | Depressione | Ansia | Insonnia | Mancanza di appetito<br \/>\n<strong>Contenuto di THC:<\/strong>\u00a023% - 27% Massimi<\/p>","protected":false},"featured_media":3037,"comment_status":"closed","ping_status":"closed","template":"","meta":{"_uag_custom_page_level_css":"","site-sidebar-layout":"default","site-content-layout":"","ast-site-content-layout":"default","site-content-style":"default","site-sidebar-style":"default","ast-global-header-display":"","ast-banner-title-visibility":"","ast-main-header-display":"","ast-hfb-above-header-display":"","ast-hfb-below-header-display":"","ast-hfb-mobile-header-display":"","site-post-title":"","ast-breadcrumbs-content":"","ast-featured-img":"","footer-sml-layout":"","theme-transparent-header-meta":"default","adv-header-id-meta":"","stick-header-meta":"","header-above-stick-meta":"","header-main-stick-meta":"","header-below-stick-meta":"","astra-migrate-meta-layouts":"set","ast-page-background-enabled":"default","ast-page-background-meta":{"desktop":{"background-color":"","background-image":"","background-repeat":"repeat","background-position":"center center","background-size":"auto","background-attachment":"scroll","background-type":"","background-media":"","overlay-type":"","overlay-color":"","overlay-opacity":"","overlay-gradient":""},"tablet":{"background-color":"","background-image":"","background-repeat":"repeat","background-position":"center center","background-size":"auto","background-attachment":"scroll","background-type":"","background-media":"","overlay-type":"","overlay-color":"","overlay-opacity":"","overlay-gradient":""},"mobile":{"background-color":"","background-image":"","background-repeat":"repeat","background-position":"center center","background-size":"auto","background-attachment":"scroll","background-type":"","background-media":"","overlay-type":"","overlay-color":"","overlay-opacity":"","overlay-gradient":""}},"ast-content-background-meta":{"desktop":{"background-color":"var(--ast-global-color-5)","background-image":"","background-repeat":"repeat","background-position":"center center","background-size":"auto","background-attachment":"scroll","background-type":"","background-media":"","overlay-type":"","overlay-color":"","overlay-opacity":"","overlay-gradient":""},"tablet":{"background-color":"var(--ast-global-color-5)","background-image":"","background-repeat":"repeat","background-position":"center center","background-size":"auto","background-attachment":"scroll","background-type":"","background-media":"","overlay-type":"","overlay-color":"","overlay-opacity":"","overlay-gradient":""},"mobile":{"background-color":"var(--ast-global-color-5)","background-image":"","background-repeat":"repeat","background-position":"center center","background-size":"auto","background-attachment":"scroll","background-type":"","background-media":"","overlay-type":"","overlay-color":"","overlay-opacity":"","overlay-gradient":""}}},"product_brand":[],"product_cat":[28,277],"product_tag":[281],"class_list":{"0":"post-3001","1":"product","2":"type-product","3":"status-publish","4":"has-post-thumbnail","6":"product_cat-varietes-de-cannabis","7":"product_cat-varietes-de-cannabis-hybrides","8":"product_tag-buy-strawberry-rockstar-weed-strain-spain","9":"desktop-align-left","10":"tablet-align-left","11":"mobile-align-left","13":"first","14":"instock","15":"shipping-taxable","16":"purchasable","17":"product-type-variable"},"uagb_featured_image_src":{"full":["https:\/\/pressurezone.shop\/wp-content\/uploads\/2024\/10\/Strawberry-Rockstar-Weed-Strain.jpg",965,965,false],"thumbnail":["https:\/\/pressurezone.shop\/wp-content\/uploads\/2024\/10\/Strawberry-Rockstar-Weed-Strain-150x150.jpg",150,150,true],"medium":["https:\/\/pressurezone.shop\/wp-content\/uploads\/2024\/10\/Strawberry-Rockstar-Weed-Strain-300x300.jpg",300,300,true],"medium_large":["https:\/\/pressurezone.shop\/wp-content\/uploads\/2024\/10\/Strawberry-Rockstar-Weed-Strain-768x768.jpg",768,768,true],"large":["https:\/\/pressurezone.shop\/wp-content\/uploads\/2024\/10\/Strawberry-Rockstar-Weed-Strain.jpg",965,965,false],"1536x1536":["https:\/\/pressurezone.shop\/wp-content\/uploads\/2024\/10\/Strawberry-Rockstar-Weed-Strain.jpg",965,965,false],"2048x2048":["https:\/\/pressurezone.shop\/wp-content\/uploads\/2024\/10\/Strawberry-Rockstar-Weed-Strain.jpg",965,965,false],"trp-custom-language-flag":["https:\/\/pressurezone.shop\/wp-content\/uploads\/2024\/10\/Strawberry-Rockstar-Weed-Strain-12x12.jpg",12,12,true],"woocommerce_thumbnail":["https:\/\/pressurezone.shop\/wp-content\/uploads\/2024\/10\/Strawberry-Rockstar-Weed-Strain-300x300.jpg",300,300,true],"woocommerce_single":["https:\/\/pressurezone.shop\/wp-content\/uploads\/2024\/10\/Strawberry-Rockstar-Weed-Strain-600x600.jpg",600,600,true],"woocommerce_gallery_thumbnail":["https:\/\/pressurezone.shop\/wp-content\/uploads\/2024\/10\/Strawberry-Rockstar-Weed-Strain-100x100.jpg",100,100,true]},"uagb_author_info":{"display_name":"pressurezone.shop","author_link":"https:\/\/pressurezone.shop\/it\/author\/"},"uagb_comment_info":0,"uagb_excerpt":"Medical Usage:\u00a0Mood Swings | Depression | Anxiety | Insomnia | Lack of Appetite THC Content:\u00a023% \u2013 27% Highest","_links":{"self":[{"href":"https:\/\/pressurezone.shop\/it\/wp-json\/wp\/v2\/product\/3001"}],"collection":[{"href":"https:\/\/pressurezone.shop\/it\/wp-json\/wp\/v2\/product"}],"about":[{"href":"https:\/\/pressurezone.shop\/it\/wp-json\/wp\/v2\/types\/product"}],"replies":[{"embeddable":true,"href":"https:\/\/pressurezone.shop\/it\/wp-json\/wp\/v2\/comments?post=3001"}],"version-history":[{"count":3,"href":"https:\/\/pressurezone.shop\/it\/wp-json\/wp\/v2\/product\/3001\/revisions"}],"predecessor-version":[{"id":4054,"href":"https:\/\/pressurezone.shop\/it\/wp-json\/wp\/v2\/product\/3001\/revisions\/4054"}],"wp:featuredmedia":[{"embeddable":true,"href":"https:\/\/pressurezone.shop\/it\/wp-json\/wp\/v2\/media\/3037"}],"wp:attachment":[{"href":"https:\/\/pressurezone.shop\/it\/wp-json\/wp\/v2\/media?parent=3001"}],"wp:term":[{"taxonomy":"product_brand","embeddable":true,"href":"https:\/\/pressurezone.shop\/it\/wp-json\/wp\/v2\/product_brand?post=3001"},{"taxonomy":"product_cat","embeddable":true,"href":"https:\/\/pressurezone.shop\/it\/wp-json\/wp\/v2\/product_cat?post=3001"},{"taxonomy":"product_tag","embeddable":true,"href":"https:\/\/pressurezone.shop\/it\/wp-json\/wp\/v2\/product_tag?post=3001"}],"curies":[{"name":"wp","href":"https:\/\/api.w.org\/{rel}","templated":true}]}}