{"id":3003,"date":"2024-10-11T00:48:46","date_gmt":"2024-10-10T22:48:46","guid":{"rendered":"https:\/\/pressurezone.shop\/?post_type=product&#038;p=3003"},"modified":"2024-11-03T21:56:35","modified_gmt":"2024-11-03T20:56:35","slug":"purple-candy-weed-strain","status":"publish","type":"product","link":"https:\/\/pressurezone.shop\/it\/prodotto\/varieta-di-erba-purple-candy\/","title":{"rendered":"Ceppo di erba Purple Candy"},"content":{"rendered":"<div class=\"flex-shrink-0 flex flex-col relative items-end\">\n<div>\n<div class=\"pt-0\">\n<div class=\"gizmo-bot-avatar flex h-8 w-8 items-center justify-center overflow-hidden rounded-full\">\n<div class=\"relative p-1 rounded-sm flex items-center justify-center bg-token-main-surface-primary text-token-text-primary h-8 w-8\"><\/div>\n<\/div>\n<\/div>\n<\/div>\n<\/div>\n<div class=\"group\/conversation-turn relative flex w-full min-w-0 flex-col agent-turn\">\n<div class=\"flex-col gap-1 md:gap-3\">\n<div class=\"flex max-w-full flex-col flex-grow\">\n<div class=\"min-h-8 text-message flex w-full flex-col items-end gap-2 whitespace-normal break-words [.text-message+&amp;]:mt-5\" dir=\"auto\" data-message-author-role=\"assistant\" data-message-id=\"556baeaa-17c5-4e67-8546-8f4ac85152c6\" data-message-model-slug=\"gpt-4o\">\n<div class=\"flex w-full flex-col gap-1 empty:hidden first:pt-[3px]\">\n<div class=\"markdown prose w-full break-words dark:prose-invert light\">\n<h3><strong>Acquista la variet\u00e0 di erba Purple Candy online in Europa su <a href=\"https:\/\/pressurezone.shop\/it\/\" target=\"_new\" rel=\"noopener\">Negozio della zona di pressione<\/a><\/strong><\/h3>\n<p>Scoprire il <strong>Ceppo di erba Purple Candy<\/strong>un ibrido a predominanza indica noto per i suoi effetti profondamente rilassanti e per il suo profilo aromatico dolce. Con livelli di THC fino a 19%, questa variet\u00e0 \u00e8 perfetta per chi cerca un intenso rilassamento corporeo e una scarica di felicit\u00e0.<a href=\"https:\/\/fuelpackz.com\/\" target=\"_blank\" rel=\"noopener\">.<\/a><\/p>\n<h3>Perch\u00e9 scegliere la variet\u00e0 di erba Purple Candy?<\/h3>\n<p><strong>Ceppo di erba Purple Candy<\/strong> \u00e8 una variet\u00e0 ideale per il relax notturno, che offre uno sballo corporeo che calma e tranquillizza. Con i suoi effetti euforici e il potenziale couch-lock, <strong>Caramelle viola<\/strong> \u00e8 perfetta per alleviare lo stress e favorire il sonno. \u00c8 anche efficace per alleviare una serie di disturbi, il che la rende una scelta eccellente per i consumatori di cannabis terapeutica.<\/p>\n<ul>\n<li><strong>Tipo<\/strong> A predominanza Indica<\/li>\n<li><strong>THC<\/strong> Fino a 19% per un'esperienza potente e rilassante<\/li>\n<\/ul>\n<h3>Effetti e benefici della variet\u00e0 di erba Purple Candy<\/h3>\n<p>La <strong>Ceppo di erba Purple Candy<\/strong> \u00e8 rinomata per i suoi effetti corporei che inducono uno stato di calma e felicit\u00e0. \u00c8 perfetta per chi vuole rilassarsi intensamente e sperimentare un umore elevato, spesso accompagnato da un forte desiderio di snack.<\/p>\n<ul>\n<li><strong>Effetti<\/strong> Rilassamento, euforia, felicit\u00e0, sonnolenza, appetito<\/li>\n<li><strong>Perfetto per<\/strong> Ansia, depressione, stanchezza, emicrania, mal di testa, insonnia<\/li>\n<\/ul>\n<h3>Condizioni alleviate dalla variet\u00e0 di cannabis Purple Candy<\/h3>\n<p>Grazie ai suoi potenti effetti indica <strong>Caramelle viola<\/strong> \u00e8 ideale per alleviare una serie di disturbi fisici e mentali:<\/p>\n<ul>\n<li><strong>Ansia e depressione<\/strong> Calma la mente e risolleva l'umore, perfetto per le serate tranquille.<\/li>\n<li><strong>Insonnia e stanchezza<\/strong> Aiuta ad addormentarsi e a riposare bene.<\/li>\n<li><strong>Dolore ed emicrania<\/strong> Fornisce un sollievo duraturo dai dolori del corpo.<\/li>\n<\/ul>\n<h3>Sapori e aromi della variet\u00e0 di erba Purple Candy<\/h3>\n<p>La <strong>Ceppo di erba Purple Candy<\/strong> \u00e8 apprezzato per il suo profilo aromatico dolce di uva e miele. Il suo aroma floreale, con note di rosa, crea un'esperienza sensoriale morbida e confortante, perfetta per rilassarsi a fine giornata.<\/p>\n<ul>\n<li><strong>I sapori<\/strong> : Uva, Dolce, Miele<\/li>\n<li><strong>Aromi<\/strong> : Uva, Floreale, Miele, Rosa<\/li>\n<\/ul>\n<h3>Aspetto del fiore di cannabis Purple Candy<\/h3>\n<p>I boccioli di <strong>Caramelle viola<\/strong> si distinguono per le loro sfumature violacee, ambrate e verdi, ricoperte di tricomi scintillanti. Il loro aspetto vibrante e resinoso riflette la qualit\u00e0 e la potenza di questa variet\u00e0.<\/p>\n<h3>Ordina la variet\u00e0 di erba Purple Candy online dal Pressure Zone Shop<\/h3>\n<p>Pronti a scoprire i dolci e rilassanti effetti di <strong>Ceppo di erba Purple Candy<\/strong> ? Ordinate oggi stesso da <a href=\"https:\/\/pressurezone.shop\/it\/\" target=\"_new\" rel=\"noopener\">Negozio della zona di pressione<\/a> per un'esperienza di rilassamento potente e completa. Sia che vogliate alleviare lo stress o semplicemente godervi una serata rilassante, <strong>Caramelle viola<\/strong> \u00e8 la scelta perfetta per un'esperienza di cannabis di alto livello.<\/p>\n<\/div>\n<\/div>\n<\/div>\n<\/div>\n<\/div>\n<\/div>","protected":false},"excerpt":{"rendered":"<p><strong>Sapore:<\/strong>\u00a0Bacca | Fruttato | Erboristico | Dolce<br \/>\n<strong>Uso medico:<\/strong>\u00a0Ansia | Dolore cronico | Depressione | Mal di testa | Stress<br \/>\n<strong>Contenuto di THC:<\/strong>\u00a020% Massima<\/p>","protected":false},"featured_media":3049,"comment_status":"closed","ping_status":"closed","template":"","meta":{"_uag_custom_page_level_css":"","site-sidebar-layout":"default","site-content-layout":"","ast-site-content-layout":"default","site-content-style":"default","site-sidebar-style":"default","ast-global-header-display":"","ast-banner-title-visibility":"","ast-main-header-display":"","ast-hfb-above-header-display":"","ast-hfb-below-header-display":"","ast-hfb-mobile-header-display":"","site-post-title":"","ast-breadcrumbs-content":"","ast-featured-img":"","footer-sml-layout":"","theme-transparent-header-meta":"default","adv-header-id-meta":"","stick-header-meta":"","header-above-stick-meta":"","header-main-stick-meta":"","header-below-stick-meta":"","astra-migrate-meta-layouts":"set","ast-page-background-enabled":"default","ast-page-background-meta":{"desktop":{"background-color":"","background-image":"","background-repeat":"repeat","background-position":"center center","background-size":"auto","background-attachment":"scroll","background-type":"","background-media":"","overlay-type":"","overlay-color":"","overlay-opacity":"","overlay-gradient":""},"tablet":{"background-color":"","background-image":"","background-repeat":"repeat","background-position":"center center","background-size":"auto","background-attachment":"scroll","background-type":"","background-media":"","overlay-type":"","overlay-color":"","overlay-opacity":"","overlay-gradient":""},"mobile":{"background-color":"","background-image":"","background-repeat":"repeat","background-position":"center center","background-size":"auto","background-attachment":"scroll","background-type":"","background-media":"","overlay-type":"","overlay-color":"","overlay-opacity":"","overlay-gradient":""}},"ast-content-background-meta":{"desktop":{"background-color":"var(--ast-global-color-5)","background-image":"","background-repeat":"repeat","background-position":"center center","background-size":"auto","background-attachment":"scroll","background-type":"","background-media":"","overlay-type":"","overlay-color":"","overlay-opacity":"","overlay-gradient":""},"tablet":{"background-color":"var(--ast-global-color-5)","background-image":"","background-repeat":"repeat","background-position":"center center","background-size":"auto","background-attachment":"scroll","background-type":"","background-media":"","overlay-type":"","overlay-color":"","overlay-opacity":"","overlay-gradient":""},"mobile":{"background-color":"var(--ast-global-color-5)","background-image":"","background-repeat":"repeat","background-position":"center center","background-size":"auto","background-attachment":"scroll","background-type":"","background-media":"","overlay-type":"","overlay-color":"","overlay-opacity":"","overlay-gradient":""}}},"product_brand":[],"product_cat":[28,277],"product_tag":[283],"class_list":{"0":"post-3003","1":"product","2":"type-product","3":"status-publish","4":"has-post-thumbnail","6":"product_cat-varietes-de-cannabis","7":"product_cat-varietes-de-cannabis-hybrides","8":"product_tag-purple-candy-weed-strain-for-sale","9":"desktop-align-left","10":"tablet-align-left","11":"mobile-align-left","13":"first","14":"instock","15":"shipping-taxable","16":"purchasable","17":"product-type-variable"},"uagb_featured_image_src":{"full":["https:\/\/pressurezone.shop\/wp-content\/uploads\/2024\/10\/Purple-Candy-Weed-Strain.jpg",955,960,false],"thumbnail":["https:\/\/pressurezone.shop\/wp-content\/uploads\/2024\/10\/Purple-Candy-Weed-Strain-150x150.jpg",150,150,true],"medium":["https:\/\/pressurezone.shop\/wp-content\/uploads\/2024\/10\/Purple-Candy-Weed-Strain-298x300.jpg",298,300,true],"medium_large":["https:\/\/pressurezone.shop\/wp-content\/uploads\/2024\/10\/Purple-Candy-Weed-Strain-768x772.jpg",768,772,true],"large":["https:\/\/pressurezone.shop\/wp-content\/uploads\/2024\/10\/Purple-Candy-Weed-Strain.jpg",955,960,false],"1536x1536":["https:\/\/pressurezone.shop\/wp-content\/uploads\/2024\/10\/Purple-Candy-Weed-Strain.jpg",955,960,false],"2048x2048":["https:\/\/pressurezone.shop\/wp-content\/uploads\/2024\/10\/Purple-Candy-Weed-Strain.jpg",955,960,false],"trp-custom-language-flag":["https:\/\/pressurezone.shop\/wp-content\/uploads\/2024\/10\/Purple-Candy-Weed-Strain-12x12.jpg",12,12,true],"woocommerce_thumbnail":["https:\/\/pressurezone.shop\/wp-content\/uploads\/2024\/10\/Purple-Candy-Weed-Strain-300x300.jpg",300,300,true],"woocommerce_single":["https:\/\/pressurezone.shop\/wp-content\/uploads\/2024\/10\/Purple-Candy-Weed-Strain-600x603.jpg",600,603,true],"woocommerce_gallery_thumbnail":["https:\/\/pressurezone.shop\/wp-content\/uploads\/2024\/10\/Purple-Candy-Weed-Strain-100x100.jpg",100,100,true]},"uagb_author_info":{"display_name":"pressurezone.shop","author_link":"https:\/\/pressurezone.shop\/it\/author\/"},"uagb_comment_info":0,"uagb_excerpt":"Flavour:\u00a0Berry | Fruity | Herbal | Sweet Medical Usage:\u00a0Anxiety | Chronic Pain | Depression | Headaches | Stress THC Content:\u00a020% Highest","_links":{"self":[{"href":"https:\/\/pressurezone.shop\/it\/wp-json\/wp\/v2\/product\/3003"}],"collection":[{"href":"https:\/\/pressurezone.shop\/it\/wp-json\/wp\/v2\/product"}],"about":[{"href":"https:\/\/pressurezone.shop\/it\/wp-json\/wp\/v2\/types\/product"}],"replies":[{"embeddable":true,"href":"https:\/\/pressurezone.shop\/it\/wp-json\/wp\/v2\/comments?post=3003"}],"version-history":[{"count":3,"href":"https:\/\/pressurezone.shop\/it\/wp-json\/wp\/v2\/product\/3003\/revisions"}],"predecessor-version":[{"id":3999,"href":"https:\/\/pressurezone.shop\/it\/wp-json\/wp\/v2\/product\/3003\/revisions\/3999"}],"wp:featuredmedia":[{"embeddable":true,"href":"https:\/\/pressurezone.shop\/it\/wp-json\/wp\/v2\/media\/3049"}],"wp:attachment":[{"href":"https:\/\/pressurezone.shop\/it\/wp-json\/wp\/v2\/media?parent=3003"}],"wp:term":[{"taxonomy":"product_brand","embeddable":true,"href":"https:\/\/pressurezone.shop\/it\/wp-json\/wp\/v2\/product_brand?post=3003"},{"taxonomy":"product_cat","embeddable":true,"href":"https:\/\/pressurezone.shop\/it\/wp-json\/wp\/v2\/product_cat?post=3003"},{"taxonomy":"product_tag","embeddable":true,"href":"https:\/\/pressurezone.shop\/it\/wp-json\/wp\/v2\/product_tag?post=3003"}],"curies":[{"name":"wp","href":"https:\/\/api.w.org\/{rel}","templated":true}]}}