{"id":3007,"date":"2024-10-11T00:48:46","date_gmt":"2024-10-10T22:48:46","guid":{"rendered":"https:\/\/pressurezone.shop\/?post_type=product&#038;p=3007"},"modified":"2024-11-03T20:41:51","modified_gmt":"2024-11-03T19:41:51","slug":"high-society-cannabis-strain","status":"publish","type":"product","link":"https:\/\/pressurezone.shop\/it\/prodotto\/varieta-di-cannabis-high-society\/","title":{"rendered":"Variet\u00e0 di cannabis High Society"},"content":{"rendered":"<div class=\"flex-shrink-0 flex flex-col relative items-end\">\n<div>\n<div class=\"pt-0\">\n<div class=\"gizmo-bot-avatar flex h-8 w-8 items-center justify-center overflow-hidden rounded-full\">\n<div class=\"relative p-1 rounded-sm flex items-center justify-center bg-token-main-surface-primary text-token-text-primary h-8 w-8\"><\/div>\n<\/div>\n<\/div>\n<\/div>\n<\/div>\n<div class=\"group\/conversation-turn relative flex w-full min-w-0 flex-col agent-turn\">\n<div class=\"flex-col gap-1 md:gap-3\">\n<div class=\"flex max-w-full flex-col flex-grow\">\n<div class=\"min-h-8 text-message flex w-full flex-col items-end gap-2 whitespace-normal break-words [.text-message+&amp;]:mt-5\" dir=\"auto\" data-message-author-role=\"assistant\" data-message-id=\"aeff9e5a-2d38-4173-9964-8c4f5e6fa883\" data-message-model-slug=\"gpt-4o\">\n<div class=\"flex w-full flex-col gap-1 empty:hidden first:pt-[3px]\">\n<div class=\"markdown prose w-full break-words dark:prose-invert light\">\n<h3><strong>Acquista la variet\u00e0 di cannabis High Society online su <a href=\"https:\/\/pressurezone.shop\/it\/\" target=\"_new\" rel=\"noopener\">Negozio della zona di pressione<\/a><\/strong><\/h3>\n<p>Scoprire il <strong>Variet\u00e0 di cannabis High Society<\/strong>un ibrido perfettamente bilanciato (50% indica \/ 50% sativa) che conquister\u00e0 gli amanti della cannabis con il suo high corposo e il suo gusto irresistibile. <strong>Alta societ\u00e0<\/strong> \u00e8 rinomata per il suo effetto euforizzante e il suo dolce aroma di nocciola, perfetto per chi cerca un'esperienza gioiosa e rilassante.<\/p>\n<h3>Perch\u00e9 scegliere la variet\u00e0 di cannabis High Society?<\/h3>\n<p><strong>Alta societ\u00e0<\/strong> \u00e8 caratterizzata da un esaltante sballo cerebrale seguito da un dolce rilassamento del corpo. Pochi minuti dopo l'ultima boccata, questa variet\u00e0 invade la mente di euforia, scacciando i cattivi pensieri e promuovendo un umore gioioso. Senza indurre sedazione, permette di rilassarsi completamente rimanendo vigili e ricettivi.<a href=\"https:\/\/fuelpackz.com\/\" target=\"_blank\" rel=\"noopener\">.<\/a><\/p>\n<ul>\n<li><strong>Tipo<\/strong> Ibrido (50% Indica \/ 50% Sativa)<\/li>\n<li><strong>THC<\/strong> 21-25% per un'esperienza intensa e divertente<\/li>\n<\/ul>\n<h3>Effetti e benefici della variet\u00e0 di erba High Society<\/h3>\n<p>La <strong>Ceppo di erba High Society<\/strong> \u00e8 ideale per chi cerca un equilibrio tra euforia mentale e rilassamento fisico. I suoi effetti stimolanti, accompagnati da risate e da una sensazione di benessere, la rendono la variet\u00e0 perfetta per rilassarsi con gli amici o per lenire i dolori della mente.<\/p>\n<ul>\n<li><strong>Effetti<\/strong> Euforia, risate, rilassamento, miglioramento dell'umore<\/li>\n<li><strong>Consigliato per<\/strong> : dolore cronico, insonnia, depressione, stress e ansia<\/li>\n<\/ul>\n<h3>Condizioni alleviate dalla variet\u00e0 di cannabis High Society<\/h3>\n<p>Con i suoi effetti potenti ed equilibrati, il <strong>Variet\u00e0 di cannabis High Society<\/strong> \u00e8 spesso scelto per alleviare una serie di disturbi, tra cui :<\/p>\n<ul>\n<li><strong>Dolore cronico<\/strong> Lenisce il dolore persistente senza avere un effetto sedativo.<\/li>\n<li><strong>Insonnia e stress<\/strong> Aiuta a rilassarsi e a distendersi alla fine della giornata.<\/li>\n<li><strong>Depressione e ansia<\/strong> Migliora l'umore e aiuta a ridurre i pensieri negativi.<\/li>\n<\/ul>\n<h3>Sapori e aromi della variet\u00e0 di cannabis High Society<\/h3>\n<p>Il profilo gustativo di <strong>Alta societ\u00e0<\/strong> \u00e8 notevole come i suoi effetti. Combina sapori di nocciola dolce e caff\u00e8 con un tocco di skunk. L'aroma di questa variet\u00e0 \u00e8 altrettanto intenso, mescolando note di caff\u00e8 e spezie terrose per un'esperienza olfattiva ricca e distintiva.<\/p>\n<ul>\n<li><strong>I sapori<\/strong> Nocciola, caff\u00e8, dolce, leggermente sapido<\/li>\n<li><strong>Aromi<\/strong> Nocciola, caff\u00e8, terroso, puzzola, piccante<\/li>\n<\/ul>\n<h3>Aspetto della variet\u00e0 di erba High Society<\/h3>\n<p>I boccioli di <strong>Alta societ\u00e0<\/strong> sono grandi e a forma di diamante, con sfumature smeraldo e dorate. I fini pistilli arancioni e i tricomi cristallini color ambra aggiungono un fascino visivo che riflette la qualit\u00e0 premium di questa variet\u00e0. Il suo aspetto abbagliante attrae gli intenditori che apprezzano un fiore tanto potente quanto esteticamente piacevole.<\/p>\n<h3>Ordina la variet\u00e0 di cannabis High Society online dal Pressure Zone Shop<\/h3>\n<p>Pronti a scoprire l'effetto equilibrato ed esaltante di <strong>Variet\u00e0 di cannabis High Society<\/strong> ? Ordinate oggi stesso da <a href=\"https:\/\/pressurezone.shop\/it\/\" target=\"_new\" rel=\"noopener\">Negozio della zona di pressione<\/a> e godetevi un'eccezionale variet\u00e0 ibrida che favorisce la risata e il relax. Se state cercando di alleviare lo stress o di migliorare il vostro umore, <strong>Alta societ\u00e0<\/strong> \u00e8 la scelta ideale per un'esperienza di cannabis di qualit\u00e0 superiore.<\/p>\n<\/div>\n<\/div>\n<\/div>\n<\/div>\n<\/div>\n<\/div>","protected":false},"excerpt":{"rendered":"<p><strong>Sapore:<\/strong>\u00a0Caff\u00e8 | Erboristeria | Nocciola | Sapore di frutta | Speziato<br \/>\n<strong>Uso medico:<\/strong>\u00a0Ansia | Dolore cronico | Depressione | Insonnia | Stress<br \/>\n<strong>Contenuto di THC:<\/strong>\u00a025% Massima<\/p>","protected":false},"featured_media":3057,"comment_status":"closed","ping_status":"closed","template":"","meta":{"_uag_custom_page_level_css":"","site-sidebar-layout":"default","site-content-layout":"","ast-site-content-layout":"default","site-content-style":"default","site-sidebar-style":"default","ast-global-header-display":"","ast-banner-title-visibility":"","ast-main-header-display":"","ast-hfb-above-header-display":"","ast-hfb-below-header-display":"","ast-hfb-mobile-header-display":"","site-post-title":"","ast-breadcrumbs-content":"","ast-featured-img":"","footer-sml-layout":"","theme-transparent-header-meta":"default","adv-header-id-meta":"","stick-header-meta":"","header-above-stick-meta":"","header-main-stick-meta":"","header-below-stick-meta":"","astra-migrate-meta-layouts":"set","ast-page-background-enabled":"default","ast-page-background-meta":{"desktop":{"background-color":"","background-image":"","background-repeat":"repeat","background-position":"center center","background-size":"auto","background-attachment":"scroll","background-type":"","background-media":"","overlay-type":"","overlay-color":"","overlay-opacity":"","overlay-gradient":""},"tablet":{"background-color":"","background-image":"","background-repeat":"repeat","background-position":"center center","background-size":"auto","background-attachment":"scroll","background-type":"","background-media":"","overlay-type":"","overlay-color":"","overlay-opacity":"","overlay-gradient":""},"mobile":{"background-color":"","background-image":"","background-repeat":"repeat","background-position":"center center","background-size":"auto","background-attachment":"scroll","background-type":"","background-media":"","overlay-type":"","overlay-color":"","overlay-opacity":"","overlay-gradient":""}},"ast-content-background-meta":{"desktop":{"background-color":"var(--ast-global-color-5)","background-image":"","background-repeat":"repeat","background-position":"center center","background-size":"auto","background-attachment":"scroll","background-type":"","background-media":"","overlay-type":"","overlay-color":"","overlay-opacity":"","overlay-gradient":""},"tablet":{"background-color":"var(--ast-global-color-5)","background-image":"","background-repeat":"repeat","background-position":"center center","background-size":"auto","background-attachment":"scroll","background-type":"","background-media":"","overlay-type":"","overlay-color":"","overlay-opacity":"","overlay-gradient":""},"mobile":{"background-color":"var(--ast-global-color-5)","background-image":"","background-repeat":"repeat","background-position":"center center","background-size":"auto","background-attachment":"scroll","background-type":"","background-media":"","overlay-type":"","overlay-color":"","overlay-opacity":"","overlay-gradient":""}}},"product_brand":[],"product_cat":[28,277],"product_tag":[287],"class_list":{"0":"post-3007","1":"product","2":"type-product","3":"status-publish","4":"has-post-thumbnail","6":"product_cat-varietes-de-cannabis","7":"product_cat-varietes-de-cannabis-hybrides","8":"product_tag-high-society-cannabis-strain-for-sale","9":"desktop-align-left","10":"tablet-align-left","11":"mobile-align-left","13":"first","14":"instock","15":"shipping-taxable","16":"purchasable","17":"product-type-variable"},"uagb_featured_image_src":{"full":["https:\/\/pressurezone.shop\/wp-content\/uploads\/2024\/10\/High-Society-Cannabis-Strain.jpg",933,960,false],"thumbnail":["https:\/\/pressurezone.shop\/wp-content\/uploads\/2024\/10\/High-Society-Cannabis-Strain-150x150.jpg",150,150,true],"medium":["https:\/\/pressurezone.shop\/wp-content\/uploads\/2024\/10\/High-Society-Cannabis-Strain-292x300.jpg",292,300,true],"medium_large":["https:\/\/pressurezone.shop\/wp-content\/uploads\/2024\/10\/High-Society-Cannabis-Strain-768x790.jpg",768,790,true],"large":["https:\/\/pressurezone.shop\/wp-content\/uploads\/2024\/10\/High-Society-Cannabis-Strain.jpg",933,960,false],"1536x1536":["https:\/\/pressurezone.shop\/wp-content\/uploads\/2024\/10\/High-Society-Cannabis-Strain.jpg",933,960,false],"2048x2048":["https:\/\/pressurezone.shop\/wp-content\/uploads\/2024\/10\/High-Society-Cannabis-Strain.jpg",933,960,false],"trp-custom-language-flag":["https:\/\/pressurezone.shop\/wp-content\/uploads\/2024\/10\/High-Society-Cannabis-Strain-12x12.jpg",12,12,true],"woocommerce_thumbnail":["https:\/\/pressurezone.shop\/wp-content\/uploads\/2024\/10\/High-Society-Cannabis-Strain-300x300.jpg",300,300,true],"woocommerce_single":["https:\/\/pressurezone.shop\/wp-content\/uploads\/2024\/10\/High-Society-Cannabis-Strain-600x617.jpg",600,617,true],"woocommerce_gallery_thumbnail":["https:\/\/pressurezone.shop\/wp-content\/uploads\/2024\/10\/High-Society-Cannabis-Strain-100x100.jpg",100,100,true]},"uagb_author_info":{"display_name":"pressurezone.shop","author_link":"https:\/\/pressurezone.shop\/it\/author\/"},"uagb_comment_info":0,"uagb_excerpt":"Flavour:\u00a0Coffee | Herbal | Nutty | Skunky | Spicy Medical Usage:\u00a0Anxiety | Chronic Pain | Depression | Insomnia | Stress THC Content:\u00a025% Highest","_links":{"self":[{"href":"https:\/\/pressurezone.shop\/it\/wp-json\/wp\/v2\/product\/3007"}],"collection":[{"href":"https:\/\/pressurezone.shop\/it\/wp-json\/wp\/v2\/product"}],"about":[{"href":"https:\/\/pressurezone.shop\/it\/wp-json\/wp\/v2\/types\/product"}],"replies":[{"embeddable":true,"href":"https:\/\/pressurezone.shop\/it\/wp-json\/wp\/v2\/comments?post=3007"}],"version-history":[{"count":3,"href":"https:\/\/pressurezone.shop\/it\/wp-json\/wp\/v2\/product\/3007\/revisions"}],"predecessor-version":[{"id":3879,"href":"https:\/\/pressurezone.shop\/it\/wp-json\/wp\/v2\/product\/3007\/revisions\/3879"}],"wp:featuredmedia":[{"embeddable":true,"href":"https:\/\/pressurezone.shop\/it\/wp-json\/wp\/v2\/media\/3057"}],"wp:attachment":[{"href":"https:\/\/pressurezone.shop\/it\/wp-json\/wp\/v2\/media?parent=3007"}],"wp:term":[{"taxonomy":"product_brand","embeddable":true,"href":"https:\/\/pressurezone.shop\/it\/wp-json\/wp\/v2\/product_brand?post=3007"},{"taxonomy":"product_cat","embeddable":true,"href":"https:\/\/pressurezone.shop\/it\/wp-json\/wp\/v2\/product_cat?post=3007"},{"taxonomy":"product_tag","embeddable":true,"href":"https:\/\/pressurezone.shop\/it\/wp-json\/wp\/v2\/product_tag?post=3007"}],"curies":[{"name":"wp","href":"https:\/\/api.w.org\/{rel}","templated":true}]}}