{"id":3009,"date":"2024-10-11T00:48:46","date_gmt":"2024-10-10T22:48:46","guid":{"rendered":"https:\/\/pressurezone.shop\/?post_type=product&#038;p=3009"},"modified":"2024-11-03T22:33:39","modified_gmt":"2024-11-03T21:33:39","slug":"treasure-island-cbd-strain-flower","status":"publish","type":"product","link":"https:\/\/pressurezone.shop\/it\/prodotto\/ceppo-di-cbd-dellisola-del-tesoro-fiore\/","title":{"rendered":"Fiore della variet\u00e0 CBD Treasure Island - Sativa"},"content":{"rendered":"<div class=\"flex-shrink-0 flex flex-col relative items-end\">\n<div>\n<div class=\"pt-0\">\n<div class=\"gizmo-bot-avatar flex h-8 w-8 items-center justify-center overflow-hidden rounded-full\">\n<div class=\"relative p-1 rounded-sm flex items-center justify-center bg-token-main-surface-primary text-token-text-primary h-8 w-8\"><\/div>\n<\/div>\n<\/div>\n<\/div>\n<\/div>\n<div class=\"group\/conversation-turn relative flex w-full min-w-0 flex-col agent-turn\">\n<div class=\"flex-col gap-1 md:gap-3\">\n<div class=\"flex max-w-full flex-col flex-grow\">\n<div class=\"min-h-8 text-message flex w-full flex-col items-end gap-2 whitespace-normal break-words [.text-message+&amp;]:mt-5\" dir=\"auto\" data-message-author-role=\"assistant\" data-message-id=\"29ed5f87-a4aa-4136-8f96-f0037cef943a\" data-message-model-slug=\"gpt-4o\">\n<div class=\"flex w-full flex-col gap-1 empty:hidden first:pt-[3px]\">\n<div class=\"markdown prose w-full break-words dark:prose-invert light\">\n<h3><strong>Acquista il fiore del ceppo CBD Treasure Island - Sativa in Europa. <a href=\"https:\/\/pressurezone.shop\/it\/\" target=\"_new\" rel=\"noopener\">Negozio della zona di pressione<\/a><\/strong><\/h3>\n<p>Scoprire il <strong>Fiore della variet\u00e0 CBD Treasure Island - Sativa<\/strong>un ibrido a dominanza sativa risultante da un incrocio tra la potente <strong>Oro svizzero<\/strong> e <strong>Cannatonic<\/strong>. Con un rapporto CBD<\/p>\n<div><\/div>\n<p>di 15:1, questa variet\u00e0 \u00e8 perfetta per chi cerca un leggero sollievo dal dolore senza gli effetti inebrianti del THC, offrendo un'esperienza lenitiva e rivitalizzante.<\/p>\n<h3>Perch\u00e9 scegliere Treasure Island CBD Strain Flower - Sativa?<\/h3>\n<p><strong>Fiore della variet\u00e0 CBD Treasure Island - Sativa<\/strong> \u00e8 stata progettata per offrire un sottile rilassamento con un'ondata di benessere e chiarezza mentale, ideale per alleviare il dolore senza ansia o paranoia. Con un contenuto di CBD di 14-16% e solo 0-2% di THC, <strong>L'isola del tesoro<\/strong> \u00e8 ideale per i consumatori che cercano effetti terapeutici lievi ma efficaci.<\/p>\n<ul>\n<li><strong>Tipo<\/strong> Ibrido a dominanza sativa<\/li>\n<li><strong>CBD<\/strong> 14-16%, perfetto per un sollievo delicato e di lunga durata.<\/li>\n<\/ul>\n<h3>Effetti e benefici della variet\u00e0 di erba CBD Treasure Island<\/h3>\n<p>La <strong>Ceppo di erba CBD dell'Isola del Tesoro<\/strong> fornisce un effetto leggero ed equilibrato, perfetto per migliorare l'umore e rilassare il corpo. Induce un senso di calma e benessere, perfetto per ridurre la tensione senza sedare. Una scelta ideale per i momenti in cui si ha bisogno di concentrazione e chiarezza.<\/p>\n<ul>\n<li><strong>Effetti<\/strong> Concentrazione, Felicit\u00e0, Calma, Rilassamento, Miglioramento dell'umore<\/li>\n<li><strong>Perfetto per<\/strong> Artrite, dolore cronico, depressione, mal di testa, infiammazione, stress<\/li>\n<\/ul>\n<h3>Condizioni alleviate dalla variet\u00e0 di cannabis Treasure Island<\/h3>\n<p>Grazie all'alto livello di CBD e ai suoi effetti lievi, <strong>L'isola del tesoro<\/strong> \u00e8 spesso utilizzato per gestire una serie di condizioni:<\/p>\n<ul>\n<li><strong>Dolore cronico e artrite<\/strong> Fornisce un sollievo prolungato dal dolore fisico senza pesanti effetti collaterali.<\/li>\n<li><strong>Depressione e stress<\/strong> Favorisce un leggero rilassamento e migliora l'umore<a href=\"https:\/\/fuelpackz.com\/\" target=\"_blank\" rel=\"noopener\">.<\/a><\/li>\n<li><strong>Infiammazione e mal di testa<\/strong> Aiuta a calmare le infiammazioni e a ridurre mal di testa ed emicranie.<\/li>\n<\/ul>\n<h3>Sapori e aromi della variet\u00e0 di erba CBD Treasure Island<\/h3>\n<p>La <strong>Ceppo di erba CBD dell'Isola del Tesoro<\/strong> offre un profilo gustativo rilassante con note di <strong>erbe<\/strong> e <strong>dolce<\/strong>con una nota di legno. Il suo aroma morbido e floreale, con note di lavanda e legno, crea un'esperienza olfattiva delicata e piacevole.<\/p>\n<ul>\n<li><strong>I sapori<\/strong> Erbaceo, dolce, legnoso<\/li>\n<li><strong>Aromi<\/strong> Terroso, Floreale, Lavanda, Dolce, Legnoso<\/li>\n<\/ul>\n<h3>Aspetto del fiore di cannabis Treasure Island<\/h3>\n<p>I boccioli di <strong>L'isola del tesoro<\/strong> \u00e8 di colore verde chiaro con peli ambrati e tricomi lucidi. Il loro aspetto denso e resinoso testimonia la qualit\u00e0 superiore di questa variet\u00e0, perfetta per un'esperienza lenitiva e curativa.<\/p>\n<h3>Ordina il fiore del ceppo CBD Treasure Island - Sativa online dal Pressure Zone Shop<\/h3>\n<p>Pronti a scoprire il dolce sollievo e il benessere equilibrato di <strong>Fiore della variet\u00e0 CBD Treasure Island - Sativa<\/strong> ? Ordina ora su <a href=\"https:\/\/pressurezone.shop\/it\/\" target=\"_new\" rel=\"noopener\">Negozio della zona di pressione<\/a> per un'esperienza di cannabis terapeutica di qualit\u00e0, ideale per gestire stress, infiammazione e dolore cronico senza gli effetti psicoattivi del THC.<\/p>\n<\/div>\n<\/div>\n<\/div>\n<\/div>\n<\/div>\n<\/div>","protected":false},"excerpt":{"rendered":"<p>Achetez la Treasure Island CBD Strain Flower \u2013 Sativa en Ligne en Europe sur Pressure Zone Shop D\u00e9couvrez la Treasure Island CBD Strain Flower \u2013 Sativa, une vari\u00e9t\u00e9 hybride \u00e0 dominance sativa, issue du croisement entre les puissantes Swiss Gold et Cannatonic. Avec un ratio CBD de 15:1, cette vari\u00e9t\u00e9 est parfaite pour ceux qui [&hellip;]<\/p>","protected":false},"featured_media":3061,"comment_status":"closed","ping_status":"closed","template":"","meta":{"_uag_custom_page_level_css":"","site-sidebar-layout":"default","site-content-layout":"","ast-site-content-layout":"default","site-content-style":"default","site-sidebar-style":"default","ast-global-header-display":"","ast-banner-title-visibility":"","ast-main-header-display":"","ast-hfb-above-header-display":"","ast-hfb-below-header-display":"","ast-hfb-mobile-header-display":"","site-post-title":"","ast-breadcrumbs-content":"","ast-featured-img":"","footer-sml-layout":"","theme-transparent-header-meta":"default","adv-header-id-meta":"","stick-header-meta":"","header-above-stick-meta":"","header-main-stick-meta":"","header-below-stick-meta":"","astra-migrate-meta-layouts":"set","ast-page-background-enabled":"default","ast-page-background-meta":{"desktop":{"background-color":"","background-image":"","background-repeat":"repeat","background-position":"center center","background-size":"auto","background-attachment":"scroll","background-type":"","background-media":"","overlay-type":"","overlay-color":"","overlay-opacity":"","overlay-gradient":""},"tablet":{"background-color":"","background-image":"","background-repeat":"repeat","background-position":"center center","background-size":"auto","background-attachment":"scroll","background-type":"","background-media":"","overlay-type":"","overlay-color":"","overlay-opacity":"","overlay-gradient":""},"mobile":{"background-color":"","background-image":"","background-repeat":"repeat","background-position":"center center","background-size":"auto","background-attachment":"scroll","background-type":"","background-media":"","overlay-type":"","overlay-color":"","overlay-opacity":"","overlay-gradient":""}},"ast-content-background-meta":{"desktop":{"background-color":"var(--ast-global-color-5)","background-image":"","background-repeat":"repeat","background-position":"center center","background-size":"auto","background-attachment":"scroll","background-type":"","background-media":"","overlay-type":"","overlay-color":"","overlay-opacity":"","overlay-gradient":""},"tablet":{"background-color":"var(--ast-global-color-5)","background-image":"","background-repeat":"repeat","background-position":"center center","background-size":"auto","background-attachment":"scroll","background-type":"","background-media":"","overlay-type":"","overlay-color":"","overlay-opacity":"","overlay-gradient":""},"mobile":{"background-color":"var(--ast-global-color-5)","background-image":"","background-repeat":"repeat","background-position":"center center","background-size":"auto","background-attachment":"scroll","background-type":"","background-media":"","overlay-type":"","overlay-color":"","overlay-opacity":"","overlay-gradient":""}}},"product_brand":[],"product_cat":[28,273],"product_tag":[289],"class_list":{"0":"post-3009","1":"product","2":"type-product","3":"status-publish","4":"has-post-thumbnail","6":"product_cat-varietes-de-cannabis","7":"product_cat-varietes-de-cannabis-sativa","8":"product_tag-order-treasure-island-cbd-strain-flower-sativa-europe","9":"desktop-align-left","10":"tablet-align-left","11":"mobile-align-left","13":"first","14":"instock","15":"shipping-taxable","16":"purchasable","17":"product-type-variable"},"uagb_featured_image_src":{"full":["https:\/\/pressurezone.shop\/wp-content\/uploads\/2024\/10\/Treasure-Island-CBD-Strain-Flower-\u2013-Sativa.webp",2560,1707,false],"thumbnail":["https:\/\/pressurezone.shop\/wp-content\/uploads\/2024\/10\/Treasure-Island-CBD-Strain-Flower-\u2013-Sativa-150x150.webp",150,150,true],"medium":["https:\/\/pressurezone.shop\/wp-content\/uploads\/2024\/10\/Treasure-Island-CBD-Strain-Flower-\u2013-Sativa-300x200.webp",300,200,true],"medium_large":["https:\/\/pressurezone.shop\/wp-content\/uploads\/2024\/10\/Treasure-Island-CBD-Strain-Flower-\u2013-Sativa-768x512.webp",768,512,true],"large":["https:\/\/pressurezone.shop\/wp-content\/uploads\/2024\/10\/Treasure-Island-CBD-Strain-Flower-\u2013-Sativa-1024x683.webp",1024,683,true],"1536x1536":["https:\/\/pressurezone.shop\/wp-content\/uploads\/2024\/10\/Treasure-Island-CBD-Strain-Flower-\u2013-Sativa-1536x1024.webp",1536,1024,true],"2048x2048":["https:\/\/pressurezone.shop\/wp-content\/uploads\/2024\/10\/Treasure-Island-CBD-Strain-Flower-\u2013-Sativa-2048x1366.webp",2048,1366,true],"trp-custom-language-flag":["https:\/\/pressurezone.shop\/wp-content\/uploads\/2024\/10\/Treasure-Island-CBD-Strain-Flower-\u2013-Sativa-18x12.webp",18,12,true],"woocommerce_thumbnail":["https:\/\/pressurezone.shop\/wp-content\/uploads\/2024\/10\/Treasure-Island-CBD-Strain-Flower-\u2013-Sativa-300x300.webp",300,300,true],"woocommerce_single":["https:\/\/pressurezone.shop\/wp-content\/uploads\/2024\/10\/Treasure-Island-CBD-Strain-Flower-\u2013-Sativa-600x400.webp",600,400,true],"woocommerce_gallery_thumbnail":["https:\/\/pressurezone.shop\/wp-content\/uploads\/2024\/10\/Treasure-Island-CBD-Strain-Flower-\u2013-Sativa-100x100.webp",100,100,true]},"uagb_author_info":{"display_name":"pressurezone.shop","author_link":"https:\/\/pressurezone.shop\/it\/author\/"},"uagb_comment_info":0,"uagb_excerpt":"Achetez la Treasure Island CBD Strain Flower \u2013 Sativa en Ligne en Europe sur Pressure Zone Shop D\u00e9couvrez la Treasure Island CBD Strain Flower \u2013 Sativa, une vari\u00e9t\u00e9 hybride \u00e0 dominance sativa, issue du croisement entre les puissantes Swiss Gold et Cannatonic. Avec un ratio CBD de 15:1, cette vari\u00e9t\u00e9 est parfaite pour ceux qui&hellip;","_links":{"self":[{"href":"https:\/\/pressurezone.shop\/it\/wp-json\/wp\/v2\/product\/3009"}],"collection":[{"href":"https:\/\/pressurezone.shop\/it\/wp-json\/wp\/v2\/product"}],"about":[{"href":"https:\/\/pressurezone.shop\/it\/wp-json\/wp\/v2\/types\/product"}],"replies":[{"embeddable":true,"href":"https:\/\/pressurezone.shop\/it\/wp-json\/wp\/v2\/comments?post=3009"}],"version-history":[{"count":3,"href":"https:\/\/pressurezone.shop\/it\/wp-json\/wp\/v2\/product\/3009\/revisions"}],"predecessor-version":[{"id":4077,"href":"https:\/\/pressurezone.shop\/it\/wp-json\/wp\/v2\/product\/3009\/revisions\/4077"}],"wp:featuredmedia":[{"embeddable":true,"href":"https:\/\/pressurezone.shop\/it\/wp-json\/wp\/v2\/media\/3061"}],"wp:attachment":[{"href":"https:\/\/pressurezone.shop\/it\/wp-json\/wp\/v2\/media?parent=3009"}],"wp:term":[{"taxonomy":"product_brand","embeddable":true,"href":"https:\/\/pressurezone.shop\/it\/wp-json\/wp\/v2\/product_brand?post=3009"},{"taxonomy":"product_cat","embeddable":true,"href":"https:\/\/pressurezone.shop\/it\/wp-json\/wp\/v2\/product_cat?post=3009"},{"taxonomy":"product_tag","embeddable":true,"href":"https:\/\/pressurezone.shop\/it\/wp-json\/wp\/v2\/product_tag?post=3009"}],"curies":[{"name":"wp","href":"https:\/\/api.w.org\/{rel}","templated":true}]}}