{"id":3013,"date":"2024-10-11T00:48:47","date_gmt":"2024-10-10T22:48:47","guid":{"rendered":"https:\/\/pressurezone.shop\/?post_type=product&#038;p=3013"},"modified":"2024-11-03T22:13:13","modified_gmt":"2024-11-03T21:13:13","slug":"sour-cookies-marijuana-strain","status":"publish","type":"product","link":"https:\/\/pressurezone.shop\/it\/prodotto\/varieta-di-marijuana-sour-cookies\/","title":{"rendered":"Variet\u00e0 di marijuana Sour Cookies"},"content":{"rendered":"<div class=\"flex-shrink-0 flex flex-col relative items-end\">\n<div>\n<div class=\"pt-0\">\n<div class=\"gizmo-bot-avatar flex h-8 w-8 items-center justify-center overflow-hidden rounded-full\">\n<div class=\"relative p-1 rounded-sm flex items-center justify-center bg-token-main-surface-primary text-token-text-primary h-8 w-8\"><\/div>\n<\/div>\n<\/div>\n<\/div>\n<\/div>\n<div class=\"group\/conversation-turn relative flex w-full min-w-0 flex-col agent-turn\">\n<div class=\"flex-col gap-1 md:gap-3\">\n<div class=\"flex max-w-full flex-col flex-grow\">\n<div class=\"min-h-8 text-message flex w-full flex-col items-end gap-2 whitespace-normal break-words [.text-message+&amp;]:mt-5\" dir=\"auto\" data-message-author-role=\"assistant\" data-message-id=\"5af859e0-5fc1-4b88-aab0-49b68827796e\" data-message-model-slug=\"gpt-4o\">\n<div class=\"flex w-full flex-col gap-1 empty:hidden first:pt-[3px]\">\n<div class=\"markdown prose w-full break-words dark:prose-invert light\">\n<h3><strong>Acquista la variet\u00e0 di marijuana Sour Cookies online in Europa su <a href=\"https:\/\/pressurezone.shop\/it\/\" target=\"_new\" rel=\"noopener\">Negozio della zona di pressione<\/a><\/strong><\/h3>\n<p>Scoprire il <strong>Variet\u00e0 di marijuana Sour Cookies<\/strong>un ibrido a dominanza sativa risultante da un incrocio tra la famosa <strong>Biscotti Girl Scout<\/strong> e <strong>Diesel acido<\/strong>. <strong>Biscotti acidi<\/strong> combina i migliori effetti delle due variet\u00e0 per creare un'esperienza energizzante e cerebrale con un tocco di rilassamento fisico.<\/p>\n<h3>Perch\u00e9 scegliere la variet\u00e0 di marijuana Sour Cookies?<\/h3>\n<p><strong>Variet\u00e0 di marijuana Sour Cookies<\/strong> \u00e8 perfetta per chi cerca uno sballo mentale stimolante con un pizzico di relax. Sebbene il suo contenuto di THC sia moderato, questa variet\u00e0 offre uno sballo euforico che incoraggia la creativit\u00e0 e la socievolezza. Il suo profilo aromatico unico, con note di <strong>diesel<\/strong>di <strong>dadi<\/strong> e <strong>formaggio<\/strong>Questo lo rende una scelta deliziosa per gli amanti dei sapori robusti.<\/p>\n<ul>\n<li><strong>Tipo<\/strong> Ibrido a dominanza sativa<\/li>\n<li><strong>THC<\/strong> Moderato, che offre un livello elevato ed equilibrato per la giornata.<\/li>\n<\/ul>\n<h3>Effetti e benefici della variet\u00e0 di erba Sour Cookies<\/h3>\n<p>La <strong>Ceppo di erba Sour Cookies<\/strong> \u00e8 ideale per chi cerca uno sballo mentale stimolante, perfetto per le attivit\u00e0 sociali o creative. Ha un effetto cerebrale ed energizzante, ma allo stesso tempo fornisce un dolce rilassamento che non vi lascer\u00e0 inchiodati al divano.<\/p>\n<ul>\n<li><strong>Effetti<\/strong> Cerebrale, creativa, energizzante, felice, socievole, di buonumore<\/li>\n<li><strong>Perfetto per<\/strong> ADD\/ADHD, Artrite, Disturbo bipolare, Dolore cronico, Depressione, Stanchezza, Nausea, PTSD, Stress<\/li>\n<\/ul>\n<h3>Condizioni alleviate dalla variet\u00e0 di cannabis Sour Cookies<\/h3>\n<p>Grazie ai suoi effetti a dominanza sativa, <strong>Biscotti acidi<\/strong> \u00e8 spesso scelto per alleviare vari sintomi mentali e fisici:<\/p>\n<ul>\n<li><strong>ADD\/ADHD e depressione<\/strong> Aiuta la concentrazione e migliora l'umore.<\/li>\n<li><strong>Stanchezza e dolore cronico<\/strong> Fornisce una rinnovata energia e allevia i dolori corporei.<\/li>\n<li><strong>Nausea e stress<\/strong> Calma lo stomaco e allevia la tensione mentale<a href=\"https:\/\/fuelpackz.com\/\" target=\"_blank\" rel=\"noopener\">.<\/a><\/li>\n<\/ul>\n<h3>Sapori e aromi della variet\u00e0 di erba Sour Cookies<\/h3>\n<p>La <strong>Ceppo di erba Sour Cookies<\/strong> seduce con i suoi sapori di <strong>formaggio<\/strong>di <strong>diesel<\/strong> e <strong>nocciola<\/strong>con un tocco di dolcezza e di legno. Il suo potente aroma di <strong>carburante<\/strong> e <strong>hash<\/strong> completa l'esperienza, offrendo una tavolozza complessa e memorabile a ogni boccata.<\/p>\n<ul>\n<li><strong>I sapori<\/strong> Formaggio, Diesel, Nocciola, Pino, Dolce<\/li>\n<li><strong>Aromi<\/strong> Carburante, Hash, Piccante, Dolce<\/li>\n<\/ul>\n<h3>Aspetto del fiore di cannabis Sour Cookies<\/h3>\n<p>I boccioli di <strong>Biscotti acidi<\/strong> sono dense, di colore verde intenso e con peli ambrati, ricoperti di tricomi lucidi che riflettono la qualit\u00e0 di questa variet\u00e0 unica. Il loro aspetto attraente e resinoso cattura l'attenzione a prima vista.<\/p>\n<h3>Ordina la variet\u00e0 di marijuana Sour Cookies online al Pressure Zone Shop<\/h3>\n<p>Pronti a scoprire la scarica cerebrale e l'effetto energizzante di <strong>Variet\u00e0 di marijuana Sour Cookies<\/strong> ? Ordinate oggi stesso da <a href=\"https:\/\/pressurezone.shop\/it\/\" target=\"_new\" rel=\"noopener\">Negozio della zona di pressione<\/a> per un'esperienza di cannabis stimolante ed equilibrata, ideale per migliorare la creativit\u00e0 e l'umore e per godere di un sottile relax. <strong>Biscotti acidi<\/strong> \u00e8 la scelta perfetta per una giornata produttiva e piena di gusto.<\/p>\n<\/div>\n<\/div>\n<\/div>\n<\/div>\n<\/div>\n<\/div>","protected":false},"excerpt":{"rendered":"<p>Achetez la Sour Cookies Marijuana Strain en Ligne en Europe sur Pressure Zone Shop D\u00e9couvrez la Sour Cookies Marijuana Strain, une vari\u00e9t\u00e9 hybride \u00e0 dominance sativa issue du croisement entre les c\u00e9l\u00e8bres Girl Scout Cookies et Sour Diesel. Sour Cookies combine les meilleurs effets des deux souches pour cr\u00e9er une exp\u00e9rience c\u00e9r\u00e9brale et \u00e9nergisante avec [&hellip;]<\/p>","protected":false},"featured_media":3078,"comment_status":"closed","ping_status":"closed","template":"","meta":{"_uag_custom_page_level_css":"","site-sidebar-layout":"default","site-content-layout":"","ast-site-content-layout":"default","site-content-style":"default","site-sidebar-style":"default","ast-global-header-display":"","ast-banner-title-visibility":"","ast-main-header-display":"","ast-hfb-above-header-display":"","ast-hfb-below-header-display":"","ast-hfb-mobile-header-display":"","site-post-title":"","ast-breadcrumbs-content":"","ast-featured-img":"","footer-sml-layout":"","theme-transparent-header-meta":"default","adv-header-id-meta":"","stick-header-meta":"","header-above-stick-meta":"","header-main-stick-meta":"","header-below-stick-meta":"","astra-migrate-meta-layouts":"set","ast-page-background-enabled":"default","ast-page-background-meta":{"desktop":{"background-color":"","background-image":"","background-repeat":"repeat","background-position":"center center","background-size":"auto","background-attachment":"scroll","background-type":"","background-media":"","overlay-type":"","overlay-color":"","overlay-opacity":"","overlay-gradient":""},"tablet":{"background-color":"","background-image":"","background-repeat":"repeat","background-position":"center center","background-size":"auto","background-attachment":"scroll","background-type":"","background-media":"","overlay-type":"","overlay-color":"","overlay-opacity":"","overlay-gradient":""},"mobile":{"background-color":"","background-image":"","background-repeat":"repeat","background-position":"center center","background-size":"auto","background-attachment":"scroll","background-type":"","background-media":"","overlay-type":"","overlay-color":"","overlay-opacity":"","overlay-gradient":""}},"ast-content-background-meta":{"desktop":{"background-color":"var(--ast-global-color-5)","background-image":"","background-repeat":"repeat","background-position":"center center","background-size":"auto","background-attachment":"scroll","background-type":"","background-media":"","overlay-type":"","overlay-color":"","overlay-opacity":"","overlay-gradient":""},"tablet":{"background-color":"var(--ast-global-color-5)","background-image":"","background-repeat":"repeat","background-position":"center center","background-size":"auto","background-attachment":"scroll","background-type":"","background-media":"","overlay-type":"","overlay-color":"","overlay-opacity":"","overlay-gradient":""},"mobile":{"background-color":"var(--ast-global-color-5)","background-image":"","background-repeat":"repeat","background-position":"center center","background-size":"auto","background-attachment":"scroll","background-type":"","background-media":"","overlay-type":"","overlay-color":"","overlay-opacity":"","overlay-gradient":""}}},"product_brand":[],"product_cat":[28,273],"product_tag":[293],"class_list":{"0":"post-3013","1":"product","2":"type-product","3":"status-publish","4":"has-post-thumbnail","6":"product_cat-varietes-de-cannabis","7":"product_cat-varietes-de-cannabis-sativa","8":"product_tag-buy-sour-cookies-marijuana-strain-online-europe","9":"desktop-align-left","10":"tablet-align-left","11":"mobile-align-left","13":"first","14":"instock","15":"shipping-taxable","16":"purchasable","17":"product-type-variable"},"uagb_featured_image_src":{"full":["https:\/\/pressurezone.shop\/wp-content\/uploads\/2024\/10\/Sour-Cookies-Marijuana-Strain.webp",570,464,false],"thumbnail":["https:\/\/pressurezone.shop\/wp-content\/uploads\/2024\/10\/Sour-Cookies-Marijuana-Strain-150x150.webp",150,150,true],"medium":["https:\/\/pressurezone.shop\/wp-content\/uploads\/2024\/10\/Sour-Cookies-Marijuana-Strain-300x244.webp",300,244,true],"medium_large":["https:\/\/pressurezone.shop\/wp-content\/uploads\/2024\/10\/Sour-Cookies-Marijuana-Strain.webp",570,464,false],"large":["https:\/\/pressurezone.shop\/wp-content\/uploads\/2024\/10\/Sour-Cookies-Marijuana-Strain.webp",570,464,false],"1536x1536":["https:\/\/pressurezone.shop\/wp-content\/uploads\/2024\/10\/Sour-Cookies-Marijuana-Strain.webp",570,464,false],"2048x2048":["https:\/\/pressurezone.shop\/wp-content\/uploads\/2024\/10\/Sour-Cookies-Marijuana-Strain.webp",570,464,false],"trp-custom-language-flag":["https:\/\/pressurezone.shop\/wp-content\/uploads\/2024\/10\/Sour-Cookies-Marijuana-Strain-15x12.webp",15,12,true],"woocommerce_thumbnail":["https:\/\/pressurezone.shop\/wp-content\/uploads\/2024\/10\/Sour-Cookies-Marijuana-Strain-300x300.webp",300,300,true],"woocommerce_single":["https:\/\/pressurezone.shop\/wp-content\/uploads\/2024\/10\/Sour-Cookies-Marijuana-Strain.webp",570,464,false],"woocommerce_gallery_thumbnail":["https:\/\/pressurezone.shop\/wp-content\/uploads\/2024\/10\/Sour-Cookies-Marijuana-Strain-100x100.webp",100,100,true]},"uagb_author_info":{"display_name":"pressurezone.shop","author_link":"https:\/\/pressurezone.shop\/it\/author\/"},"uagb_comment_info":0,"uagb_excerpt":"Achetez la Sour Cookies Marijuana Strain en Ligne en Europe sur Pressure Zone Shop D\u00e9couvrez la Sour Cookies Marijuana Strain, une vari\u00e9t\u00e9 hybride \u00e0 dominance sativa issue du croisement entre les c\u00e9l\u00e8bres Girl Scout Cookies et Sour Diesel. Sour Cookies combine les meilleurs effets des deux souches pour cr\u00e9er une exp\u00e9rience c\u00e9r\u00e9brale et \u00e9nergisante avec&hellip;","_links":{"self":[{"href":"https:\/\/pressurezone.shop\/it\/wp-json\/wp\/v2\/product\/3013"}],"collection":[{"href":"https:\/\/pressurezone.shop\/it\/wp-json\/wp\/v2\/product"}],"about":[{"href":"https:\/\/pressurezone.shop\/it\/wp-json\/wp\/v2\/types\/product"}],"replies":[{"embeddable":true,"href":"https:\/\/pressurezone.shop\/it\/wp-json\/wp\/v2\/comments?post=3013"}],"version-history":[{"count":3,"href":"https:\/\/pressurezone.shop\/it\/wp-json\/wp\/v2\/product\/3013\/revisions"}],"predecessor-version":[{"id":4030,"href":"https:\/\/pressurezone.shop\/it\/wp-json\/wp\/v2\/product\/3013\/revisions\/4030"}],"wp:featuredmedia":[{"embeddable":true,"href":"https:\/\/pressurezone.shop\/it\/wp-json\/wp\/v2\/media\/3078"}],"wp:attachment":[{"href":"https:\/\/pressurezone.shop\/it\/wp-json\/wp\/v2\/media?parent=3013"}],"wp:term":[{"taxonomy":"product_brand","embeddable":true,"href":"https:\/\/pressurezone.shop\/it\/wp-json\/wp\/v2\/product_brand?post=3013"},{"taxonomy":"product_cat","embeddable":true,"href":"https:\/\/pressurezone.shop\/it\/wp-json\/wp\/v2\/product_cat?post=3013"},{"taxonomy":"product_tag","embeddable":true,"href":"https:\/\/pressurezone.shop\/it\/wp-json\/wp\/v2\/product_tag?post=3013"}],"curies":[{"name":"wp","href":"https:\/\/api.w.org\/{rel}","templated":true}]}}