{"id":3016,"date":"2024-10-11T00:48:47","date_gmt":"2024-10-10T22:48:47","guid":{"rendered":"https:\/\/pressurezone.shop\/?post_type=product&#038;p=3016"},"modified":"2024-11-02T22:08:51","modified_gmt":"2024-11-02T21:08:51","slug":"ewok-strain-small-buds","status":"publish","type":"product","link":"https:\/\/pressurezone.shop\/it\/prodotto\/ceppo-ewok-gemme-piccole\/","title":{"rendered":"Ceppo Ewok Piccole gemme - Ibrido"},"content":{"rendered":"<div class=\"flex-shrink-0 flex flex-col relative items-end\">\n<div>\n<div class=\"pt-0\">\n<div class=\"gizmo-bot-avatar flex h-8 w-8 items-center justify-center overflow-hidden rounded-full\">\n<div class=\"relative p-1 rounded-sm flex items-center justify-center bg-token-main-surface-primary text-token-text-primary h-8 w-8\"><\/div>\n<\/div>\n<\/div>\n<\/div>\n<\/div>\n<div class=\"group\/conversation-turn relative flex w-full min-w-0 flex-col agent-turn\">\n<div class=\"flex-col gap-1 md:gap-3\">\n<div class=\"flex max-w-full flex-col flex-grow\">\n<div class=\"min-h-8 text-message flex w-full flex-col items-end gap-2 whitespace-normal break-words [.text-message+&amp;]:mt-5\" dir=\"auto\" data-message-author-role=\"assistant\" data-message-id=\"31af42ca-c24e-41d6-9fe5-c859d28070bf\" data-message-model-slug=\"gpt-4o\">\n<div class=\"flex w-full flex-col gap-1 empty:hidden first:pt-[3px]\">\n<div class=\"markdown prose w-full break-words dark:prose-invert light\">\n<h3><strong>Acquista Ewok Strain Small Buds - Ibrido online in Europa su <a href=\"https:\/\/pressurezone.shop\/it\/\" target=\"_new\" rel=\"noopener\">Zona di pressione<\/a><\/strong><\/h3>\n<p>Scoprire <strong>Ceppo Ewok Piccole gemme - Ibrido<\/strong>a <strong>variet\u00e0 di cannabis<\/strong> Un ibrido unico che combina i sapori di Kush, agrumi, noci e menta per un'esperienza ricca e complessa. Caratterizzata da piccole teste ricoperte di peli rossi e dall'aroma di Kush mescolato al mandarino, Ewok offre uno sballo energizzante e rilassante, perfetto per stimolare la creativit\u00e0 e il benessere. Questa potente miscela induce intensi effetti cerebrali che risvegliano i sensi e calmano il corpo.<a href=\"https:\/\/fuelpackz.com\/\" target=\"_blank\" rel=\"noopener\">.<\/a><\/p>\n<h3>Effetti e benefici della variet\u00e0 Ewok Small Buds - Ibrido<\/h3>\n<p>La <strong>Variet\u00e0 Ewok Strain Piccole gemme - Ibrido<\/strong> \u00e8 rinomata per i suoi effetti equilibrati, che forniscono un effetto sia energizzante che calmante:<\/p>\n<ul>\n<li><strong>Creativit\u00e0 e concentrazione<\/strong> Stimola la mente, ideale per le attivit\u00e0 creative e la concentrazione.<\/li>\n<li><strong>Euforia e relax<\/strong> : Produce una sensazione di felicit\u00e0 mentre rilassa il corpo, ideale per un rilassamento completo.<\/li>\n<li><strong>Energia e benessere<\/strong> Un equilibrio unico che favorisce l'energia dolce e la calma interiore.<\/li>\n<\/ul>\n<p>Con i suoi potenti effetti cerebrali, Ewok \u00e8 l'opzione ideale per i momenti di creativit\u00e0 o di relax.<\/p>\n<h3>Benefici terapeutici della variet\u00e0 Ewok Small Buds - Ibrido<\/h3>\n<p>Per i suoi effetti equilibrati, <strong>Ewok<\/strong> \u00e8 spesso scelto per alleviare una serie di sintomi e condizioni:<\/p>\n<ul>\n<li><strong>Alleviare il dolore e l'infiammazione<\/strong> Lenisce il dolore cronico e gli spasmi muscolari e riduce l'infiammazione.<\/li>\n<li><strong>Miglioramento dell'umore e riduzione dello stress<\/strong> Efficace contro la depressione, lo stress e la stanchezza.<\/li>\n<li><strong>Trattamento dell'insonnia e della perdita di appetito<\/strong> Favorisce un sonno ristoratore e stimola l'appetito, ideale per chi soffre di disturbi del sonno o di inappetenza.<\/li>\n<\/ul>\n<p>Questo <strong>variet\u00e0 di cannabis<\/strong> \u00e8 perfetto per chi cerca un effetto energizzante e rilassante senza pesanti sedativi, ideale per l'uso serale o dopo una lunga giornata.<\/p>\n<h3>Sapori e aromi di Ewok<\/h3>\n<p>Ewok ha anche un profilo aromatico e gustativo ricco e intenso:<\/p>\n<ul>\n<li><strong>I sapori<\/strong> Un pronunciato sapore agrumato di limone e frutta, arricchito da note di pino che aggiungono freschezza.<\/li>\n<li><strong>Aromi<\/strong> Una fragranza terrosa e fruttata con una nota piccante di limone che completa l'esperienza.<\/li>\n<\/ul>\n<p>Questi <strong>sapori e aromi naturali<\/strong> rende ogni boccata di Ewok una piacevole esperienza sensoriale, perfetta per gli appassionati dei sapori agrumati e Kush.<\/p>\n<h3>Perch\u00e9 acquistare Ewok Strain Small Buds - Hybrid su <a href=\"https:\/\/pressurezone.shop\/it\/\" target=\"_new\" rel=\"noopener\">Zona di pressione<\/a>?<\/h3>\n<p>A <strong>Zona di pressione<\/strong>offriamo <strong>variet\u00e0 di cannabis<\/strong> premium, accuratamente selezionati e testati per offrire una qualit\u00e0 impeccabile. <strong>Ceppo Ewok Piccole gemme - Ibrido<\/strong> \u00e8 una delle nostre variet\u00e0 preferite per i suoi effetti equilibrati e i suoi sapori intensi. Ecco perch\u00e9 dovreste scegliere Pressure Zone:<\/p>\n<ul>\n<li><strong>Qualit\u00e0 superiore<\/strong> I nostri prodotti sono rigorosamente testati per garantire purezza e potenza.<\/li>\n<li><strong>Effetto energizzante e rilassante<\/strong> Perfetto per gestire lo stress e il dolore rimanendo attivi.<\/li>\n<li><strong>Servizio clienti dedicato<\/strong> Siamo a vostra disposizione per aiutarvi a trovare il giusto <strong>variet\u00e0 di cannabis<\/strong> che soddisfa le vostre esigenze.<\/li>\n<\/ul>\n<h3>Domande frequenti<\/h3>\n<h4>Quali sono gli effetti principali della Ewok Strain Small Buds - Hybrid?<\/h4>\n<p>Ewok offre un perfetto equilibrio tra energia e relax, stimolando la creativit\u00e0 e calmando la mente. \u00c8 ideale per i momenti di relax o per le attivit\u00e0 creative.<\/p>\n<h4>Ewok \u00e8 efficace per alleviare il dolore e l'insonnia?<\/h4>\n<p>S\u00ec, questo <strong>variet\u00e0 di cannabis<\/strong> \u00e8 efficace per alleviare il dolore cronico, ridurre l'infiammazione e promuovere un sonno profondo e riposante.<\/p>\n<h4>Quali sapori e aromi dominano Ewok?<\/h4>\n<p>Ewok offre sapori di agrumi e limone con note terrose e pungenti, ideali per gli amanti dei gusti freschi e naturali.<\/p>\n<h3>Ordina Ewok Strain Small Buds - Ibrido online in Europa su <a href=\"https:\/\/pressurezone.shop\/it\/\" target=\"_new\" rel=\"noopener\">Zona di pressione<\/a><\/h3>\n<p>Pronti a scoprire l'equilibrio unico tra energia e relax di <strong>Ceppo Ewok Piccole gemme - Ibrido<\/strong>? <strong>Ordina ora<\/strong> su <a href=\"https:\/\/pressurezone.shop\/it\/\" target=\"_new\" rel=\"noopener\">Zona di pressione<\/a> per un'esperienza di <strong>variet\u00e0 di cannabis<\/strong> ideale per gestire stress, dolore e disturbi dell'umore. Con una consegna rapida e discreta, Pressure Zone garantisce un'esperienza di acquisto senza preoccupazioni.<\/p>\n<\/div>\n<\/div>\n<\/div>\n<\/div>\n<\/div>\n<\/div>","protected":false},"excerpt":{"rendered":"<div class=\"product-short-description\">\n<p>Ibrido -\u00a0<span class=\"strain-percentages\">50% Sativa \/ 50% Indica<\/span><\/p>\n<\/div>","protected":false},"featured_media":3084,"comment_status":"closed","ping_status":"closed","template":"","meta":{"_uag_custom_page_level_css":"","site-sidebar-layout":"default","site-content-layout":"","ast-site-content-layout":"default","site-content-style":"default","site-sidebar-style":"default","ast-global-header-display":"","ast-banner-title-visibility":"","ast-main-header-display":"","ast-hfb-above-header-display":"","ast-hfb-below-header-display":"","ast-hfb-mobile-header-display":"","site-post-title":"","ast-breadcrumbs-content":"","ast-featured-img":"","footer-sml-layout":"","theme-transparent-header-meta":"default","adv-header-id-meta":"","stick-header-meta":"","header-above-stick-meta":"","header-main-stick-meta":"","header-below-stick-meta":"","astra-migrate-meta-layouts":"set","ast-page-background-enabled":"default","ast-page-background-meta":{"desktop":{"background-color":"","background-image":"","background-repeat":"repeat","background-position":"center center","background-size":"auto","background-attachment":"scroll","background-type":"","background-media":"","overlay-type":"","overlay-color":"","overlay-opacity":"","overlay-gradient":""},"tablet":{"background-color":"","background-image":"","background-repeat":"repeat","background-position":"center center","background-size":"auto","background-attachment":"scroll","background-type":"","background-media":"","overlay-type":"","overlay-color":"","overlay-opacity":"","overlay-gradient":""},"mobile":{"background-color":"","background-image":"","background-repeat":"repeat","background-position":"center center","background-size":"auto","background-attachment":"scroll","background-type":"","background-media":"","overlay-type":"","overlay-color":"","overlay-opacity":"","overlay-gradient":""}},"ast-content-background-meta":{"desktop":{"background-color":"var(--ast-global-color-5)","background-image":"","background-repeat":"repeat","background-position":"center center","background-size":"auto","background-attachment":"scroll","background-type":"","background-media":"","overlay-type":"","overlay-color":"","overlay-opacity":"","overlay-gradient":""},"tablet":{"background-color":"var(--ast-global-color-5)","background-image":"","background-repeat":"repeat","background-position":"center center","background-size":"auto","background-attachment":"scroll","background-type":"","background-media":"","overlay-type":"","overlay-color":"","overlay-opacity":"","overlay-gradient":""},"mobile":{"background-color":"var(--ast-global-color-5)","background-image":"","background-repeat":"repeat","background-position":"center center","background-size":"auto","background-attachment":"scroll","background-type":"","background-media":"","overlay-type":"","overlay-color":"","overlay-opacity":"","overlay-gradient":""}}},"product_brand":[],"product_cat":[28,277],"product_tag":[296],"class_list":{"0":"post-3016","1":"product","2":"type-product","3":"status-publish","4":"has-post-thumbnail","6":"product_cat-varietes-de-cannabis","7":"product_cat-varietes-de-cannabis-hybrides","8":"product_tag-order-ewok-strain-small-buds-hybrid-europe","9":"desktop-align-left","10":"tablet-align-left","11":"mobile-align-left","13":"first","14":"instock","15":"shipping-taxable","16":"purchasable","17":"product-type-variable"},"uagb_featured_image_src":{"full":["https:\/\/pressurezone.shop\/wp-content\/uploads\/2024\/10\/Ewok-Strain-Small-Buds-\u2013-Hybrid.webp",2048,1365,false],"thumbnail":["https:\/\/pressurezone.shop\/wp-content\/uploads\/2024\/10\/Ewok-Strain-Small-Buds-\u2013-Hybrid-150x150.webp",150,150,true],"medium":["https:\/\/pressurezone.shop\/wp-content\/uploads\/2024\/10\/Ewok-Strain-Small-Buds-\u2013-Hybrid-300x200.webp",300,200,true],"medium_large":["https:\/\/pressurezone.shop\/wp-content\/uploads\/2024\/10\/Ewok-Strain-Small-Buds-\u2013-Hybrid-768x512.webp",768,512,true],"large":["https:\/\/pressurezone.shop\/wp-content\/uploads\/2024\/10\/Ewok-Strain-Small-Buds-\u2013-Hybrid-1024x683.webp",1024,683,true],"1536x1536":["https:\/\/pressurezone.shop\/wp-content\/uploads\/2024\/10\/Ewok-Strain-Small-Buds-\u2013-Hybrid-1536x1024.webp",1536,1024,true],"2048x2048":["https:\/\/pressurezone.shop\/wp-content\/uploads\/2024\/10\/Ewok-Strain-Small-Buds-\u2013-Hybrid.webp",2048,1365,false],"trp-custom-language-flag":["https:\/\/pressurezone.shop\/wp-content\/uploads\/2024\/10\/Ewok-Strain-Small-Buds-\u2013-Hybrid-18x12.webp",18,12,true],"woocommerce_thumbnail":["https:\/\/pressurezone.shop\/wp-content\/uploads\/2024\/10\/Ewok-Strain-Small-Buds-\u2013-Hybrid-300x300.webp",300,300,true],"woocommerce_single":["https:\/\/pressurezone.shop\/wp-content\/uploads\/2024\/10\/Ewok-Strain-Small-Buds-\u2013-Hybrid-600x400.webp",600,400,true],"woocommerce_gallery_thumbnail":["https:\/\/pressurezone.shop\/wp-content\/uploads\/2024\/10\/Ewok-Strain-Small-Buds-\u2013-Hybrid-100x100.webp",100,100,true]},"uagb_author_info":{"display_name":"pressurezone.shop","author_link":"https:\/\/pressurezone.shop\/it\/author\/"},"uagb_comment_info":0,"uagb_excerpt":"Hybrid \u2013\u00a050% Sativa \/ 50% Indica","_links":{"self":[{"href":"https:\/\/pressurezone.shop\/it\/wp-json\/wp\/v2\/product\/3016"}],"collection":[{"href":"https:\/\/pressurezone.shop\/it\/wp-json\/wp\/v2\/product"}],"about":[{"href":"https:\/\/pressurezone.shop\/it\/wp-json\/wp\/v2\/types\/product"}],"replies":[{"embeddable":true,"href":"https:\/\/pressurezone.shop\/it\/wp-json\/wp\/v2\/comments?post=3016"}],"version-history":[{"count":3,"href":"https:\/\/pressurezone.shop\/it\/wp-json\/wp\/v2\/product\/3016\/revisions"}],"predecessor-version":[{"id":3761,"href":"https:\/\/pressurezone.shop\/it\/wp-json\/wp\/v2\/product\/3016\/revisions\/3761"}],"wp:featuredmedia":[{"embeddable":true,"href":"https:\/\/pressurezone.shop\/it\/wp-json\/wp\/v2\/media\/3084"}],"wp:attachment":[{"href":"https:\/\/pressurezone.shop\/it\/wp-json\/wp\/v2\/media?parent=3016"}],"wp:term":[{"taxonomy":"product_brand","embeddable":true,"href":"https:\/\/pressurezone.shop\/it\/wp-json\/wp\/v2\/product_brand?post=3016"},{"taxonomy":"product_cat","embeddable":true,"href":"https:\/\/pressurezone.shop\/it\/wp-json\/wp\/v2\/product_cat?post=3016"},{"taxonomy":"product_tag","embeddable":true,"href":"https:\/\/pressurezone.shop\/it\/wp-json\/wp\/v2\/product_tag?post=3016"}],"curies":[{"name":"wp","href":"https:\/\/api.w.org\/{rel}","templated":true}]}}