{"id":3017,"date":"2024-10-11T00:48:47","date_gmt":"2024-10-10T22:48:47","guid":{"rendered":"https:\/\/pressurezone.shop\/?post_type=product&#038;p=3017"},"modified":"2024-11-02T21:05:06","modified_gmt":"2024-11-02T20:05:06","slug":"variete-blue-dream-sativa-weed","status":"publish","type":"product","link":"https:\/\/pressurezone.shop\/it\/prodotto\/varieta-blue-dream-erba-sativa\/","title":{"rendered":"Variet\u00e0 di erba Blue Dream Sativa"},"content":{"rendered":"<div class=\"flex-shrink-0 flex flex-col relative items-end\">\n<div>\n<div class=\"pt-0\">\n<div class=\"gizmo-bot-avatar flex h-8 w-8 items-center justify-center overflow-hidden rounded-full\">\n<div class=\"relative p-1 rounded-sm flex items-center justify-center bg-token-main-surface-primary text-token-text-primary h-8 w-8\"><\/div>\n<\/div>\n<\/div>\n<\/div>\n<\/div>\n<div class=\"group\/conversation-turn relative flex w-full min-w-0 flex-col agent-turn\">\n<div class=\"flex-col gap-1 md:gap-3\">\n<div class=\"flex max-w-full flex-col flex-grow\">\n<div class=\"min-h-8 text-message flex w-full flex-col items-end gap-2 whitespace-normal break-words [.text-message+&amp;]:mt-5\" dir=\"auto\" data-message-author-role=\"assistant\" data-message-id=\"80b1f5b6-568d-46db-a3c2-595360001213\" data-message-model-slug=\"gpt-4o\">\n<div class=\"flex w-full flex-col gap-1 empty:hidden first:pt-[3px]\">\n<div class=\"markdown prose w-full break-words dark:prose-invert light\">\n<h3><strong>Acquista l'erba Blue Dream Sativa online in Europa su <a href=\"https:\/\/pressurezone.shop\/it\/\" target=\"_new\" rel=\"noopener\">Zona di pressione<\/a><\/strong><\/h3>\n<p>Scoprire <strong>Erba Blue Dream Sativa<\/strong>a <strong>variet\u00e0 di cannabis<\/strong> un ibrido a leggera dominanza sativa risultante da un incrocio tra le famose variet\u00e0 <strong>Mirtillo<\/strong> e <strong>Nebbia<\/strong>. Rinomata per i suoi effetti equilibrati e per il suo dolce sapore di mirtillo, Blue Dream \u00e8 una variet\u00e0 ideale per chi vuole stimolare la propria creativit\u00e0 godendo di un'esperienza dolce e piacevole.<a href=\"https:\/\/fuelpackz.com\/\" target=\"_blank\" rel=\"noopener\">.<\/a><\/p>\n<h3>Effetti e benefici dell'erba Blue Dream Sativa<\/h3>\n<p>La <strong>variet\u00e0 Erba Blue Dream Sativa<\/strong> \u00e8 molto apprezzata per i suoi effetti tonificanti ed euforizzanti, perfetti per sollevare l'umore e stimolare lo spirito:<\/p>\n<ul>\n<li><strong>Creativit\u00e0 ed energia<\/strong> Aiuta la concentrazione e ispira la creativit\u00e0, ideale per le attivit\u00e0 artistiche.<\/li>\n<li><strong>Euforia e felicit\u00e0<\/strong> : produce un senso di gioia e di benessere, riducendo i pensieri stressanti.<\/li>\n<li><strong>Effetto equilibrato<\/strong> Fornisce uno sballo cerebrale stimolante e un leggero rilassamento corporeo, dando una sensazione piacevole senza pesantezza.<\/li>\n<\/ul>\n<p>Con un tasso di <strong>Potente THC<\/strong>Blue Dream \u00e8 perfetto per chi desidera un'esperienza rinvigorente senza eccessiva intensit\u00e0, adatta a momenti creativi o sociali.<\/p>\n<h3>Benefici terapeutici dell'erba Blue Dream Sativa<\/h3>\n<p>Blue Dream \u00e8 anche rinomata per i suoi benefici terapeutici, che la rendono una scelta popolare tra i medici. I suoi effetti calmanti ed energizzanti sono spesso utilizzati per :<\/p>\n<ul>\n<li><strong>Alleviare lo stress e l'ansia<\/strong> Calma le menti stressate e riduce i sintomi dell'ansia.<\/li>\n<li><strong>Riduzione del dolore e dell'infiammazione<\/strong> Efficace contro il dolore cronico e l'infiammazione causati da lesioni o malattie.<\/li>\n<li><strong>Miglioramento dell'umore<\/strong> Efficace per alleviare la depressione da lieve a moderata, con un effetto calmante e positivo.<\/li>\n<li><strong>Sollievo dalla nausea<\/strong> Utile per chi soffre di nausea, disturbo da stress post-traumatico (PTSD) e disturbi simili.<\/li>\n<\/ul>\n<p>Questo <strong>variet\u00e0 di cannabis<\/strong> \u00e8 ideale anche per chi soffre di disturbi del sonno, poich\u00e9 aiuta a indurre il rilassamento senza provocare una forte sedazione.<\/p>\n<h3>Aromi e sapori dell'erba Blue Dream Sativa<\/h3>\n<p>Blue Dream si distingue non solo per i suoi effetti, ma anche per i suoi deliziosi sapori e aromi:<\/p>\n<ul>\n<li><strong>I sapori<\/strong> Una dolcezza fruttata di mirtilli, accompagnata da note dolci ed erbacee con un accenno di vaniglia.<\/li>\n<li><strong>Aromi<\/strong> Una fragranza terrosa e fruttata con una nota di mirtillo e vaniglia, che ricorda una crostata di mirtilli appena sfornata.<\/li>\n<\/ul>\n<p>Ogni boccata di questo <strong>variet\u00e0 di cannabis<\/strong> lascia un gusto dolce e memorabile, perfetto per gli amanti dei sapori fruttati e dolci.<\/p>\n<h3>Perch\u00e9 acquistare l'erba Blue Dream Sativa su <a href=\"https:\/\/pressurezone.shop\/it\/\" target=\"_new\" rel=\"noopener\">Zona di pressione<\/a>?<\/h3>\n<p>A <strong>Zona di pressione<\/strong>selezioniamo <strong>variet\u00e0 di cannabis<\/strong> per garantire un'esperienza unica ai nostri clienti in Europa. <strong>Erba Blue Dream Sativa<\/strong> \u00e8 una delle nostre variet\u00e0 di punta, che offre il perfetto equilibrio tra stimolazione mentale e rilassamento fisico. Ecco perch\u00e9 dovreste acquistare da noi:<\/p>\n<ul>\n<li><strong>Qualit\u00e0 garantita<\/strong> I nostri prodotti sono rigorosamente testati per garantire purezza e potenza.<\/li>\n<li><strong>Selezione premium<\/strong> Blue Dream \u00e8 ideale per i momenti creativi e sociali.<\/li>\n<li><strong>Servizio clienti dedicato<\/strong> Il nostro team \u00e8 a disposizione per aiutarvi a trovare la soluzione giusta per voi. <strong>variet\u00e0 di cannabis<\/strong> per soddisfare le vostre esigenze.<\/li>\n<\/ul>\n<h3>Domande frequenti<\/h3>\n<h4>Quali sono gli effetti principali dell'erba Blue Dream Sativa?<\/h4>\n<p>La <strong>variet\u00e0 Erba Blue Dream Sativa<\/strong> \u00e8 nota per i suoi effetti cerebrali tonificanti ed euforici, oltre che per la sua capacit\u00e0 di lenire il corpo senza appesantirlo. \u00c8 perfetta per rilassarsi rimanendo produttivi e creativi.<\/p>\n<h4>Blue Dream \u00e8 adatto al dolore cronico?<\/h4>\n<p>S\u00ec, Blue Dream \u00e8 ideale per alleviare il dolore cronico, ridurre l'infiammazione e calmare i dolori associati a stress e ansia.<\/p>\n<h4>Quali sono i sapori e gli aromi che dominano Blue Dream?<\/h4>\n<p>Blue Dream ha un sapore dolce di mirtillo e vaniglia, accompagnato da aromi fruttati e terrosi che ricordano la torta di mirtilli appena sfornata.<\/p>\n<h3>Ordina la variet\u00e0 di erba Blue Dream Sativa online in Europa su <a href=\"https:\/\/pressurezone.shop\/it\/\" target=\"_new\" rel=\"noopener\">Zona di pressione<\/a><\/h3>\n<p>Pronti a scoprire l'equilibrio perfetto tra stimolazione e rilassamento con <strong>Erba Blue Dream Sativa<\/strong>? <strong>Ordina ora<\/strong> su <a href=\"https:\/\/pressurezone.shop\/it\/\" target=\"_new\" rel=\"noopener\">Zona di pressione<\/a> per un'esperienza di <strong>variet\u00e0 di cannabis<\/strong> ideale per alleviare lo stress e stimolare la creativit\u00e0. I nostri prodotti di prima qualit\u00e0 e il nostro affidabile servizio di consegna garantiscono un'esperienza di acquisto senza preoccupazioni.<\/p>\n<\/div>\n<\/div>\n<\/div>\n<\/div>\n<\/div>\n<\/div>","protected":false},"excerpt":{"rendered":"<p>Achetez la Vari\u00e9t\u00e9 Blue Dream Sativa Weed en Ligne en Europe sur Pressure Zone D\u00e9couvrez Blue Dream Sativa Weed, une vari\u00e9t\u00e9 de cannabis hybride l\u00e9g\u00e8rement dominante en sativa, issue d\u2019un croisement entre les c\u00e9l\u00e8bres souches Blueberry et Haze. R\u00e9put\u00e9e pour ses effets \u00e9quilibr\u00e9s et son ar\u00f4me doux de myrtilles, Blue Dream est une vari\u00e9t\u00e9 id\u00e9ale [&hellip;]<\/p>","protected":false},"featured_media":3091,"comment_status":"closed","ping_status":"closed","template":"","meta":{"_uag_custom_page_level_css":"","site-sidebar-layout":"default","site-content-layout":"","ast-site-content-layout":"default","site-content-style":"default","site-sidebar-style":"default","ast-global-header-display":"","ast-banner-title-visibility":"","ast-main-header-display":"","ast-hfb-above-header-display":"","ast-hfb-below-header-display":"","ast-hfb-mobile-header-display":"","site-post-title":"","ast-breadcrumbs-content":"","ast-featured-img":"","footer-sml-layout":"","theme-transparent-header-meta":"default","adv-header-id-meta":"","stick-header-meta":"","header-above-stick-meta":"","header-main-stick-meta":"","header-below-stick-meta":"","astra-migrate-meta-layouts":"set","ast-page-background-enabled":"default","ast-page-background-meta":{"desktop":{"background-color":"","background-image":"","background-repeat":"repeat","background-position":"center center","background-size":"auto","background-attachment":"scroll","background-type":"","background-media":"","overlay-type":"","overlay-color":"","overlay-opacity":"","overlay-gradient":""},"tablet":{"background-color":"","background-image":"","background-repeat":"repeat","background-position":"center center","background-size":"auto","background-attachment":"scroll","background-type":"","background-media":"","overlay-type":"","overlay-color":"","overlay-opacity":"","overlay-gradient":""},"mobile":{"background-color":"","background-image":"","background-repeat":"repeat","background-position":"center center","background-size":"auto","background-attachment":"scroll","background-type":"","background-media":"","overlay-type":"","overlay-color":"","overlay-opacity":"","overlay-gradient":""}},"ast-content-background-meta":{"desktop":{"background-color":"var(--ast-global-color-5)","background-image":"","background-repeat":"repeat","background-position":"center center","background-size":"auto","background-attachment":"scroll","background-type":"","background-media":"","overlay-type":"","overlay-color":"","overlay-opacity":"","overlay-gradient":""},"tablet":{"background-color":"var(--ast-global-color-5)","background-image":"","background-repeat":"repeat","background-position":"center center","background-size":"auto","background-attachment":"scroll","background-type":"","background-media":"","overlay-type":"","overlay-color":"","overlay-opacity":"","overlay-gradient":""},"mobile":{"background-color":"var(--ast-global-color-5)","background-image":"","background-repeat":"repeat","background-position":"center center","background-size":"auto","background-attachment":"scroll","background-type":"","background-media":"","overlay-type":"","overlay-color":"","overlay-opacity":"","overlay-gradient":""}}},"product_brand":[],"product_cat":[28,273],"product_tag":[297],"class_list":{"0":"post-3017","1":"product","2":"type-product","3":"status-publish","4":"has-post-thumbnail","6":"product_cat-varietes-de-cannabis","7":"product_cat-varietes-de-cannabis-sativa","8":"product_tag-blue-dream-sativa-weed-strain-for-sale-europe","9":"desktop-align-left","10":"tablet-align-left","11":"mobile-align-left","13":"first","14":"instock","15":"shipping-taxable","16":"purchasable","17":"product-type-variable"},"uagb_featured_image_src":{"full":["https:\/\/pressurezone.shop\/wp-content\/uploads\/2024\/10\/Blue-Dream-Sativa-Weed-Strain.webp",570,464,false],"thumbnail":["https:\/\/pressurezone.shop\/wp-content\/uploads\/2024\/10\/Blue-Dream-Sativa-Weed-Strain-150x150.webp",150,150,true],"medium":["https:\/\/pressurezone.shop\/wp-content\/uploads\/2024\/10\/Blue-Dream-Sativa-Weed-Strain-300x244.webp",300,244,true],"medium_large":["https:\/\/pressurezone.shop\/wp-content\/uploads\/2024\/10\/Blue-Dream-Sativa-Weed-Strain.webp",570,464,false],"large":["https:\/\/pressurezone.shop\/wp-content\/uploads\/2024\/10\/Blue-Dream-Sativa-Weed-Strain.webp",570,464,false],"1536x1536":["https:\/\/pressurezone.shop\/wp-content\/uploads\/2024\/10\/Blue-Dream-Sativa-Weed-Strain.webp",570,464,false],"2048x2048":["https:\/\/pressurezone.shop\/wp-content\/uploads\/2024\/10\/Blue-Dream-Sativa-Weed-Strain.webp",570,464,false],"trp-custom-language-flag":["https:\/\/pressurezone.shop\/wp-content\/uploads\/2024\/10\/Blue-Dream-Sativa-Weed-Strain-15x12.webp",15,12,true],"woocommerce_thumbnail":["https:\/\/pressurezone.shop\/wp-content\/uploads\/2024\/10\/Blue-Dream-Sativa-Weed-Strain-300x300.webp",300,300,true],"woocommerce_single":["https:\/\/pressurezone.shop\/wp-content\/uploads\/2024\/10\/Blue-Dream-Sativa-Weed-Strain.webp",570,464,false],"woocommerce_gallery_thumbnail":["https:\/\/pressurezone.shop\/wp-content\/uploads\/2024\/10\/Blue-Dream-Sativa-Weed-Strain-100x100.webp",100,100,true]},"uagb_author_info":{"display_name":"pressurezone.shop","author_link":"https:\/\/pressurezone.shop\/it\/author\/"},"uagb_comment_info":0,"uagb_excerpt":"Achetez la Vari\u00e9t\u00e9 Blue Dream Sativa Weed en Ligne en Europe sur Pressure Zone D\u00e9couvrez Blue Dream Sativa Weed, une vari\u00e9t\u00e9 de cannabis hybride l\u00e9g\u00e8rement dominante en sativa, issue d\u2019un croisement entre les c\u00e9l\u00e8bres souches Blueberry et Haze. R\u00e9put\u00e9e pour ses effets \u00e9quilibr\u00e9s et son ar\u00f4me doux de myrtilles, Blue Dream est une vari\u00e9t\u00e9 id\u00e9ale&hellip;","_links":{"self":[{"href":"https:\/\/pressurezone.shop\/it\/wp-json\/wp\/v2\/product\/3017"}],"collection":[{"href":"https:\/\/pressurezone.shop\/it\/wp-json\/wp\/v2\/product"}],"about":[{"href":"https:\/\/pressurezone.shop\/it\/wp-json\/wp\/v2\/types\/product"}],"replies":[{"embeddable":true,"href":"https:\/\/pressurezone.shop\/it\/wp-json\/wp\/v2\/comments?post=3017"}],"version-history":[{"count":3,"href":"https:\/\/pressurezone.shop\/it\/wp-json\/wp\/v2\/product\/3017\/revisions"}],"predecessor-version":[{"id":3665,"href":"https:\/\/pressurezone.shop\/it\/wp-json\/wp\/v2\/product\/3017\/revisions\/3665"}],"wp:featuredmedia":[{"embeddable":true,"href":"https:\/\/pressurezone.shop\/it\/wp-json\/wp\/v2\/media\/3091"}],"wp:attachment":[{"href":"https:\/\/pressurezone.shop\/it\/wp-json\/wp\/v2\/media?parent=3017"}],"wp:term":[{"taxonomy":"product_brand","embeddable":true,"href":"https:\/\/pressurezone.shop\/it\/wp-json\/wp\/v2\/product_brand?post=3017"},{"taxonomy":"product_cat","embeddable":true,"href":"https:\/\/pressurezone.shop\/it\/wp-json\/wp\/v2\/product_cat?post=3017"},{"taxonomy":"product_tag","embeddable":true,"href":"https:\/\/pressurezone.shop\/it\/wp-json\/wp\/v2\/product_tag?post=3017"}],"curies":[{"name":"wp","href":"https:\/\/api.w.org\/{rel}","templated":true}]}}