{"id":3018,"date":"2024-10-11T00:48:47","date_gmt":"2024-10-10T22:48:47","guid":{"rendered":"https:\/\/pressurezone.shop\/?post_type=product&#038;p=3018"},"modified":"2024-11-02T22:00:35","modified_gmt":"2024-11-02T21:00:35","slug":"chemnesia-marijuana-sativa-flower","status":"publish","type":"product","link":"https:\/\/pressurezone.shop\/it\/prodotto\/chemnesia-marijuana-sativa-fiore\/","title":{"rendered":"Chemnesia Marijuana Sativa Fiore"},"content":{"rendered":"<div class=\"flex-shrink-0 flex flex-col relative items-end\">\n<div>\n<div class=\"pt-0\">\n<div class=\"gizmo-bot-avatar flex h-8 w-8 items-center justify-center overflow-hidden rounded-full\">\n<div class=\"relative p-1 rounded-sm flex items-center justify-center bg-token-main-surface-primary text-token-text-primary h-8 w-8\"><\/div>\n<\/div>\n<\/div>\n<\/div>\n<\/div>\n<div class=\"group\/conversation-turn relative flex w-full min-w-0 flex-col agent-turn\">\n<div class=\"flex-col gap-1 md:gap-3\">\n<div class=\"flex max-w-full flex-col flex-grow\">\n<div class=\"min-h-8 text-message flex w-full flex-col items-end gap-2 whitespace-normal break-words [.text-message+&amp;]:mt-5\" dir=\"auto\" data-message-author-role=\"assistant\" data-message-id=\"3080cb38-8d56-4b58-a889-8442814920d4\" data-message-model-slug=\"gpt-4o\">\n<div class=\"flex w-full flex-col gap-1 empty:hidden first:pt-[3px]\">\n<div class=\"markdown prose w-full break-words dark:prose-invert light\">\n<h3><strong>Acquista Chemnesia Marijuana Sativa Variet\u00e0 di fiori online in Europa su <a href=\"https:\/\/pressurezone.shop\/it\/\" target=\"_new\" rel=\"noopener\">Zona di pressione<\/a><\/strong><\/h3>\n<p>Scoprire <strong>Chemnesia Marijuana Sativa Fiore<\/strong>a <strong>variet\u00e0 di cannabis<\/strong> potente sativa, nata da un incrocio tra la famosa <strong>Amnesia Sour Diesel<\/strong> e <strong>I-95<\/strong>. Chemnesia \u00e8 rinomata per i suoi effetti intensi e duraturi, offrendo un'esperienza cerebrale unica che stimola la mente ed eleva l'umore. Perfetta per gli amanti del brivido, Chemnesia \u00e8 ideale per chi cerca uno sballo stimolante ed energizzante.<\/p>\n<h3>Effetti e benefici del fiore Chemnesia Marijuana Sativa<\/h3>\n<p>La <strong>variet\u00e0 Chemnesia Marijuana Sativa Fiore<\/strong> \u00e8 apprezzata per i suoi effetti euforici e stimolanti, che risvegliano la mente e stimolano la creativit\u00e0:<\/p>\n<ul>\n<li><strong>Creativit\u00e0 e chiarezza mentale<\/strong> Uno sballo cerebrale che ispira e favorisce la concentrazione.<\/li>\n<li><strong>Euforia e buonumore<\/strong> : Fornisce una sensazione di felicit\u00e0 duratura, perfetta per la socializzazione.<\/li>\n<li><strong>Energia e concentrazione<\/strong> Stimola l'energia mentale, ideale per rimanere produttivi e vigili.<a href=\"https:\/\/fuelpackz.com\/\" target=\"_blank\" rel=\"noopener\">.<\/a><\/li>\n<\/ul>\n<p>Con effetti intensi e un <strong>alta lunga durata<\/strong>Chemnesia \u00e8 la scelta perfetta per chi vuole rimanere attivo e creativo durante la giornata.<\/p>\n<h3>Benefici terapeutici del fiore di marijuana Chemnesia Sativa<\/h3>\n<p>Grazie al suo profilo potente ed equilibrato, <strong>Chemnesia<\/strong> \u00e8 spesso scelto per alleviare una serie di sintomi e condizioni:<\/p>\n<ul>\n<li><strong>Riduzione del dolore cronico<\/strong> Efficace per alleviare il dolore persistente senza effetti sedativi.<\/li>\n<li><strong>Gestione della fatica e dello stress<\/strong> Fornisce una carica di energia mentale che aiuta a combattere la stanchezza e lo stress.<\/li>\n<li><strong>Trattamento della depressione e dell'ADHD<\/strong> Favorisce la chiarezza mentale e uno stato d'animo positivo, ideale per gli utenti in cerca di sollievo mentale.<\/li>\n<\/ul>\n<p>Questo <strong>variet\u00e0 di cannabis<\/strong> \u00e8 perfetto per chi cerca una spinta mentale senza sedazione, ideale per l'uso diurno e per stimolare la creativit\u00e0.<\/p>\n<h3>Sapori e aromi di Chemnesia<\/h3>\n<p>Chemnesia seduce anche per il suo profilo gustativo intenso e unico, che lo rende un'esperienza sensoriale:<\/p>\n<ul>\n<li><strong>I sapori<\/strong> Una miscela di limone e gasolio con un tocco di erbe, che crea un gusto rinfrescante e piccante.<\/li>\n<li><strong>Aromi<\/strong> Una fragranza chimica e diesel, arricchita da note di limone acido e da un leggero tocco di aspro.<\/li>\n<\/ul>\n<p>Questi <strong>sapori e aromi decisi<\/strong> rende ogni boccata di Chemnesia un'esperienza memorabile, perfetta per gli amanti dei sapori forti e robusti.<\/p>\n<h3>Perch\u00e9 acquistare il fiore di marijuana Chemnesia Sativa su <a href=\"https:\/\/pressurezone.shop\/it\/\" target=\"_new\" rel=\"noopener\">Zona di pressione<\/a>?<\/h3>\n<p>A <strong>Zona di pressione<\/strong>offriamo <strong>variet\u00e0 di cannabis<\/strong> premium, accuratamente selezionati e testati per offrire una qualit\u00e0 impeccabile. <strong>Chemnesia Marijuana Sativa Fiore<\/strong> \u00e8 una delle nostre migliori variet\u00e0 per i suoi effetti potenti e i suoi sapori intensi. Ecco perch\u00e9 dovreste acquistare da noi:<\/p>\n<ul>\n<li><strong>Qualit\u00e0 Premium<\/strong> I nostri prodotti sono rigorosamente testati per garantire purezza e potenza.<\/li>\n<li><strong>Effetto energizzante e stimolante<\/strong> Ideale per rimanere produttivi e creativi durante la giornata.<\/li>\n<li><strong>Servizio clienti dedicato<\/strong> Il nostro team \u00e8 qui per guidarvi e rispondere a tutte le vostre domande su <strong>variet\u00e0 di cannabis<\/strong> che soddisfa le vostre esigenze.<\/li>\n<\/ul>\n<h3>Domande frequenti<\/h3>\n<h4>Quali sono gli effetti principali della Chemnesia Marijuana Sativa Flower?<\/h4>\n<p>Chemnesia offre uno sballo cerebrale intenso ed energizzante, perfetto per la creativit\u00e0 e l'euforia. \u00c8 una variet\u00e0 ideale per rimanere produttivi e di buon umore.<\/p>\n<h4>Chemnesia \u00e8 efficace per il dolore e la stanchezza?<\/h4>\n<p>S\u00ec, questo <strong>variet\u00e0 di cannabis<\/strong> \u00e8 eccellente per alleviare il dolore cronico, ridurre la stanchezza e migliorare l'umore, fornendo energia mentale prolungata.<\/p>\n<h4>Quali sapori e aromi dominano il Chemnesia?<\/h4>\n<p>Chemnesia offre sapori di limone e diesel, con aromi di chimica, limone e note acidule, creando un'intensa esperienza sensoriale.<\/p>\n<h3>Ordinare Chemnesia Marijuana Sativa Variet\u00e0 di Fiori Online in Europa su <a href=\"https:\/\/pressurezone.shop\/it\/\" target=\"_new\" rel=\"noopener\">Zona di pressione<\/a><\/h3>\n<p>Pronti a scoprire gli effetti potenti e stimolanti di <strong>Chemnesia Marijuana Sativa Fiore<\/strong>? <strong>Ordina ora<\/strong> su <a href=\"https:\/\/pressurezone.shop\/it\/\" target=\"_new\" rel=\"noopener\">Zona di pressione<\/a> per un'esperienza di <strong>variet\u00e0 di cannabis<\/strong> perfetti per risollevare l'umore e stimolare lo spirito. Con il nostro servizio di consegna veloce e discreto, potrete godere di un'esperienza di acquisto online semplice e sicura.<\/p>\n<\/div>\n<\/div>\n<\/div>\n<\/div>\n<\/div>\n<\/div>","protected":false},"excerpt":{"rendered":"<p>Achetez la Vari\u00e9t\u00e9 Chemnesia Marijuana Sativa Flower en Ligne en Europe sur Pressure Zone D\u00e9couvrez Chemnesia Marijuana Sativa Flower, une vari\u00e9t\u00e9 de cannabis sativa puissante, n\u00e9e du croisement entre les c\u00e9l\u00e8bres Amnesia Sour Diesel et I-95. Chemnesia est r\u00e9put\u00e9e pour ses effets intenses et durables, offrant une exp\u00e9rience c\u00e9r\u00e9brale unique qui stimule l\u2019esprit et \u00e9l\u00e8ve [&hellip;]<\/p>","protected":false},"featured_media":3093,"comment_status":"closed","ping_status":"closed","template":"","meta":{"_uag_custom_page_level_css":"","site-sidebar-layout":"default","site-content-layout":"","ast-site-content-layout":"default","site-content-style":"default","site-sidebar-style":"default","ast-global-header-display":"","ast-banner-title-visibility":"","ast-main-header-display":"","ast-hfb-above-header-display":"","ast-hfb-below-header-display":"","ast-hfb-mobile-header-display":"","site-post-title":"","ast-breadcrumbs-content":"","ast-featured-img":"","footer-sml-layout":"","theme-transparent-header-meta":"default","adv-header-id-meta":"","stick-header-meta":"","header-above-stick-meta":"","header-main-stick-meta":"","header-below-stick-meta":"","astra-migrate-meta-layouts":"set","ast-page-background-enabled":"default","ast-page-background-meta":{"desktop":{"background-color":"","background-image":"","background-repeat":"repeat","background-position":"center center","background-size":"auto","background-attachment":"scroll","background-type":"","background-media":"","overlay-type":"","overlay-color":"","overlay-opacity":"","overlay-gradient":""},"tablet":{"background-color":"","background-image":"","background-repeat":"repeat","background-position":"center center","background-size":"auto","background-attachment":"scroll","background-type":"","background-media":"","overlay-type":"","overlay-color":"","overlay-opacity":"","overlay-gradient":""},"mobile":{"background-color":"","background-image":"","background-repeat":"repeat","background-position":"center center","background-size":"auto","background-attachment":"scroll","background-type":"","background-media":"","overlay-type":"","overlay-color":"","overlay-opacity":"","overlay-gradient":""}},"ast-content-background-meta":{"desktop":{"background-color":"var(--ast-global-color-5)","background-image":"","background-repeat":"repeat","background-position":"center center","background-size":"auto","background-attachment":"scroll","background-type":"","background-media":"","overlay-type":"","overlay-color":"","overlay-opacity":"","overlay-gradient":""},"tablet":{"background-color":"var(--ast-global-color-5)","background-image":"","background-repeat":"repeat","background-position":"center center","background-size":"auto","background-attachment":"scroll","background-type":"","background-media":"","overlay-type":"","overlay-color":"","overlay-opacity":"","overlay-gradient":""},"mobile":{"background-color":"var(--ast-global-color-5)","background-image":"","background-repeat":"repeat","background-position":"center center","background-size":"auto","background-attachment":"scroll","background-type":"","background-media":"","overlay-type":"","overlay-color":"","overlay-opacity":"","overlay-gradient":""}}},"product_brand":[],"product_cat":[28,273],"product_tag":[298],"class_list":{"0":"post-3018","1":"product","2":"type-product","3":"status-publish","4":"has-post-thumbnail","6":"product_cat-varietes-de-cannabis","7":"product_cat-varietes-de-cannabis-sativa","8":"product_tag-order-chemnesia-marijuana-sativa-flower-france","9":"desktop-align-left","10":"tablet-align-left","11":"mobile-align-left","13":"first","14":"instock","15":"shipping-taxable","16":"purchasable","17":"product-type-variable"},"uagb_featured_image_src":{"full":["https:\/\/pressurezone.shop\/wp-content\/uploads\/2024\/10\/Chemnesia-Marijuana-Sativa-Flower.webp",570,464,false],"thumbnail":["https:\/\/pressurezone.shop\/wp-content\/uploads\/2024\/10\/Chemnesia-Marijuana-Sativa-Flower-150x150.webp",150,150,true],"medium":["https:\/\/pressurezone.shop\/wp-content\/uploads\/2024\/10\/Chemnesia-Marijuana-Sativa-Flower-300x244.webp",300,244,true],"medium_large":["https:\/\/pressurezone.shop\/wp-content\/uploads\/2024\/10\/Chemnesia-Marijuana-Sativa-Flower.webp",570,464,false],"large":["https:\/\/pressurezone.shop\/wp-content\/uploads\/2024\/10\/Chemnesia-Marijuana-Sativa-Flower.webp",570,464,false],"1536x1536":["https:\/\/pressurezone.shop\/wp-content\/uploads\/2024\/10\/Chemnesia-Marijuana-Sativa-Flower.webp",570,464,false],"2048x2048":["https:\/\/pressurezone.shop\/wp-content\/uploads\/2024\/10\/Chemnesia-Marijuana-Sativa-Flower.webp",570,464,false],"trp-custom-language-flag":["https:\/\/pressurezone.shop\/wp-content\/uploads\/2024\/10\/Chemnesia-Marijuana-Sativa-Flower-15x12.webp",15,12,true],"woocommerce_thumbnail":["https:\/\/pressurezone.shop\/wp-content\/uploads\/2024\/10\/Chemnesia-Marijuana-Sativa-Flower-300x300.webp",300,300,true],"woocommerce_single":["https:\/\/pressurezone.shop\/wp-content\/uploads\/2024\/10\/Chemnesia-Marijuana-Sativa-Flower.webp",570,464,false],"woocommerce_gallery_thumbnail":["https:\/\/pressurezone.shop\/wp-content\/uploads\/2024\/10\/Chemnesia-Marijuana-Sativa-Flower-100x100.webp",100,100,true]},"uagb_author_info":{"display_name":"pressurezone.shop","author_link":"https:\/\/pressurezone.shop\/it\/author\/"},"uagb_comment_info":0,"uagb_excerpt":"Achetez la Vari\u00e9t\u00e9 Chemnesia Marijuana Sativa Flower en Ligne en Europe sur Pressure Zone D\u00e9couvrez Chemnesia Marijuana Sativa Flower, une vari\u00e9t\u00e9 de cannabis sativa puissante, n\u00e9e du croisement entre les c\u00e9l\u00e8bres Amnesia Sour Diesel et I-95. Chemnesia est r\u00e9put\u00e9e pour ses effets intenses et durables, offrant une exp\u00e9rience c\u00e9r\u00e9brale unique qui stimule l\u2019esprit et \u00e9l\u00e8ve&hellip;","_links":{"self":[{"href":"https:\/\/pressurezone.shop\/it\/wp-json\/wp\/v2\/product\/3018"}],"collection":[{"href":"https:\/\/pressurezone.shop\/it\/wp-json\/wp\/v2\/product"}],"about":[{"href":"https:\/\/pressurezone.shop\/it\/wp-json\/wp\/v2\/types\/product"}],"replies":[{"embeddable":true,"href":"https:\/\/pressurezone.shop\/it\/wp-json\/wp\/v2\/comments?post=3018"}],"version-history":[{"count":3,"href":"https:\/\/pressurezone.shop\/it\/wp-json\/wp\/v2\/product\/3018\/revisions"}],"predecessor-version":[{"id":3746,"href":"https:\/\/pressurezone.shop\/it\/wp-json\/wp\/v2\/product\/3018\/revisions\/3746"}],"wp:featuredmedia":[{"embeddable":true,"href":"https:\/\/pressurezone.shop\/it\/wp-json\/wp\/v2\/media\/3093"}],"wp:attachment":[{"href":"https:\/\/pressurezone.shop\/it\/wp-json\/wp\/v2\/media?parent=3018"}],"wp:term":[{"taxonomy":"product_brand","embeddable":true,"href":"https:\/\/pressurezone.shop\/it\/wp-json\/wp\/v2\/product_brand?post=3018"},{"taxonomy":"product_cat","embeddable":true,"href":"https:\/\/pressurezone.shop\/it\/wp-json\/wp\/v2\/product_cat?post=3018"},{"taxonomy":"product_tag","embeddable":true,"href":"https:\/\/pressurezone.shop\/it\/wp-json\/wp\/v2\/product_tag?post=3018"}],"curies":[{"name":"wp","href":"https:\/\/api.w.org\/{rel}","templated":true}]}}