{"id":3019,"date":"2024-10-11T00:48:47","date_gmt":"2024-10-10T22:48:47","guid":{"rendered":"https:\/\/pressurezone.shop\/?post_type=product&#038;p=3019"},"modified":"2024-11-03T21:28:59","modified_gmt":"2024-11-03T20:28:59","slug":"mendo-breath-strain-aaa-small-buds","status":"publish","type":"product","link":"https:\/\/pressurezone.shop\/it\/prodotto\/ceppo-mendo-breath-aaa-gemme-piccole\/","title":{"rendered":"Ceppo Mendo Breath - boccioli piccoli AAA"},"content":{"rendered":"<div class=\"flex-shrink-0 flex flex-col relative items-end\">\n<div>\n<div class=\"pt-0\">\n<div class=\"gizmo-bot-avatar flex h-8 w-8 items-center justify-center overflow-hidden rounded-full\">\n<div class=\"relative p-1 rounded-sm flex items-center justify-center bg-token-main-surface-primary text-token-text-primary h-8 w-8\"><\/div>\n<\/div>\n<\/div>\n<\/div>\n<\/div>\n<div class=\"group\/conversation-turn relative flex w-full min-w-0 flex-col agent-turn\">\n<div class=\"flex-col gap-1 md:gap-3\">\n<div class=\"flex max-w-full flex-col flex-grow\">\n<div class=\"min-h-8 text-message flex w-full flex-col items-end gap-2 whitespace-normal break-words [.text-message+&amp;]:mt-5\" dir=\"auto\" data-message-author-role=\"assistant\" data-message-id=\"422a7f50-5be6-42a2-9c05-c8329219b98c\" data-message-model-slug=\"gpt-4o\">\n<div class=\"flex w-full flex-col gap-1 empty:hidden first:pt-[3px]\">\n<div class=\"markdown prose w-full break-words dark:prose-invert light\">\n<h3><strong>Acquista Mendo Breath Strain-AAA Small Buds Online in Europa su <a href=\"https:\/\/pressurezone.shop\/it\/\" target=\"_new\" rel=\"noopener\">Negozio della zona di pressione<\/a><\/strong><\/h3>\n<p>Scoprire il <strong>Ceppo Mendo Breath-AAA Piccoli boccioli<\/strong>una rara variet\u00e0 a predominanza indica derivata da un incrocio tra la famosa <strong>Respiro OG Kush<\/strong> e <strong>Montaggio Mendo<\/strong>. Perfetto per le serate fuori casa e per rilassarsi, <strong>Respiro Mendo<\/strong> \u00e8 una variet\u00e0 apprezzata per i suoi effetti calmanti e per il suo gusto morbido e dolce che ricorda il caramello e la vaniglia.<\/p>\n<h3>Perch\u00e9 scegliere Mendo Breath Strain-AAA Small Buds?<\/h3>\n<p><strong>Ceppo Mendo Breath-AAA Piccoli boccioli<\/strong> \u00e8 un'opzione eccellente per chi cerca un'esperienza profondamente rilassante. Con un livello di THC di 19-20%, offre uno sballo corporeo rilassante che si trasforma in una sensazione di beatitudine e relax. \u00c8 ideale per alleviare lo stress della giornata e prepararsi dolcemente a un buon sonno.<a href=\"https:\/\/fuelpackz.com\/\" target=\"_blank\" rel=\"noopener\">.<\/a><\/p>\n<ul>\n<li><strong>Tipo<\/strong> Ibrido a dominanza Indica (70% Indica \/ 30% Sativa)<\/li>\n<li><strong>THC<\/strong> 19-20%, che offre effetti rilassanti di lunga durata.<\/li>\n<\/ul>\n<h3>Effetti e benefici della variet\u00e0 di erba Mendo Breath<\/h3>\n<p>La <strong>Ceppo di erba Mendo Breath<\/strong> \u00e8 nota per i suoi effetti corporei rilassanti ed euforici. Questa variet\u00e0 \u00e8 ideale per gli utenti che cercano uno sballo confortante, con sensazioni di felicit\u00e0 e relax perfette per la fine della giornata.<\/p>\n<ul>\n<li><strong>Effetti<\/strong> Eccitazione corporea, euforia, felicit\u00e0, rilassamento, sonnolenza<\/li>\n<li><strong>Perfetto per<\/strong> Dolore cronico, Crampi, Spasmi muscolari, Stress<\/li>\n<\/ul>\n<h3>Condizioni alleviate dalla variet\u00e0 di cannabis Mendo Breath<\/h3>\n<p>Grazie ai suoi potenti effetti e al suo profilo da indica, la <strong>Respiro Mendo<\/strong> \u00e8 ideale per alleviare numerosi disturbi:<\/p>\n<ul>\n<li><strong>Dolore cronico e infiammazione<\/strong> Aiuta a ridurre il dolore persistente e favorisce il rilassamento muscolare.<\/li>\n<li><strong>Spasmi e crampi muscolari<\/strong> Rilassa i muscoli e allevia la tensione fisica.<\/li>\n<li><strong>Stress e insonnia<\/strong> Calma la mente e prepara il corpo a un sonno ristoratore.<\/li>\n<\/ul>\n<h3>Sapori e aromi del ceppo Mendo Breath<\/h3>\n<p>La <strong>Ceppo di respiro Mendo<\/strong> offre un profilo aromatico da gourmet con sapori di <strong>caramello<\/strong>, <strong>vaniglia<\/strong>e <strong>bonbon<\/strong>. Il suo gusto dolce e delicato \u00e8 arricchito da note terrose e leggermente speziate, creando un'esperienza gustativa piacevole e rilassante.<\/p>\n<ul>\n<li><strong>I sapori<\/strong> : Caramella, Caramello, Dolce, Vaniglia<\/li>\n<li><strong>Aromi<\/strong> Caramello, Terroso, Speziato, Dolce<\/li>\n<\/ul>\n<h3>Aspetto del fiore di cannabis Mendo Breath<\/h3>\n<p>I piccoli germogli di <strong>Respiro Mendo<\/strong> sono densi e resinosi, ricoperti di tricomi cristallini e punteggiati di peli arancioni brillanti. Il loro colore verde scuro, accentuato da riflessi ambrati, testimonia la qualit\u00e0 e la forza di questa rara variet\u00e0.<\/p>\n<h3>Ordina il ceppo Mendo Breath Strain-AAA Small Buds online su Pressure Zone Shop<\/h3>\n<p>Pronti a scoprire l'effetto lenitivo e delicato di <strong>Ceppo Mendo Breath-AAA Piccoli boccioli<\/strong> ? Ordinate oggi stesso da <a href=\"https:\/\/pressurezone.shop\/it\/\" target=\"_new\" rel=\"noopener\">Negozio della zona di pressione<\/a> per godere di un'esperienza di cannabis rilassante e confortante, ideale per le serate fuori casa. <strong>Respiro Mendo<\/strong> \u00e8 la scelta perfetta per un relax completo e un sonno ristoratore.<\/p>\n<\/div>\n<\/div>\n<\/div>\n<\/div>\n<\/div>\n<\/div>","protected":false},"excerpt":{"rendered":"<p>Achetez la Mendo Breath Strain\u2013AAA Small Buds en Ligne en Europe sur Pressure Zone Shop D\u00e9couvrez la Mendo Breath Strain\u2013AAA Small Buds, une vari\u00e9t\u00e9 rare \u00e0 dominance indica, issue du croisement de la c\u00e9l\u00e8bre OG Kush Breath et de la Mendo Montage. Parfaite pour les soir\u00e9es et les moments de d\u00e9tente, Mendo Breath est une [&hellip;]<\/p>","protected":false},"featured_media":3095,"comment_status":"closed","ping_status":"closed","template":"","meta":{"_uag_custom_page_level_css":"","site-sidebar-layout":"default","site-content-layout":"","ast-site-content-layout":"default","site-content-style":"default","site-sidebar-style":"default","ast-global-header-display":"","ast-banner-title-visibility":"","ast-main-header-display":"","ast-hfb-above-header-display":"","ast-hfb-below-header-display":"","ast-hfb-mobile-header-display":"","site-post-title":"","ast-breadcrumbs-content":"","ast-featured-img":"","footer-sml-layout":"","theme-transparent-header-meta":"default","adv-header-id-meta":"","stick-header-meta":"","header-above-stick-meta":"","header-main-stick-meta":"","header-below-stick-meta":"","astra-migrate-meta-layouts":"set","ast-page-background-enabled":"default","ast-page-background-meta":{"desktop":{"background-color":"","background-image":"","background-repeat":"repeat","background-position":"center center","background-size":"auto","background-attachment":"scroll","background-type":"","background-media":"","overlay-type":"","overlay-color":"","overlay-opacity":"","overlay-gradient":""},"tablet":{"background-color":"","background-image":"","background-repeat":"repeat","background-position":"center center","background-size":"auto","background-attachment":"scroll","background-type":"","background-media":"","overlay-type":"","overlay-color":"","overlay-opacity":"","overlay-gradient":""},"mobile":{"background-color":"","background-image":"","background-repeat":"repeat","background-position":"center center","background-size":"auto","background-attachment":"scroll","background-type":"","background-media":"","overlay-type":"","overlay-color":"","overlay-opacity":"","overlay-gradient":""}},"ast-content-background-meta":{"desktop":{"background-color":"var(--ast-global-color-5)","background-image":"","background-repeat":"repeat","background-position":"center center","background-size":"auto","background-attachment":"scroll","background-type":"","background-media":"","overlay-type":"","overlay-color":"","overlay-opacity":"","overlay-gradient":""},"tablet":{"background-color":"var(--ast-global-color-5)","background-image":"","background-repeat":"repeat","background-position":"center center","background-size":"auto","background-attachment":"scroll","background-type":"","background-media":"","overlay-type":"","overlay-color":"","overlay-opacity":"","overlay-gradient":""},"mobile":{"background-color":"var(--ast-global-color-5)","background-image":"","background-repeat":"repeat","background-position":"center center","background-size":"auto","background-attachment":"scroll","background-type":"","background-media":"","overlay-type":"","overlay-color":"","overlay-opacity":"","overlay-gradient":""}}},"product_brand":[],"product_cat":[28,278],"product_tag":[299],"class_list":{"0":"post-3019","1":"product","2":"type-product","3":"status-publish","4":"has-post-thumbnail","6":"product_cat-varietes-de-cannabis","7":"product_cat-varietes-de-marijuana-indica","8":"product_tag-order-mendo-breath-strain-aaa-small-buds-europe","9":"desktop-align-left","10":"tablet-align-left","11":"mobile-align-left","13":"first","14":"instock","15":"shipping-taxable","16":"purchasable","17":"product-type-variable"},"uagb_featured_image_src":{"full":["https:\/\/pressurezone.shop\/wp-content\/uploads\/2024\/10\/Mendo-Breath-Strain-\u2013-AAA-Small-Buds.webp",2048,1365,false],"thumbnail":["https:\/\/pressurezone.shop\/wp-content\/uploads\/2024\/10\/Mendo-Breath-Strain-\u2013-AAA-Small-Buds-150x150.webp",150,150,true],"medium":["https:\/\/pressurezone.shop\/wp-content\/uploads\/2024\/10\/Mendo-Breath-Strain-\u2013-AAA-Small-Buds-300x200.webp",300,200,true],"medium_large":["https:\/\/pressurezone.shop\/wp-content\/uploads\/2024\/10\/Mendo-Breath-Strain-\u2013-AAA-Small-Buds-768x512.webp",768,512,true],"large":["https:\/\/pressurezone.shop\/wp-content\/uploads\/2024\/10\/Mendo-Breath-Strain-\u2013-AAA-Small-Buds-1024x683.webp",1024,683,true],"1536x1536":["https:\/\/pressurezone.shop\/wp-content\/uploads\/2024\/10\/Mendo-Breath-Strain-\u2013-AAA-Small-Buds-1536x1024.webp",1536,1024,true],"2048x2048":["https:\/\/pressurezone.shop\/wp-content\/uploads\/2024\/10\/Mendo-Breath-Strain-\u2013-AAA-Small-Buds.webp",2048,1365,false],"trp-custom-language-flag":["https:\/\/pressurezone.shop\/wp-content\/uploads\/2024\/10\/Mendo-Breath-Strain-\u2013-AAA-Small-Buds-18x12.webp",18,12,true],"woocommerce_thumbnail":["https:\/\/pressurezone.shop\/wp-content\/uploads\/2024\/10\/Mendo-Breath-Strain-\u2013-AAA-Small-Buds-300x300.webp",300,300,true],"woocommerce_single":["https:\/\/pressurezone.shop\/wp-content\/uploads\/2024\/10\/Mendo-Breath-Strain-\u2013-AAA-Small-Buds-600x400.webp",600,400,true],"woocommerce_gallery_thumbnail":["https:\/\/pressurezone.shop\/wp-content\/uploads\/2024\/10\/Mendo-Breath-Strain-\u2013-AAA-Small-Buds-100x100.webp",100,100,true]},"uagb_author_info":{"display_name":"pressurezone.shop","author_link":"https:\/\/pressurezone.shop\/it\/author\/"},"uagb_comment_info":0,"uagb_excerpt":"Achetez la Mendo Breath Strain\u2013AAA Small Buds en Ligne en Europe sur Pressure Zone Shop D\u00e9couvrez la Mendo Breath Strain\u2013AAA Small Buds, une vari\u00e9t\u00e9 rare \u00e0 dominance indica, issue du croisement de la c\u00e9l\u00e8bre OG Kush Breath et de la Mendo Montage. Parfaite pour les soir\u00e9es et les moments de d\u00e9tente, Mendo Breath est une&hellip;","_links":{"self":[{"href":"https:\/\/pressurezone.shop\/it\/wp-json\/wp\/v2\/product\/3019"}],"collection":[{"href":"https:\/\/pressurezone.shop\/it\/wp-json\/wp\/v2\/product"}],"about":[{"href":"https:\/\/pressurezone.shop\/it\/wp-json\/wp\/v2\/types\/product"}],"replies":[{"embeddable":true,"href":"https:\/\/pressurezone.shop\/it\/wp-json\/wp\/v2\/comments?post=3019"}],"version-history":[{"count":3,"href":"https:\/\/pressurezone.shop\/it\/wp-json\/wp\/v2\/product\/3019\/revisions"}],"predecessor-version":[{"id":3951,"href":"https:\/\/pressurezone.shop\/it\/wp-json\/wp\/v2\/product\/3019\/revisions\/3951"}],"wp:featuredmedia":[{"embeddable":true,"href":"https:\/\/pressurezone.shop\/it\/wp-json\/wp\/v2\/media\/3095"}],"wp:attachment":[{"href":"https:\/\/pressurezone.shop\/it\/wp-json\/wp\/v2\/media?parent=3019"}],"wp:term":[{"taxonomy":"product_brand","embeddable":true,"href":"https:\/\/pressurezone.shop\/it\/wp-json\/wp\/v2\/product_brand?post=3019"},{"taxonomy":"product_cat","embeddable":true,"href":"https:\/\/pressurezone.shop\/it\/wp-json\/wp\/v2\/product_cat?post=3019"},{"taxonomy":"product_tag","embeddable":true,"href":"https:\/\/pressurezone.shop\/it\/wp-json\/wp\/v2\/product_tag?post=3019"}],"curies":[{"name":"wp","href":"https:\/\/api.w.org\/{rel}","templated":true}]}}