{"id":3021,"date":"2024-10-11T00:48:47","date_gmt":"2024-10-10T22:48:47","guid":{"rendered":"https:\/\/pressurezone.shop\/?post_type=product&#038;p=3021"},"modified":"2024-11-02T21:00:01","modified_gmt":"2024-11-02T20:00:01","slug":"black-cherry-soda-hybrid-flower","status":"publish","type":"product","link":"https:\/\/pressurezone.shop\/it\/prodotto\/fiore-ibrido-di-soda-allamarena\/","title":{"rendered":"Fiore ibrido di Black Cherry Soda"},"content":{"rendered":"<h3><strong>Acquista il fiore ibrido Black Cherry Soda online in Europa su <a href=\"https:\/\/pressurezone.shop\/it\/\" target=\"_new\" rel=\"noopener\">Zona di pressione<\/a><\/strong><\/h3>\n<p>Scoprire il <strong>Variet\u00e0 di cannabis ibrida di fiori Black Cherry Soda<\/strong>Una sativa dominante (80% sativa \/ 20% indica) che offre un'esperienza unica e visivamente sorprendente. Con cime dense ricoperte di cristalli scintillanti, peli arancioni e sfumature di viola e verde chiaro, <strong>Soda alla ciliegia nera<\/strong> \u00e8 tanto bella quanto potente. Perfetta per chi \u00e8 alla ricerca di uno sballo stimolante, questa <strong>variet\u00e0 di cannabis<\/strong> combina sapore fruttato e potenza cerebrale<a href=\"https:\/\/fuelpackz.com\/\" target=\"_blank\" rel=\"noopener\">.<\/a><\/p>\n<h3>Effetti e benefici del fiore ibrido Black Cherry Soda<\/h3>\n<p>La <strong>variet\u00e0 Black Cherry Soda Ibrido di fiori<\/strong> si distingue per i suoi effetti rinvigorenti, offrendo una miscela perfetta di relax ed energia. Ecco i principali effetti di questa eccezionale variet\u00e0:<\/p>\n<ul>\n<li><strong>Rilassamento ed energia<\/strong> L'equilibrio ideale tra una mente pi\u00f9 calma e una rinnovata energia.<\/li>\n<li><strong>Sensazione cerebrale<\/strong> Fornisce un'esperienza cerebrale stimolante e una piacevole sensazione di formicolio nella parte superiore del corpo.<\/li>\n<li><strong>Risveglio e benessere<\/strong> Migliora l'umore e dona una sensazione di leggerezza, ideale per alleviare lo stress.<\/li>\n<\/ul>\n<p>Sebbene lo sballo sia potente, Black Cherry Soda \u00e8 apprezzata per il suo effetto benefico senza un'eccessiva intensit\u00e0, che la rende una scelta eccellente per un'esperienza piacevole in qualsiasi momento della giornata.<\/p>\n<h3>Benefici terapeutici della soda alla ciliegia nera<\/h3>\n<p>Cos\u00ec come i suoi effetti stimolanti, <strong>Soda alla ciliegia nera<\/strong> \u00e8 rinomata per i suoi benefici terapeutici. Grazie al suo profilo sativa dominante, pu\u00f2 aiutare ad alleviare :<\/p>\n<ul>\n<li><strong>Depressione e ansia<\/strong> Calma la mente e favorisce uno stato d'animo positivo.<\/li>\n<li><strong>Riduzione dello stress<\/strong> Un rimedio naturale per ridurre le sensazioni di stress e tensione.<\/li>\n<li><strong>Sollievo dal dolore<\/strong> Efficace per lenire i dolori minori e per dare una sensazione di leggerezza.<\/li>\n<\/ul>\n<p>Con il suo elevato effetto cerebrale e le sue propriet\u00e0 calmanti, questo <strong>variet\u00e0 di cannabis<\/strong> \u00e8 ideale per chi cerca una combinazione di benessere mentale e relax fisico.<\/p>\n<h3>Sapori e aromi della soda alla ciliegia nera<\/h3>\n<p>Il profilo aromatico e gustativo di <strong>Fiore ibrido di Black Cherry Soda<\/strong> \u00e8 eccezionale come i suoi effetti:<\/p>\n<ul>\n<li><strong>I sapori<\/strong> Aroma di bacche dolci con note fruttate che ricordano una miscela di ciliegie e frutta dolce.<\/li>\n<li><strong>Aromi<\/strong> Un intenso profumo di mirtilli e terra, con una nota di dolcezza e una leggera speziatura.<\/li>\n<\/ul>\n<p>Questi <strong>sapori e aromi unici<\/strong> rendono ogni boccata un'esperienza deliziosa, perfetta per gli appassionati di variet\u00e0 fruttate e dolci.<\/p>\n<h3>Perch\u00e9 acquistare il fiore ibrido Black Cherry Soda su <a href=\"https:\/\/pressurezone.shop\/it\/\" target=\"_new\" rel=\"noopener\">Zona di pressione<\/a>?<\/h3>\n<p>A <strong>Zona di pressione<\/strong>ci impegniamo a offrirvi <strong>variet\u00e0 di cannabis<\/strong> per i nostri clienti in Europa. <strong>Fiore ibrido di Black Cherry Soda<\/strong> \u00e8 una delle nostre variet\u00e0 preferite, selezionata per la sua forza equilibrata e il suo profilo aromatico unico. Ecco perch\u00e9 dovreste acquistare da noi:<\/p>\n<ul>\n<li><strong>Qualit\u00e0 e purezza<\/strong> Selezioniamo e testiamo i nostri prodotti per garantire un'esperienza di alta qualit\u00e0.<\/li>\n<li><strong>Esperienza Sensoriale<\/strong> Godetevi una variet\u00e0 che offre il perfetto equilibrio tra relax e stimolazione.<\/li>\n<li><strong>Servizio clienti esperto<\/strong> Il nostro team \u00e8 a vostra disposizione per aiutarvi a trovare la soluzione giusta per voi. <strong>variet\u00e0 di cannabis<\/strong> che soddisfa le vostre esigenze.<\/li>\n<\/ul>\n<h3>Domande frequenti<\/h3>\n<h4>Quali sono gli effetti principali di Black Cherry Soda Hybrid Flower?<\/h4>\n<p>La <strong>variet\u00e0 Black Cherry Soda Ibrido di fiori<\/strong> fornisce un effetto energizzante e rilassante, perfetto per risvegliare la mente e calmare il corpo. Il suo effetto cerebrale \u00e8 stimolante e favorisce una sensazione di benessere.<\/p>\n<h4>La soda alla ciliegia nera pu\u00f2 essere utilizzata per alleviare lo stress e la depressione?<\/h4>\n<p>S\u00ec, questo <strong>variet\u00e0 di cannabis<\/strong> \u00e8 eccellente per ridurre lo stress e la depressione, favorendo uno stato d'animo positivo e pi\u00f9 calmo.<\/p>\n<h4>Quali sono i sapori e gli aromi dominanti della soda alla ciliegia nera?<\/h4>\n<p>Questa variet\u00e0 ha un sapore dolce di bacche con note fruttate. Il suo aroma \u00e8 una miscela di mirtilli, terriccio e una dolcezza leggermente speziata.<\/p>\n<h3>Ordinare Black Cherry Soda Hybrid Flower online in Europa su <a href=\"https:\/\/pressurezone.shop\/it\/\" target=\"_new\" rel=\"noopener\">Zona di pressione<\/a><\/h3>\n<p>Pronti a scoprire l'effetto fruttato ed energizzante di <strong>Fiore ibrido di Black Cherry Soda<\/strong>? <strong>Ordina ora<\/strong> su <a href=\"https:\/\/pressurezone.shop\/it\/\" target=\"_new\" rel=\"noopener\">Zona di pressione<\/a> per un'esperienza di <strong>variet\u00e0 di cannabis<\/strong> perfetta per ridurre lo stress e migliorare l'umore. Con consegne rapide e un servizio clienti attento, Pressure Zone \u00e8 il vostro negozio di fiducia per un'esperienza di cannabis di qualit\u00e0 superiore in Europa.<\/p>","protected":false},"excerpt":{"rendered":"<p>Achetez la Vari\u00e9t\u00e9 Black Cherry Soda Hybrid Flower en Ligne en Europe sur Pressure Zone D\u00e9couvrez la vari\u00e9t\u00e9 de cannabis Black Cherry Soda Hybrid Flower, une sativa dominante (80% sativa \/ 20% indica) qui offre une exp\u00e9rience unique et visuellement saisissante. Avec ses bourgeons denses couverts de cristaux scintillants, de poils orange et de nuances [&hellip;]<\/p>","protected":false},"featured_media":3099,"comment_status":"closed","ping_status":"closed","template":"","meta":{"_uag_custom_page_level_css":"","site-sidebar-layout":"default","site-content-layout":"","ast-site-content-layout":"default","site-content-style":"default","site-sidebar-style":"default","ast-global-header-display":"","ast-banner-title-visibility":"","ast-main-header-display":"","ast-hfb-above-header-display":"","ast-hfb-below-header-display":"","ast-hfb-mobile-header-display":"","site-post-title":"","ast-breadcrumbs-content":"","ast-featured-img":"","footer-sml-layout":"","theme-transparent-header-meta":"default","adv-header-id-meta":"","stick-header-meta":"","header-above-stick-meta":"","header-main-stick-meta":"","header-below-stick-meta":"","astra-migrate-meta-layouts":"set","ast-page-background-enabled":"default","ast-page-background-meta":{"desktop":{"background-color":"","background-image":"","background-repeat":"repeat","background-position":"center center","background-size":"auto","background-attachment":"scroll","background-type":"","background-media":"","overlay-type":"","overlay-color":"","overlay-opacity":"","overlay-gradient":""},"tablet":{"background-color":"","background-image":"","background-repeat":"repeat","background-position":"center center","background-size":"auto","background-attachment":"scroll","background-type":"","background-media":"","overlay-type":"","overlay-color":"","overlay-opacity":"","overlay-gradient":""},"mobile":{"background-color":"","background-image":"","background-repeat":"repeat","background-position":"center center","background-size":"auto","background-attachment":"scroll","background-type":"","background-media":"","overlay-type":"","overlay-color":"","overlay-opacity":"","overlay-gradient":""}},"ast-content-background-meta":{"desktop":{"background-color":"var(--ast-global-color-5)","background-image":"","background-repeat":"repeat","background-position":"center center","background-size":"auto","background-attachment":"scroll","background-type":"","background-media":"","overlay-type":"","overlay-color":"","overlay-opacity":"","overlay-gradient":""},"tablet":{"background-color":"var(--ast-global-color-5)","background-image":"","background-repeat":"repeat","background-position":"center center","background-size":"auto","background-attachment":"scroll","background-type":"","background-media":"","overlay-type":"","overlay-color":"","overlay-opacity":"","overlay-gradient":""},"mobile":{"background-color":"var(--ast-global-color-5)","background-image":"","background-repeat":"repeat","background-position":"center center","background-size":"auto","background-attachment":"scroll","background-type":"","background-media":"","overlay-type":"","overlay-color":"","overlay-opacity":"","overlay-gradient":""}}},"product_brand":[],"product_cat":[28,277],"product_tag":[301],"class_list":{"0":"post-3021","1":"product","2":"type-product","3":"status-publish","4":"has-post-thumbnail","6":"product_cat-varietes-de-cannabis","7":"product_cat-varietes-de-cannabis-hybrides","8":"product_tag-black-cherry-soda-hybrid-flower-europe","9":"desktop-align-left","10":"tablet-align-left","11":"mobile-align-left","13":"first","14":"instock","15":"shipping-taxable","16":"purchasable","17":"product-type-variable"},"uagb_featured_image_src":{"full":["https:\/\/pressurezone.shop\/wp-content\/uploads\/2024\/10\/Black-Cherry-Soda-Hybrid-Flower.webp",2048,1365,false],"thumbnail":["https:\/\/pressurezone.shop\/wp-content\/uploads\/2024\/10\/Black-Cherry-Soda-Hybrid-Flower-150x150.webp",150,150,true],"medium":["https:\/\/pressurezone.shop\/wp-content\/uploads\/2024\/10\/Black-Cherry-Soda-Hybrid-Flower-300x200.webp",300,200,true],"medium_large":["https:\/\/pressurezone.shop\/wp-content\/uploads\/2024\/10\/Black-Cherry-Soda-Hybrid-Flower-768x512.webp",768,512,true],"large":["https:\/\/pressurezone.shop\/wp-content\/uploads\/2024\/10\/Black-Cherry-Soda-Hybrid-Flower-1024x683.webp",1024,683,true],"1536x1536":["https:\/\/pressurezone.shop\/wp-content\/uploads\/2024\/10\/Black-Cherry-Soda-Hybrid-Flower-1536x1024.webp",1536,1024,true],"2048x2048":["https:\/\/pressurezone.shop\/wp-content\/uploads\/2024\/10\/Black-Cherry-Soda-Hybrid-Flower.webp",2048,1365,false],"trp-custom-language-flag":["https:\/\/pressurezone.shop\/wp-content\/uploads\/2024\/10\/Black-Cherry-Soda-Hybrid-Flower-18x12.webp",18,12,true],"woocommerce_thumbnail":["https:\/\/pressurezone.shop\/wp-content\/uploads\/2024\/10\/Black-Cherry-Soda-Hybrid-Flower-300x300.webp",300,300,true],"woocommerce_single":["https:\/\/pressurezone.shop\/wp-content\/uploads\/2024\/10\/Black-Cherry-Soda-Hybrid-Flower-600x400.webp",600,400,true],"woocommerce_gallery_thumbnail":["https:\/\/pressurezone.shop\/wp-content\/uploads\/2024\/10\/Black-Cherry-Soda-Hybrid-Flower-100x100.webp",100,100,true]},"uagb_author_info":{"display_name":"pressurezone.shop","author_link":"https:\/\/pressurezone.shop\/it\/author\/"},"uagb_comment_info":0,"uagb_excerpt":"Achetez la Vari\u00e9t\u00e9 Black Cherry Soda Hybrid Flower en Ligne en Europe sur Pressure Zone D\u00e9couvrez la vari\u00e9t\u00e9 de cannabis Black Cherry Soda Hybrid Flower, une sativa dominante (80% sativa \/ 20% indica) qui offre une exp\u00e9rience unique et visuellement saisissante. Avec ses bourgeons denses couverts de cristaux scintillants, de poils orange et de nuances&hellip;","_links":{"self":[{"href":"https:\/\/pressurezone.shop\/it\/wp-json\/wp\/v2\/product\/3021"}],"collection":[{"href":"https:\/\/pressurezone.shop\/it\/wp-json\/wp\/v2\/product"}],"about":[{"href":"https:\/\/pressurezone.shop\/it\/wp-json\/wp\/v2\/types\/product"}],"replies":[{"embeddable":true,"href":"https:\/\/pressurezone.shop\/it\/wp-json\/wp\/v2\/comments?post=3021"}],"version-history":[{"count":3,"href":"https:\/\/pressurezone.shop\/it\/wp-json\/wp\/v2\/product\/3021\/revisions"}],"predecessor-version":[{"id":3657,"href":"https:\/\/pressurezone.shop\/it\/wp-json\/wp\/v2\/product\/3021\/revisions\/3657"}],"wp:featuredmedia":[{"embeddable":true,"href":"https:\/\/pressurezone.shop\/it\/wp-json\/wp\/v2\/media\/3099"}],"wp:attachment":[{"href":"https:\/\/pressurezone.shop\/it\/wp-json\/wp\/v2\/media?parent=3021"}],"wp:term":[{"taxonomy":"product_brand","embeddable":true,"href":"https:\/\/pressurezone.shop\/it\/wp-json\/wp\/v2\/product_brand?post=3021"},{"taxonomy":"product_cat","embeddable":true,"href":"https:\/\/pressurezone.shop\/it\/wp-json\/wp\/v2\/product_cat?post=3021"},{"taxonomy":"product_tag","embeddable":true,"href":"https:\/\/pressurezone.shop\/it\/wp-json\/wp\/v2\/product_tag?post=3021"}],"curies":[{"name":"wp","href":"https:\/\/api.w.org\/{rel}","templated":true}]}}