{"id":3023,"date":"2024-10-11T00:48:47","date_gmt":"2024-10-10T22:48:47","guid":{"rendered":"https:\/\/pressurezone.shop\/?post_type=product&#038;p=3023"},"modified":"2024-11-02T21:27:10","modified_gmt":"2024-11-02T20:27:10","slug":"mandarin-og-cannabis-strain","status":"publish","type":"product","link":"https:\/\/pressurezone.shop\/it\/prodotto\/varieta-di-cannabis-mandarino-og\/","title":{"rendered":"La variet\u00e0 di cannabis Mandarin OG"},"content":{"rendered":"<h3><strong>Acquista la variet\u00e0 di cannabis Mandarin OG in Europa su <a href=\"https:\/\/pressurezone.shop\/it\/\" target=\"_new\" rel=\"noopener\">Zona di pressione<\/a><\/strong><\/h3>\n<p>Scoprire <strong>La variet\u00e0 di cannabis Mandarin OG<\/strong>conosciuta anche come \"Mandarin Kush\" - \u00e8 una <strong>variet\u00e0 di cannabis<\/strong> Un ibrido a leggera dominanza indica (60% indica \/ 40% sativa) che combina potenza e sapori di agrumi. Il risultato di un incrocio tra <strong>Tangerine Haze<\/strong> e <strong>OG Kush<\/strong>Questa variet\u00e0 offre un perfetto equilibrio tra relax ed energia, ideale per i momenti di convivialit\u00e0 e benessere.<a href=\"https:\/\/fuelpackz.com\/\" target=\"_blank\" rel=\"noopener\">.<\/a><\/p>\n<h3>Effetti e benefici della variet\u00e0 di cannabis Mandarin OG<\/h3>\n<p>La <strong>La variet\u00e0 di cannabis Mandarin OG<\/strong> \u00e8 apprezzata per i suoi effetti stimolanti e allegri, perfetti per sollevare l'umore e allentare la tensione:<\/p>\n<ul>\n<li><strong>Felicit\u00e0 e socievolezza<\/strong> : offre una sensazione di benessere, ideale per socializzare o rilassarsi.<\/li>\n<li><strong>Energia edificante<\/strong> Promuove uno stato d'animo positivo e rilassa il corpo.<\/li>\n<li><strong>Calma rilassante<\/strong> Permette di sciogliere le tensioni senza eccessiva sedazione.<\/li>\n<\/ul>\n<p>Con un <strong>THC di 20-21%<\/strong> e un <strong>CBD da 4-5%<\/strong>Questa variet\u00e0 \u00e8 ideale per chi cerca un effetto equilibrato, che stimoli la mente e rilassi il corpo.<\/p>\n<h3>Benefici terapeutici della variet\u00e0 di cannabis Mandarin OG<\/h3>\n<p>Grazie ai suoi effetti calmanti e gioiosi, <strong>Mandarino OG<\/strong> \u00e8 spesso utilizzato per alleviare una serie di sintomi e condizioni:<\/p>\n<ul>\n<li><strong>Sollievo da dolore cronico e infiammazione<\/strong> Lenisce i dolori del corpo e riduce le infiammazioni, perfetto per chi cerca un sollievo naturale.<\/li>\n<li><strong>Riduzione della stanchezza e della depressione<\/strong> Rivitalizza la mente e aiuta a combattere la stanchezza o una leggera depressione.<\/li>\n<li><strong>Efficace contro emicrania e nausea<\/strong> Ideale per chi soffre di emicrania o di problemi digestivi.<\/li>\n<\/ul>\n<p>Questo <strong>variet\u00e0 di cannabis<\/strong> \u00e8 un'opzione eccellente per chi cerca benefici terapeutici senza effetti eccessivi, grazie alla sua miscela equilibrata di THC e CBD.<\/p>\n<h3>Sapori e aromi di Mandarino OG<\/h3>\n<p>Mandarin OG \u00e8 una vera e propria esplosione di sapori agrumati e speziati:<\/p>\n<ul>\n<li><strong>I sapori<\/strong> Un pronunciato sapore di arancia e agrumi, con note di spezie e acidit\u00e0 che aggiungono profondit\u00e0.<\/li>\n<li><strong>Aromi<\/strong> Una fragranza terrosa ed erbacea, arricchita da una fresca nota di arancia, perfetta per chi apprezza le variet\u00e0 con profumi naturali e rinvigorenti.<\/li>\n<\/ul>\n<p>Questi <strong>sapori e aromi di agrumi<\/strong> rendono ogni boccata di Mandarin OG un'esperienza rinvigorente e piacevole.<\/p>\n<h3>Perch\u00e9 acquistare la variet\u00e0 di cannabis Mandarin OG su <a href=\"https:\/\/pressurezone.shop\/it\/\" target=\"_new\" rel=\"noopener\">Zona di pressione<\/a>?<\/h3>\n<p>A <strong>Zona di pressione<\/strong>selezioniamo <strong>variet\u00e0 di cannabis<\/strong> accuratamente testati per garantire la migliore esperienza possibile. <strong>La variet\u00e0 di cannabis Mandarin OG<\/strong> \u00e8 una delle nostre migliori variet\u00e0 per i suoi effetti equilibrati e i suoi sapori unici. Ecco perch\u00e9 dovreste acquistare da noi:<\/p>\n<ul>\n<li><strong>Qualit\u00e0 Premium<\/strong> Tutti i nostri prodotti sono testati per garantire un'esperienza di alta qualit\u00e0.<\/li>\n<li><strong>Effetto energizzante e rilassante<\/strong> Perfetto per un'esperienza equilibrata che solleva l'umore e rilassa il corpo.<\/li>\n<li><strong>Servizio clienti dedicato<\/strong> Il nostro team \u00e8 a vostra disposizione per aiutarvi a trovare la soluzione giusta per voi. <strong>variet\u00e0 di cannabis<\/strong> che soddisfa le vostre esigenze.<\/li>\n<\/ul>\n<h3>Domande frequenti<\/h3>\n<h4>Quali sono gli effetti principali della variet\u00e0 di cannabis Mandarin OG?<\/h4>\n<p>Il Mandarin OG fornisce uno sballo allegro e socievole, ideale per le occasioni sociali. I suoi effetti energizzanti sono bilanciati da un dolce rilassamento che aiuta a ridurre lo stress e l'ansia.<\/p>\n<h4>Il Mandarino OG \u00e8 adatto per alleviare il dolore?<\/h4>\n<p>S\u00ec, questo <strong>variet\u00e0 di cannabis<\/strong> \u00e8 efficace per alleviare il dolore cronico, ridurre l'infiammazione e contribuire a calmare l'emicrania.<\/p>\n<h4>Quali sapori e aromi dominano il Mandarino OG?<\/h4>\n<p>Mandarin OG offre un intenso sapore di agrumi, con note speziate ed erbacee. Il suo aroma terroso e fresco di arancia lo rende un'esperienza sensoriale unica.<\/p>\n<h3>Ordina la variet\u00e0 di cannabis Mandarin OG online in Europa a <a href=\"https:\/\/pressurezone.shop\/it\/\" target=\"_new\" rel=\"noopener\">Zona di pressione<\/a><\/h3>\n<p>Pronti a scoprire il perfetto equilibrio tra <strong>La variet\u00e0 di cannabis Mandarin OG<\/strong>? <strong>Ordina ora<\/strong> su <a href=\"https:\/\/pressurezone.shop\/it\/\" target=\"_new\" rel=\"noopener\">Zona di pressione<\/a> per un'esperienza di <strong>variet\u00e0 di cannabis<\/strong> una miscela unica, ideale per risollevare l'umore e allentare la tensione. Godetevi una consegna discreta e affidabile per un'esperienza di acquisto senza preoccupazioni.<\/p>","protected":false},"excerpt":{"rendered":"<p>Achetez la Vari\u00e9t\u00e9 Mandarin OG Cannabis Strain en Ligne en Europe sur Pressure Zone D\u00e9couvrez Mandarin OG Cannabis Strain, \u00e9galement connue sous le nom de \u00ab\u00a0Mandarin Kush\u00a0\u00bb \u2013 une vari\u00e9t\u00e9 de cannabis hybride l\u00e9g\u00e8rement dominante en indica (60% indica \/ 40% sativa) qui combine puissance et saveurs d\u2019agrumes. Issue d\u2019un croisement entre Tangerine Haze et [&hellip;]<\/p>","protected":false},"featured_media":3108,"comment_status":"closed","ping_status":"closed","template":"","meta":{"_uag_custom_page_level_css":"","site-sidebar-layout":"default","site-content-layout":"","ast-site-content-layout":"default","site-content-style":"default","site-sidebar-style":"default","ast-global-header-display":"","ast-banner-title-visibility":"","ast-main-header-display":"","ast-hfb-above-header-display":"","ast-hfb-below-header-display":"","ast-hfb-mobile-header-display":"","site-post-title":"","ast-breadcrumbs-content":"","ast-featured-img":"","footer-sml-layout":"","theme-transparent-header-meta":"default","adv-header-id-meta":"","stick-header-meta":"","header-above-stick-meta":"","header-main-stick-meta":"","header-below-stick-meta":"","astra-migrate-meta-layouts":"set","ast-page-background-enabled":"default","ast-page-background-meta":{"desktop":{"background-color":"","background-image":"","background-repeat":"repeat","background-position":"center center","background-size":"auto","background-attachment":"scroll","background-type":"","background-media":"","overlay-type":"","overlay-color":"","overlay-opacity":"","overlay-gradient":""},"tablet":{"background-color":"","background-image":"","background-repeat":"repeat","background-position":"center center","background-size":"auto","background-attachment":"scroll","background-type":"","background-media":"","overlay-type":"","overlay-color":"","overlay-opacity":"","overlay-gradient":""},"mobile":{"background-color":"","background-image":"","background-repeat":"repeat","background-position":"center center","background-size":"auto","background-attachment":"scroll","background-type":"","background-media":"","overlay-type":"","overlay-color":"","overlay-opacity":"","overlay-gradient":""}},"ast-content-background-meta":{"desktop":{"background-color":"var(--ast-global-color-5)","background-image":"","background-repeat":"repeat","background-position":"center center","background-size":"auto","background-attachment":"scroll","background-type":"","background-media":"","overlay-type":"","overlay-color":"","overlay-opacity":"","overlay-gradient":""},"tablet":{"background-color":"var(--ast-global-color-5)","background-image":"","background-repeat":"repeat","background-position":"center center","background-size":"auto","background-attachment":"scroll","background-type":"","background-media":"","overlay-type":"","overlay-color":"","overlay-opacity":"","overlay-gradient":""},"mobile":{"background-color":"var(--ast-global-color-5)","background-image":"","background-repeat":"repeat","background-position":"center center","background-size":"auto","background-attachment":"scroll","background-type":"","background-media":"","overlay-type":"","overlay-color":"","overlay-opacity":"","overlay-gradient":""}}},"product_brand":[],"product_cat":[28,278],"product_tag":[303,495],"class_list":{"0":"post-3023","1":"product","2":"type-product","3":"status-publish","4":"has-post-thumbnail","6":"product_cat-varietes-de-cannabis","7":"product_cat-varietes-de-marijuana-indica","8":"product_tag-buy-mandarin-og-cannabis-strain-europe","9":"product_tag-variete-mandarin-og-cannabis","10":"desktop-align-left","11":"tablet-align-left","12":"mobile-align-left","14":"first","15":"instock","16":"shipping-taxable","17":"purchasable","18":"product-type-variable"},"uagb_featured_image_src":{"full":["https:\/\/pressurezone.shop\/wp-content\/uploads\/2024\/10\/Buy-Mandarin-OG-Cannabis-Strain.webp",2048,1365,false],"thumbnail":["https:\/\/pressurezone.shop\/wp-content\/uploads\/2024\/10\/Buy-Mandarin-OG-Cannabis-Strain-150x150.webp",150,150,true],"medium":["https:\/\/pressurezone.shop\/wp-content\/uploads\/2024\/10\/Buy-Mandarin-OG-Cannabis-Strain-300x200.webp",300,200,true],"medium_large":["https:\/\/pressurezone.shop\/wp-content\/uploads\/2024\/10\/Buy-Mandarin-OG-Cannabis-Strain-768x512.webp",768,512,true],"large":["https:\/\/pressurezone.shop\/wp-content\/uploads\/2024\/10\/Buy-Mandarin-OG-Cannabis-Strain-1024x683.webp",1024,683,true],"1536x1536":["https:\/\/pressurezone.shop\/wp-content\/uploads\/2024\/10\/Buy-Mandarin-OG-Cannabis-Strain-1536x1024.webp",1536,1024,true],"2048x2048":["https:\/\/pressurezone.shop\/wp-content\/uploads\/2024\/10\/Buy-Mandarin-OG-Cannabis-Strain.webp",2048,1365,false],"trp-custom-language-flag":["https:\/\/pressurezone.shop\/wp-content\/uploads\/2024\/10\/Buy-Mandarin-OG-Cannabis-Strain-18x12.webp",18,12,true],"woocommerce_thumbnail":["https:\/\/pressurezone.shop\/wp-content\/uploads\/2024\/10\/Buy-Mandarin-OG-Cannabis-Strain-300x300.webp",300,300,true],"woocommerce_single":["https:\/\/pressurezone.shop\/wp-content\/uploads\/2024\/10\/Buy-Mandarin-OG-Cannabis-Strain-600x400.webp",600,400,true],"woocommerce_gallery_thumbnail":["https:\/\/pressurezone.shop\/wp-content\/uploads\/2024\/10\/Buy-Mandarin-OG-Cannabis-Strain-100x100.webp",100,100,true]},"uagb_author_info":{"display_name":"pressurezone.shop","author_link":"https:\/\/pressurezone.shop\/it\/author\/"},"uagb_comment_info":0,"uagb_excerpt":"Achetez la Vari\u00e9t\u00e9 Mandarin OG Cannabis Strain en Ligne en Europe sur Pressure Zone D\u00e9couvrez Mandarin OG Cannabis Strain, \u00e9galement connue sous le nom de \u00ab\u00a0Mandarin Kush\u00a0\u00bb \u2013 une vari\u00e9t\u00e9 de cannabis hybride l\u00e9g\u00e8rement dominante en indica (60% indica \/ 40% sativa) qui combine puissance et saveurs d\u2019agrumes. Issue d\u2019un croisement entre Tangerine Haze et&hellip;","_links":{"self":[{"href":"https:\/\/pressurezone.shop\/it\/wp-json\/wp\/v2\/product\/3023"}],"collection":[{"href":"https:\/\/pressurezone.shop\/it\/wp-json\/wp\/v2\/product"}],"about":[{"href":"https:\/\/pressurezone.shop\/it\/wp-json\/wp\/v2\/types\/product"}],"replies":[{"embeddable":true,"href":"https:\/\/pressurezone.shop\/it\/wp-json\/wp\/v2\/comments?post=3023"}],"version-history":[{"count":3,"href":"https:\/\/pressurezone.shop\/it\/wp-json\/wp\/v2\/product\/3023\/revisions"}],"predecessor-version":[{"id":3697,"href":"https:\/\/pressurezone.shop\/it\/wp-json\/wp\/v2\/product\/3023\/revisions\/3697"}],"wp:featuredmedia":[{"embeddable":true,"href":"https:\/\/pressurezone.shop\/it\/wp-json\/wp\/v2\/media\/3108"}],"wp:attachment":[{"href":"https:\/\/pressurezone.shop\/it\/wp-json\/wp\/v2\/media?parent=3023"}],"wp:term":[{"taxonomy":"product_brand","embeddable":true,"href":"https:\/\/pressurezone.shop\/it\/wp-json\/wp\/v2\/product_brand?post=3023"},{"taxonomy":"product_cat","embeddable":true,"href":"https:\/\/pressurezone.shop\/it\/wp-json\/wp\/v2\/product_cat?post=3023"},{"taxonomy":"product_tag","embeddable":true,"href":"https:\/\/pressurezone.shop\/it\/wp-json\/wp\/v2\/product_tag?post=3023"}],"curies":[{"name":"wp","href":"https:\/\/api.w.org\/{rel}","templated":true}]}}