{"id":3024,"date":"2024-10-11T00:48:47","date_gmt":"2024-10-10T22:48:47","guid":{"rendered":"https:\/\/pressurezone.shop\/?post_type=product&#038;p=3024"},"modified":"2024-11-03T21:23:25","modified_gmt":"2024-11-03T20:23:25","slug":"mandarin-og-weed-strain","status":"publish","type":"product","link":"https:\/\/pressurezone.shop\/it\/prodotto\/ceppo-di-erba-mandarino-og\/","title":{"rendered":"Erba Mandarino OG"},"content":{"rendered":"<div class=\"flex-shrink-0 flex flex-col relative items-end\">\n<div>\n<div class=\"pt-0\">\n<div class=\"gizmo-bot-avatar flex h-8 w-8 items-center justify-center overflow-hidden rounded-full\">\n<div class=\"relative p-1 rounded-sm flex items-center justify-center bg-token-main-surface-primary text-token-text-primary h-8 w-8\"><\/div>\n<\/div>\n<\/div>\n<\/div>\n<\/div>\n<div class=\"group\/conversation-turn relative flex w-full min-w-0 flex-col agent-turn\">\n<div class=\"flex-col gap-1 md:gap-3\">\n<div class=\"flex max-w-full flex-col flex-grow\">\n<div class=\"min-h-8 text-message flex w-full flex-col items-end gap-2 whitespace-normal break-words [.text-message+&amp;]:mt-5\" dir=\"auto\" data-message-author-role=\"assistant\" data-message-id=\"f3e0752e-7876-4bea-aebc-9de5bdece473\" data-message-model-slug=\"gpt-4o\">\n<div class=\"flex w-full flex-col gap-1 empty:hidden first:pt-[3px]\">\n<div class=\"markdown prose w-full break-words dark:prose-invert light\">\n<h3><strong>Acquista la variet\u00e0 di erba Mandarin OG online in Europa su <a href=\"https:\/\/pressurezone.shop\/it\/\" target=\"_new\" rel=\"noopener\">Negozio della zona di pressione<\/a><\/strong><\/h3>\n<p>Scoprire il <strong>Erba Mandarino OG<\/strong>conosciuta anche come \"Mandarin Kush\", una variet\u00e0 ibrida con un leggero sapore di indica (60% indica \/ 40% sativa), creata incrociando le variet\u00e0 classiche <strong>Tangerine Haze<\/strong> e <strong>OG Kush<\/strong>. Perfetto per chi cerca uno sballo leggero ed esaltante, <strong>Mandarino OG<\/strong> offre un gusto unico di agrumi che delizier\u00e0 gli appassionati di sapori fruttati e speziati.<\/p>\n<h3>Perch\u00e9 scegliere la variet\u00e0 di erba Mandarin OG?<\/h3>\n<p><strong>Erba Mandarino OG<\/strong> \u00e8 ideale per un'esperienza gioiosa e sociale. I suoi effetti iniziano con una sensazione di felicit\u00e0 e leggerezza, ideale per attivit\u00e0 sociali e momenti di relax. Con un livello di THC di 20-21% e un livello di CBD di 4-5%, questa variet\u00e0 \u00e8 anche molto apprezzata per i suoi benefici terapeutici, alleviando efficacemente la stanchezza, le emicranie e i dolori infiammatori.<a href=\"https:\/\/fuelpackz.com\/\" target=\"_blank\" rel=\"noopener\">.<\/a><\/p>\n<ul>\n<li><strong>Tipo<\/strong> Ibrido a dominanza Indica (60% Indica \/ 40% Sativa)<\/li>\n<li><strong>THC<\/strong> 20-21%, con 4-5% di CBD per effetti lenitivi e terapeutici<\/li>\n<\/ul>\n<h3>Effetti e benefici della variet\u00e0 di erba Mandarin OG<\/h3>\n<p>Con effetti euforici e socievoli, <strong>Erba Mandarino OG<\/strong> \u00e8 perfetto per rilassarsi rimanendo attivi e di buon umore. \u00c8 ideale per chi \u00e8 alla ricerca di variet\u00e0 per le attivit\u00e0 sociali, fornendo una gioiosa spinta mentale senza appesantire troppo il corpo.<\/p>\n<ul>\n<li><strong>Effetti<\/strong> Felice, socievole, stimolante<\/li>\n<li><strong>Perfetto per<\/strong> Dolore cronico, depressione, stanchezza, infiammazione, emicrania, nausea<\/li>\n<\/ul>\n<h3>Condizioni alleviate dalla variet\u00e0 di cannabis Mandarin OG<\/h3>\n<p>Grazie alle sue propriet\u00e0 equilibrate e lenitive, <strong>Mandarino OG<\/strong> \u00e8 spesso utilizzato per alleviare una serie di sintomi:<\/p>\n<ul>\n<li><strong>Stanchezza e dolore cronico<\/strong> Contribuisce a combattere la stanchezza e a dare sollievo ai dolori persistenti.<\/li>\n<li><strong>Depressione ed emicrania<\/strong> Promuove uno stato d'animo positivo e allevia il mal di testa.<\/li>\n<li><strong>Infiammazione e nausea<\/strong> Riduce i sintomi dell'infiammazione e calma il mal di stomaco.<\/li>\n<\/ul>\n<h3>Sapori e aromi della variet\u00e0 di erba Mandarin OG<\/h3>\n<p>La <strong>Erba Mandarino OG<\/strong> offre un profilo aromatico rinfrescante e speziato, dominato da note di agrumi e arancia. Il suo gusto \u00e8 una miscela di sapori di agrumi dolci e aspri, accompagnati da un pizzico di spezie che aggiungono una dimensione piccante a ogni boccata.<\/p>\n<ul>\n<li><strong>I sapori<\/strong> Agrumi, arancia, speziato, acidulato<\/li>\n<li><strong>Aromi<\/strong> Agrumi, terroso, erbaceo, arancio<\/li>\n<\/ul>\n<h3>Aspetto del fiore di cannabis Mandarin OG<\/h3>\n<p>I boccioli di <strong>Mandarino OG<\/strong> sono piccoli, rotondi e di colore verde menta, con lunghi e fini peli arancioni e un rivestimento di tricomi cristallini bianchi che conferiscono loro un'attraente lucentezza smerigliata. Questo aspetto ordinato e vibrante attira immediatamente gli intenditori alla ricerca della qualit\u00e0.<\/p>\n<h3>Ordina la variet\u00e0 di erba Mandarin OG online dal Pressure Zone Shop<\/h3>\n<p>Pronti a scoprire l'effetto gioioso e rinfrescante del <strong>Erba Mandarino OG<\/strong> ? Ordinate oggi stesso da <a href=\"https:\/\/pressurezone.shop\/it\/\" target=\"_new\" rel=\"noopener\">Negozio della zona di pressione<\/a> per godere di questa variet\u00e0 ibrida unica, perfetta per lenire il corpo e rallegrare lo spirito. Sia per le occasioni sociali che per alleviare i sintomi fisici, <strong>Mandarino OG<\/strong> \u00e8 la scelta perfetta per un'esperienza superiore.<\/p>\n<\/div>\n<\/div>\n<\/div>\n<\/div>\n<\/div>\n<\/div>","protected":false},"excerpt":{"rendered":"<div class=\"product-short-description\">\n<p>THC: 20% - 21%, CBD: 5%<\/p>\n<\/div>","protected":false},"featured_media":3110,"comment_status":"closed","ping_status":"closed","template":"","meta":{"_uag_custom_page_level_css":"","site-sidebar-layout":"default","site-content-layout":"","ast-site-content-layout":"default","site-content-style":"default","site-sidebar-style":"default","ast-global-header-display":"","ast-banner-title-visibility":"","ast-main-header-display":"","ast-hfb-above-header-display":"","ast-hfb-below-header-display":"","ast-hfb-mobile-header-display":"","site-post-title":"","ast-breadcrumbs-content":"","ast-featured-img":"","footer-sml-layout":"","theme-transparent-header-meta":"default","adv-header-id-meta":"","stick-header-meta":"","header-above-stick-meta":"","header-main-stick-meta":"","header-below-stick-meta":"","astra-migrate-meta-layouts":"set","ast-page-background-enabled":"default","ast-page-background-meta":{"desktop":{"background-color":"","background-image":"","background-repeat":"repeat","background-position":"center center","background-size":"auto","background-attachment":"scroll","background-type":"","background-media":"","overlay-type":"","overlay-color":"","overlay-opacity":"","overlay-gradient":""},"tablet":{"background-color":"","background-image":"","background-repeat":"repeat","background-position":"center center","background-size":"auto","background-attachment":"scroll","background-type":"","background-media":"","overlay-type":"","overlay-color":"","overlay-opacity":"","overlay-gradient":""},"mobile":{"background-color":"","background-image":"","background-repeat":"repeat","background-position":"center center","background-size":"auto","background-attachment":"scroll","background-type":"","background-media":"","overlay-type":"","overlay-color":"","overlay-opacity":"","overlay-gradient":""}},"ast-content-background-meta":{"desktop":{"background-color":"var(--ast-global-color-5)","background-image":"","background-repeat":"repeat","background-position":"center center","background-size":"auto","background-attachment":"scroll","background-type":"","background-media":"","overlay-type":"","overlay-color":"","overlay-opacity":"","overlay-gradient":""},"tablet":{"background-color":"var(--ast-global-color-5)","background-image":"","background-repeat":"repeat","background-position":"center center","background-size":"auto","background-attachment":"scroll","background-type":"","background-media":"","overlay-type":"","overlay-color":"","overlay-opacity":"","overlay-gradient":""},"mobile":{"background-color":"var(--ast-global-color-5)","background-image":"","background-repeat":"repeat","background-position":"center center","background-size":"auto","background-attachment":"scroll","background-type":"","background-media":"","overlay-type":"","overlay-color":"","overlay-opacity":"","overlay-gradient":""}}},"product_brand":[],"product_cat":[28,278],"product_tag":[304],"class_list":{"0":"post-3024","1":"product","2":"type-product","3":"status-publish","4":"has-post-thumbnail","6":"product_cat-varietes-de-cannabis","7":"product_cat-varietes-de-marijuana-indica","8":"product_tag-buy-mandarin-og-weed-strain-europe","9":"desktop-align-left","10":"tablet-align-left","11":"mobile-align-left","13":"first","14":"instock","15":"shipping-taxable","16":"purchasable","17":"product-type-variable"},"uagb_featured_image_src":{"full":["https:\/\/pressurezone.shop\/wp-content\/uploads\/2024\/10\/Mandarin-OG-Weed-Strain.webp",2048,1365,false],"thumbnail":["https:\/\/pressurezone.shop\/wp-content\/uploads\/2024\/10\/Mandarin-OG-Weed-Strain-150x150.webp",150,150,true],"medium":["https:\/\/pressurezone.shop\/wp-content\/uploads\/2024\/10\/Mandarin-OG-Weed-Strain-300x200.webp",300,200,true],"medium_large":["https:\/\/pressurezone.shop\/wp-content\/uploads\/2024\/10\/Mandarin-OG-Weed-Strain-768x512.webp",768,512,true],"large":["https:\/\/pressurezone.shop\/wp-content\/uploads\/2024\/10\/Mandarin-OG-Weed-Strain-1024x683.webp",1024,683,true],"1536x1536":["https:\/\/pressurezone.shop\/wp-content\/uploads\/2024\/10\/Mandarin-OG-Weed-Strain-1536x1024.webp",1536,1024,true],"2048x2048":["https:\/\/pressurezone.shop\/wp-content\/uploads\/2024\/10\/Mandarin-OG-Weed-Strain.webp",2048,1365,false],"trp-custom-language-flag":["https:\/\/pressurezone.shop\/wp-content\/uploads\/2024\/10\/Mandarin-OG-Weed-Strain-18x12.webp",18,12,true],"woocommerce_thumbnail":["https:\/\/pressurezone.shop\/wp-content\/uploads\/2024\/10\/Mandarin-OG-Weed-Strain-300x300.webp",300,300,true],"woocommerce_single":["https:\/\/pressurezone.shop\/wp-content\/uploads\/2024\/10\/Mandarin-OG-Weed-Strain-600x400.webp",600,400,true],"woocommerce_gallery_thumbnail":["https:\/\/pressurezone.shop\/wp-content\/uploads\/2024\/10\/Mandarin-OG-Weed-Strain-100x100.webp",100,100,true]},"uagb_author_info":{"display_name":"pressurezone.shop","author_link":"https:\/\/pressurezone.shop\/it\/author\/"},"uagb_comment_info":0,"uagb_excerpt":"THC: 20% \u2013 21%, CBD: 5%","_links":{"self":[{"href":"https:\/\/pressurezone.shop\/it\/wp-json\/wp\/v2\/product\/3024"}],"collection":[{"href":"https:\/\/pressurezone.shop\/it\/wp-json\/wp\/v2\/product"}],"about":[{"href":"https:\/\/pressurezone.shop\/it\/wp-json\/wp\/v2\/types\/product"}],"replies":[{"embeddable":true,"href":"https:\/\/pressurezone.shop\/it\/wp-json\/wp\/v2\/comments?post=3024"}],"version-history":[{"count":3,"href":"https:\/\/pressurezone.shop\/it\/wp-json\/wp\/v2\/product\/3024\/revisions"}],"predecessor-version":[{"id":3943,"href":"https:\/\/pressurezone.shop\/it\/wp-json\/wp\/v2\/product\/3024\/revisions\/3943"}],"wp:featuredmedia":[{"embeddable":true,"href":"https:\/\/pressurezone.shop\/it\/wp-json\/wp\/v2\/media\/3110"}],"wp:attachment":[{"href":"https:\/\/pressurezone.shop\/it\/wp-json\/wp\/v2\/media?parent=3024"}],"wp:term":[{"taxonomy":"product_brand","embeddable":true,"href":"https:\/\/pressurezone.shop\/it\/wp-json\/wp\/v2\/product_brand?post=3024"},{"taxonomy":"product_cat","embeddable":true,"href":"https:\/\/pressurezone.shop\/it\/wp-json\/wp\/v2\/product_cat?post=3024"},{"taxonomy":"product_tag","embeddable":true,"href":"https:\/\/pressurezone.shop\/it\/wp-json\/wp\/v2\/product_tag?post=3024"}],"curies":[{"name":"wp","href":"https:\/\/api.w.org\/{rel}","templated":true}]}}