{"id":3041,"date":"2024-10-11T00:49:11","date_gmt":"2024-10-10T22:49:11","guid":{"rendered":"https:\/\/pressurezone.shop\/?post_type=product&#038;p=3041"},"modified":"2024-11-03T20:33:34","modified_gmt":"2024-11-03T19:33:34","slug":"high-country-diesel-weed-strain","status":"publish","type":"product","link":"https:\/\/pressurezone.shop\/it\/prodotto\/varieta-di-erba-high-country-diesel\/","title":{"rendered":"Ceppo di erba High Country Diesel"},"content":{"rendered":"<div class=\"flex-shrink-0 flex flex-col relative items-end\">\n<div>\n<div class=\"pt-0\">\n<div class=\"gizmo-bot-avatar flex h-8 w-8 items-center justify-center overflow-hidden rounded-full\">\n<div class=\"relative p-1 rounded-sm flex items-center justify-center bg-token-main-surface-primary text-token-text-primary h-8 w-8\"><\/div>\n<\/div>\n<\/div>\n<\/div>\n<\/div>\n<div class=\"group\/conversation-turn relative flex w-full min-w-0 flex-col agent-turn\">\n<div class=\"flex-col gap-1 md:gap-3\">\n<div class=\"flex max-w-full flex-col flex-grow\">\n<div class=\"min-h-8 text-message flex w-full flex-col items-end gap-2 whitespace-normal break-words [.text-message+&amp;]:mt-5\" dir=\"auto\" data-message-author-role=\"assistant\" data-message-id=\"f9d9d021-e8d9-4e84-b622-8094fe1a5410\" data-message-model-slug=\"gpt-4o\">\n<div class=\"flex w-full flex-col gap-1 empty:hidden first:pt-[3px]\">\n<div class=\"markdown prose w-full break-words dark:prose-invert light\">\n<h3><strong>Acquista la variet\u00e0 di erba High Country Diesel in Europa su <a href=\"https:\/\/pressurezone.shop\/it\/\" target=\"_new\" rel=\"noopener\">Negozio della zona di pressione<\/a><\/strong><\/h3>\n<p>Scoprire il <strong>Ceppo di erba High Country Diesel<\/strong>una rara variet\u00e0 a predominanza indica, nata da un incrocio tra la leggendaria <strong>Diesel<\/strong> e <strong>OG Kush<\/strong>. Apprezzata per i suoi effetti rilassanti e per l'intenso sapore di gasolio, la <strong>Ceppo di erba High Country Diesel<\/strong> \u00e8 la scelta ideale per gli appassionati di variet\u00e0 robuste e durature. Il suo sballo moderato e duraturo \u00e8 adatto a tutti i livelli di esperienza, offrendo un rilassamento profondo senza fretta.<\/p>\n<h3>Perch\u00e9 scegliere la variet\u00e0 di erba High Country Diesel?<\/h3>\n<p><strong>High Country Diesel<\/strong> \u00e8 perfetto per chi cerca una leggera scarica di euforia seguita da un effetto calmante sul corpo. Inizia con un'ondata di felicit\u00e0 e di chiarezza mentale, prima di portare gradualmente a uno stato di intenso rilassamento, che spesso porta a una <strong>blocco del divano<\/strong> e una sensazione di piacevole pesantezza. Questo high termina delicatamente con un effetto sedativo e sonnolento, perfetto per l'uso serale o prima di andare a dormire.<a href=\"https:\/\/fuelpackz.com\/\" target=\"_blank\" rel=\"noopener\">.<\/a><\/p>\n<ul>\n<li><strong>Tipo<\/strong> Ibrido a dominanza Indica<\/li>\n<li><strong>THC<\/strong> Moderato (13-17%) con 1% di CBD per un rilassamento equilibrato e di lunga durata<\/li>\n<\/ul>\n<h3>Effetti e benefici della variet\u00e0 di erba High Country Diesel<\/h3>\n<p>Con i suoi effetti calmanti e leggermente euforizzanti, la <strong>Ceppo di erba High Country Diesel<\/strong> \u00e8 ideale per chi cerca sollievo da dolori e stress, godendo di un profondo rilassamento fisico.<\/p>\n<ul>\n<li><strong>Effetti<\/strong> Rilassamento corporeo, sonnolenza, formicolio, sensazione di benessere, rilassamento<\/li>\n<li><strong>Perfetto per<\/strong> Ansia, artrite, dolore cronico, insonnia, spasmi muscolari, sindrome premestruale<\/li>\n<\/ul>\n<h3>Condizioni alleviate dalla variet\u00e0 di cannabis High Country Diesel<\/h3>\n<p>Grazie ai suoi effetti moderati e al suo profilo unico, la <strong>High Country Diesel<\/strong> \u00e8 spesso scelto per trattare una serie di condizioni croniche:<\/p>\n<ul>\n<li><strong>Dolore cronico e artrite<\/strong> Lenisce i dolori del corpo e riduce la tensione muscolare.<\/li>\n<li><strong>Ansia e stress<\/strong> Calma la mente e aiuta a sciogliere le tensioni mentali.<\/li>\n<li><strong>Insonnia e spasmi muscolari<\/strong> Favorisce un sonno ristoratore e allevia gli spasmi muscolari.<\/li>\n<\/ul>\n<h3>Sapori e aromi della variet\u00e0 di erba High Country Diesel<\/h3>\n<p>Gli appassionati di aromi di gasolio saranno entusiasti della <strong>Ceppo Diesel High Country<\/strong>. Il suo gusto \u00e8 un'intensa miscela di gasolio dolce e note erbacee speziate, che lascia un'impressione duratura sul palato. Il suo aroma \u00e8 altrettanto potente, mescolando note terrose e speziate per un'esperienza sensoriale completa.<\/p>\n<ul>\n<li><strong>I sapori<\/strong> : Diesel, Erbaceo, Speziato, Dolce<\/li>\n<li><strong>Aromi<\/strong> : Diesel, Terroso, Speziato, Dolce<\/li>\n<\/ul>\n<h3>Aspetto della variet\u00e0 di cannabis High Country Diesel<\/h3>\n<p>I capi di <strong>High Country Diesel<\/strong> sono di un verde neon brillante, con le infiorescenze a forma di vanga punteggiate di peli rosso-arancio e ricoperte di tricomi cristallini con una sfumatura arancione. Il suo aspetto brillante e resinoso \u00e8 un indicatore della sua potenza e qualit\u00e0.<\/p>\n<h3>Ordina la variet\u00e0 di erba High Country Diesel online dal Pressure Zone Shop<\/h3>\n<p>Cercate di immergervi in un profondo relax con il <strong>Ceppo di erba High Country Diesel<\/strong> ? Ordinate oggi stesso da <a href=\"https:\/\/pressurezone.shop\/it\/\" target=\"_new\" rel=\"noopener\">Negozio della zona di pressione<\/a> e godetevi un'esperienza di cannabis di qualit\u00e0, ideale per lenire dolori e disturbi e favorire il sonno. Perfetto per i momenti di relax, <strong>High Country Diesel<\/strong> \u00e8 il vostro alleato per trascorrere serate senza stress e alleviare le tensioni del corpo.<\/p>\n<\/div>\n<\/div>\n<\/div>\n<\/div>\n<\/div>\n<\/div>","protected":false},"excerpt":{"rendered":"<p>Achetez la High Country Diesel Weed Strain en Ligne en Europe sur Pressure Zone Shop D\u00e9couvrez la High Country Diesel Weed Strain, une vari\u00e9t\u00e9 rare \u00e0 dominance indica, n\u00e9e du croisement entre les l\u00e9gendaires Diesel et OG Kush. Appr\u00e9ci\u00e9e pour ses effets relaxants et son go\u00fbt intense de diesel, la High Country Diesel Weed Strain [&hellip;]<\/p>","protected":false},"featured_media":3115,"comment_status":"closed","ping_status":"closed","template":"","meta":{"_uag_custom_page_level_css":"","site-sidebar-layout":"default","site-content-layout":"","ast-site-content-layout":"default","site-content-style":"default","site-sidebar-style":"default","ast-global-header-display":"","ast-banner-title-visibility":"","ast-main-header-display":"","ast-hfb-above-header-display":"","ast-hfb-below-header-display":"","ast-hfb-mobile-header-display":"","site-post-title":"","ast-breadcrumbs-content":"","ast-featured-img":"","footer-sml-layout":"","theme-transparent-header-meta":"default","adv-header-id-meta":"","stick-header-meta":"","header-above-stick-meta":"","header-main-stick-meta":"","header-below-stick-meta":"","astra-migrate-meta-layouts":"set","ast-page-background-enabled":"default","ast-page-background-meta":{"desktop":{"background-color":"","background-image":"","background-repeat":"repeat","background-position":"center center","background-size":"auto","background-attachment":"scroll","background-type":"","background-media":"","overlay-type":"","overlay-color":"","overlay-opacity":"","overlay-gradient":""},"tablet":{"background-color":"","background-image":"","background-repeat":"repeat","background-position":"center center","background-size":"auto","background-attachment":"scroll","background-type":"","background-media":"","overlay-type":"","overlay-color":"","overlay-opacity":"","overlay-gradient":""},"mobile":{"background-color":"","background-image":"","background-repeat":"repeat","background-position":"center center","background-size":"auto","background-attachment":"scroll","background-type":"","background-media":"","overlay-type":"","overlay-color":"","overlay-opacity":"","overlay-gradient":""}},"ast-content-background-meta":{"desktop":{"background-color":"var(--ast-global-color-5)","background-image":"","background-repeat":"repeat","background-position":"center center","background-size":"auto","background-attachment":"scroll","background-type":"","background-media":"","overlay-type":"","overlay-color":"","overlay-opacity":"","overlay-gradient":""},"tablet":{"background-color":"var(--ast-global-color-5)","background-image":"","background-repeat":"repeat","background-position":"center center","background-size":"auto","background-attachment":"scroll","background-type":"","background-media":"","overlay-type":"","overlay-color":"","overlay-opacity":"","overlay-gradient":""},"mobile":{"background-color":"var(--ast-global-color-5)","background-image":"","background-repeat":"repeat","background-position":"center center","background-size":"auto","background-attachment":"scroll","background-type":"","background-media":"","overlay-type":"","overlay-color":"","overlay-opacity":"","overlay-gradient":""}}},"product_brand":[],"product_cat":[28,278],"product_tag":[305],"class_list":{"0":"post-3041","1":"product","2":"type-product","3":"status-publish","4":"has-post-thumbnail","6":"product_cat-varietes-de-cannabis","7":"product_cat-varietes-de-marijuana-indica","8":"product_tag-order-high-country-diesel-weed-strain-europe","9":"desktop-align-left","10":"tablet-align-left","11":"mobile-align-left","13":"first","14":"instock","15":"shipping-taxable","16":"purchasable","17":"product-type-variable"},"uagb_featured_image_src":{"full":["https:\/\/pressurezone.shop\/wp-content\/uploads\/2024\/10\/High-Country-Diesel-Weed-Strain.webp",2048,1365,false],"thumbnail":["https:\/\/pressurezone.shop\/wp-content\/uploads\/2024\/10\/High-Country-Diesel-Weed-Strain-150x150.webp",150,150,true],"medium":["https:\/\/pressurezone.shop\/wp-content\/uploads\/2024\/10\/High-Country-Diesel-Weed-Strain-300x200.webp",300,200,true],"medium_large":["https:\/\/pressurezone.shop\/wp-content\/uploads\/2024\/10\/High-Country-Diesel-Weed-Strain-768x512.webp",768,512,true],"large":["https:\/\/pressurezone.shop\/wp-content\/uploads\/2024\/10\/High-Country-Diesel-Weed-Strain-1024x683.webp",1024,683,true],"1536x1536":["https:\/\/pressurezone.shop\/wp-content\/uploads\/2024\/10\/High-Country-Diesel-Weed-Strain-1536x1024.webp",1536,1024,true],"2048x2048":["https:\/\/pressurezone.shop\/wp-content\/uploads\/2024\/10\/High-Country-Diesel-Weed-Strain.webp",2048,1365,false],"trp-custom-language-flag":["https:\/\/pressurezone.shop\/wp-content\/uploads\/2024\/10\/High-Country-Diesel-Weed-Strain-18x12.webp",18,12,true],"woocommerce_thumbnail":["https:\/\/pressurezone.shop\/wp-content\/uploads\/2024\/10\/High-Country-Diesel-Weed-Strain-300x300.webp",300,300,true],"woocommerce_single":["https:\/\/pressurezone.shop\/wp-content\/uploads\/2024\/10\/High-Country-Diesel-Weed-Strain-600x400.webp",600,400,true],"woocommerce_gallery_thumbnail":["https:\/\/pressurezone.shop\/wp-content\/uploads\/2024\/10\/High-Country-Diesel-Weed-Strain-100x100.webp",100,100,true]},"uagb_author_info":{"display_name":"pressurezone.shop","author_link":"https:\/\/pressurezone.shop\/it\/author\/"},"uagb_comment_info":0,"uagb_excerpt":"Achetez la High Country Diesel Weed Strain en Ligne en Europe sur Pressure Zone Shop D\u00e9couvrez la High Country Diesel Weed Strain, une vari\u00e9t\u00e9 rare \u00e0 dominance indica, n\u00e9e du croisement entre les l\u00e9gendaires Diesel et OG Kush. Appr\u00e9ci\u00e9e pour ses effets relaxants et son go\u00fbt intense de diesel, la High Country Diesel Weed Strain&hellip;","_links":{"self":[{"href":"https:\/\/pressurezone.shop\/it\/wp-json\/wp\/v2\/product\/3041"}],"collection":[{"href":"https:\/\/pressurezone.shop\/it\/wp-json\/wp\/v2\/product"}],"about":[{"href":"https:\/\/pressurezone.shop\/it\/wp-json\/wp\/v2\/types\/product"}],"replies":[{"embeddable":true,"href":"https:\/\/pressurezone.shop\/it\/wp-json\/wp\/v2\/comments?post=3041"}],"version-history":[{"count":3,"href":"https:\/\/pressurezone.shop\/it\/wp-json\/wp\/v2\/product\/3041\/revisions"}],"predecessor-version":[{"id":3871,"href":"https:\/\/pressurezone.shop\/it\/wp-json\/wp\/v2\/product\/3041\/revisions\/3871"}],"wp:featuredmedia":[{"embeddable":true,"href":"https:\/\/pressurezone.shop\/it\/wp-json\/wp\/v2\/media\/3115"}],"wp:attachment":[{"href":"https:\/\/pressurezone.shop\/it\/wp-json\/wp\/v2\/media?parent=3041"}],"wp:term":[{"taxonomy":"product_brand","embeddable":true,"href":"https:\/\/pressurezone.shop\/it\/wp-json\/wp\/v2\/product_brand?post=3041"},{"taxonomy":"product_cat","embeddable":true,"href":"https:\/\/pressurezone.shop\/it\/wp-json\/wp\/v2\/product_cat?post=3041"},{"taxonomy":"product_tag","embeddable":true,"href":"https:\/\/pressurezone.shop\/it\/wp-json\/wp\/v2\/product_tag?post=3041"}],"curies":[{"name":"wp","href":"https:\/\/api.w.org\/{rel}","templated":true}]}}