{"id":3042,"date":"2024-10-11T00:49:11","date_gmt":"2024-10-10T22:49:11","guid":{"rendered":"https:\/\/pressurezone.shop\/?post_type=product&#038;p=3042"},"modified":"2024-11-02T20:54:43","modified_gmt":"2024-11-02T19:54:43","slug":"black-cherry-punch-weed-strain","status":"publish","type":"product","link":"https:\/\/pressurezone.shop\/it\/prodotto\/varieta-di-erba-black-cherry-punch\/","title":{"rendered":"Ceppo di erba Black Cherry Punch"},"content":{"rendered":"<div class=\"flex-shrink-0 flex flex-col relative items-end\">\n<div>\n<div class=\"pt-0\">\n<div class=\"gizmo-bot-avatar flex h-8 w-8 items-center justify-center overflow-hidden rounded-full\">\n<div class=\"relative p-1 rounded-sm flex items-center justify-center bg-token-main-surface-primary text-token-text-primary h-8 w-8\"><\/div>\n<\/div>\n<\/div>\n<\/div>\n<\/div>\n<div class=\"group\/conversation-turn relative flex w-full min-w-0 flex-col agent-turn\">\n<div class=\"flex-col gap-1 md:gap-3\">\n<div class=\"flex max-w-full flex-col flex-grow\">\n<div class=\"min-h-8 text-message flex w-full flex-col items-end gap-2 whitespace-normal break-words [.text-message+&amp;]:mt-5\" dir=\"auto\" data-message-author-role=\"assistant\" data-message-id=\"8796d146-3682-4fdd-b25a-57653fc3f992\" data-message-model-slug=\"gpt-4o\">\n<div class=\"flex w-full flex-col gap-1 empty:hidden first:pt-[3px]\">\n<div class=\"markdown prose w-full break-words dark:prose-invert light\">\n<h3><strong>Acquistare l'erba Black Cherry Punch online in Europa su <a href=\"https:\/\/pressurezone.shop\/it\/\" target=\"_new\" rel=\"noopener\">Zona di pressione<\/a><\/strong><\/h3>\n<p>Scoprire il <strong>Ceppo di erba Black Cherry Punch<\/strong>a <strong>variet\u00e0 di cannabis<\/strong> un ibrido a predominanza indica (80% indica \/ 20% sativa) che offre un'esperienza intensa e indimenticabile. Il risultato di un incrocio tra la famosa <strong>Punch viola<\/strong> e <strong>Torta di ciliegie nere<\/strong>Questa variet\u00e0 combina sapori dolci e fruttati con potenti effetti rilassanti, ideali per rilassarsi dopo una lunga giornata.<\/p>\n<h3>Effetti e benefici dell'erba Black Cherry Punch<\/h3>\n<p>La <strong>Variet\u00e0 di cannabis Black Cherry Punch<\/strong> \u00e8 rinomato per i suoi effetti potenti e rapidi, perfetti per un momento di profondo relax:<\/p>\n<ul>\n<li><strong>Calma ed euforia<\/strong> Uno sballo che inizia con una leggera euforia, seguita da un intenso rilassamento fisico.<\/li>\n<li><strong>Felicit\u00e0 e relax<\/strong> Stimola l'umore e calma la tensione fisica.<\/li>\n<li><strong>Effetto formicolio<\/strong> Una sensazione piacevole che inizia dietro gli occhi e si diffonde in tutto il corpo.<\/li>\n<\/ul>\n<p>Con un <strong>alti livelli di THC di 24-25%<\/strong> e 1-3% di CBD, Black Cherry Punch \u00e8 ideale per chi cerca un'esperienza potente, adatta al rilassamento e al sollievo dal dolore.<\/p>\n<h3>Benefici terapeutici della Black Cherry Punch Weed<\/h3>\n<p>La <strong>Variet\u00e0 Black Cherry Punch<\/strong> \u00e8 particolarmente apprezzato per i suoi numerosi benefici terapeutici. Grazie ai suoi effetti calmanti, \u00e8 ideale per :<\/p>\n<ul>\n<li><strong>Alleviare lo stress e la depressione<\/strong> Aiuta a calmare la mente e a migliorare l'umore.<\/li>\n<li><strong>Ridurre il dolore cronico<\/strong> Efficace contro il dolore persistente e la tensione muscolare.<\/li>\n<li><strong>Migliora l'appetito e riduce la nausea<\/strong> Perfetto per chi soffre di inappetenza o nausea.<\/li>\n<li><strong>Promuovere il sonno<\/strong> Una scelta eccellente per calmare l'insonnia e promuovere un sonno di qualit\u00e0.<a href=\"https:\/\/fuelpackz.com\/\" target=\"_blank\" rel=\"noopener\">.<\/a><\/li>\n<\/ul>\n<h3>Sapori e aromi di Black Cherry Punch Weed<\/h3>\n<p>Il profilo aromatico di <strong>Punch alla ciliegia nera<\/strong> \u00e8 accattivante come i suoi effetti:<\/p>\n<ul>\n<li><strong>I sapori<\/strong> Un sapore dolce di ciliegia con note erbacee, di pino e di legno che arricchiscono l'esperienza.<\/li>\n<li><strong>Aromi<\/strong> Un intenso profumo di ciliegia, leggermente terroso e legnoso, con un tocco speziato di pino che persiste al palato.<\/li>\n<\/ul>\n<p>Questa miscela unica di sapori e aromi fa s\u00ec che ogni boccata di questo <strong>variet\u00e0 di cannabis<\/strong> Un vero piacere, perfetto per gli amanti dei sapori fruttati e legnosi.<\/p>\n<h3>Perch\u00e9 acquistare l'erba Black Cherry Punch su <a href=\"https:\/\/pressurezone.shop\/it\/\" target=\"_new\" rel=\"noopener\">Zona di pressione<\/a>?<\/h3>\n<p>A <strong>Zona di pressione<\/strong>selezioniamo <strong>variet\u00e0 di cannabis<\/strong> per i nostri clienti in Europa. <strong>Erba da pugno di ciliegie nere<\/strong> \u00e8 una delle nostre migliori variet\u00e0, apprezzata per i suoi effetti calmanti e il suo profilo aromatico distinto. Ecco perch\u00e9 dovreste acquistare da noi:<\/p>\n<ul>\n<li><strong>Qualit\u00e0 superiore<\/strong> I nostri prodotti sono meticolosamente testati per garantire purezza e potenza.<\/li>\n<li><strong>Esperienza rilassante<\/strong> Una variet\u00e0 perfettamente equilibrata per rilassarsi e godersi un momento di benessere.<\/li>\n<li><strong>Servizio clienti professionale<\/strong> Il nostro team \u00e8 a disposizione per aiutarvi a trovare la soluzione giusta per voi. <strong>variet\u00e0 di cannabis<\/strong> che soddisfa le vostre esigenze.<\/li>\n<\/ul>\n<h3>Domande frequenti<\/h3>\n<h4>Quali sono gli effetti principali della Black Cherry Punch Weed?<\/h4>\n<p>La <strong>Erba da pugno di ciliegie nere<\/strong> inizia con una rapida euforia e calma mentale, seguita da un intenso rilassamento fisico. \u00c8 perfetto per rilassarsi e migliorare l'umore.<\/p>\n<h4>Il Black Cherry Punch \u00e8 utile per il dolore cronico?<\/h4>\n<p>S\u00ec, il Black Cherry Punch \u00e8 spesso usato per alleviare il dolore cronico, lo stress e i disturbi legati all'ansia.<\/p>\n<h4>Quali sono i sapori e gli aromi che dominano il Punch alla Ciliegia Nera?<\/h4>\n<p>Dominano i sapori dolci di ciliegia e gli aromi terrosi di pino, con note di legno e spezie che rendono unica ogni boccata.<\/p>\n<h3>Ordina l'erba Black Cherry Punch online in Europa su <a href=\"https:\/\/pressurezone.shop\/it\/\" target=\"_new\" rel=\"noopener\">Zona di pressione<\/a><\/h3>\n<p>Pronti a godere degli effetti rilassanti di <strong>Erba da pugno di ciliegie nere<\/strong>? <strong>Ordina ora<\/strong> su <a href=\"https:\/\/pressurezone.shop\/it\/\" target=\"_new\" rel=\"noopener\">Zona di pressione<\/a> per un'esperienza di <strong>variet\u00e0 di cannabis<\/strong> ideale per rilassarsi e alleviare lo stress. I nostri prodotti di alta qualit\u00e0 e il nostro servizio discreto vi garantiscono un'esperienza di acquisto semplice e soddisfacente.<\/p>\n<\/div>\n<\/div>\n<\/div>\n<\/div>\n<\/div>\n<\/div>","protected":false},"excerpt":{"rendered":"<p>Achetez la Vari\u00e9t\u00e9 Black Cherry Punch Weed en Ligne en Europe sur Pressure Zone D\u00e9couvrez la Black Cherry Punch Weed Strain, une vari\u00e9t\u00e9 de cannabis hybride \u00e0 dominance indica (80% indica \/ 20% sativa) qui offre une exp\u00e9rience intense et inoubliable. R\u00e9sultat d\u2019un croisement entre les c\u00e9l\u00e8bres Purple Punch et Black Cherry Pie, cette vari\u00e9t\u00e9 [&hellip;]<\/p>","protected":false},"featured_media":3117,"comment_status":"closed","ping_status":"closed","template":"","meta":{"_uag_custom_page_level_css":"","site-sidebar-layout":"default","site-content-layout":"","ast-site-content-layout":"default","site-content-style":"default","site-sidebar-style":"default","ast-global-header-display":"","ast-banner-title-visibility":"","ast-main-header-display":"","ast-hfb-above-header-display":"","ast-hfb-below-header-display":"","ast-hfb-mobile-header-display":"","site-post-title":"","ast-breadcrumbs-content":"","ast-featured-img":"","footer-sml-layout":"","theme-transparent-header-meta":"default","adv-header-id-meta":"","stick-header-meta":"","header-above-stick-meta":"","header-main-stick-meta":"","header-below-stick-meta":"","astra-migrate-meta-layouts":"set","ast-page-background-enabled":"default","ast-page-background-meta":{"desktop":{"background-color":"","background-image":"","background-repeat":"repeat","background-position":"center center","background-size":"auto","background-attachment":"scroll","background-type":"","background-media":"","overlay-type":"","overlay-color":"","overlay-opacity":"","overlay-gradient":""},"tablet":{"background-color":"","background-image":"","background-repeat":"repeat","background-position":"center center","background-size":"auto","background-attachment":"scroll","background-type":"","background-media":"","overlay-type":"","overlay-color":"","overlay-opacity":"","overlay-gradient":""},"mobile":{"background-color":"","background-image":"","background-repeat":"repeat","background-position":"center center","background-size":"auto","background-attachment":"scroll","background-type":"","background-media":"","overlay-type":"","overlay-color":"","overlay-opacity":"","overlay-gradient":""}},"ast-content-background-meta":{"desktop":{"background-color":"var(--ast-global-color-5)","background-image":"","background-repeat":"repeat","background-position":"center center","background-size":"auto","background-attachment":"scroll","background-type":"","background-media":"","overlay-type":"","overlay-color":"","overlay-opacity":"","overlay-gradient":""},"tablet":{"background-color":"var(--ast-global-color-5)","background-image":"","background-repeat":"repeat","background-position":"center center","background-size":"auto","background-attachment":"scroll","background-type":"","background-media":"","overlay-type":"","overlay-color":"","overlay-opacity":"","overlay-gradient":""},"mobile":{"background-color":"var(--ast-global-color-5)","background-image":"","background-repeat":"repeat","background-position":"center center","background-size":"auto","background-attachment":"scroll","background-type":"","background-media":"","overlay-type":"","overlay-color":"","overlay-opacity":"","overlay-gradient":""}}},"product_brand":[],"product_cat":[28,278],"product_tag":[494,306],"class_list":{"0":"post-3042","1":"product","2":"type-product","3":"status-publish","4":"has-post-thumbnail","6":"product_cat-varietes-de-cannabis","7":"product_cat-varietes-de-marijuana-indica","8":"product_tag-black-cherry-punch-weed","9":"product_tag-buy-black-cherry-punch-weed-strain-online-europe","10":"desktop-align-left","11":"tablet-align-left","12":"mobile-align-left","14":"first","15":"instock","16":"shipping-taxable","17":"purchasable","18":"product-type-variable"},"uagb_featured_image_src":{"full":["https:\/\/pressurezone.shop\/wp-content\/uploads\/2024\/10\/Black-Cherry-Punch-Weed-Strain.webp",2048,1365,false],"thumbnail":["https:\/\/pressurezone.shop\/wp-content\/uploads\/2024\/10\/Black-Cherry-Punch-Weed-Strain-150x150.webp",150,150,true],"medium":["https:\/\/pressurezone.shop\/wp-content\/uploads\/2024\/10\/Black-Cherry-Punch-Weed-Strain-300x200.webp",300,200,true],"medium_large":["https:\/\/pressurezone.shop\/wp-content\/uploads\/2024\/10\/Black-Cherry-Punch-Weed-Strain-768x512.webp",768,512,true],"large":["https:\/\/pressurezone.shop\/wp-content\/uploads\/2024\/10\/Black-Cherry-Punch-Weed-Strain-1024x683.webp",1024,683,true],"1536x1536":["https:\/\/pressurezone.shop\/wp-content\/uploads\/2024\/10\/Black-Cherry-Punch-Weed-Strain-1536x1024.webp",1536,1024,true],"2048x2048":["https:\/\/pressurezone.shop\/wp-content\/uploads\/2024\/10\/Black-Cherry-Punch-Weed-Strain.webp",2048,1365,false],"trp-custom-language-flag":["https:\/\/pressurezone.shop\/wp-content\/uploads\/2024\/10\/Black-Cherry-Punch-Weed-Strain-18x12.webp",18,12,true],"woocommerce_thumbnail":["https:\/\/pressurezone.shop\/wp-content\/uploads\/2024\/10\/Black-Cherry-Punch-Weed-Strain-300x300.webp",300,300,true],"woocommerce_single":["https:\/\/pressurezone.shop\/wp-content\/uploads\/2024\/10\/Black-Cherry-Punch-Weed-Strain-600x400.webp",600,400,true],"woocommerce_gallery_thumbnail":["https:\/\/pressurezone.shop\/wp-content\/uploads\/2024\/10\/Black-Cherry-Punch-Weed-Strain-100x100.webp",100,100,true]},"uagb_author_info":{"display_name":"pressurezone.shop","author_link":"https:\/\/pressurezone.shop\/it\/author\/"},"uagb_comment_info":0,"uagb_excerpt":"Achetez la Vari\u00e9t\u00e9 Black Cherry Punch Weed en Ligne en Europe sur Pressure Zone D\u00e9couvrez la Black Cherry Punch Weed Strain, une vari\u00e9t\u00e9 de cannabis hybride \u00e0 dominance indica (80% indica \/ 20% sativa) qui offre une exp\u00e9rience intense et inoubliable. R\u00e9sultat d\u2019un croisement entre les c\u00e9l\u00e8bres Purple Punch et Black Cherry Pie, cette vari\u00e9t\u00e9&hellip;","_links":{"self":[{"href":"https:\/\/pressurezone.shop\/it\/wp-json\/wp\/v2\/product\/3042"}],"collection":[{"href":"https:\/\/pressurezone.shop\/it\/wp-json\/wp\/v2\/product"}],"about":[{"href":"https:\/\/pressurezone.shop\/it\/wp-json\/wp\/v2\/types\/product"}],"replies":[{"embeddable":true,"href":"https:\/\/pressurezone.shop\/it\/wp-json\/wp\/v2\/comments?post=3042"}],"version-history":[{"count":3,"href":"https:\/\/pressurezone.shop\/it\/wp-json\/wp\/v2\/product\/3042\/revisions"}],"predecessor-version":[{"id":3649,"href":"https:\/\/pressurezone.shop\/it\/wp-json\/wp\/v2\/product\/3042\/revisions\/3649"}],"wp:featuredmedia":[{"embeddable":true,"href":"https:\/\/pressurezone.shop\/it\/wp-json\/wp\/v2\/media\/3117"}],"wp:attachment":[{"href":"https:\/\/pressurezone.shop\/it\/wp-json\/wp\/v2\/media?parent=3042"}],"wp:term":[{"taxonomy":"product_brand","embeddable":true,"href":"https:\/\/pressurezone.shop\/it\/wp-json\/wp\/v2\/product_brand?post=3042"},{"taxonomy":"product_cat","embeddable":true,"href":"https:\/\/pressurezone.shop\/it\/wp-json\/wp\/v2\/product_cat?post=3042"},{"taxonomy":"product_tag","embeddable":true,"href":"https:\/\/pressurezone.shop\/it\/wp-json\/wp\/v2\/product_tag?post=3042"}],"curies":[{"name":"wp","href":"https:\/\/api.w.org\/{rel}","templated":true}]}}